{"id":652,"date":"2020-11-06T07:36:35","date_gmt":"2020-11-06T07:36:35","guid":{"rendered":"https:\/\/ecosir.com\/etusivu\/"},"modified":"2026-02-18T08:15:50","modified_gmt":"2026-02-18T08:15:50","slug":"etusivu","status":"publish","type":"page","link":"https:\/\/ecosir.com\/fi\/","title":{"rendered":"Etusivu"},"content":{"rendered":"\n<h1 class=\"has-text-align-center\"><span class=\"has-inline-color has-luminous-vivid-amber-color\">J\u00e4tteen<\/span> ja <span class=\"has-inline-color has-luminous-vivid-amber-color\">pyykin<\/span> siirtoratkaisut<\/h1>\n\n\n\n<div class=\"block block-hero-video full\">\n    <video autoplay loop muted controls>\n        <source src=\"https:\/\/player.vimeo.com\/external\/471333422.hd.mp4?s=6c766362619316f9f398f236901099b7644ed666&#038;profile_id=175\" type=\"video\/mp4\">\n    <\/video>\n<\/div>\n\n\n\n<div class=\"block block-selected-articles\">\n    <div class=\"container\">\n        <div class=\"row\">\n                                    <div class=\"col-12 col-md-6 col-lg-4\">\n                <a href=\"https:\/\/ecosir.com\/fi\/kaupunkiymparisto\/\">\n                    <div class=\"card\">\n                        <h3 class=\"title\">Kaupunkiymp\u00e4rist\u00f6<\/h3>\n                        <div class=\"thumb-wrap\">\n                            <div class=\"thumbnail\" style=\"background-image: url('https:\/\/ecosir.com\/wp-content\/uploads\/2020\/10\/nosto-city-environment.jpg');\"><\/div> \n                        <\/div>\n                                                <p class=\"excerpt\">Smart-city kaupunkisuunnittelu edellytt\u00e4\u00e4 nykyaikaisia menetelmi\u00e4 j\u00e4tteiden ker\u00e4\u00e4miseksi ja kuljettamiseksi. Alipaineella toteutettu j\u00e4tteen putkisiirtoj\u00e4rjestelm\u00e4 (PWCS) on hygieeninen ja eritt\u00e4in nopea menetelm\u00e4 j\u00e4tteen siirtoon. Drop&#038;Go\u2122 \u2013 sy\u00f6tt\u00f6pisteet sijaitsevat talon sis\u00e4ll\u00e4 tai ulkona.<\/p>\n                    <\/div>\n                <\/a>\n            <\/div>\n                        <div class=\"col-12 col-md-6 col-lg-4\">\n                <a href=\"https:\/\/ecosir.com\/fi\/sairaalat\/\">\n                    <div class=\"card\">\n                        <h3 class=\"title\">Sairaalat<\/h3>\n                        <div class=\"thumb-wrap\">\n                            <div class=\"thumbnail\" style=\"background-image: url('https:\/\/ecosir.com\/wp-content\/uploads\/2020\/10\/nosto-hospitals.jpg');\"><\/div> \n                        <\/div>\n                                                <p class=\"excerpt\">Moderni sairaala mahdollistaa parhaan hoitoprosessin ja korkeimman hygieniatason. Automaattinen alipainesiirtotekniikka on nopein tapa parantaa hygieniaa ja logistista tehokkuutta.<\/p>\n                    <\/div>\n                <\/a>\n            <\/div>\n                        <div class=\"col-12 col-md-6 col-lg-4\">\n                <a href=\"https:\/\/ecosir.com\/fi\/vanhusten-hoito\/\">\n                    <div class=\"card\">\n                        <h3 class=\"title\">Vanhusten hoito<\/h3>\n                        <div class=\"thumb-wrap\">\n                            <div class=\"thumbnail\" style=\"background-image: url('https:\/\/ecosir.com\/wp-content\/uploads\/2020\/10\/nosto-elderly-care.jpg');\"><\/div> \n                        <\/div>\n                                                <p class=\"excerpt\">Vanhustenhoidon tulee olla laadukasta ja hoitoty\u00f6lle on annettava aikaa. Hygienia ja raikas ilma ovat avaintekij\u00f6it\u00e4 hyvinvoinnissa. Hajuton alipainesiirtoteknologia huolehtii j\u00e4telogistiikasta automaattisesti ja vapauttaa aikaa itse hoitoty\u00f6h\u00f6n!<\/p>\n                    <\/div>\n                <\/a>\n            <\/div>\n                                <\/div>\n    <\/div>\n<\/div>\n\n\n\n\n<div class=\"block block-event-notification\">\n        <ul class=\"notifications\">\n                <li class=\"notification\">\n            <div>\n                <p class=\"title\">Tapahtumat ja Messut<\/p>\n                <p class=\"description\">See us at Gastro Helsinki 11-12.3.2026 Helsinki Expo and Convention Centre, stand 6h58<\/p>\n            <\/div>\n            <div>\n                <a href=\"https:\/\/gastro.messukeskus.com\/\" class=\"button\">Lue lis\u00e4\u00e4<\/a>\n            <\/div>\n        <\/li>\n            <\/ul>\n    <\/div>\n\n\n<div class=\"container-fluid custom-element latest-articles\">\n\n    <div class=\"container\">\n\n                <div class=\"row title-row\">\n            <div class=\"col-12 title-col\">\n                <h2 class=\"element-title\">Uutiset ja tiedotteet<\/h2>\n            <\/div>\n        <\/div>\n        \n        \n                <article class=\"row content-row latest-article-item flex-row-reverse justify-content-end\">\n            <div class=\"col-12 col-md-6 col-lg-5 article-top\">\n                <div class=\"thumbnail\" style=\"background-image: url('https:\/\/ecosir.com\/wp-content\/uploads\/2025\/09\/New-CEO-Ecosir-Group.jpg');\"><\/div>                    \n            <\/div>\n            <div class=\"col-12 col-md-6 col-lg-6 article-bottom offset-lg-1\">   \n                <div class=\"spacer\">\n                    <a href=\"https:\/\/ecosir.com\/news-and-releases\/ecosir-group-accelerates-growth-sami-ojamo-to-lead-ecosir-groups-international-development\/\" class=\"title-link\"><h3 class=\"title\">ECOSIR GROUP ACCELERATES GROWTH \u2013 SAMI OJAMO TO LEAD ECOSIR GROUP\u2019S INTERNATIONAL DEVELOPMENT<\/h3><\/a>\n                    <div class=\"meta\">\n                        <span class=\"post-date\">8.9.2025<\/span>\n                    <\/div>\n                    <div class=\"excerpt\">\n                        <p>Ecosir Group is experiencing strong growth: its market position and order book are at historically&hellip;<\/p>\n                    <\/div>\n                    <a href=\"https:\/\/ecosir.com\/news-and-releases\/ecosir-group-accelerates-growth-sami-ojamo-to-lead-ecosir-groups-international-development\/\" class=\"read-more\">Lue lis\u00e4\u00e4<\/a>\n                <\/div>\n            <\/div>           \n        <\/article>\n                <article class=\"row content-row latest-article-item\">\n            <div class=\"col-12 col-md-6 col-lg-5 article-top\">\n                <div class=\"thumbnail\" style=\"background-image: url('https:\/\/ecosir.com\/wp-content\/uploads\/2024\/12\/Delivery-check-for-Indonesia.jpg');\"><\/div>                    \n            <\/div>\n            <div class=\"col-12 col-md-6 col-lg-6 article-bottom\">   \n                <div class=\"spacer\">\n                    <a href=\"https:\/\/ecosir.com\/news-and-releases\/indonesia-gets-its-first-automatic-vacuum-waste-system\/\" class=\"title-link\"><h3 class=\"title\">Indonesia gets its first automatic vacuum waste system<\/h3><\/a>\n                    <div class=\"meta\">\n                        <span class=\"post-date\">12.12.2024<\/span>\n                    <\/div>\n                    <div class=\"excerpt\">\n                        <p>Ecosir Group delivers CITYMASTER municipality waste vacuum system to Indonesia. It will be the first&hellip;<\/p>\n                    <\/div>\n                    <a href=\"https:\/\/ecosir.com\/news-and-releases\/indonesia-gets-its-first-automatic-vacuum-waste-system\/\" class=\"read-more\">Lue lis\u00e4\u00e4<\/a>\n                <\/div>\n            <\/div>           \n        <\/article>\n                <article class=\"row content-row latest-article-item flex-row-reverse justify-content-end\">\n            <div class=\"col-12 col-md-6 col-lg-5 article-top\">\n                <div class=\"thumbnail\" style=\"background-image: url('https:\/\/ecosir.com\/wp-content\/uploads\/2024\/04\/IMG_0966-scaled.jpg');\"><\/div>                    \n            <\/div>\n            <div class=\"col-12 col-md-6 col-lg-6 article-bottom offset-lg-1\">   \n                <div class=\"spacer\">\n                    <a href=\"https:\/\/ecosir.com\/fi\/news-and-releases\/new-partnership-with-swisslog-healthcare-to-provide-advanced-transport-automation-in-healthcare-logistics\/\" class=\"title-link\"><h3 class=\"title\">New partnership with Swisslog Healthcare to provide advanced transport automation in healthcare logistics!<\/h3><\/a>\n                    <div class=\"meta\">\n                        <span class=\"post-date\">25.4.2024<\/span>\n                    <\/div>\n                    <div class=\"excerpt\">\n                        <p>Swisslog Healthcare specializes in medication management solutions, combining pharmacy and transport automation with software and&hellip;<\/p>\n                    <\/div>\n                    <a href=\"https:\/\/ecosir.com\/fi\/news-and-releases\/new-partnership-with-swisslog-healthcare-to-provide-advanced-transport-automation-in-healthcare-logistics\/\" class=\"read-more\">Lue lis\u00e4\u00e4<\/a>\n                <\/div>\n            <\/div>           \n        <\/article>\n                \n        \n    <\/div>\n\n<\/div>\n\n","protected":false},"excerpt":{"rendered":"<p>J\u00e4tteen ja pyykin siirtoratkaisut<\/p>\n","protected":false},"author":1,"featured_media":0,"parent":0,"menu_order":0,"comment_status":"closed","ping_status":"closed","template":"","meta":{"_relevanssi_hide_post":"","_relevanssi_pin_for_all":"","_relevanssi_pin_keywords":"","_relevanssi_unpin_keywords":"","_relevanssi_related_keywords":"","_relevanssi_related_include_ids":"","_relevanssi_related_exclude_ids":"","_relevanssi_related_no_append":"","_relevanssi_related_not_related":"","_relevanssi_related_posts":"1841,1242","_relevanssi_noindex_reason":""},"yoast_head":"<!-- This site is optimized with the Yoast SEO plugin v15.4 - https:\/\/yoast.com\/wordpress\/plugins\/seo\/ -->\n<title>Etusivu - Ecosir<\/title>\n<meta name=\"robots\" content=\"index, follow, max-snippet:-1, max-image-preview:large, max-video-preview:-1\" \/>\n<link rel=\"canonical\" href=\"https:\/\/ecosir.com\/fi\/\" \/>\n<meta property=\"og:locale\" content=\"fi_FI\" \/>\n<meta property=\"og:type\" content=\"article\" \/>\n<meta property=\"og:title\" content=\"Etusivu - Ecosir\" \/>\n<meta property=\"og:description\" content=\"J\u00e4tteen ja pyykin siirtoratkaisut\" \/>\n<meta property=\"og:url\" content=\"https:\/\/ecosir.com\/fi\/\" \/>\n<meta property=\"og:site_name\" content=\"Ecosir\" \/>\n<meta property=\"article:modified_time\" content=\"2026-02-18T08:15:50+00:00\" \/>\n<meta property=\"og:image\" content=\"https:\/\/ecosir.com\/wp-content\/uploads\/2020\/11\/nosto-city-environment.jpg\" \/>\n\t<meta property=\"og:image:width\" content=\"730\" \/>\n\t<meta property=\"og:image:height\" content=\"420\" \/>\n<meta name=\"twitter:card\" content=\"summary_large_image\" \/>\n<meta name=\"twitter:label1\" content=\"Written by\">\n\t<meta name=\"twitter:data1\" content=\"into-digital\">\n\t<meta name=\"twitter:label2\" content=\"Est. reading time\">\n\t<meta name=\"twitter:data2\" content=\"0 minuuttia\">\n<script type=\"application\/ld+json\" class=\"yoast-schema-graph\">{\"@context\":\"https:\/\/schema.org\",\"@graph\":[{\"@type\":\"WebSite\",\"@id\":\"https:\/\/ecosir.com\/#website\",\"url\":\"https:\/\/ecosir.com\/\",\"name\":\"Ecosir\",\"description\":\"Automated waste and laundry collection systems \",\"potentialAction\":[{\"@type\":\"SearchAction\",\"target\":\"https:\/\/ecosir.com\/?s={search_term_string}\",\"query-input\":\"required name=search_term_string\"}],\"inLanguage\":\"fi\"},{\"@type\":\"WebPage\",\"@id\":\"https:\/\/ecosir.com\/fi\/#webpage\",\"url\":\"https:\/\/ecosir.com\/fi\/\",\"name\":\"Etusivu - Ecosir\",\"isPartOf\":{\"@id\":\"https:\/\/ecosir.com\/#website\"},\"datePublished\":\"2020-11-06T07:36:35+00:00\",\"dateModified\":\"2026-02-18T08:15:50+00:00\",\"breadcrumb\":{\"@id\":\"https:\/\/ecosir.com\/fi\/#breadcrumb\"},\"inLanguage\":\"fi\",\"potentialAction\":[{\"@type\":\"ReadAction\",\"target\":[\"https:\/\/ecosir.com\/fi\/\"]}]},{\"@type\":\"BreadcrumbList\",\"@id\":\"https:\/\/ecosir.com\/fi\/#breadcrumb\",\"itemListElement\":[{\"@type\":\"ListItem\",\"position\":1,\"item\":{\"@type\":\"WebPage\",\"@id\":\"https:\/\/ecosir.com\/fi\/\",\"url\":\"https:\/\/ecosir.com\/fi\/\",\"name\":\"Etusivu\"}},{\"@type\":\"ListItem\",\"position\":2,\"item\":{\"@type\":\"WebPage\",\"@id\":\"https:\/\/ecosir.com\/fi\/\",\"url\":\"https:\/\/ecosir.com\/fi\/\",\"name\":\"Etusivu\"}}]}]}<\/script>\n<!-- \/ Yoast SEO plugin. -->","_links":{"self":[{"href":"https:\/\/ecosir.com\/fi\/wp-json\/wp\/v2\/pages\/652"}],"collection":[{"href":"https:\/\/ecosir.com\/fi\/wp-json\/wp\/v2\/pages"}],"about":[{"href":"https:\/\/ecosir.com\/fi\/wp-json\/wp\/v2\/types\/page"}],"author":[{"embeddable":true,"href":"https:\/\/ecosir.com\/fi\/wp-json\/wp\/v2\/users\/1"}],"replies":[{"embeddable":true,"href":"https:\/\/ecosir.com\/fi\/wp-json\/wp\/v2\/comments?post=652"}],"version-history":[{"count":14,"href":"https:\/\/ecosir.com\/fi\/wp-json\/wp\/v2\/pages\/652\/revisions"}],"predecessor-version":[{"id":2424,"href":"https:\/\/ecosir.com\/fi\/wp-json\/wp\/v2\/pages\/652\/revisions\/2424"}],"wp:attachment":[{"href":"https:\/\/ecosir.com\/fi\/wp-json\/wp\/v2\/media?parent=652"}],"curies":[{"name":"wp","href":"https:\/\/api.w.org\/{rel}","templated":true}]}}