{"id":656,"date":"2020-11-06T07:42:04","date_gmt":"2020-11-06T07:42:04","guid":{"rendered":"https:\/\/ecosir.com\/kaupunkiymparisto\/"},"modified":"2022-11-14T12:37:00","modified_gmt":"2022-11-14T12:37:00","slug":"kaupunkiymparisto","status":"publish","type":"page","link":"https:\/\/ecosir.com\/fi\/kaupunkiymparisto\/","title":{"rendered":"Kaupunkiymp\u00e4rist\u00f6"},"content":{"rendered":"\n<div class=\"wp-block-columns is-style-three-one\">\n<div class=\"wp-block-column\">\n<ul id=\"block-c3abde98-2f74-47f9-9d6d-2319be101da3\" class=\"is-style-checklist\"><li>TURVALLINEN JA VIHRE\u00c4 KAUPUNKIALUE<\/li><li>P\u00c4\u00c4ST\u00d6YST\u00c4V\u00c4LLINEN ASUINYMP\u00c4RIST\u00d6<\/li><li>TEHOKKUUTTA JA KUSTANNUSS\u00c4\u00c4ST\u00d6J\u00c4<\/li><\/ul>\n\n\n\n<p>Smart-city kaupunkisuunnittelu edellytt\u00e4\u00e4 nykyaikaisia menetelmi\u00e4 j\u00e4tteiden ker\u00e4\u00e4miseksi ja kuljettamiseksi. Alipaineella toteutettu j\u00e4tteen putkisiirtoj\u00e4rjestelm\u00e4 (PWCS) on hygieeninen ja eritt\u00e4in nopea menetelm\u00e4 j\u00e4tteen siirtoon. <strong><em>Drop&amp;Go<\/em><\/strong>\u2122 \u2013 sy\u00f6tt\u00f6pisteet sijaitsevat talon sis\u00e4ll\u00e4 tai ulkona.<\/p>\n<\/div>\n\n\n\n<div class=\"wp-block-column\">\n<div class=\"block block-download-files\">\n        <h2 class=\"block-title\">Lataukset<\/h2>\n        <ul class=\"file-list\">\n                        <li class=\"file\">\n            <a href=\"https:\/\/ecosir.com\/wp-content\/uploads\/2022\/11\/LOW_32085724_Citymaster_esite_16s_A4L.pdf\" download>\n                <span class=\"file-name\">CITYMASTER<\/span>\n                <span class=\"sub-type pdf\">pdf<\/span>\n                <span class=\"file-size\">(8.36 mb)<\/span>\n            <\/a>\n        <\/li>\n                            <\/ul>\n<\/div><\/div>\n<\/div>\n\n\n\n<div class=\"block block-hero-video video-container\">\n    <video autoplay loop muted controls>\n        <source src=\"https:\/\/player.vimeo.com\/external\/471333247.hd.mp4?s=ffb9a0f1a1f3d5f175d69d40fd19405563ac594d&#038;profile_id=175\" type=\"video\/mp4\">\n    <\/video>\n<\/div>\n\n\n\n<p><\/p>\n","protected":false},"excerpt":{"rendered":"<p>TURVALLINEN JA VIHRE\u00c4 KAUPUNKIALUE P\u00c4\u00c4ST\u00d6YST\u00c4V\u00c4LLINEN ASUINYMP\u00c4RIST\u00d6 TEHOKKUUTTA JA KUSTANNUSS\u00c4\u00c4ST\u00d6J\u00c4 Smart-city kaupunkisuunnittelu edellytt\u00e4\u00e4 nykyaikaisia menetelmi\u00e4 j\u00e4tteiden&hellip;<\/p>\n","protected":false},"author":1,"featured_media":268,"parent":0,"menu_order":0,"comment_status":"closed","ping_status":"open","template":"","meta":{"_relevanssi_hide_post":"","_relevanssi_pin_for_all":"","_relevanssi_pin_keywords":"","_relevanssi_unpin_keywords":"","_relevanssi_related_keywords":"","_relevanssi_related_include_ids":"","_relevanssi_related_exclude_ids":"","_relevanssi_related_no_append":"","_relevanssi_related_not_related":"","_relevanssi_related_posts":"","_relevanssi_noindex_reason":""},"yoast_head":"<!-- This site is optimized with the Yoast SEO plugin v15.4 - https:\/\/yoast.com\/wordpress\/plugins\/seo\/ -->\n<title>Kaupunkiymp\u00e4rist\u00f6 - Ecosir<\/title>\n<meta name=\"description\" content=\"Smart-city kaupunkisuunnittelu edellytt\u00e4\u00e4 nykyaikaisia menetelmi\u00e4 j\u00e4tteiden ker\u00e4\u00e4miseksi ja kuljettamiseksi. Alipaineella toteutettu j\u00e4tteen putkisiirtoj\u00e4rjestelm\u00e4 (PWCS) on hygieeninen ja eritt\u00e4in nopea menetelm\u00e4 j\u00e4tteen siirtoon. Drop&amp;Go\u2122 \u2013 sy\u00f6tt\u00f6pisteet sijaitsevat talon sis\u00e4ll\u00e4 tai ulkona.\" \/>\n<meta name=\"robots\" content=\"index, follow, max-snippet:-1, max-image-preview:large, max-video-preview:-1\" \/>\n<link rel=\"canonical\" href=\"https:\/\/ecosir.com\/fi\/kaupunkiymparisto\/\" \/>\n<meta property=\"og:locale\" content=\"fi_FI\" \/>\n<meta property=\"og:type\" content=\"article\" \/>\n<meta property=\"og:title\" content=\"Kaupunkiymp\u00e4rist\u00f6 - Ecosir\" \/>\n<meta property=\"og:description\" content=\"Smart-city kaupunkisuunnittelu edellytt\u00e4\u00e4 nykyaikaisia menetelmi\u00e4 j\u00e4tteiden ker\u00e4\u00e4miseksi ja kuljettamiseksi. Alipaineella toteutettu j\u00e4tteen putkisiirtoj\u00e4rjestelm\u00e4 (PWCS) on hygieeninen ja eritt\u00e4in nopea menetelm\u00e4 j\u00e4tteen siirtoon. Drop&amp;Go\u2122 \u2013 sy\u00f6tt\u00f6pisteet sijaitsevat talon sis\u00e4ll\u00e4 tai ulkona.\" \/>\n<meta property=\"og:url\" content=\"https:\/\/ecosir.com\/fi\/kaupunkiymparisto\/\" \/>\n<meta property=\"og:site_name\" content=\"Ecosir\" \/>\n<meta property=\"article:modified_time\" content=\"2022-11-14T12:37:00+00:00\" \/>\n<meta property=\"og:image\" content=\"https:\/\/ecosir.com\/wp-content\/uploads\/2020\/10\/nosto-city-environment.jpg\" \/>\n\t<meta property=\"og:image:width\" content=\"730\" \/>\n\t<meta property=\"og:image:height\" content=\"420\" \/>\n<meta name=\"twitter:card\" content=\"summary_large_image\" \/>\n<meta name=\"twitter:label1\" content=\"Written by\">\n\t<meta name=\"twitter:data1\" content=\"into-digital\">\n\t<meta name=\"twitter:label2\" content=\"Est. reading time\">\n\t<meta name=\"twitter:data2\" content=\"0 minuuttia\">\n<script type=\"application\/ld+json\" class=\"yoast-schema-graph\">{\"@context\":\"https:\/\/schema.org\",\"@graph\":[{\"@type\":\"WebSite\",\"@id\":\"https:\/\/ecosir.com\/#website\",\"url\":\"https:\/\/ecosir.com\/\",\"name\":\"Ecosir\",\"description\":\"Automated waste and laundry collection systems \",\"potentialAction\":[{\"@type\":\"SearchAction\",\"target\":\"https:\/\/ecosir.com\/?s={search_term_string}\",\"query-input\":\"required name=search_term_string\"}],\"inLanguage\":\"fi\"},{\"@type\":\"ImageObject\",\"@id\":\"https:\/\/ecosir.com\/fi\/kaupunkiymparisto\/#primaryimage\",\"inLanguage\":\"fi\",\"url\":\"https:\/\/ecosir.com\/wp-content\/uploads\/2020\/10\/nosto-city-environment.jpg\",\"width\":730,\"height\":420},{\"@type\":\"WebPage\",\"@id\":\"https:\/\/ecosir.com\/fi\/kaupunkiymparisto\/#webpage\",\"url\":\"https:\/\/ecosir.com\/fi\/kaupunkiymparisto\/\",\"name\":\"Kaupunkiymp\\u00e4rist\\u00f6 - Ecosir\",\"isPartOf\":{\"@id\":\"https:\/\/ecosir.com\/#website\"},\"primaryImageOfPage\":{\"@id\":\"https:\/\/ecosir.com\/fi\/kaupunkiymparisto\/#primaryimage\"},\"datePublished\":\"2020-11-06T07:42:04+00:00\",\"dateModified\":\"2022-11-14T12:37:00+00:00\",\"description\":\"Smart-city kaupunkisuunnittelu edellytt\\u00e4\\u00e4 nykyaikaisia menetelmi\\u00e4 j\\u00e4tteiden ker\\u00e4\\u00e4miseksi ja kuljettamiseksi. Alipaineella toteutettu j\\u00e4tteen putkisiirtoj\\u00e4rjestelm\\u00e4 (PWCS) on hygieeninen ja eritt\\u00e4in nopea menetelm\\u00e4 j\\u00e4tteen siirtoon. Drop&Go\\u2122 \\u2013 sy\\u00f6tt\\u00f6pisteet sijaitsevat talon sis\\u00e4ll\\u00e4 tai ulkona.\",\"breadcrumb\":{\"@id\":\"https:\/\/ecosir.com\/fi\/kaupunkiymparisto\/#breadcrumb\"},\"inLanguage\":\"fi\",\"potentialAction\":[{\"@type\":\"ReadAction\",\"target\":[\"https:\/\/ecosir.com\/fi\/kaupunkiymparisto\/\"]}]},{\"@type\":\"BreadcrumbList\",\"@id\":\"https:\/\/ecosir.com\/fi\/kaupunkiymparisto\/#breadcrumb\",\"itemListElement\":[{\"@type\":\"ListItem\",\"position\":1,\"item\":{\"@type\":\"WebPage\",\"@id\":\"https:\/\/ecosir.com\/fi\/\",\"url\":\"https:\/\/ecosir.com\/fi\/\",\"name\":\"Etusivu\"}},{\"@type\":\"ListItem\",\"position\":2,\"item\":{\"@type\":\"WebPage\",\"@id\":\"https:\/\/ecosir.com\/fi\/kaupunkiymparisto\/\",\"url\":\"https:\/\/ecosir.com\/fi\/kaupunkiymparisto\/\",\"name\":\"Kaupunkiymp\\u00e4rist\\u00f6\"}}]}]}<\/script>\n<!-- \/ Yoast SEO plugin. -->","_links":{"self":[{"href":"https:\/\/ecosir.com\/fi\/wp-json\/wp\/v2\/pages\/656"}],"collection":[{"href":"https:\/\/ecosir.com\/fi\/wp-json\/wp\/v2\/pages"}],"about":[{"href":"https:\/\/ecosir.com\/fi\/wp-json\/wp\/v2\/types\/page"}],"author":[{"embeddable":true,"href":"https:\/\/ecosir.com\/fi\/wp-json\/wp\/v2\/users\/1"}],"replies":[{"embeddable":true,"href":"https:\/\/ecosir.com\/fi\/wp-json\/wp\/v2\/comments?post=656"}],"version-history":[{"count":14,"href":"https:\/\/ecosir.com\/fi\/wp-json\/wp\/v2\/pages\/656\/revisions"}],"predecessor-version":[{"id":1631,"href":"https:\/\/ecosir.com\/fi\/wp-json\/wp\/v2\/pages\/656\/revisions\/1631"}],"wp:featuredmedia":[{"embeddable":true,"href":"https:\/\/ecosir.com\/fi\/wp-json\/wp\/v2\/media\/268"}],"wp:attachment":[{"href":"https:\/\/ecosir.com\/fi\/wp-json\/wp\/v2\/media?parent=656"}],"curies":[{"name":"wp","href":"https:\/\/api.w.org\/{rel}","templated":true}]}}