{"id":661,"date":"2020-11-06T07:46:12","date_gmt":"2020-11-06T07:46:12","guid":{"rendered":"https:\/\/ecosir.com\/sairaalat\/"},"modified":"2025-02-14T11:29:45","modified_gmt":"2025-02-14T11:29:45","slug":"sairaalat","status":"publish","type":"page","link":"https:\/\/ecosir.com\/fi\/sairaalat\/","title":{"rendered":"Sairaalat"},"content":{"rendered":"\n<div class=\"wp-block-columns is-style-three-one\">\n<div class=\"wp-block-column\">\n<p>Nykyaikaisessa sairaalassa hoitoty\u00f6ss\u00e4 tulee olla paras mahdollinen hygienia. Tonneittain likaisia liinavaatteita ja j\u00e4tett\u00e4 on k\u00e4sitelt\u00e4v\u00e4 ja siirrett\u00e4v\u00e4 nopeasti pois osastoilta. <strong><em>CAREMASTER<\/em><\/strong>\u2122 -Automaattinen alipainesiirtoteknologia on tehokkain tapa parantaa hygieniaa ja logistista tehokkuutta 24\/7.<\/p>\n\n\n\n<p><strong><em>Drop&amp;Go<\/em><\/strong>\u2122 technology \u2013 It\u2019s easy and fast<\/p>\n\n\n\n<ul id=\"block-ed1701fa-8a59-4c5e-a0b2-0e9886070347\" class=\"is-style-checklist\"><li>ENEMM\u00c4N AIKAA HOIVATY\u00d6LLE<\/li><li>PAREMPI HYGIENIA<\/li><li>LOGISTISTA TEHOKKUUTTA<\/li><\/ul>\n<\/div>\n\n\n\n<div class=\"wp-block-column\">\n<p><a href=\"https:\/\/ecosir.com\/wp-admin\/edit.php?post_type=page\"><\/a><\/p>\n\n\n\n<div class=\"block block-download-files\">\n        <h2 class=\"block-title\">Lataukset<\/h2>\n        <ul class=\"file-list\">\n                        <li class=\"file\">\n            <a href=\"https:\/\/ecosir.com\/wp-content\/uploads\/2025\/02\/Ecosir_Bio_A4.pdf\" download>\n                <span class=\"file-name\">BIO SERIE 140_170_220<\/span>\n                <span class=\"sub-type pdf\">pdf<\/span>\n                <span class=\"file-size\">(2.26 mb)<\/span>\n            <\/a>\n        <\/li>\n                        <li class=\"file\">\n            <a href=\"https:\/\/ecosir.com\/wp-content\/uploads\/2025\/02\/Caremaster_A4.pdf\" download>\n                <span class=\"file-name\">CAREMASTER<\/span>\n                <span class=\"sub-type pdf\">pdf<\/span>\n                <span class=\"file-size\">(1.88 mb)<\/span>\n            <\/a>\n        <\/li>\n                            <\/ul>\n<\/div><\/div>\n<\/div>\n\n\n\n<div class=\"block block-hero-video video-container\">\n    <video autoplay loop muted controls>\n        <source src=\"https:\/\/player.vimeo.com\/external\/469728802.hd.mp4?s=6d06d7c38736211655352d258da2f1f51b30a907&#038;profile_id=175\" type=\"video\/mp4\">\n    <\/video>\n<\/div>\n","protected":false},"excerpt":{"rendered":"<p>Nykyaikaisessa sairaalassa hoitoty\u00f6ss\u00e4 tulee olla paras mahdollinen hygienia. Tonneittain likaisia liinavaatteita ja j\u00e4tett\u00e4 on k\u00e4sitelt\u00e4v\u00e4&hellip;<\/p>\n","protected":false},"author":1,"featured_media":274,"parent":0,"menu_order":0,"comment_status":"closed","ping_status":"closed","template":"","meta":{"_relevanssi_hide_post":"","_relevanssi_pin_for_all":"","_relevanssi_pin_keywords":"","_relevanssi_unpin_keywords":"","_relevanssi_related_keywords":"","_relevanssi_related_include_ids":"","_relevanssi_related_exclude_ids":"","_relevanssi_related_no_append":"","_relevanssi_related_not_related":"","_relevanssi_related_posts":"","_relevanssi_noindex_reason":""},"yoast_head":"<!-- This site is optimized with the Yoast SEO plugin v15.4 - https:\/\/yoast.com\/wordpress\/plugins\/seo\/ -->\n<title>Sairaalat - Ecosir<\/title>\n<meta name=\"description\" content=\"Nykyaikaisessa sairaalassa hoitoty\u00f6ss\u00e4 tulee olla paras mahdollinen hygienia. Tonneittain likaisia liinavaatteita ja j\u00e4tett\u00e4 on k\u00e4sitelt\u00e4v\u00e4 ja siirrett\u00e4v\u00e4 nopeasti pois osastoilta. CAREMASTER\u2122 -Automaattinen alipainesiirtoteknologia on tehokkain tapa parantaa hygieniaa ja logistista tehokkuutta 24\/7.\" \/>\n<meta name=\"robots\" content=\"index, follow, max-snippet:-1, max-image-preview:large, max-video-preview:-1\" \/>\n<link rel=\"canonical\" href=\"https:\/\/ecosir.com\/fi\/sairaalat\/\" \/>\n<meta property=\"og:locale\" content=\"fi_FI\" \/>\n<meta property=\"og:type\" content=\"article\" \/>\n<meta property=\"og:title\" content=\"Sairaalat - Ecosir\" \/>\n<meta property=\"og:description\" content=\"Nykyaikaisessa sairaalassa hoitoty\u00f6ss\u00e4 tulee olla paras mahdollinen hygienia. Tonneittain likaisia liinavaatteita ja j\u00e4tett\u00e4 on k\u00e4sitelt\u00e4v\u00e4 ja siirrett\u00e4v\u00e4 nopeasti pois osastoilta. CAREMASTER\u2122 -Automaattinen alipainesiirtoteknologia on tehokkain tapa parantaa hygieniaa ja logistista tehokkuutta 24\/7.\" \/>\n<meta property=\"og:url\" content=\"https:\/\/ecosir.com\/fi\/sairaalat\/\" \/>\n<meta property=\"og:site_name\" content=\"Ecosir\" \/>\n<meta property=\"article:modified_time\" content=\"2025-02-14T11:29:45+00:00\" \/>\n<meta property=\"og:image\" content=\"https:\/\/ecosir.com\/wp-content\/uploads\/2020\/10\/nosto-hospitals.jpg\" \/>\n\t<meta property=\"og:image:width\" content=\"730\" \/>\n\t<meta property=\"og:image:height\" content=\"420\" \/>\n<meta name=\"twitter:card\" content=\"summary_large_image\" \/>\n<meta name=\"twitter:label1\" content=\"Written by\">\n\t<meta name=\"twitter:data1\" content=\"into-digital\">\n\t<meta name=\"twitter:label2\" content=\"Est. reading time\">\n\t<meta name=\"twitter:data2\" content=\"0 minuuttia\">\n<script type=\"application\/ld+json\" class=\"yoast-schema-graph\">{\"@context\":\"https:\/\/schema.org\",\"@graph\":[{\"@type\":\"WebSite\",\"@id\":\"https:\/\/ecosir.com\/#website\",\"url\":\"https:\/\/ecosir.com\/\",\"name\":\"Ecosir\",\"description\":\"Automated waste and laundry collection systems \",\"potentialAction\":[{\"@type\":\"SearchAction\",\"target\":\"https:\/\/ecosir.com\/?s={search_term_string}\",\"query-input\":\"required name=search_term_string\"}],\"inLanguage\":\"fi\"},{\"@type\":\"ImageObject\",\"@id\":\"https:\/\/ecosir.com\/fi\/sairaalat\/#primaryimage\",\"inLanguage\":\"fi\",\"url\":\"https:\/\/ecosir.com\/wp-content\/uploads\/2020\/10\/nosto-hospitals.jpg\",\"width\":730,\"height\":420},{\"@type\":\"WebPage\",\"@id\":\"https:\/\/ecosir.com\/fi\/sairaalat\/#webpage\",\"url\":\"https:\/\/ecosir.com\/fi\/sairaalat\/\",\"name\":\"Sairaalat - Ecosir\",\"isPartOf\":{\"@id\":\"https:\/\/ecosir.com\/#website\"},\"primaryImageOfPage\":{\"@id\":\"https:\/\/ecosir.com\/fi\/sairaalat\/#primaryimage\"},\"datePublished\":\"2020-11-06T07:46:12+00:00\",\"dateModified\":\"2025-02-14T11:29:45+00:00\",\"description\":\"Nykyaikaisessa sairaalassa hoitoty\\u00f6ss\\u00e4 tulee olla paras mahdollinen hygienia. Tonneittain likaisia liinavaatteita ja j\\u00e4tett\\u00e4 on k\\u00e4sitelt\\u00e4v\\u00e4 ja siirrett\\u00e4v\\u00e4 nopeasti pois osastoilta. CAREMASTER\\u2122 -Automaattinen alipainesiirtoteknologia on tehokkain tapa parantaa hygieniaa ja logistista tehokkuutta 24\/7.\",\"breadcrumb\":{\"@id\":\"https:\/\/ecosir.com\/fi\/sairaalat\/#breadcrumb\"},\"inLanguage\":\"fi\",\"potentialAction\":[{\"@type\":\"ReadAction\",\"target\":[\"https:\/\/ecosir.com\/fi\/sairaalat\/\"]}]},{\"@type\":\"BreadcrumbList\",\"@id\":\"https:\/\/ecosir.com\/fi\/sairaalat\/#breadcrumb\",\"itemListElement\":[{\"@type\":\"ListItem\",\"position\":1,\"item\":{\"@type\":\"WebPage\",\"@id\":\"https:\/\/ecosir.com\/fi\/\",\"url\":\"https:\/\/ecosir.com\/fi\/\",\"name\":\"Etusivu\"}},{\"@type\":\"ListItem\",\"position\":2,\"item\":{\"@type\":\"WebPage\",\"@id\":\"https:\/\/ecosir.com\/fi\/sairaalat\/\",\"url\":\"https:\/\/ecosir.com\/fi\/sairaalat\/\",\"name\":\"Sairaalat\"}}]}]}<\/script>\n<!-- \/ Yoast SEO plugin. -->","_links":{"self":[{"href":"https:\/\/ecosir.com\/fi\/wp-json\/wp\/v2\/pages\/661"}],"collection":[{"href":"https:\/\/ecosir.com\/fi\/wp-json\/wp\/v2\/pages"}],"about":[{"href":"https:\/\/ecosir.com\/fi\/wp-json\/wp\/v2\/types\/page"}],"author":[{"embeddable":true,"href":"https:\/\/ecosir.com\/fi\/wp-json\/wp\/v2\/users\/1"}],"replies":[{"embeddable":true,"href":"https:\/\/ecosir.com\/fi\/wp-json\/wp\/v2\/comments?post=661"}],"version-history":[{"count":15,"href":"https:\/\/ecosir.com\/fi\/wp-json\/wp\/v2\/pages\/661\/revisions"}],"predecessor-version":[{"id":2229,"href":"https:\/\/ecosir.com\/fi\/wp-json\/wp\/v2\/pages\/661\/revisions\/2229"}],"wp:featuredmedia":[{"embeddable":true,"href":"https:\/\/ecosir.com\/fi\/wp-json\/wp\/v2\/media\/274"}],"wp:attachment":[{"href":"https:\/\/ecosir.com\/fi\/wp-json\/wp\/v2\/media?parent=661"}],"curies":[{"name":"wp","href":"https:\/\/api.w.org\/{rel}","templated":true}]}}