{"id":663,"date":"2020-11-06T07:46:57","date_gmt":"2020-11-06T07:46:57","guid":{"rendered":"https:\/\/ecosir.com\/vanhusten-hoito\/"},"modified":"2022-11-03T08:20:32","modified_gmt":"2022-11-03T08:20:32","slug":"vanhusten-hoito","status":"publish","type":"page","link":"https:\/\/ecosir.com\/fi\/vanhusten-hoito\/","title":{"rendered":"Vanhusten hoito"},"content":{"rendered":"\n<div class=\"wp-block-columns is-style-three-one\">\n<div class=\"wp-block-column is-vertically-aligned-top\">\n<p>Vanhusten hoivakeskuksen tulee tarjota laadukasta hoitoa ja aikaa asiakkaalle. Hygienia ja raikas ilma ovat avaintekij\u00f6it\u00e4 hyvinvoinnissa. Suljettu ja hajuton alipainesiirtoj\u00e4rjestelm\u00e4 <strong><em>CARE<\/em><\/strong>\u2122 huolehtii j\u00e4telogistiikasta automaatiisesti ja vapauttaa enemm\u00e4n aikaa hoitoty\u00f6h\u00f6n!<\/p>\n\n\n\n<p><strong><em>Drop&amp;Go<\/em><\/strong>\u2122 technology \u2013 It\u2019s easy and fast<\/p>\n\n\n\n<ul id=\"block-62660026-17b2-476f-831d-a03bbee96e45\" class=\"is-style-checklist\"><li>ENEMM\u00c4N AIKAA HOIVATY\u00d6LLE<\/li><li>PAREMPI HYGIENIA<\/li><li>LOGISTISTA TEHOKKUUTTA<\/li><\/ul>\n\n\n\n<p><\/p>\n<\/div>\n\n\n\n<div class=\"wp-block-column\">\n<div class=\"block block-download-files\">\n        <h2 class=\"block-title\">Lataukset<\/h2>\n        <ul class=\"file-list\">\n                        <li class=\"file\">\n            <a href=\"https:\/\/ecosir.com\/wp-content\/uploads\/2022\/10\/CARE-220.pdf\" download>\n                <span class=\"file-name\">CARE 220<\/span>\n                <span class=\"sub-type pdf\">pdf<\/span>\n                <span class=\"file-size\">(3.35 mb)<\/span>\n            <\/a>\n        <\/li>\n                            <\/ul>\n<\/div><\/div>\n<\/div>\n\n\n\n<div class=\"block block-hero-video video-container\">\n    <video autoplay loop muted controls>\n        <source src=\"https:\/\/player.vimeo.com\/external\/469729059.hd.mp4?s=dcf57276c18ebcd16762531b9532f74f95de0d8f&#038;profile_id=175\" type=\"video\/mp4\">\n    <\/video>\n<\/div>\n","protected":false},"excerpt":{"rendered":"<p>Vanhusten hoivakeskuksen tulee tarjota laadukasta hoitoa ja aikaa asiakkaalle. Hygienia ja raikas ilma ovat avaintekij\u00f6it\u00e4&hellip;<\/p>\n","protected":false},"author":3,"featured_media":271,"parent":0,"menu_order":0,"comment_status":"closed","ping_status":"closed","template":"","meta":{"_relevanssi_hide_post":"","_relevanssi_pin_for_all":"","_relevanssi_pin_keywords":"","_relevanssi_unpin_keywords":"","_relevanssi_related_keywords":"","_relevanssi_related_include_ids":"","_relevanssi_related_exclude_ids":"","_relevanssi_related_no_append":"","_relevanssi_related_not_related":"","_relevanssi_related_posts":"","_relevanssi_noindex_reason":""},"yoast_head":"<!-- This site is optimized with the Yoast SEO plugin v15.4 - https:\/\/yoast.com\/wordpress\/plugins\/seo\/ -->\n<title>Vanhusten hoito - Ecosir<\/title>\n<meta name=\"description\" content=\"Vanhusten hoivakeskuksen tulee tarjota laadukasta hoitoa ja aikaa asiakkaalle. Hygienia ja raikas ilma ovat avaintekij\u00f6it\u00e4 hyvinvoinnissa. Suljettu ja hajuton alipainesiirtoj\u00e4rjestelm\u00e4 CARE\u2122 huolehtii j\u00e4telogistiikasta automaatiisesti ja vapauttaa enemm\u00e4n aikaa hoitoty\u00f6h\u00f6n!\" \/>\n<meta name=\"robots\" content=\"index, follow, max-snippet:-1, max-image-preview:large, max-video-preview:-1\" \/>\n<link rel=\"canonical\" href=\"https:\/\/ecosir.com\/fi\/vanhusten-hoito\/\" \/>\n<meta property=\"og:locale\" content=\"fi_FI\" \/>\n<meta property=\"og:type\" content=\"article\" \/>\n<meta property=\"og:title\" content=\"Vanhusten hoito - Ecosir\" \/>\n<meta property=\"og:description\" content=\"Vanhusten hoivakeskuksen tulee tarjota laadukasta hoitoa ja aikaa asiakkaalle. Hygienia ja raikas ilma ovat avaintekij\u00f6it\u00e4 hyvinvoinnissa. Suljettu ja hajuton alipainesiirtoj\u00e4rjestelm\u00e4 CARE\u2122 huolehtii j\u00e4telogistiikasta automaatiisesti ja vapauttaa enemm\u00e4n aikaa hoitoty\u00f6h\u00f6n!\" \/>\n<meta property=\"og:url\" content=\"https:\/\/ecosir.com\/fi\/vanhusten-hoito\/\" \/>\n<meta property=\"og:site_name\" content=\"Ecosir\" \/>\n<meta property=\"article:modified_time\" content=\"2022-11-03T08:20:32+00:00\" \/>\n<meta property=\"og:image\" content=\"https:\/\/ecosir.com\/wp-content\/uploads\/2020\/10\/nosto-elderly-care.jpg\" \/>\n\t<meta property=\"og:image:width\" content=\"730\" \/>\n\t<meta property=\"og:image:height\" content=\"420\" \/>\n<meta name=\"twitter:card\" content=\"summary_large_image\" \/>\n<meta name=\"twitter:label1\" content=\"Written by\">\n\t<meta name=\"twitter:data1\" content=\"Joonas Wilska\">\n\t<meta name=\"twitter:label2\" content=\"Est. reading time\">\n\t<meta name=\"twitter:data2\" content=\"0 minuuttia\">\n<script type=\"application\/ld+json\" class=\"yoast-schema-graph\">{\"@context\":\"https:\/\/schema.org\",\"@graph\":[{\"@type\":\"WebSite\",\"@id\":\"https:\/\/ecosir.com\/#website\",\"url\":\"https:\/\/ecosir.com\/\",\"name\":\"Ecosir\",\"description\":\"Automated waste and laundry collection systems \",\"potentialAction\":[{\"@type\":\"SearchAction\",\"target\":\"https:\/\/ecosir.com\/?s={search_term_string}\",\"query-input\":\"required name=search_term_string\"}],\"inLanguage\":\"fi\"},{\"@type\":\"ImageObject\",\"@id\":\"https:\/\/ecosir.com\/fi\/vanhusten-hoito\/#primaryimage\",\"inLanguage\":\"fi\",\"url\":\"https:\/\/ecosir.com\/wp-content\/uploads\/2020\/10\/nosto-elderly-care.jpg\",\"width\":730,\"height\":420},{\"@type\":\"WebPage\",\"@id\":\"https:\/\/ecosir.com\/fi\/vanhusten-hoito\/#webpage\",\"url\":\"https:\/\/ecosir.com\/fi\/vanhusten-hoito\/\",\"name\":\"Vanhusten hoito - Ecosir\",\"isPartOf\":{\"@id\":\"https:\/\/ecosir.com\/#website\"},\"primaryImageOfPage\":{\"@id\":\"https:\/\/ecosir.com\/fi\/vanhusten-hoito\/#primaryimage\"},\"datePublished\":\"2020-11-06T07:46:57+00:00\",\"dateModified\":\"2022-11-03T08:20:32+00:00\",\"description\":\"Vanhusten hoivakeskuksen tulee tarjota laadukasta hoitoa ja aikaa asiakkaalle. Hygienia ja raikas ilma ovat avaintekij\\u00f6it\\u00e4 hyvinvoinnissa. Suljettu ja hajuton alipainesiirtoj\\u00e4rjestelm\\u00e4 CARE\\u2122 huolehtii j\\u00e4telogistiikasta automaatiisesti ja vapauttaa enemm\\u00e4n aikaa hoitoty\\u00f6h\\u00f6n!\",\"breadcrumb\":{\"@id\":\"https:\/\/ecosir.com\/fi\/vanhusten-hoito\/#breadcrumb\"},\"inLanguage\":\"fi\",\"potentialAction\":[{\"@type\":\"ReadAction\",\"target\":[\"https:\/\/ecosir.com\/fi\/vanhusten-hoito\/\"]}]},{\"@type\":\"BreadcrumbList\",\"@id\":\"https:\/\/ecosir.com\/fi\/vanhusten-hoito\/#breadcrumb\",\"itemListElement\":[{\"@type\":\"ListItem\",\"position\":1,\"item\":{\"@type\":\"WebPage\",\"@id\":\"https:\/\/ecosir.com\/fi\/\",\"url\":\"https:\/\/ecosir.com\/fi\/\",\"name\":\"Etusivu\"}},{\"@type\":\"ListItem\",\"position\":2,\"item\":{\"@type\":\"WebPage\",\"@id\":\"https:\/\/ecosir.com\/fi\/vanhusten-hoito\/\",\"url\":\"https:\/\/ecosir.com\/fi\/vanhusten-hoito\/\",\"name\":\"Vanhusten hoito\"}}]}]}<\/script>\n<!-- \/ Yoast SEO plugin. -->","_links":{"self":[{"href":"https:\/\/ecosir.com\/fi\/wp-json\/wp\/v2\/pages\/663"}],"collection":[{"href":"https:\/\/ecosir.com\/fi\/wp-json\/wp\/v2\/pages"}],"about":[{"href":"https:\/\/ecosir.com\/fi\/wp-json\/wp\/v2\/types\/page"}],"author":[{"embeddable":true,"href":"https:\/\/ecosir.com\/fi\/wp-json\/wp\/v2\/users\/3"}],"replies":[{"embeddable":true,"href":"https:\/\/ecosir.com\/fi\/wp-json\/wp\/v2\/comments?post=663"}],"version-history":[{"count":9,"href":"https:\/\/ecosir.com\/fi\/wp-json\/wp\/v2\/pages\/663\/revisions"}],"predecessor-version":[{"id":1539,"href":"https:\/\/ecosir.com\/fi\/wp-json\/wp\/v2\/pages\/663\/revisions\/1539"}],"wp:featuredmedia":[{"embeddable":true,"href":"https:\/\/ecosir.com\/fi\/wp-json\/wp\/v2\/media\/271"}],"wp:attachment":[{"href":"https:\/\/ecosir.com\/fi\/wp-json\/wp\/v2\/media?parent=663"}],"curies":[{"name":"wp","href":"https:\/\/api.w.org\/{rel}","templated":true}]}}