{"id":665,"date":"2020-11-06T07:49:38","date_gmt":"2020-11-06T07:49:38","guid":{"rendered":"https:\/\/ecosir.com\/jatteen-alipainesiirtojarjestelma-pwcs\/"},"modified":"2022-11-14T12:37:36","modified_gmt":"2022-11-14T12:37:36","slug":"jatteen-alipainesiirtojarjestelma-pwcs","status":"publish","type":"page","link":"https:\/\/ecosir.com\/fi\/jatteen-alipainesiirtojarjestelma-pwcs\/","title":{"rendered":"J\u00e4tteen alipainesiirtoj\u00e4rjestelm\u00e4 (PWCS)"},"content":{"rendered":"\n<div class=\"wp-block-columns is-style-three-one\">\n<div class=\"wp-block-column\">\n<p><\/p>\n\n\n\n<p class=\"is-style-ingress\">CITYMASTER\u2122\u2013 Making city cleaner<\/p>\n\n\n\n<p>Smart-city kaupunkisuunnittelu edellytt\u00e4\u00e4 nykyaikaisia menetelmi\u00e4 j\u00e4tteiden ker\u00e4\u00e4miseksi ja kuljettamiseksi. Alipaineella toteutettu j\u00e4tteen putkisiirtoj\u00e4rjestelm\u00e4 (PWCS) on hygieeninen ja eritt\u00e4in nopea menetelm\u00e4 j\u00e4tteen siirtoon. Drop&amp;Go\u2122 \u2013 sy\u00f6tt\u00f6pisteet (ODI) sijaitsevat talon sis\u00e4ll\u00e4 tai ulkona.<\/p>\n\n\n\n<p><strong>CITYMASTER<\/strong><strong>\u2122 &#8211; T\u00e4ydellinen ratkaisu asuinalueelle<\/strong><\/p>\n\n\n\n<ul class=\"is-style-checklist\"><li>VIIHTYIS\u00c4MPI ASUINALUE<\/li><li>RAIKAS ILMA<\/li><li>RASKAS J\u00c4TEKULJETUSLIIKENNE POISTUU <\/li><\/ul>\n<\/div>\n\n\n\n<div class=\"wp-block-column\">\n<p><\/p>\n\n\n\n<div class=\"block block-download-files\">\n        <h2 class=\"block-title\">Lataukset<\/h2>\n        <ul class=\"file-list\">\n                        <li class=\"file\">\n            <a href=\"https:\/\/ecosir.com\/wp-content\/uploads\/2020\/10\/XMIT-SKYMASTER.pdf\" download>\n                <span class=\"file-name\">SKYMASTER\u2122 -leaflet<\/span>\n                <span class=\"sub-type pdf\">pdf<\/span>\n                <span class=\"file-size\">(2.12 mb)<\/span>\n            <\/a>\n        <\/li>\n                        <li class=\"file\">\n            <a href=\"https:\/\/ecosir.com\/wp-content\/uploads\/2022\/11\/LOW_32085724_Citymaster_esite_16s_A4L.pdf\" download>\n                <span class=\"file-name\">CITYMASTER<\/span>\n                <span class=\"sub-type pdf\">pdf<\/span>\n                <span class=\"file-size\">(8.36 mb)<\/span>\n            <\/a>\n        <\/li>\n                            <\/ul>\n<\/div><\/div>\n<\/div>\n\n\n\n<p><\/p>\n","protected":false},"excerpt":{"rendered":"<p>CITYMASTER\u2122\u2013 Making city cleaner Smart-city kaupunkisuunnittelu edellytt\u00e4\u00e4 nykyaikaisia menetelmi\u00e4 j\u00e4tteiden ker\u00e4\u00e4miseksi ja kuljettamiseksi. Alipaineella toteutettu&hellip;<\/p>\n","protected":false},"author":3,"featured_media":431,"parent":0,"menu_order":0,"comment_status":"closed","ping_status":"closed","template":"","meta":{"_relevanssi_hide_post":"","_relevanssi_pin_for_all":"","_relevanssi_pin_keywords":"","_relevanssi_unpin_keywords":"","_relevanssi_related_keywords":"","_relevanssi_related_include_ids":"","_relevanssi_related_exclude_ids":"","_relevanssi_related_no_append":"","_relevanssi_related_not_related":"","_relevanssi_related_posts":"","_relevanssi_noindex_reason":""},"yoast_head":"<!-- This site is optimized with the Yoast SEO plugin v15.4 - https:\/\/yoast.com\/wordpress\/plugins\/seo\/ -->\n<title>J\u00e4tteen alipainesiirtoj\u00e4rjestelm\u00e4 (PWCS) - Ecosir<\/title>\n<meta name=\"description\" content=\"Smart-city kaupunkisuunnittelu edellytt\u00e4\u00e4 nykyaikaisia menetelmi\u00e4 j\u00e4tteiden ker\u00e4\u00e4miseksi ja kuljettamiseksi. Alipaineella toteutettu j\u00e4tteen putkisiirtoj\u00e4rjestelm\u00e4 (PWCS) on hygieeninen ja eritt\u00e4in nopea menetelm\u00e4 j\u00e4tteen siirtoon. Drop&amp;Go\u2122 \u2013 sy\u00f6tt\u00f6pisteet (ODI) sijaitsevat talon sis\u00e4ll\u00e4 tai ulkona.\" \/>\n<meta name=\"robots\" content=\"index, follow, max-snippet:-1, max-image-preview:large, max-video-preview:-1\" \/>\n<link rel=\"canonical\" href=\"https:\/\/ecosir.com\/fi\/jatteen-alipainesiirtojarjestelma-pwcs\/\" \/>\n<meta property=\"og:locale\" content=\"fi_FI\" \/>\n<meta property=\"og:type\" content=\"article\" \/>\n<meta property=\"og:title\" content=\"J\u00e4tteen alipainesiirtoj\u00e4rjestelm\u00e4 (PWCS) - Ecosir\" \/>\n<meta property=\"og:description\" content=\"Smart-city kaupunkisuunnittelu edellytt\u00e4\u00e4 nykyaikaisia menetelmi\u00e4 j\u00e4tteiden ker\u00e4\u00e4miseksi ja kuljettamiseksi. Alipaineella toteutettu j\u00e4tteen putkisiirtoj\u00e4rjestelm\u00e4 (PWCS) on hygieeninen ja eritt\u00e4in nopea menetelm\u00e4 j\u00e4tteen siirtoon. Drop&amp;Go\u2122 \u2013 sy\u00f6tt\u00f6pisteet (ODI) sijaitsevat talon sis\u00e4ll\u00e4 tai ulkona.\" \/>\n<meta property=\"og:url\" content=\"https:\/\/ecosir.com\/fi\/jatteen-alipainesiirtojarjestelma-pwcs\/\" \/>\n<meta property=\"og:site_name\" content=\"Ecosir\" \/>\n<meta property=\"article:modified_time\" content=\"2022-11-14T12:37:36+00:00\" \/>\n<meta property=\"og:image\" content=\"https:\/\/ecosir.com\/wp-content\/uploads\/2020\/10\/CITYMASTER5.jpg\" \/>\n\t<meta property=\"og:image:width\" content=\"1300\" \/>\n\t<meta property=\"og:image:height\" content=\"700\" \/>\n<meta name=\"twitter:card\" content=\"summary_large_image\" \/>\n<meta name=\"twitter:label1\" content=\"Written by\">\n\t<meta name=\"twitter:data1\" content=\"Joonas Wilska\">\n\t<meta name=\"twitter:label2\" content=\"Est. reading time\">\n\t<meta name=\"twitter:data2\" content=\"0 minuuttia\">\n<script type=\"application\/ld+json\" class=\"yoast-schema-graph\">{\"@context\":\"https:\/\/schema.org\",\"@graph\":[{\"@type\":\"WebSite\",\"@id\":\"https:\/\/ecosir.com\/#website\",\"url\":\"https:\/\/ecosir.com\/\",\"name\":\"Ecosir\",\"description\":\"Automated waste and laundry collection systems \",\"potentialAction\":[{\"@type\":\"SearchAction\",\"target\":\"https:\/\/ecosir.com\/?s={search_term_string}\",\"query-input\":\"required name=search_term_string\"}],\"inLanguage\":\"fi\"},{\"@type\":\"ImageObject\",\"@id\":\"https:\/\/ecosir.com\/fi\/jatteen-alipainesiirtojarjestelma-pwcs\/#primaryimage\",\"inLanguage\":\"fi\",\"url\":\"https:\/\/ecosir.com\/wp-content\/uploads\/2020\/10\/CITYMASTER5.jpg\",\"width\":1300,\"height\":700},{\"@type\":\"WebPage\",\"@id\":\"https:\/\/ecosir.com\/fi\/jatteen-alipainesiirtojarjestelma-pwcs\/#webpage\",\"url\":\"https:\/\/ecosir.com\/fi\/jatteen-alipainesiirtojarjestelma-pwcs\/\",\"name\":\"J\\u00e4tteen alipainesiirtoj\\u00e4rjestelm\\u00e4 (PWCS) - Ecosir\",\"isPartOf\":{\"@id\":\"https:\/\/ecosir.com\/#website\"},\"primaryImageOfPage\":{\"@id\":\"https:\/\/ecosir.com\/fi\/jatteen-alipainesiirtojarjestelma-pwcs\/#primaryimage\"},\"datePublished\":\"2020-11-06T07:49:38+00:00\",\"dateModified\":\"2022-11-14T12:37:36+00:00\",\"description\":\"Smart-city kaupunkisuunnittelu edellytt\\u00e4\\u00e4 nykyaikaisia menetelmi\\u00e4 j\\u00e4tteiden ker\\u00e4\\u00e4miseksi ja kuljettamiseksi. Alipaineella toteutettu j\\u00e4tteen putkisiirtoj\\u00e4rjestelm\\u00e4 (PWCS) on hygieeninen ja eritt\\u00e4in nopea menetelm\\u00e4 j\\u00e4tteen siirtoon. Drop&Go\\u2122 \\u2013 sy\\u00f6tt\\u00f6pisteet (ODI) sijaitsevat talon sis\\u00e4ll\\u00e4 tai ulkona.\",\"breadcrumb\":{\"@id\":\"https:\/\/ecosir.com\/fi\/jatteen-alipainesiirtojarjestelma-pwcs\/#breadcrumb\"},\"inLanguage\":\"fi\",\"potentialAction\":[{\"@type\":\"ReadAction\",\"target\":[\"https:\/\/ecosir.com\/fi\/jatteen-alipainesiirtojarjestelma-pwcs\/\"]}]},{\"@type\":\"BreadcrumbList\",\"@id\":\"https:\/\/ecosir.com\/fi\/jatteen-alipainesiirtojarjestelma-pwcs\/#breadcrumb\",\"itemListElement\":[{\"@type\":\"ListItem\",\"position\":1,\"item\":{\"@type\":\"WebPage\",\"@id\":\"https:\/\/ecosir.com\/fi\/\",\"url\":\"https:\/\/ecosir.com\/fi\/\",\"name\":\"Etusivu\"}},{\"@type\":\"ListItem\",\"position\":2,\"item\":{\"@type\":\"WebPage\",\"@id\":\"https:\/\/ecosir.com\/fi\/jatteen-alipainesiirtojarjestelma-pwcs\/\",\"url\":\"https:\/\/ecosir.com\/fi\/jatteen-alipainesiirtojarjestelma-pwcs\/\",\"name\":\"J\\u00e4tteen alipainesiirtoj\\u00e4rjestelm\\u00e4 (PWCS)\"}}]}]}<\/script>\n<!-- \/ Yoast SEO plugin. -->","_links":{"self":[{"href":"https:\/\/ecosir.com\/fi\/wp-json\/wp\/v2\/pages\/665"}],"collection":[{"href":"https:\/\/ecosir.com\/fi\/wp-json\/wp\/v2\/pages"}],"about":[{"href":"https:\/\/ecosir.com\/fi\/wp-json\/wp\/v2\/types\/page"}],"author":[{"embeddable":true,"href":"https:\/\/ecosir.com\/fi\/wp-json\/wp\/v2\/users\/3"}],"replies":[{"embeddable":true,"href":"https:\/\/ecosir.com\/fi\/wp-json\/wp\/v2\/comments?post=665"}],"version-history":[{"count":9,"href":"https:\/\/ecosir.com\/fi\/wp-json\/wp\/v2\/pages\/665\/revisions"}],"predecessor-version":[{"id":1633,"href":"https:\/\/ecosir.com\/fi\/wp-json\/wp\/v2\/pages\/665\/revisions\/1633"}],"wp:featuredmedia":[{"embeddable":true,"href":"https:\/\/ecosir.com\/fi\/wp-json\/wp\/v2\/media\/431"}],"wp:attachment":[{"href":"https:\/\/ecosir.com\/fi\/wp-json\/wp\/v2\/media?parent=665"}],"curies":[{"name":"wp","href":"https:\/\/api.w.org\/{rel}","templated":true}]}}