{"id":669,"date":"2020-11-06T07:54:26","date_gmt":"2020-11-06T07:54:26","guid":{"rendered":"https:\/\/ecosir.com\/jatteen-ja-pyykin-alipainesiirtojarjestelma-awls-pwcs\/"},"modified":"2025-02-14T11:30:48","modified_gmt":"2025-02-14T11:30:48","slug":"jatteen-ja-pyykin-alipainesiirtojarjestelma-awls-pwcs","status":"publish","type":"page","link":"https:\/\/ecosir.com\/fi\/jatteen-ja-pyykin-alipainesiirtojarjestelma-awls-pwcs\/","title":{"rendered":"J\u00e4tteen- ja pyykin alipainesiirtoj\u00e4rjestelm\u00e4 (AWLS\/PWCS)"},"content":{"rendered":"\n<div class=\"wp-block-columns is-style-three-one\">\n<div class=\"wp-block-column\">\n<p><\/p>\n\n\n\n<p class=\"is-style-ingress\">Parempi hygienia ja enemm\u00e4n aikaa hoitoty\u00f6h\u00f6n<\/p>\n\n\n\n<p>Sairaaloissa on yh\u00e4 suurempi vaatimus hygieniatasosta ja toiminnan tehokkuudesta. Ratkaisu on automaattinen alipainesiirtotekniikka. Automaattinen alipainesiirtoj\u00e4rjestelm\u00e4 siirt\u00e4\u00e4 j\u00e4tteet ja\/tai likaiset pyykit suljetusti  pois osastoilta sekunneissa \u2013 kaikki t\u00e4m\u00e4 hygieenisesti, hajuttomasti ja nopeasti.<\/p>\n\n\n\n<p>Henkil\u00f6st\u00f6n ei en\u00e4\u00e4 tarvitse k\u00e4sitell\u00e4 raskaita ja ep\u00e4hygieenisi\u00e4 roska- ja pyykkipusseja, j\u00e4teastioita tai rullakoita. Enemm\u00e4n aikaa laadukkaaseen hoitoty\u00f6h\u00f6n.<\/p>\n\n\n\n<ul class=\"is-style-checklist\"><li>ENEMM\u00c4N AIKAA HOITOTY\u00d6LLE<\/li><li>PAREMPI HYGIENIA<\/li><li>LOGISTISTA TEHOKKUUTTA<\/li><\/ul>\n<\/div>\n\n\n\n<div class=\"wp-block-column\">\n<p><\/p>\n\n\n\n<div class=\"block block-download-files\">\n        <h2 class=\"block-title\">Lataukset<\/h2>\n        <ul class=\"file-list\">\n                        <li class=\"file\">\n            <a href=\"https:\/\/ecosir.com\/wp-content\/uploads\/2025\/02\/Caremaster_A4.pdf\" download>\n                <span class=\"file-name\">CAREMASTER<\/span>\n                <span class=\"sub-type pdf\">pdf<\/span>\n                <span class=\"file-size\">(1.88 mb)<\/span>\n            <\/a>\n        <\/li>\n                            <\/ul>\n<\/div><\/div>\n<\/div>\n\n\n\n<p><\/p>\n","protected":false},"excerpt":{"rendered":"<p>Parempi hygienia ja enemm\u00e4n aikaa hoitoty\u00f6h\u00f6n Sairaaloissa on yh\u00e4 suurempi vaatimus hygieniatasosta ja toiminnan tehokkuudesta.&hellip;<\/p>\n","protected":false},"author":3,"featured_media":428,"parent":0,"menu_order":0,"comment_status":"closed","ping_status":"closed","template":"","meta":{"_relevanssi_hide_post":"","_relevanssi_pin_for_all":"","_relevanssi_pin_keywords":"","_relevanssi_unpin_keywords":"","_relevanssi_related_keywords":"","_relevanssi_related_include_ids":"","_relevanssi_related_exclude_ids":"","_relevanssi_related_no_append":"","_relevanssi_related_not_related":"","_relevanssi_related_posts":"","_relevanssi_noindex_reason":""},"yoast_head":"<!-- This site is optimized with the Yoast SEO plugin v15.4 - https:\/\/yoast.com\/wordpress\/plugins\/seo\/ -->\n<title>J\u00e4tteen- ja pyykin alipainesiirtoj\u00e4rjestelm\u00e4 (AWLS\/PWCS) - Ecosir<\/title>\n<meta name=\"description\" content=\"Sairaaloissa on yh\u00e4 suurempi vaatimus hygieniatasosta ja toiminnan tehokkuudesta. Ratkaisu on automaattinen alipainesiirtotekniikka. Automaattinen alipainesiirtoj\u00e4rjestelm\u00e4 siirt\u00e4\u00e4 j\u00e4tteet ja\/tai likaiset pyykit suljetusti pois osastoilta sekunneissa \u2013 kaikki t\u00e4m\u00e4 hygieenisesti, hajuttomasti ja nopeasti.\" \/>\n<meta name=\"robots\" content=\"index, follow, max-snippet:-1, max-image-preview:large, max-video-preview:-1\" \/>\n<link rel=\"canonical\" href=\"https:\/\/ecosir.com\/fi\/jatteen-ja-pyykin-alipainesiirtojarjestelma-awls-pwcs\/\" \/>\n<meta property=\"og:locale\" content=\"fi_FI\" \/>\n<meta property=\"og:type\" content=\"article\" \/>\n<meta property=\"og:title\" content=\"J\u00e4tteen- ja pyykin alipainesiirtoj\u00e4rjestelm\u00e4 (AWLS\/PWCS) - Ecosir\" \/>\n<meta property=\"og:description\" content=\"Sairaaloissa on yh\u00e4 suurempi vaatimus hygieniatasosta ja toiminnan tehokkuudesta. Ratkaisu on automaattinen alipainesiirtotekniikka. Automaattinen alipainesiirtoj\u00e4rjestelm\u00e4 siirt\u00e4\u00e4 j\u00e4tteet ja\/tai likaiset pyykit suljetusti pois osastoilta sekunneissa \u2013 kaikki t\u00e4m\u00e4 hygieenisesti, hajuttomasti ja nopeasti.\" \/>\n<meta property=\"og:url\" content=\"https:\/\/ecosir.com\/fi\/jatteen-ja-pyykin-alipainesiirtojarjestelma-awls-pwcs\/\" \/>\n<meta property=\"og:site_name\" content=\"Ecosir\" \/>\n<meta property=\"article:modified_time\" content=\"2025-02-14T11:30:48+00:00\" \/>\n<meta property=\"og:image\" content=\"https:\/\/ecosir.com\/wp-content\/uploads\/2020\/10\/CAREMASTER-5.jpg\" \/>\n\t<meta property=\"og:image:width\" content=\"1300\" \/>\n\t<meta property=\"og:image:height\" content=\"700\" \/>\n<meta name=\"twitter:card\" content=\"summary_large_image\" \/>\n<meta name=\"twitter:label1\" content=\"Written by\">\n\t<meta name=\"twitter:data1\" content=\"Joonas Wilska\">\n\t<meta name=\"twitter:label2\" content=\"Est. reading time\">\n\t<meta name=\"twitter:data2\" content=\"0 minuuttia\">\n<script type=\"application\/ld+json\" class=\"yoast-schema-graph\">{\"@context\":\"https:\/\/schema.org\",\"@graph\":[{\"@type\":\"WebSite\",\"@id\":\"https:\/\/ecosir.com\/#website\",\"url\":\"https:\/\/ecosir.com\/\",\"name\":\"Ecosir\",\"description\":\"Automated waste and laundry collection systems \",\"potentialAction\":[{\"@type\":\"SearchAction\",\"target\":\"https:\/\/ecosir.com\/?s={search_term_string}\",\"query-input\":\"required name=search_term_string\"}],\"inLanguage\":\"fi\"},{\"@type\":\"ImageObject\",\"@id\":\"https:\/\/ecosir.com\/fi\/jatteen-ja-pyykin-alipainesiirtojarjestelma-awls-pwcs\/#primaryimage\",\"inLanguage\":\"fi\",\"url\":\"https:\/\/ecosir.com\/wp-content\/uploads\/2020\/10\/CAREMASTER-5.jpg\",\"width\":1300,\"height\":700},{\"@type\":\"WebPage\",\"@id\":\"https:\/\/ecosir.com\/fi\/jatteen-ja-pyykin-alipainesiirtojarjestelma-awls-pwcs\/#webpage\",\"url\":\"https:\/\/ecosir.com\/fi\/jatteen-ja-pyykin-alipainesiirtojarjestelma-awls-pwcs\/\",\"name\":\"J\\u00e4tteen- ja pyykin alipainesiirtoj\\u00e4rjestelm\\u00e4 (AWLS\/PWCS) - Ecosir\",\"isPartOf\":{\"@id\":\"https:\/\/ecosir.com\/#website\"},\"primaryImageOfPage\":{\"@id\":\"https:\/\/ecosir.com\/fi\/jatteen-ja-pyykin-alipainesiirtojarjestelma-awls-pwcs\/#primaryimage\"},\"datePublished\":\"2020-11-06T07:54:26+00:00\",\"dateModified\":\"2025-02-14T11:30:48+00:00\",\"description\":\"Sairaaloissa on yh\\u00e4 suurempi vaatimus hygieniatasosta ja toiminnan tehokkuudesta. Ratkaisu on automaattinen alipainesiirtotekniikka. Automaattinen alipainesiirtoj\\u00e4rjestelm\\u00e4 siirt\\u00e4\\u00e4 j\\u00e4tteet ja\/tai likaiset pyykit suljetusti pois osastoilta sekunneissa \\u2013 kaikki t\\u00e4m\\u00e4 hygieenisesti, hajuttomasti ja nopeasti.\",\"breadcrumb\":{\"@id\":\"https:\/\/ecosir.com\/fi\/jatteen-ja-pyykin-alipainesiirtojarjestelma-awls-pwcs\/#breadcrumb\"},\"inLanguage\":\"fi\",\"potentialAction\":[{\"@type\":\"ReadAction\",\"target\":[\"https:\/\/ecosir.com\/fi\/jatteen-ja-pyykin-alipainesiirtojarjestelma-awls-pwcs\/\"]}]},{\"@type\":\"BreadcrumbList\",\"@id\":\"https:\/\/ecosir.com\/fi\/jatteen-ja-pyykin-alipainesiirtojarjestelma-awls-pwcs\/#breadcrumb\",\"itemListElement\":[{\"@type\":\"ListItem\",\"position\":1,\"item\":{\"@type\":\"WebPage\",\"@id\":\"https:\/\/ecosir.com\/fi\/\",\"url\":\"https:\/\/ecosir.com\/fi\/\",\"name\":\"Etusivu\"}},{\"@type\":\"ListItem\",\"position\":2,\"item\":{\"@type\":\"WebPage\",\"@id\":\"https:\/\/ecosir.com\/fi\/jatteen-ja-pyykin-alipainesiirtojarjestelma-awls-pwcs\/\",\"url\":\"https:\/\/ecosir.com\/fi\/jatteen-ja-pyykin-alipainesiirtojarjestelma-awls-pwcs\/\",\"name\":\"J\\u00e4tteen- ja pyykin alipainesiirtoj\\u00e4rjestelm\\u00e4 (AWLS\/PWCS)\"}}]}]}<\/script>\n<!-- \/ Yoast SEO plugin. -->","_links":{"self":[{"href":"https:\/\/ecosir.com\/fi\/wp-json\/wp\/v2\/pages\/669"}],"collection":[{"href":"https:\/\/ecosir.com\/fi\/wp-json\/wp\/v2\/pages"}],"about":[{"href":"https:\/\/ecosir.com\/fi\/wp-json\/wp\/v2\/types\/page"}],"author":[{"embeddable":true,"href":"https:\/\/ecosir.com\/fi\/wp-json\/wp\/v2\/users\/3"}],"replies":[{"embeddable":true,"href":"https:\/\/ecosir.com\/fi\/wp-json\/wp\/v2\/comments?post=669"}],"version-history":[{"count":12,"href":"https:\/\/ecosir.com\/fi\/wp-json\/wp\/v2\/pages\/669\/revisions"}],"predecessor-version":[{"id":2231,"href":"https:\/\/ecosir.com\/fi\/wp-json\/wp\/v2\/pages\/669\/revisions\/2231"}],"wp:featuredmedia":[{"embeddable":true,"href":"https:\/\/ecosir.com\/fi\/wp-json\/wp\/v2\/media\/428"}],"wp:attachment":[{"href":"https:\/\/ecosir.com\/fi\/wp-json\/wp\/v2\/media?parent=669"}],"curies":[{"name":"wp","href":"https:\/\/api.w.org\/{rel}","templated":true}]}}