{"id":671,"date":"2020-11-06T07:55:21","date_gmt":"2020-11-06T07:55:21","guid":{"rendered":"https:\/\/ecosir.com\/alipainesiirtojarjestelma-seka-ja-vaippajatteelle\/"},"modified":"2022-11-03T08:19:25","modified_gmt":"2022-11-03T08:19:25","slug":"alipainesiirtojarjestelma-seka-ja-vaippajatteelle","status":"publish","type":"page","link":"https:\/\/ecosir.com\/fi\/alipainesiirtojarjestelma-seka-ja-vaippajatteelle\/","title":{"rendered":"Alipainesiirtoj\u00e4rjestelm\u00e4 seka- ja vaippaj\u00e4tteelle"},"content":{"rendered":"\n<div class=\"wp-block-columns is-style-three-one\">\n<div class=\"wp-block-column\">\n<p><\/p>\n\n\n\n<p>Hoiva- ja hyvinvointikeskuksissa syntyy p\u00e4\u00e4osin sekaj\u00e4tett\u00e4 ja vaippaj\u00e4tett\u00e4. Pyykin m\u00e4\u00e4r\u00e4 on merkitt\u00e4v\u00e4sti pienempi kuin sairaaloissa. Ratkaisu on automaattinen <strong><em>CARE<\/em><\/strong><strong><em>\u2122<\/em><\/strong>-alipainesiirtoj\u00e4rjestelm\u00e4.<\/p>\n\n\n\n<p><em><strong>CARE\u2122<\/strong><\/em>-j\u00e4rjestelm\u00e4 vapauttaa henkil\u00f6kunnan raskaiden ja ep\u00e4hygieenisien j\u00e4tepussien k\u00e4sittelemisest\u00e4. Ty\u00f6ymp\u00e4rist\u00f6 on hajuton parantaen asukkaiden ja henkil\u00f6st\u00f6n hyvinvointia.<\/p>\n\n\n\n<ul class=\"is-style-checklist\"><li>ENEMM\u00c4N AIKAA HOIVATY\u00d6LLE<\/li><li>PAREMPI HYGIENIA<\/li><li>LOGISTISTA TEHOKKUUTTA<\/li><\/ul>\n<\/div>\n\n\n\n<div class=\"wp-block-column\">\n<p><\/p>\n\n\n\n<div class=\"block block-download-files\">\n        <h2 class=\"block-title\">Lataukset<\/h2>\n        <ul class=\"file-list\">\n                        <li class=\"file\">\n            <a href=\"https:\/\/ecosir.com\/wp-content\/uploads\/2022\/10\/CARE-220.pdf\" download>\n                <span class=\"file-name\">CARE 220<\/span>\n                <span class=\"sub-type pdf\">pdf<\/span>\n                <span class=\"file-size\">(3.35 mb)<\/span>\n            <\/a>\n        <\/li>\n                            <\/ul>\n<\/div><\/div>\n<\/div>\n","protected":false},"excerpt":{"rendered":"<p>Hoiva- ja hyvinvointikeskuksissa syntyy p\u00e4\u00e4osin sekaj\u00e4tett\u00e4 ja vaippaj\u00e4tett\u00e4. Pyykin m\u00e4\u00e4r\u00e4 on merkitt\u00e4v\u00e4sti pienempi kuin sairaaloissa.&hellip;<\/p>\n","protected":false},"author":3,"featured_media":425,"parent":0,"menu_order":0,"comment_status":"closed","ping_status":"closed","template":"","meta":{"_relevanssi_hide_post":"","_relevanssi_pin_for_all":"","_relevanssi_pin_keywords":"","_relevanssi_unpin_keywords":"","_relevanssi_related_keywords":"","_relevanssi_related_include_ids":"","_relevanssi_related_exclude_ids":"","_relevanssi_related_no_append":"","_relevanssi_related_not_related":"","_relevanssi_related_posts":"","_relevanssi_noindex_reason":""},"yoast_head":"<!-- This site is optimized with the Yoast SEO plugin v15.4 - https:\/\/yoast.com\/wordpress\/plugins\/seo\/ -->\n<title>Alipainesiirtoj\u00e4rjestelm\u00e4 seka- ja vaippaj\u00e4tteelle - Ecosir<\/title>\n<meta name=\"description\" content=\"Hoiva- ja hyvinvointikeskuksissa syntyy p\u00e4\u00e4osin sekaj\u00e4tett\u00e4 ja vaippaj\u00e4tett\u00e4. Pyykin m\u00e4\u00e4r\u00e4 on merkitt\u00e4v\u00e4sti pienempi kuin sairaaloissa. Ratkaisu on automaattinen CARE\u2122-alipainesiirtoj\u00e4rjestelm\u00e4.\" \/>\n<meta name=\"robots\" content=\"index, follow, max-snippet:-1, max-image-preview:large, max-video-preview:-1\" \/>\n<link rel=\"canonical\" href=\"https:\/\/ecosir.com\/fi\/alipainesiirtojarjestelma-seka-ja-vaippajatteelle\/\" \/>\n<meta property=\"og:locale\" content=\"fi_FI\" \/>\n<meta property=\"og:type\" content=\"article\" \/>\n<meta property=\"og:title\" content=\"Alipainesiirtoj\u00e4rjestelm\u00e4 seka- ja vaippaj\u00e4tteelle - Ecosir\" \/>\n<meta property=\"og:description\" content=\"Hoiva- ja hyvinvointikeskuksissa syntyy p\u00e4\u00e4osin sekaj\u00e4tett\u00e4 ja vaippaj\u00e4tett\u00e4. Pyykin m\u00e4\u00e4r\u00e4 on merkitt\u00e4v\u00e4sti pienempi kuin sairaaloissa. Ratkaisu on automaattinen CARE\u2122-alipainesiirtoj\u00e4rjestelm\u00e4.\" \/>\n<meta property=\"og:url\" content=\"https:\/\/ecosir.com\/fi\/alipainesiirtojarjestelma-seka-ja-vaippajatteelle\/\" \/>\n<meta property=\"og:site_name\" content=\"Ecosir\" \/>\n<meta property=\"article:modified_time\" content=\"2022-11-03T08:19:25+00:00\" \/>\n<meta property=\"og:image\" content=\"https:\/\/ecosir.com\/wp-content\/uploads\/2020\/10\/CARE-5.jpg\" \/>\n\t<meta property=\"og:image:width\" content=\"1300\" \/>\n\t<meta property=\"og:image:height\" content=\"700\" \/>\n<meta name=\"twitter:card\" content=\"summary_large_image\" \/>\n<meta name=\"twitter:label1\" content=\"Written by\">\n\t<meta name=\"twitter:data1\" content=\"Joonas Wilska\">\n\t<meta name=\"twitter:label2\" content=\"Est. reading time\">\n\t<meta name=\"twitter:data2\" content=\"0 minuuttia\">\n<script type=\"application\/ld+json\" class=\"yoast-schema-graph\">{\"@context\":\"https:\/\/schema.org\",\"@graph\":[{\"@type\":\"WebSite\",\"@id\":\"https:\/\/ecosir.com\/#website\",\"url\":\"https:\/\/ecosir.com\/\",\"name\":\"Ecosir\",\"description\":\"Automated waste and laundry collection systems \",\"potentialAction\":[{\"@type\":\"SearchAction\",\"target\":\"https:\/\/ecosir.com\/?s={search_term_string}\",\"query-input\":\"required name=search_term_string\"}],\"inLanguage\":\"fi\"},{\"@type\":\"ImageObject\",\"@id\":\"https:\/\/ecosir.com\/fi\/alipainesiirtojarjestelma-seka-ja-vaippajatteelle\/#primaryimage\",\"inLanguage\":\"fi\",\"url\":\"https:\/\/ecosir.com\/wp-content\/uploads\/2020\/10\/CARE-5.jpg\",\"width\":1300,\"height\":700},{\"@type\":\"WebPage\",\"@id\":\"https:\/\/ecosir.com\/fi\/alipainesiirtojarjestelma-seka-ja-vaippajatteelle\/#webpage\",\"url\":\"https:\/\/ecosir.com\/fi\/alipainesiirtojarjestelma-seka-ja-vaippajatteelle\/\",\"name\":\"Alipainesiirtoj\\u00e4rjestelm\\u00e4 seka- ja vaippaj\\u00e4tteelle - Ecosir\",\"isPartOf\":{\"@id\":\"https:\/\/ecosir.com\/#website\"},\"primaryImageOfPage\":{\"@id\":\"https:\/\/ecosir.com\/fi\/alipainesiirtojarjestelma-seka-ja-vaippajatteelle\/#primaryimage\"},\"datePublished\":\"2020-11-06T07:55:21+00:00\",\"dateModified\":\"2022-11-03T08:19:25+00:00\",\"description\":\"Hoiva- ja hyvinvointikeskuksissa syntyy p\\u00e4\\u00e4osin sekaj\\u00e4tett\\u00e4 ja vaippaj\\u00e4tett\\u00e4. Pyykin m\\u00e4\\u00e4r\\u00e4 on merkitt\\u00e4v\\u00e4sti pienempi kuin sairaaloissa. Ratkaisu on automaattinen CARE\\u2122-alipainesiirtoj\\u00e4rjestelm\\u00e4.\",\"breadcrumb\":{\"@id\":\"https:\/\/ecosir.com\/fi\/alipainesiirtojarjestelma-seka-ja-vaippajatteelle\/#breadcrumb\"},\"inLanguage\":\"fi\",\"potentialAction\":[{\"@type\":\"ReadAction\",\"target\":[\"https:\/\/ecosir.com\/fi\/alipainesiirtojarjestelma-seka-ja-vaippajatteelle\/\"]}]},{\"@type\":\"BreadcrumbList\",\"@id\":\"https:\/\/ecosir.com\/fi\/alipainesiirtojarjestelma-seka-ja-vaippajatteelle\/#breadcrumb\",\"itemListElement\":[{\"@type\":\"ListItem\",\"position\":1,\"item\":{\"@type\":\"WebPage\",\"@id\":\"https:\/\/ecosir.com\/fi\/\",\"url\":\"https:\/\/ecosir.com\/fi\/\",\"name\":\"Etusivu\"}},{\"@type\":\"ListItem\",\"position\":2,\"item\":{\"@type\":\"WebPage\",\"@id\":\"https:\/\/ecosir.com\/fi\/alipainesiirtojarjestelma-seka-ja-vaippajatteelle\/\",\"url\":\"https:\/\/ecosir.com\/fi\/alipainesiirtojarjestelma-seka-ja-vaippajatteelle\/\",\"name\":\"Alipainesiirtoj\\u00e4rjestelm\\u00e4 seka- ja vaippaj\\u00e4tteelle\"}}]}]}<\/script>\n<!-- \/ Yoast SEO plugin. -->","_links":{"self":[{"href":"https:\/\/ecosir.com\/fi\/wp-json\/wp\/v2\/pages\/671"}],"collection":[{"href":"https:\/\/ecosir.com\/fi\/wp-json\/wp\/v2\/pages"}],"about":[{"href":"https:\/\/ecosir.com\/fi\/wp-json\/wp\/v2\/types\/page"}],"author":[{"embeddable":true,"href":"https:\/\/ecosir.com\/fi\/wp-json\/wp\/v2\/users\/3"}],"replies":[{"embeddable":true,"href":"https:\/\/ecosir.com\/fi\/wp-json\/wp\/v2\/comments?post=671"}],"version-history":[{"count":6,"href":"https:\/\/ecosir.com\/fi\/wp-json\/wp\/v2\/pages\/671\/revisions"}],"predecessor-version":[{"id":1537,"href":"https:\/\/ecosir.com\/fi\/wp-json\/wp\/v2\/pages\/671\/revisions\/1537"}],"wp:featuredmedia":[{"embeddable":true,"href":"https:\/\/ecosir.com\/fi\/wp-json\/wp\/v2\/media\/425"}],"wp:attachment":[{"href":"https:\/\/ecosir.com\/fi\/wp-json\/wp\/v2\/media?parent=671"}],"curies":[{"name":"wp","href":"https:\/\/api.w.org\/{rel}","templated":true}]}}