{"id":685,"date":"2020-11-06T07:59:58","date_gmt":"2020-11-06T07:59:58","guid":{"rendered":"https:\/\/ecosir.com\/ruokajatteen-alipainesiirtojarjestelma\/"},"modified":"2025-02-14T11:08:20","modified_gmt":"2025-02-14T11:08:20","slug":"ruokajatteen-alipainesiirtojarjestelma","status":"publish","type":"page","link":"https:\/\/ecosir.com\/fi\/ruokajatteen-alipainesiirtojarjestelma\/","title":{"rendered":"Ruokaj\u00e4tteen alipainesiirtoj\u00e4rjestelm\u00e4"},"content":{"rendered":"\n<p><\/p>\n\n\n\n<div class=\"wp-block-columns is-style-three-one\">\n<div class=\"wp-block-column\">\n<p><strong><em>XMIT BIO<\/em><\/strong>\u2122 -siirtoj\u00e4rjestelm\u00e4 on kustannustehokas ratkaisu ammattikeitti\u00f6n ruokaj\u00e4tteen (BIO) siirt\u00e4miseen. Bioj\u00e4te ker\u00e4t\u00e4\u00e4n automaattisesti ja heti j\u00e4tteen syntypaikoissa. Keitti\u00f6suunnittelussa sijoitetaan bioj\u00e4tepisteet optimaalisiin paikkoihin. <strong><em>Drop&amp;Go<\/em><\/strong>\u2122- sy\u00f6tt\u00f6pisteet voidaan integroida my\u00f6s k\u00e4sittelyp\u00f6ytiin, astian palautuspisteeseen tai pesukoneisiin jne. Lis\u00e4pisteen j\u00e4lkiasennus on my\u00f6s mahdollista.<\/p>\n\n\n\n<p>\u2022 Hygieeninen ja hajuton \u2013 minimoi bakteeri- ja virustaudit<br>\u2022 Tehokas ty\u00f6skentelyalue \u2013 ei likaisia ja manuaalisia j\u00e4teastioita<br>\u2022 Parempi logistiikka \u2013 enemm\u00e4n aikaa ammattity\u00f6h\u00f6n <\/p>\n\n\n\n<p>K\u00e4ytt\u00f6kohteita ovat ravintolat ja ruokalat, ammattikeitti\u00f6t, ruokakaupat, sairaalat, ostoskeskukset ja terminaalit.<\/p>\n\n\n\n<ul class=\"is-style-checklist\"><li>PUHTAAT JA TURVALLISET ELINTARVIKKEET<\/li><li>PAREMPI HYGIENIA<\/li><li>LOGISTISTA TEHOKKUUTTA<\/li><\/ul>\n<\/div>\n\n\n\n<div class=\"wp-block-column\">\n<div class=\"block block-download-files\">\n        <h2 class=\"block-title\">Lataukset<\/h2>\n        <ul class=\"file-list\">\n                        <li class=\"file\">\n            <a href=\"https:\/\/ecosir.com\/wp-content\/uploads\/2025\/02\/Ecosir_Bio_A4.pdf\" download>\n                <span class=\"file-name\">BIO SERIE 140_170_220<\/span>\n                <span class=\"sub-type pdf\">pdf<\/span>\n                <span class=\"file-size\">(2.26 mb)<\/span>\n            <\/a>\n        <\/li>\n                            <\/ul>\n<\/div><\/div>\n<\/div>\n\n\n\n<p><\/p>\n","protected":false},"excerpt":{"rendered":"<p>XMIT BIO\u2122 -siirtoj\u00e4rjestelm\u00e4 on kustannustehokas ratkaisu ammattikeitti\u00f6n ruokaj\u00e4tteen (BIO) siirt\u00e4miseen. Bioj\u00e4te ker\u00e4t\u00e4\u00e4n automaattisesti ja heti&hellip;<\/p>\n","protected":false},"author":3,"featured_media":437,"parent":0,"menu_order":0,"comment_status":"closed","ping_status":"closed","template":"","meta":{"_relevanssi_hide_post":"","_relevanssi_pin_for_all":"","_relevanssi_pin_keywords":"","_relevanssi_unpin_keywords":"","_relevanssi_related_keywords":"","_relevanssi_related_include_ids":"","_relevanssi_related_exclude_ids":"","_relevanssi_related_no_append":"","_relevanssi_related_not_related":"","_relevanssi_related_posts":"","_relevanssi_noindex_reason":""},"yoast_head":"<!-- This site is optimized with the Yoast SEO plugin v15.4 - https:\/\/yoast.com\/wordpress\/plugins\/seo\/ -->\n<title>Ruokaj\u00e4tteen alipainesiirtoj\u00e4rjestelm\u00e4 - Ecosir<\/title>\n<meta name=\"description\" content=\"XMIT BIO\u2122 -siirtoj\u00e4rjestelm\u00e4 on kustannustehokas ratkaisu ammattikeitti\u00f6n ruokaj\u00e4tteen (BIO) siirt\u00e4miseen. Bioj\u00e4te ker\u00e4t\u00e4\u00e4n automaattisesti ja heti j\u00e4tteen syntypaikoissa. Keitti\u00f6suunnittelussa sijoitetaan bioj\u00e4tepisteet optimaalisiin paikkoihin. Drop&amp;Go\u2122- sy\u00f6tt\u00f6pisteet voidaan integroida my\u00f6s k\u00e4sittelyp\u00f6ytiin, astian palautuspisteeseen tai pesukoneisiin jne. Lis\u00e4pisteen j\u00e4lkiasennus on my\u00f6s mahdollista.\" \/>\n<meta name=\"robots\" content=\"index, follow, max-snippet:-1, max-image-preview:large, max-video-preview:-1\" \/>\n<link rel=\"canonical\" href=\"https:\/\/ecosir.com\/fi\/ruokajatteen-alipainesiirtojarjestelma\/\" \/>\n<meta property=\"og:locale\" content=\"fi_FI\" \/>\n<meta property=\"og:type\" content=\"article\" \/>\n<meta property=\"og:title\" content=\"Ruokaj\u00e4tteen alipainesiirtoj\u00e4rjestelm\u00e4 - Ecosir\" \/>\n<meta property=\"og:description\" content=\"XMIT BIO\u2122 -siirtoj\u00e4rjestelm\u00e4 on kustannustehokas ratkaisu ammattikeitti\u00f6n ruokaj\u00e4tteen (BIO) siirt\u00e4miseen. Bioj\u00e4te ker\u00e4t\u00e4\u00e4n automaattisesti ja heti j\u00e4tteen syntypaikoissa. Keitti\u00f6suunnittelussa sijoitetaan bioj\u00e4tepisteet optimaalisiin paikkoihin. Drop&amp;Go\u2122- sy\u00f6tt\u00f6pisteet voidaan integroida my\u00f6s k\u00e4sittelyp\u00f6ytiin, astian palautuspisteeseen tai pesukoneisiin jne. Lis\u00e4pisteen j\u00e4lkiasennus on my\u00f6s mahdollista.\" \/>\n<meta property=\"og:url\" content=\"https:\/\/ecosir.com\/fi\/ruokajatteen-alipainesiirtojarjestelma\/\" \/>\n<meta property=\"og:site_name\" content=\"Ecosir\" \/>\n<meta property=\"article:modified_time\" content=\"2025-02-14T11:08:20+00:00\" \/>\n<meta property=\"og:image\" content=\"https:\/\/ecosir.com\/wp-content\/uploads\/2020\/10\/XMIT-BIO-2.jpg\" \/>\n\t<meta property=\"og:image:width\" content=\"1419\" \/>\n\t<meta property=\"og:image:height\" content=\"700\" \/>\n<meta name=\"twitter:card\" content=\"summary_large_image\" \/>\n<meta name=\"twitter:label1\" content=\"Written by\">\n\t<meta name=\"twitter:data1\" content=\"Joonas Wilska\">\n\t<meta name=\"twitter:label2\" content=\"Est. reading time\">\n\t<meta name=\"twitter:data2\" content=\"0 minuuttia\">\n<script type=\"application\/ld+json\" class=\"yoast-schema-graph\">{\"@context\":\"https:\/\/schema.org\",\"@graph\":[{\"@type\":\"WebSite\",\"@id\":\"https:\/\/ecosir.com\/#website\",\"url\":\"https:\/\/ecosir.com\/\",\"name\":\"Ecosir\",\"description\":\"Automated waste and laundry collection systems \",\"potentialAction\":[{\"@type\":\"SearchAction\",\"target\":\"https:\/\/ecosir.com\/?s={search_term_string}\",\"query-input\":\"required name=search_term_string\"}],\"inLanguage\":\"fi\"},{\"@type\":\"ImageObject\",\"@id\":\"https:\/\/ecosir.com\/fi\/ruokajatteen-alipainesiirtojarjestelma\/#primaryimage\",\"inLanguage\":\"fi\",\"url\":\"https:\/\/ecosir.com\/wp-content\/uploads\/2020\/10\/XMIT-BIO-2.jpg\",\"width\":1419,\"height\":700},{\"@type\":\"WebPage\",\"@id\":\"https:\/\/ecosir.com\/fi\/ruokajatteen-alipainesiirtojarjestelma\/#webpage\",\"url\":\"https:\/\/ecosir.com\/fi\/ruokajatteen-alipainesiirtojarjestelma\/\",\"name\":\"Ruokaj\\u00e4tteen alipainesiirtoj\\u00e4rjestelm\\u00e4 - Ecosir\",\"isPartOf\":{\"@id\":\"https:\/\/ecosir.com\/#website\"},\"primaryImageOfPage\":{\"@id\":\"https:\/\/ecosir.com\/fi\/ruokajatteen-alipainesiirtojarjestelma\/#primaryimage\"},\"datePublished\":\"2020-11-06T07:59:58+00:00\",\"dateModified\":\"2025-02-14T11:08:20+00:00\",\"description\":\"XMIT BIO\\u2122 -siirtoj\\u00e4rjestelm\\u00e4 on kustannustehokas ratkaisu ammattikeitti\\u00f6n ruokaj\\u00e4tteen (BIO) siirt\\u00e4miseen. Bioj\\u00e4te ker\\u00e4t\\u00e4\\u00e4n automaattisesti ja heti j\\u00e4tteen syntypaikoissa. Keitti\\u00f6suunnittelussa sijoitetaan bioj\\u00e4tepisteet optimaalisiin paikkoihin. Drop&Go\\u2122- sy\\u00f6tt\\u00f6pisteet voidaan integroida my\\u00f6s k\\u00e4sittelyp\\u00f6ytiin, astian palautuspisteeseen tai pesukoneisiin jne. Lis\\u00e4pisteen j\\u00e4lkiasennus on my\\u00f6s mahdollista.\",\"breadcrumb\":{\"@id\":\"https:\/\/ecosir.com\/fi\/ruokajatteen-alipainesiirtojarjestelma\/#breadcrumb\"},\"inLanguage\":\"fi\",\"potentialAction\":[{\"@type\":\"ReadAction\",\"target\":[\"https:\/\/ecosir.com\/fi\/ruokajatteen-alipainesiirtojarjestelma\/\"]}]},{\"@type\":\"BreadcrumbList\",\"@id\":\"https:\/\/ecosir.com\/fi\/ruokajatteen-alipainesiirtojarjestelma\/#breadcrumb\",\"itemListElement\":[{\"@type\":\"ListItem\",\"position\":1,\"item\":{\"@type\":\"WebPage\",\"@id\":\"https:\/\/ecosir.com\/fi\/\",\"url\":\"https:\/\/ecosir.com\/fi\/\",\"name\":\"Etusivu\"}},{\"@type\":\"ListItem\",\"position\":2,\"item\":{\"@type\":\"WebPage\",\"@id\":\"https:\/\/ecosir.com\/fi\/ruokajatteen-alipainesiirtojarjestelma\/\",\"url\":\"https:\/\/ecosir.com\/fi\/ruokajatteen-alipainesiirtojarjestelma\/\",\"name\":\"Ruokaj\\u00e4tteen alipainesiirtoj\\u00e4rjestelm\\u00e4\"}}]}]}<\/script>\n<!-- \/ Yoast SEO plugin. -->","_links":{"self":[{"href":"https:\/\/ecosir.com\/fi\/wp-json\/wp\/v2\/pages\/685"}],"collection":[{"href":"https:\/\/ecosir.com\/fi\/wp-json\/wp\/v2\/pages"}],"about":[{"href":"https:\/\/ecosir.com\/fi\/wp-json\/wp\/v2\/types\/page"}],"author":[{"embeddable":true,"href":"https:\/\/ecosir.com\/fi\/wp-json\/wp\/v2\/users\/3"}],"replies":[{"embeddable":true,"href":"https:\/\/ecosir.com\/fi\/wp-json\/wp\/v2\/comments?post=685"}],"version-history":[{"count":12,"href":"https:\/\/ecosir.com\/fi\/wp-json\/wp\/v2\/pages\/685\/revisions"}],"predecessor-version":[{"id":2200,"href":"https:\/\/ecosir.com\/fi\/wp-json\/wp\/v2\/pages\/685\/revisions\/2200"}],"wp:featuredmedia":[{"embeddable":true,"href":"https:\/\/ecosir.com\/fi\/wp-json\/wp\/v2\/media\/437"}],"wp:attachment":[{"href":"https:\/\/ecosir.com\/fi\/wp-json\/wp\/v2\/media?parent=685"}],"curies":[{"name":"wp","href":"https:\/\/api.w.org\/{rel}","templated":true}]}}