{"id":689,"date":"2020-11-06T08:02:22","date_gmt":"2020-11-06T08:02:22","guid":{"rendered":"https:\/\/ecosir.com\/jatteen-ja-pyykin-pystysiirtojarjestelma-lajittelulla\/"},"modified":"2024-11-21T07:45:03","modified_gmt":"2024-11-21T07:45:03","slug":"jatteen-ja-pyykin-pystysiirtojarjestelma-lajittelulla","status":"publish","type":"page","link":"https:\/\/ecosir.com\/fi\/jatteen-ja-pyykin-pystysiirtojarjestelma-lajittelulla\/","title":{"rendered":"J\u00e4tteen ja pyykin pystysiirtoj\u00e4rjestelm\u00e4 lajittelulla"},"content":{"rendered":"\n<p><\/p>\n\n\n\n<div class=\"wp-block-columns is-style-three-one\">\n<div class=\"wp-block-column\">\n<p class=\"is-style-ingress\">PUOLIAUTOMAATTINEN PUDOTUSKUILURATKAISU \u2013 SHAFTLINE\u2122<\/p>\n\n\n\n<p>Puoliautomaattinen kuilusiirtoj\u00e4rjestelm\u00e4 on ihanteellinen ja tehokas ratkaisu j\u00e4tteiden ja pyykin pystysuoraan siirt\u00e4miseen pieniss\u00e4 sairaaloissa, hoito- ja hoivakeskuksissa sek\u00e4 tornitaloissa. Ker\u00e4\u00e4minen on helppoa ja nopeaa suoraan kerroksista alakerran suljettuun tilaan j\u00e4teastioihin, puristimeen ja pyykkirullakoihin. J\u00e4rjestelm\u00e4t on tyypillisesti varustettu automaattisella j\u00e4tteiden astia- ja pyykkijaotteluj\u00e4rjestelmill\u00e4.<\/p>\n\n\n\n<p><strong>Ratkaisu pyykin ja j\u00e4tteen siirtoon<\/strong><\/p>\n\n\n\n<ul class=\"is-style-checklist\"><li>Nopea<\/li><li>Hygieninen<\/li><li>Taloudellinen<\/li><\/ul>\n<\/div>\n\n\n\n<div class=\"wp-block-column\">\n<div class=\"block block-download-files\">\n        <h2 class=\"block-title\">Lataukset<\/h2>\n        <ul class=\"file-list\">\n                        <li class=\"file\">\n            <a href=\"https:\/\/ecosir.com\/wp-content\/uploads\/2024\/11\/SHAFTLINE-System-leaflet.pdf\" download>\n                <span class=\"file-name\">SHAFTLINE\u2122 -leaflet<\/span>\n                <span class=\"sub-type pdf\">pdf<\/span>\n                <span class=\"file-size\">(995.32 kb)<\/span>\n            <\/a>\n        <\/li>\n                            <\/ul>\n<\/div><\/div>\n<\/div>\n","protected":false},"excerpt":{"rendered":"<p>PUOLIAUTOMAATTINEN PUDOTUSKUILURATKAISU \u2013 SHAFTLINE\u2122 Puoliautomaattinen kuilusiirtoj\u00e4rjestelm\u00e4 on ihanteellinen ja tehokas ratkaisu j\u00e4tteiden ja pyykin pystysuoraan&hellip;<\/p>\n","protected":false},"author":3,"featured_media":434,"parent":0,"menu_order":0,"comment_status":"closed","ping_status":"closed","template":"","meta":{"_relevanssi_hide_post":"","_relevanssi_pin_for_all":"","_relevanssi_pin_keywords":"","_relevanssi_unpin_keywords":"","_relevanssi_related_keywords":"","_relevanssi_related_include_ids":"","_relevanssi_related_exclude_ids":"","_relevanssi_related_no_append":"","_relevanssi_related_not_related":"","_relevanssi_related_posts":"","_relevanssi_noindex_reason":""},"yoast_head":"<!-- This site is optimized with the Yoast SEO plugin v15.4 - https:\/\/yoast.com\/wordpress\/plugins\/seo\/ -->\n<title>J\u00e4tteen ja pyykin pystysiirtoj\u00e4rjestelm\u00e4 lajittelulla - Ecosir<\/title>\n<meta name=\"description\" content=\"Puoliautomaattinen kuilusiirtoj\u00e4rjestelm\u00e4 on ihanteellinen ja tehokas ratkaisu j\u00e4tteiden ja pyykin pystysuoraan siirt\u00e4miseen pieniss\u00e4 sairaaloissa, hoito- ja hoivakeskuksissa sek\u00e4 tornitaloissa. Ker\u00e4\u00e4minen on helppoa ja nopeaa suoraan kerroksista alakerran suljettuun tilaan j\u00e4teastioihin, puristimeen ja pyykkirullakoihin. J\u00e4rjestelm\u00e4t on tyypillisesti varustettu automaattisella j\u00e4tteiden astia- ja pyykkijaotteluj\u00e4rjestelmill\u00e4.\" \/>\n<meta name=\"robots\" content=\"index, follow, max-snippet:-1, max-image-preview:large, max-video-preview:-1\" \/>\n<link rel=\"canonical\" href=\"https:\/\/ecosir.com\/fi\/jatteen-ja-pyykin-pystysiirtojarjestelma-lajittelulla\/\" \/>\n<meta property=\"og:locale\" content=\"fi_FI\" \/>\n<meta property=\"og:type\" content=\"article\" \/>\n<meta property=\"og:title\" content=\"J\u00e4tteen ja pyykin pystysiirtoj\u00e4rjestelm\u00e4 lajittelulla - Ecosir\" \/>\n<meta property=\"og:description\" content=\"Puoliautomaattinen kuilusiirtoj\u00e4rjestelm\u00e4 on ihanteellinen ja tehokas ratkaisu j\u00e4tteiden ja pyykin pystysuoraan siirt\u00e4miseen pieniss\u00e4 sairaaloissa, hoito- ja hoivakeskuksissa sek\u00e4 tornitaloissa. Ker\u00e4\u00e4minen on helppoa ja nopeaa suoraan kerroksista alakerran suljettuun tilaan j\u00e4teastioihin, puristimeen ja pyykkirullakoihin. J\u00e4rjestelm\u00e4t on tyypillisesti varustettu automaattisella j\u00e4tteiden astia- ja pyykkijaotteluj\u00e4rjestelmill\u00e4.\" \/>\n<meta property=\"og:url\" content=\"https:\/\/ecosir.com\/fi\/jatteen-ja-pyykin-pystysiirtojarjestelma-lajittelulla\/\" \/>\n<meta property=\"og:site_name\" content=\"Ecosir\" \/>\n<meta property=\"article:modified_time\" content=\"2024-11-21T07:45:03+00:00\" \/>\n<meta property=\"og:image\" content=\"https:\/\/ecosir.com\/wp-content\/uploads\/2020\/10\/SHAFTLINE5.jpg\" \/>\n\t<meta property=\"og:image:width\" content=\"1300\" \/>\n\t<meta property=\"og:image:height\" content=\"700\" \/>\n<meta name=\"twitter:card\" content=\"summary_large_image\" \/>\n<meta name=\"twitter:label1\" content=\"Written by\">\n\t<meta name=\"twitter:data1\" content=\"Joonas Wilska\">\n\t<meta name=\"twitter:label2\" content=\"Est. reading time\">\n\t<meta name=\"twitter:data2\" content=\"0 minuuttia\">\n<script type=\"application\/ld+json\" class=\"yoast-schema-graph\">{\"@context\":\"https:\/\/schema.org\",\"@graph\":[{\"@type\":\"WebSite\",\"@id\":\"https:\/\/ecosir.com\/#website\",\"url\":\"https:\/\/ecosir.com\/\",\"name\":\"Ecosir\",\"description\":\"Automated waste and laundry collection systems \",\"potentialAction\":[{\"@type\":\"SearchAction\",\"target\":\"https:\/\/ecosir.com\/?s={search_term_string}\",\"query-input\":\"required name=search_term_string\"}],\"inLanguage\":\"fi\"},{\"@type\":\"ImageObject\",\"@id\":\"https:\/\/ecosir.com\/fi\/jatteen-ja-pyykin-pystysiirtojarjestelma-lajittelulla\/#primaryimage\",\"inLanguage\":\"fi\",\"url\":\"https:\/\/ecosir.com\/wp-content\/uploads\/2020\/10\/SHAFTLINE5.jpg\",\"width\":1300,\"height\":700},{\"@type\":\"WebPage\",\"@id\":\"https:\/\/ecosir.com\/fi\/jatteen-ja-pyykin-pystysiirtojarjestelma-lajittelulla\/#webpage\",\"url\":\"https:\/\/ecosir.com\/fi\/jatteen-ja-pyykin-pystysiirtojarjestelma-lajittelulla\/\",\"name\":\"J\\u00e4tteen ja pyykin pystysiirtoj\\u00e4rjestelm\\u00e4 lajittelulla - Ecosir\",\"isPartOf\":{\"@id\":\"https:\/\/ecosir.com\/#website\"},\"primaryImageOfPage\":{\"@id\":\"https:\/\/ecosir.com\/fi\/jatteen-ja-pyykin-pystysiirtojarjestelma-lajittelulla\/#primaryimage\"},\"datePublished\":\"2020-11-06T08:02:22+00:00\",\"dateModified\":\"2024-11-21T07:45:03+00:00\",\"description\":\"Puoliautomaattinen kuilusiirtoj\\u00e4rjestelm\\u00e4 on ihanteellinen ja tehokas ratkaisu j\\u00e4tteiden ja pyykin pystysuoraan siirt\\u00e4miseen pieniss\\u00e4 sairaaloissa, hoito- ja hoivakeskuksissa sek\\u00e4 tornitaloissa. Ker\\u00e4\\u00e4minen on helppoa ja nopeaa suoraan kerroksista alakerran suljettuun tilaan j\\u00e4teastioihin, puristimeen ja pyykkirullakoihin. J\\u00e4rjestelm\\u00e4t on tyypillisesti varustettu automaattisella j\\u00e4tteiden astia- ja pyykkijaotteluj\\u00e4rjestelmill\\u00e4.\",\"breadcrumb\":{\"@id\":\"https:\/\/ecosir.com\/fi\/jatteen-ja-pyykin-pystysiirtojarjestelma-lajittelulla\/#breadcrumb\"},\"inLanguage\":\"fi\",\"potentialAction\":[{\"@type\":\"ReadAction\",\"target\":[\"https:\/\/ecosir.com\/fi\/jatteen-ja-pyykin-pystysiirtojarjestelma-lajittelulla\/\"]}]},{\"@type\":\"BreadcrumbList\",\"@id\":\"https:\/\/ecosir.com\/fi\/jatteen-ja-pyykin-pystysiirtojarjestelma-lajittelulla\/#breadcrumb\",\"itemListElement\":[{\"@type\":\"ListItem\",\"position\":1,\"item\":{\"@type\":\"WebPage\",\"@id\":\"https:\/\/ecosir.com\/fi\/\",\"url\":\"https:\/\/ecosir.com\/fi\/\",\"name\":\"Etusivu\"}},{\"@type\":\"ListItem\",\"position\":2,\"item\":{\"@type\":\"WebPage\",\"@id\":\"https:\/\/ecosir.com\/fi\/jatteen-ja-pyykin-pystysiirtojarjestelma-lajittelulla\/\",\"url\":\"https:\/\/ecosir.com\/fi\/jatteen-ja-pyykin-pystysiirtojarjestelma-lajittelulla\/\",\"name\":\"J\\u00e4tteen ja pyykin pystysiirtoj\\u00e4rjestelm\\u00e4 lajittelulla\"}}]}]}<\/script>\n<!-- \/ Yoast SEO plugin. -->","_links":{"self":[{"href":"https:\/\/ecosir.com\/fi\/wp-json\/wp\/v2\/pages\/689"}],"collection":[{"href":"https:\/\/ecosir.com\/fi\/wp-json\/wp\/v2\/pages"}],"about":[{"href":"https:\/\/ecosir.com\/fi\/wp-json\/wp\/v2\/types\/page"}],"author":[{"embeddable":true,"href":"https:\/\/ecosir.com\/fi\/wp-json\/wp\/v2\/users\/3"}],"replies":[{"embeddable":true,"href":"https:\/\/ecosir.com\/fi\/wp-json\/wp\/v2\/comments?post=689"}],"version-history":[{"count":8,"href":"https:\/\/ecosir.com\/fi\/wp-json\/wp\/v2\/pages\/689\/revisions"}],"predecessor-version":[{"id":2155,"href":"https:\/\/ecosir.com\/fi\/wp-json\/wp\/v2\/pages\/689\/revisions\/2155"}],"wp:featuredmedia":[{"embeddable":true,"href":"https:\/\/ecosir.com\/fi\/wp-json\/wp\/v2\/media\/434"}],"wp:attachment":[{"href":"https:\/\/ecosir.com\/fi\/wp-json\/wp\/v2\/media?parent=689"}],"curies":[{"name":"wp","href":"https:\/\/api.w.org\/{rel}","templated":true}]}}