{"id":691,"date":"2020-11-06T08:04:08","date_gmt":"2020-11-06T08:04:08","guid":{"rendered":"https:\/\/ecosir.com\/yritys\/"},"modified":"2024-05-28T12:41:48","modified_gmt":"2024-05-28T12:41:48","slug":"yritys","status":"publish","type":"page","link":"https:\/\/ecosir.com\/fi\/yritys\/","title":{"rendered":"Yritys"},"content":{"rendered":"\n<p class=\"is-style-ingress\">Ecosir Group Oy<\/p>\n\n\n\n<p>Alipainesiirtoratkaisujen tuoteportfolio sis\u00e4lt\u00e4\u00e4 useita automatisoituja j\u00e4rjestelmi\u00e4 j\u00e4tteille ja pyykille.<\/p>\n\n\n\n<p>\u2022 Yhti\u00f6ll\u00e4 yli 30 vuoden historia. Toimituksia yli sataan ison kokoluokan kohteeseen ja kokemus l\u00e4hes 1000 pienemp\u00e4\u00e4 alipainesiirtoj\u00e4rjestelm\u00e4\u00e4 vuodesta 1987 l\u00e4htien.<br>\u2022 Sovellukset: Terveydenhoito, asuinrakennukset, kauppakeskukset, yliopisto- ja kaupunkikehitysrakennukset, hoitokodit, hotellit, ruokapalvelukeskukset ja keitti\u00f6t.<br>\u2022 Yhti\u00f6n p\u00e4\u00e4konttori ja kotipaikka Espoossa ja hallinto\/projektitoiminnat Tampereella. Ecosir Group ty\u00f6llist\u00e4\u00e4 noin 200 henkil\u00f6\u00e4 partneriverkostojensa kautta.<br>\u2022 Vuosittain k\u00e4sitell\u00e4\u00e4n noin 15-18 projektitoimitusta kotimaahan ja ulkomaille.<br>\u2022 Kansainv\u00e4liset projektit palvellaan 15 paikallisen partnerin kautta.<\/p>\n","protected":false},"excerpt":{"rendered":"<p>Ecosir Group Oy Alipainesiirtoratkaisujen tuoteportfolio sis\u00e4lt\u00e4\u00e4 useita automatisoituja j\u00e4rjestelmi\u00e4 j\u00e4tteille ja pyykille. \u2022 Yhti\u00f6ll\u00e4 yli&hellip;<\/p>\n","protected":false},"author":2,"featured_media":0,"parent":0,"menu_order":0,"comment_status":"closed","ping_status":"closed","template":"","meta":{"_relevanssi_hide_post":"","_relevanssi_pin_for_all":"","_relevanssi_pin_keywords":"","_relevanssi_unpin_keywords":"","_relevanssi_related_keywords":"","_relevanssi_related_include_ids":"","_relevanssi_related_exclude_ids":"","_relevanssi_related_no_append":"","_relevanssi_related_not_related":"","_relevanssi_related_posts":"","_relevanssi_noindex_reason":""},"yoast_head":"<!-- This site is optimized with the Yoast SEO plugin v15.4 - https:\/\/yoast.com\/wordpress\/plugins\/seo\/ -->\n<title>Yritys - Ecosir<\/title>\n<meta name=\"description\" content=\"Yhti\u00f6ll\u00e4 yli 30 vuoden historia. Toimituksia yli sataan ison kokoluokan kohteeseen ja kokemus l\u00e4hes 1000 pienemp\u00e4\u00e4 alipainesiirtoj\u00e4rjestelm\u00e4\u00e4 vuodesta 1987 l\u00e4htien.\" \/>\n<meta name=\"robots\" content=\"index, follow, max-snippet:-1, max-image-preview:large, max-video-preview:-1\" \/>\n<link rel=\"canonical\" href=\"https:\/\/ecosir.com\/fi\/yritys\/\" \/>\n<meta property=\"og:locale\" content=\"fi_FI\" \/>\n<meta property=\"og:type\" content=\"article\" \/>\n<meta property=\"og:title\" content=\"Yritys - Ecosir\" \/>\n<meta property=\"og:description\" content=\"Yhti\u00f6ll\u00e4 yli 30 vuoden historia. Toimituksia yli sataan ison kokoluokan kohteeseen ja kokemus l\u00e4hes 1000 pienemp\u00e4\u00e4 alipainesiirtoj\u00e4rjestelm\u00e4\u00e4 vuodesta 1987 l\u00e4htien.\" \/>\n<meta property=\"og:url\" content=\"https:\/\/ecosir.com\/fi\/yritys\/\" \/>\n<meta property=\"og:site_name\" content=\"Ecosir\" \/>\n<meta property=\"article:modified_time\" content=\"2024-05-28T12:41:48+00:00\" \/>\n<meta property=\"og:image\" content=\"https:\/\/ecosir.com\/wp-content\/uploads\/2020\/11\/nosto-city-environment.jpg\" \/>\n\t<meta property=\"og:image:width\" content=\"730\" \/>\n\t<meta property=\"og:image:height\" content=\"420\" \/>\n<meta name=\"twitter:card\" content=\"summary_large_image\" \/>\n<meta name=\"twitter:label1\" content=\"Written by\">\n\t<meta name=\"twitter:data1\" content=\"Jani Kukkonen\">\n\t<meta name=\"twitter:label2\" content=\"Est. reading time\">\n\t<meta name=\"twitter:data2\" content=\"0 minuuttia\">\n<script type=\"application\/ld+json\" class=\"yoast-schema-graph\">{\"@context\":\"https:\/\/schema.org\",\"@graph\":[{\"@type\":\"WebSite\",\"@id\":\"https:\/\/ecosir.com\/#website\",\"url\":\"https:\/\/ecosir.com\/\",\"name\":\"Ecosir\",\"description\":\"Automated waste and laundry collection systems \",\"potentialAction\":[{\"@type\":\"SearchAction\",\"target\":\"https:\/\/ecosir.com\/?s={search_term_string}\",\"query-input\":\"required name=search_term_string\"}],\"inLanguage\":\"fi\"},{\"@type\":\"WebPage\",\"@id\":\"https:\/\/ecosir.com\/fi\/yritys\/#webpage\",\"url\":\"https:\/\/ecosir.com\/fi\/yritys\/\",\"name\":\"Yritys - Ecosir\",\"isPartOf\":{\"@id\":\"https:\/\/ecosir.com\/#website\"},\"datePublished\":\"2020-11-06T08:04:08+00:00\",\"dateModified\":\"2024-05-28T12:41:48+00:00\",\"description\":\"Yhti\\u00f6ll\\u00e4 yli 30 vuoden historia. Toimituksia yli sataan ison kokoluokan kohteeseen ja kokemus l\\u00e4hes 1000 pienemp\\u00e4\\u00e4 alipainesiirtoj\\u00e4rjestelm\\u00e4\\u00e4 vuodesta 1987 l\\u00e4htien.\",\"breadcrumb\":{\"@id\":\"https:\/\/ecosir.com\/fi\/yritys\/#breadcrumb\"},\"inLanguage\":\"fi\",\"potentialAction\":[{\"@type\":\"ReadAction\",\"target\":[\"https:\/\/ecosir.com\/fi\/yritys\/\"]}]},{\"@type\":\"BreadcrumbList\",\"@id\":\"https:\/\/ecosir.com\/fi\/yritys\/#breadcrumb\",\"itemListElement\":[{\"@type\":\"ListItem\",\"position\":1,\"item\":{\"@type\":\"WebPage\",\"@id\":\"https:\/\/ecosir.com\/fi\/\",\"url\":\"https:\/\/ecosir.com\/fi\/\",\"name\":\"Etusivu\"}},{\"@type\":\"ListItem\",\"position\":2,\"item\":{\"@type\":\"WebPage\",\"@id\":\"https:\/\/ecosir.com\/fi\/yritys\/\",\"url\":\"https:\/\/ecosir.com\/fi\/yritys\/\",\"name\":\"Yritys\"}}]}]}<\/script>\n<!-- \/ Yoast SEO plugin. -->","_links":{"self":[{"href":"https:\/\/ecosir.com\/fi\/wp-json\/wp\/v2\/pages\/691"}],"collection":[{"href":"https:\/\/ecosir.com\/fi\/wp-json\/wp\/v2\/pages"}],"about":[{"href":"https:\/\/ecosir.com\/fi\/wp-json\/wp\/v2\/types\/page"}],"author":[{"embeddable":true,"href":"https:\/\/ecosir.com\/fi\/wp-json\/wp\/v2\/users\/2"}],"replies":[{"embeddable":true,"href":"https:\/\/ecosir.com\/fi\/wp-json\/wp\/v2\/comments?post=691"}],"version-history":[{"count":3,"href":"https:\/\/ecosir.com\/fi\/wp-json\/wp\/v2\/pages\/691\/revisions"}],"predecessor-version":[{"id":2064,"href":"https:\/\/ecosir.com\/fi\/wp-json\/wp\/v2\/pages\/691\/revisions\/2064"}],"wp:attachment":[{"href":"https:\/\/ecosir.com\/fi\/wp-json\/wp\/v2\/media?parent=691"}],"curies":[{"name":"wp","href":"https:\/\/api.w.org\/{rel}","templated":true}]}}