{"id":695,"date":"2020-11-06T08:04:59","date_gmt":"2020-11-06T08:04:59","guid":{"rendered":"https:\/\/ecosir.com\/ecosir-group\/"},"modified":"2026-04-14T10:46:06","modified_gmt":"2026-04-14T10:46:06","slug":"ecosir-group","status":"publish","type":"page","link":"https:\/\/ecosir.com\/fi\/ecosir-group\/","title":{"rendered":"Ecosir Group"},"content":{"rendered":"\n<p><\/p>\n\n\n\n<div class=\"block block-contact-information\">\n            <div class=\"contact\">\n        <div class=\"header\" >\n                        <h2>Myynti ja markkinointi<\/h2>\n                    <\/div>\n        \n                <div class=\"content\"><p><strong><span class=\"henkilokunta-nimi\">Sami Ojamo<br \/>\n<\/span><\/strong><span class=\"henkilokunta-lisatiedot-1\">Head of Sales<br \/>\nInternational<\/span><\/p>\n<p><span class=\"henkilokunta-lisatiedot-2\"><a href=\"tel:+358 20 729 0307\">+358 20 729 0307<\/a><br \/>\n<a href=\"mailto:sami.ojamo@ecosir.com\">sami.ojamo@ecosir.com<\/a><\/p>\n<\/div>\n            <\/div>\n        <div class=\"contact\">\n        <div class=\"header invisible\" aria-hidden=\"true\">\n                        <h2>Myynti ja markkinointi<\/h2>\n                    <\/div>\n        \n                <div class=\"content\"><p><strong><span class=\"henkilokunta-nimi\">Jarno P\u00e4\u00e4j\u00e4rvi<br \/>\n<\/span><\/strong><span class=\"henkilokunta-lisatiedot-1\">Sales<br \/>\nFrance, Spain, Portugal, Italy, UK, Benelux, Singapore, Australia &amp; South Korea<br \/>\n<\/span><\/p>\n<p><a href=\"tel:+358 20 729 0306\"><span class=\"henkilokunta-lisatiedot-2\">+358 20 729 0306<\/span><\/a><br \/>\n<a href=\"mailto:jarno.paajarvi@ecosir.com\">jarno.paajarvi@ecosir.com<\/a><\/p>\n<\/div>\n            <\/div>\n        <div class=\"contact\">\n        <div class=\"header invisible\" aria-hidden=\"true\">\n                        <h2>Myynti ja markkinointi<\/h2>\n                    <\/div>\n        \n                <div class=\"content\"><p><strong><span class=\"henkilokunta-nimi\">Juhani Ojala<br \/>\n<\/span><\/strong><span class=\"henkilokunta-lisatiedot-1\">Sales<br \/>\nMiddle East &amp; India<\/span><\/p>\n<p><span class=\"henkilokunta-lisatiedot-2\"><a href=\"tel:+358 20 729 0309\">+358 20 729 0309<\/a><br \/>\n<a href=\"mailto:juhani.ohjala@ecosir.com\">juhani.ojala@ecosir.com<\/a><\/span><\/p>\n<\/div>\n            <\/div>\n        <div class=\"contact\">\n        <div class=\"header\" >\n                    <\/div>\n        \n                <div class=\"content\"><p><strong><span class=\"henkilokunta-nimi\">Henrik Ramstedt<br \/>\n<\/span><\/strong><span class=\"henkilokunta-lisatiedot-1\">Sales<br \/>\nScandinavia<\/span><\/p>\n<p><a href=\"tel:+358 20 729 0304\"><span class=\"henkilokunta-lisatiedot-2\">+358 20 729 0304<\/span><\/a><br \/>\n<a href=\"mailto:jarno.paajarvi@ecosir.com\">henrik.ramstedt@ecosir.com<\/a><\/p>\n<\/div>\n            <\/div>\n        <div class=\"contact\">\n        <div class=\"header\" >\n                    <\/div>\n        \n                <div class=\"content\"><p><strong><span class=\"henkilokunta-nimi\">Kyselyt:<\/span><\/strong><\/p>\n<p><span class=\"henkilokunta-lisatiedot-1\"><a href=\"mailto:firstname.lastname@ecosir.com\">etunimi.sukunimi@ecosir.com<\/a><br \/>\n<\/span><a href=\"mailto:sales@ecosir.com\">sales@ecosir.com<\/a><\/p>\n<\/div>\n            <\/div>\n        <div class=\"contact\">\n        <div class=\"header invisible\" aria-hidden=\"true\">\n                        <h2>Myynti ja markkinointi<\/h2>\n                    <\/div>\n        \n            <\/div>\n        <div class=\"contact\">\n        <div class=\"header\" >\n                        <h2>Projektit ja teknologia<\/h2>\n                    <\/div>\n        \n                <div class=\"content\"><p><strong><span class=\"henkilokunta-nimi\">Marko Sev\u00f3n<br \/>\n<\/span><\/strong><span class=\"henkilokunta-lisatiedot-1\">Technology and operations<\/span><\/p>\n<p><span class=\"henkilokunta-lisatiedot-2\"><a href=\"tel:+358 20 729 0303\">+358 20 729 0303<\/a><\/p>\n<\/div>\n            <\/div>\n        <div class=\"contact\">\n        <div class=\"header invisible\" aria-hidden=\"true\">\n                        <h2>Projektit ja teknologia<\/h2>\n                    <\/div>\n        \n                <div class=\"content\"><p><strong><span class=\"henkilokunta-nimi\">Janne Lukka<br \/>\n<\/span><\/strong><span class=\"henkilokunta-lisatiedot-1\">Projects<\/span><\/p>\n<p><span class=\"henkilokunta-lisatiedot-2\"><a href=\"tel:+358 20 729 0302\">+358 20 729 0302<\/a><\/p>\n<\/div>\n            <\/div>\n        <div class=\"contact hide-on-mobile\">\n        <div class=\"header\" >\n                    <\/div>\n        \n            <\/div>\n        <div class=\"contact\">\n        <div class=\"header\" >\n                    <\/div>\n        \n                <div class=\"content\"><p><strong><span class=\"henkilokunta-nimi\">Sampo Tuominen<br \/>\n<\/span><\/strong><span class=\"henkilokunta-lisatiedot-1\">Projects<\/span><\/p>\n<p><a href=\"tel:+358 20 729 0316\"><span class=\"henkilokunta-lisatiedot-2\">+358 20 729 0316<\/span><\/a><\/p>\n<\/div>\n            <\/div>\n        <div class=\"contact\">\n        <div class=\"header\" >\n                    <\/div>\n        \n                <div class=\"content\"><p><strong><span class=\"henkilokunta-nimi\">Sampo Heininen<br \/>\n<\/span><\/strong><span class=\"henkilokunta-lisatiedot-1\">Projects<\/span><\/p>\n<p><a href=\"tel:+358 20 729 0305\">+358 20 729 0305<\/a><\/span><\/p>\n<\/div>\n            <\/div>\n        <div class=\"contact hide-on-mobile\">\n        <div class=\"header\" >\n                    <\/div>\n        \n            <\/div>\n        <div class=\"contact\">\n        <div class=\"header invisible\" aria-hidden=\"true\">\n                        <h2>Projektit ja teknologia<\/h2>\n                    <\/div>\n        \n            <\/div>\n        <div class=\"contact\">\n        <div class=\"header\" >\n                        <h2>Huoltopalvelut<\/h2>\n                    <\/div>\n        \n                <div class=\"content\"><p><strong><span class=\"henkilokunta-lisatiedot-1\">Huoltopyynn\u00f6t:<\/span><\/strong><\/p>\n<p><a href=\"mailto:info@ecosir.com\"><span class=\"henkilokunta-lisatiedot-1\">info@ecosir.com<\/span><\/a><\/p>\n<p><\/span><span class=\"henkilokunta-lisatiedot-2\"><a href=\"tel:+358 20 729 0308\">+358 20 729 0308<\/a><br \/>\n<\/span><\/p>\n<\/div>\n            <\/div>\n        <div class=\"contact\">\n        <div class=\"header invisible\" aria-hidden=\"true\">\n                        <h2>Palvelut<\/h2>\n                    <\/div>\n        \n            <\/div>\n        <div class=\"contact\">\n        <div class=\"header invisible\" aria-hidden=\"true\">\n                        <h2>Huoltopalvelut<\/h2>\n                    <\/div>\n        \n            <\/div>\n        <div class=\"contact\">\n        <div class=\"header\" >\n                        <h2>Johto, hallinto ja rahoitus<\/h2>\n                    <\/div>\n        \n                <div class=\"content\"><p><strong><span class=\"henkilokunta-nimi\">Sami Ojamo<br \/>\n<\/span><\/strong><span class=\"henkilokunta-lisatiedot-1\">CEO<\/span><\/p>\n<p><span class=\"henkilokunta-lisatiedot-2\"><a href=\"tel:+358 20 729 0307\">+358 20 729 0307<\/a><\/p>\n<\/div>\n            <\/div>\n        <div class=\"contact\">\n        <div class=\"header invisible\" aria-hidden=\"true\">\n                        <h2>Johto, hallinto ja rahoitus<\/h2>\n                    <\/div>\n        \n                <div class=\"content\"><p><strong><span class=\"henkilokunta-nimi\">Minna Kuivalainen<br \/>\n<\/span><\/strong><span class=\"henkilokunta-lisatiedot-1\">Administration and accounting<\/span><\/p>\n<p><span class=\"henkilokunta-lisatiedot-2\"><a href=\"tel:+358 20 729 0310\">+358 20 729 0310<\/a><\/p>\n<\/div>\n            <\/div>\n        <div class=\"contact hide-on-mobile\">\n        <div class=\"header\" >\n                    <\/div>\n        \n            <\/div>\n        <div class=\"contact\">\n        <div class=\"header\" >\n                        <h2>P\u00e4\u00e4konttori \/ toiminta<\/h2>\n                    <\/div>\n        \n                <div class=\"content\"><p><strong>ECOSIR GROUP<\/strong><br \/>\nRuukinmestarintie 12<br \/>\n02330 Espoo<br \/>\nSuomi<\/p>\n<p><a href=\"tel:+358 20 729 0300\">+358 20 729 0300<\/a><br \/>\n<a href=\"mailto:info@ecosir.com\">info@ecosir.com<\/a><\/p>\n<p>VAT-numero FI26832817<\/p>\n<p>etunimi.sukunimi@ecosir.com<\/p>\n<\/div>\n            <\/div>\n        <div class=\"contact\">\n        <div class=\"header\" >\n                        <h2>Laskutusosoite<\/h2>\n                    <\/div>\n        \n                <div class=\"content\"><p><strong>ECOSIR GROUP<\/strong><br \/>\nRuukinmestarintie 12<br \/>\n02330 Espoo<br \/>\nSuomi<\/p>\n<p>Verkkolaskutusosoite: 003726832817<\/p>\n<p>Operaattori: 003721291126 (Maventa)<\/p>\n<p>&nbsp;<\/p>\n<p>&nbsp;<\/p>\n<\/div>\n            <\/div>\n        <\/div>\n\n\n<p><\/p>\n","protected":false},"excerpt":{"rendered":"","protected":false},"author":1,"featured_media":0,"parent":0,"menu_order":0,"comment_status":"closed","ping_status":"closed","template":"","meta":{"_relevanssi_hide_post":"","_relevanssi_pin_for_all":"","_relevanssi_pin_keywords":"","_relevanssi_unpin_keywords":"","_relevanssi_related_keywords":"","_relevanssi_related_include_ids":"","_relevanssi_related_exclude_ids":"","_relevanssi_related_no_append":"","_relevanssi_related_not_related":"","_relevanssi_related_posts":"","_relevanssi_noindex_reason":""},"yoast_head":"<!-- This site is optimized with the Yoast SEO plugin v15.4 - https:\/\/yoast.com\/wordpress\/plugins\/seo\/ -->\n<title>Ecosir Group - Ecosir<\/title>\n<meta name=\"robots\" content=\"index, follow, max-snippet:-1, max-image-preview:large, max-video-preview:-1\" \/>\n<link rel=\"canonical\" href=\"https:\/\/ecosir.com\/fi\/ecosir-group\/\" \/>\n<meta property=\"og:locale\" content=\"fi_FI\" \/>\n<meta property=\"og:type\" content=\"article\" \/>\n<meta property=\"og:title\" content=\"Ecosir Group - Ecosir\" \/>\n<meta property=\"og:url\" content=\"https:\/\/ecosir.com\/fi\/ecosir-group\/\" \/>\n<meta property=\"og:site_name\" content=\"Ecosir\" \/>\n<meta property=\"article:modified_time\" content=\"2026-04-14T10:46:06+00:00\" \/>\n<meta property=\"og:image\" content=\"https:\/\/ecosir.com\/wp-content\/uploads\/2020\/11\/nosto-city-environment.jpg\" \/>\n\t<meta property=\"og:image:width\" content=\"730\" \/>\n\t<meta property=\"og:image:height\" content=\"420\" \/>\n<meta name=\"twitter:card\" content=\"summary_large_image\" \/>\n<meta name=\"twitter:label1\" content=\"Written by\">\n\t<meta name=\"twitter:data1\" content=\"into-digital\">\n\t<meta name=\"twitter:label2\" content=\"Est. reading time\">\n\t<meta name=\"twitter:data2\" content=\"0 minuuttia\">\n<script type=\"application\/ld+json\" class=\"yoast-schema-graph\">{\"@context\":\"https:\/\/schema.org\",\"@graph\":[{\"@type\":\"WebSite\",\"@id\":\"https:\/\/ecosir.com\/#website\",\"url\":\"https:\/\/ecosir.com\/\",\"name\":\"Ecosir\",\"description\":\"Automated waste and laundry collection systems \",\"potentialAction\":[{\"@type\":\"SearchAction\",\"target\":\"https:\/\/ecosir.com\/?s={search_term_string}\",\"query-input\":\"required name=search_term_string\"}],\"inLanguage\":\"fi\"},{\"@type\":\"WebPage\",\"@id\":\"https:\/\/ecosir.com\/fi\/ecosir-group\/#webpage\",\"url\":\"https:\/\/ecosir.com\/fi\/ecosir-group\/\",\"name\":\"Ecosir Group - Ecosir\",\"isPartOf\":{\"@id\":\"https:\/\/ecosir.com\/#website\"},\"datePublished\":\"2020-11-06T08:04:59+00:00\",\"dateModified\":\"2026-04-14T10:46:06+00:00\",\"breadcrumb\":{\"@id\":\"https:\/\/ecosir.com\/fi\/ecosir-group\/#breadcrumb\"},\"inLanguage\":\"fi\",\"potentialAction\":[{\"@type\":\"ReadAction\",\"target\":[\"https:\/\/ecosir.com\/fi\/ecosir-group\/\"]}]},{\"@type\":\"BreadcrumbList\",\"@id\":\"https:\/\/ecosir.com\/fi\/ecosir-group\/#breadcrumb\",\"itemListElement\":[{\"@type\":\"ListItem\",\"position\":1,\"item\":{\"@type\":\"WebPage\",\"@id\":\"https:\/\/ecosir.com\/fi\/\",\"url\":\"https:\/\/ecosir.com\/fi\/\",\"name\":\"Etusivu\"}},{\"@type\":\"ListItem\",\"position\":2,\"item\":{\"@type\":\"WebPage\",\"@id\":\"https:\/\/ecosir.com\/fi\/ecosir-group\/\",\"url\":\"https:\/\/ecosir.com\/fi\/ecosir-group\/\",\"name\":\"Ecosir Group\"}}]}]}<\/script>\n<!-- \/ Yoast SEO plugin. -->","_links":{"self":[{"href":"https:\/\/ecosir.com\/fi\/wp-json\/wp\/v2\/pages\/695"}],"collection":[{"href":"https:\/\/ecosir.com\/fi\/wp-json\/wp\/v2\/pages"}],"about":[{"href":"https:\/\/ecosir.com\/fi\/wp-json\/wp\/v2\/types\/page"}],"author":[{"embeddable":true,"href":"https:\/\/ecosir.com\/fi\/wp-json\/wp\/v2\/users\/1"}],"replies":[{"embeddable":true,"href":"https:\/\/ecosir.com\/fi\/wp-json\/wp\/v2\/comments?post=695"}],"version-history":[{"count":15,"href":"https:\/\/ecosir.com\/fi\/wp-json\/wp\/v2\/pages\/695\/revisions"}],"predecessor-version":[{"id":2472,"href":"https:\/\/ecosir.com\/fi\/wp-json\/wp\/v2\/pages\/695\/revisions\/2472"}],"wp:attachment":[{"href":"https:\/\/ecosir.com\/fi\/wp-json\/wp\/v2\/media?parent=695"}],"curies":[{"name":"wp","href":"https:\/\/api.w.org\/{rel}","templated":true}]}}