{"id":699,"date":"2020-11-06T08:08:01","date_gmt":"2020-11-06T08:08:01","guid":{"rendered":"https:\/\/ecosir.com\/service-care-huolto\/"},"modified":"2022-10-10T11:11:00","modified_gmt":"2022-10-10T11:11:00","slug":"service-care-huolto","status":"publish","type":"page","link":"https:\/\/ecosir.com\/fi\/service-care-huolto\/","title":{"rendered":"Service Care -huolto"},"content":{"rendered":"\n<p><\/p>\n\n\n\n<p><strong><em>Service Care<\/em><\/strong>\u2122 huoltoteam auttaa varmistamaan, ett\u00e4 j\u00e4tteiden ja pyykinsiirtoj\u00e4rjestelm\u00e4t ovat aina k\u00e4ytett\u00e4viss\u00e4. Koulutettujen teknikoiden tukena on koko maailmanlaajuinen huoltoasiantuntijaverkosto. Kaikissa huoltotoimenpiteiss\u00e4 k\u00e4ytet\u00e4\u00e4n aina oikeita ja alkuper\u00e4isi\u00e4 Ecosir- ja tunnettujen valmistajien merkkiosia.<\/p>\n\n\n\n<p><strong><em>Service Care<\/em><\/strong>\u2122 -tiimi tekee j\u00e4rjestelmien toiminnan monitorointia, m\u00e4\u00e4r\u00e4aikaishuollot,&nbsp; j\u00e4rjestelm\u00e4- ja ohjelmistop\u00e4ivitykset ja k\u00e4ytt\u00e4j\u00e4koulutusta<\/p>\n\n\n\n<ul class=\"is-style-checklist\"><li>Vapauttaa aikaa liiketoiminnallesi<\/li><li>Parantaa k\u00e4ytt\u00e4j\u00e4yst\u00e4v\u00e4llisyytt\u00e4<\/li><li>Varmistaa t\u00e4yden siirtokapasiteetin<\/li><\/ul>\n\n\n\n<h2>Huoltopyynn\u00f6t: <strong>info@ecosir.com<\/strong><\/h2>\n\n\n\n<p><\/p>\n","protected":false},"excerpt":{"rendered":"<p>Service Care\u2122 huoltoteam auttaa varmistamaan, ett\u00e4 j\u00e4tteiden ja pyykinsiirtoj\u00e4rjestelm\u00e4t ovat aina k\u00e4ytett\u00e4viss\u00e4. Koulutettujen teknikoiden tukena&hellip;<\/p>\n","protected":false},"author":2,"featured_media":519,"parent":0,"menu_order":0,"comment_status":"closed","ping_status":"closed","template":"","meta":{"_relevanssi_hide_post":"","_relevanssi_pin_for_all":"","_relevanssi_pin_keywords":"","_relevanssi_unpin_keywords":"","_relevanssi_related_keywords":"","_relevanssi_related_include_ids":"","_relevanssi_related_exclude_ids":"","_relevanssi_related_no_append":"","_relevanssi_related_not_related":"","_relevanssi_related_posts":"","_relevanssi_noindex_reason":""},"yoast_head":"<!-- This site is optimized with the Yoast SEO plugin v15.4 - https:\/\/yoast.com\/wordpress\/plugins\/seo\/ -->\n<title>Service Care -huolto - Ecosir<\/title>\n<meta name=\"description\" content=\"Service Care\u2122 huoltoteam auttaa varmistamaan, ett\u00e4 j\u00e4tteiden ja pyykinsiirtoj\u00e4rjestelm\u00e4t ovat aina k\u00e4ytett\u00e4viss\u00e4. Koulutettujen teknikoiden tukena on koko maailmanlaajuinen huoltoasiantuntijaverkosto. Kaikissa huoltotoimenpiteiss\u00e4 k\u00e4ytet\u00e4\u00e4n aina oikeita ja alkuper\u00e4isi\u00e4 Ecosir- ja tunnettujen valmistajien merkkiosia.\" \/>\n<meta name=\"robots\" content=\"index, follow, max-snippet:-1, max-image-preview:large, max-video-preview:-1\" \/>\n<link rel=\"canonical\" href=\"https:\/\/ecosir.com\/fi\/service-care-huolto\/\" \/>\n<meta property=\"og:locale\" content=\"fi_FI\" \/>\n<meta property=\"og:type\" content=\"article\" \/>\n<meta property=\"og:title\" content=\"Service Care -huolto - Ecosir\" \/>\n<meta property=\"og:description\" content=\"Service Care\u2122 huoltoteam auttaa varmistamaan, ett\u00e4 j\u00e4tteiden ja pyykinsiirtoj\u00e4rjestelm\u00e4t ovat aina k\u00e4ytett\u00e4viss\u00e4. Koulutettujen teknikoiden tukena on koko maailmanlaajuinen huoltoasiantuntijaverkosto. Kaikissa huoltotoimenpiteiss\u00e4 k\u00e4ytet\u00e4\u00e4n aina oikeita ja alkuper\u00e4isi\u00e4 Ecosir- ja tunnettujen valmistajien merkkiosia.\" \/>\n<meta property=\"og:url\" content=\"https:\/\/ecosir.com\/fi\/service-care-huolto\/\" \/>\n<meta property=\"og:site_name\" content=\"Ecosir\" \/>\n<meta property=\"article:modified_time\" content=\"2022-10-10T11:11:00+00:00\" \/>\n<meta property=\"og:image\" content=\"https:\/\/ecosir.com\/wp-content\/uploads\/2020\/10\/SERVICE_CARE.jpg\" \/>\n\t<meta property=\"og:image:width\" content=\"1300\" \/>\n\t<meta property=\"og:image:height\" content=\"700\" \/>\n<meta name=\"twitter:card\" content=\"summary_large_image\" \/>\n<meta name=\"twitter:label1\" content=\"Written by\">\n\t<meta name=\"twitter:data1\" content=\"Jani Kukkonen\">\n\t<meta name=\"twitter:label2\" content=\"Est. reading time\">\n\t<meta name=\"twitter:data2\" content=\"0 minuuttia\">\n<script type=\"application\/ld+json\" class=\"yoast-schema-graph\">{\"@context\":\"https:\/\/schema.org\",\"@graph\":[{\"@type\":\"WebSite\",\"@id\":\"https:\/\/ecosir.com\/#website\",\"url\":\"https:\/\/ecosir.com\/\",\"name\":\"Ecosir\",\"description\":\"Automated waste and laundry collection systems \",\"potentialAction\":[{\"@type\":\"SearchAction\",\"target\":\"https:\/\/ecosir.com\/?s={search_term_string}\",\"query-input\":\"required name=search_term_string\"}],\"inLanguage\":\"fi\"},{\"@type\":\"ImageObject\",\"@id\":\"https:\/\/ecosir.com\/fi\/service-care-huolto\/#primaryimage\",\"inLanguage\":\"fi\",\"url\":\"https:\/\/ecosir.com\/wp-content\/uploads\/2020\/10\/SERVICE_CARE.jpg\",\"width\":1300,\"height\":700},{\"@type\":\"WebPage\",\"@id\":\"https:\/\/ecosir.com\/fi\/service-care-huolto\/#webpage\",\"url\":\"https:\/\/ecosir.com\/fi\/service-care-huolto\/\",\"name\":\"Service Care -huolto - Ecosir\",\"isPartOf\":{\"@id\":\"https:\/\/ecosir.com\/#website\"},\"primaryImageOfPage\":{\"@id\":\"https:\/\/ecosir.com\/fi\/service-care-huolto\/#primaryimage\"},\"datePublished\":\"2020-11-06T08:08:01+00:00\",\"dateModified\":\"2022-10-10T11:11:00+00:00\",\"description\":\"Service Care\\u2122 huoltoteam auttaa varmistamaan, ett\\u00e4 j\\u00e4tteiden ja pyykinsiirtoj\\u00e4rjestelm\\u00e4t ovat aina k\\u00e4ytett\\u00e4viss\\u00e4. Koulutettujen teknikoiden tukena on koko maailmanlaajuinen huoltoasiantuntijaverkosto. Kaikissa huoltotoimenpiteiss\\u00e4 k\\u00e4ytet\\u00e4\\u00e4n aina oikeita ja alkuper\\u00e4isi\\u00e4 Ecosir- ja tunnettujen valmistajien merkkiosia.\",\"breadcrumb\":{\"@id\":\"https:\/\/ecosir.com\/fi\/service-care-huolto\/#breadcrumb\"},\"inLanguage\":\"fi\",\"potentialAction\":[{\"@type\":\"ReadAction\",\"target\":[\"https:\/\/ecosir.com\/fi\/service-care-huolto\/\"]}]},{\"@type\":\"BreadcrumbList\",\"@id\":\"https:\/\/ecosir.com\/fi\/service-care-huolto\/#breadcrumb\",\"itemListElement\":[{\"@type\":\"ListItem\",\"position\":1,\"item\":{\"@type\":\"WebPage\",\"@id\":\"https:\/\/ecosir.com\/fi\/\",\"url\":\"https:\/\/ecosir.com\/fi\/\",\"name\":\"Etusivu\"}},{\"@type\":\"ListItem\",\"position\":2,\"item\":{\"@type\":\"WebPage\",\"@id\":\"https:\/\/ecosir.com\/fi\/service-care-huolto\/\",\"url\":\"https:\/\/ecosir.com\/fi\/service-care-huolto\/\",\"name\":\"Service Care -huolto\"}}]}]}<\/script>\n<!-- \/ Yoast SEO plugin. -->","_links":{"self":[{"href":"https:\/\/ecosir.com\/fi\/wp-json\/wp\/v2\/pages\/699"}],"collection":[{"href":"https:\/\/ecosir.com\/fi\/wp-json\/wp\/v2\/pages"}],"about":[{"href":"https:\/\/ecosir.com\/fi\/wp-json\/wp\/v2\/types\/page"}],"author":[{"embeddable":true,"href":"https:\/\/ecosir.com\/fi\/wp-json\/wp\/v2\/users\/2"}],"replies":[{"embeddable":true,"href":"https:\/\/ecosir.com\/fi\/wp-json\/wp\/v2\/comments?post=699"}],"version-history":[{"count":7,"href":"https:\/\/ecosir.com\/fi\/wp-json\/wp\/v2\/pages\/699\/revisions"}],"predecessor-version":[{"id":1467,"href":"https:\/\/ecosir.com\/fi\/wp-json\/wp\/v2\/pages\/699\/revisions\/1467"}],"wp:featuredmedia":[{"embeddable":true,"href":"https:\/\/ecosir.com\/fi\/wp-json\/wp\/v2\/media\/519"}],"wp:attachment":[{"href":"https:\/\/ecosir.com\/fi\/wp-json\/wp\/v2\/media?parent=699"}],"curies":[{"name":"wp","href":"https:\/\/api.w.org\/{rel}","templated":true}]}}