{"id":703,"date":"2020-11-06T08:10:49","date_gmt":"2020-11-06T08:10:49","guid":{"rendered":"https:\/\/ecosir.com\/laatu-ja-vastuullisuuspolitiikka\/"},"modified":"2025-11-04T16:40:36","modified_gmt":"2025-11-04T16:40:36","slug":"laatu-ja-vastuullisuuspolitiikka","status":"publish","type":"page","link":"https:\/\/ecosir.com\/fi\/laatu-ja-vastuullisuuspolitiikka\/","title":{"rendered":"Laatu- ja ymp\u00e4rist\u00f6toimintaperiaate"},"content":{"rendered":"\n<p>Ecosir Groupissa olemme sitoutuneet tarjoamaan korkealaatuisia ja kest\u00e4vi\u00e4 ratkaisuja, jotka tukevat asiakkaitamme j\u00e4tehuollon ja ymp\u00e4rist\u00f6vastuun operatiivisen tehokkuuden saavuttamisessa. Toimintaperiaatteemme perustuu seuraaviin periaatteisiin:<\/p>\n\n\n\n<p><strong>Asiakassuuntautuneisuus<\/strong><\/p>\n\n\n\n<p>Pyrimme ymm\u00e4rt\u00e4m\u00e4\u00e4n ja t\u00e4ytt\u00e4m\u00e4\u00e4n asiakkaidemme tarpeet r\u00e4\u00e4t\u00e4l\u00f6ityjen ratkaisujen ja luotettavan palvelun avulla.<\/p>\n\n\n\n<p><\/p>\n\n\n\n<p><strong>Jatkuva oppiminen<\/strong><br>Edist\u00e4mme innovaation ja kehityksen kulttuuria pysy\u00e4ksemme teknologian ja palvelun huippuosaamisen edell\u00e4k\u00e4vij\u00f6in\u00e4.<\/p>\n\n\n\n<p><strong>Taloudellinen ja operatiivinen tehokkuus<\/strong><br>J\u00e4rjestelm\u00e4mme on suunniteltu parantamaan asiakkaidemme toimintakustannuksia eritt\u00e4in tehokkaiden j\u00e4tteiden ja pyykin siirtoratkaisujen avulla, varmistaen turvallisen, hygieenisen ja automatisoidun siirron l\u00e4ht\u00f6pisteest\u00e4 keskitettyyn j\u00e4te- tai pyykkiker\u00e4ykseen.<\/p>\n\n\n\n<p><strong>Riskienhallinta<\/strong><br>Tunnistamme ja lievenn\u00e4mme riskej\u00e4 ennakoivasti varmistaaksemme turvallisen, s\u00e4\u00e4d\u00f6sten mukaisen ja keskeytym\u00e4tt\u00f6m\u00e4n toiminnan.<\/p>\n\n\n\n<p><strong>Ymp\u00e4rist\u00f6vastuu<\/strong><br>V\u00e4henn\u00e4mme ymp\u00e4rist\u00f6jalanj\u00e4lke\u00e4mme:<\/p>\n\n\n\n<ul><li>Edist\u00e4m\u00e4ll\u00e4 kierr\u00e4tyst\u00e4 ja turvallista j\u00e4tehuoltoa automatisoitujen j\u00e4rjestelmiemme avulla.<\/li><li>Tukemalla kest\u00e4v\u00e4\u00e4 kehityst\u00e4 j\u00e4rjestelm\u00e4p\u00e4ivityksill\u00e4 ja pitk\u00e4aikaisella k\u00e4ytett\u00e4vyydell\u00e4 huoltosopimusten kautta<\/li><\/ul>\n\n\n\n<p>Toimimme t\u00e4ysin ISO 9001 (laatujohtaminen) ja ISO 14001 (ymp\u00e4rist\u00f6johtaminen) -standardien mukaisesti ja t\u00e4yt\u00e4mme kaikki sitovat lakis\u00e4\u00e4teiset ja s\u00e4\u00e4ntelyyn liittyv\u00e4t velvoitteet.<\/p>\n\n\n\n<p>Teemme yhteisty\u00f6t\u00e4 huipputason kumppaneiden kanssa, jotka jakavat sitoutumisemme laatuun, innovaatioon ja kest\u00e4vyyteen.<\/p>\n\n\n\n<p><\/p>\n\n\n\n<p>Espoossa <\/p>\n\n\n\n<p>8.9.2025<\/p>\n\n\n\n<p>ECOSIR GROUP OY<\/p>\n\n\n\n<p>Sami Ojamo  CEO   ja <\/p>\n\n\n\n<p>Marko Sevon  Tekninen johtaja<\/p>\n\n\n\n<p>.<\/p>\n\n\n\n<p>.<\/p>\n\n\n\n<p class=\"has-text-align-center\">Ecosir Group Yleiset takuuehdot <\/p>\n\n\n\n<div class=\"wp-block-file aligncenter\"><a href=\"https:\/\/ecosir.com\/wp-content\/uploads\/2022\/10\/Yleiset-takuuehdot_Ecosir-Group-10.10.2022.pdf\">Yleiset-takuuehdot_Ecosir-Group-10.10.2022<\/a><a href=\"https:\/\/ecosir.com\/wp-content\/uploads\/2022\/10\/Yleiset-takuuehdot_Ecosir-Group-10.10.2022.pdf\" class=\"wp-block-file__button\" download>Download<\/a><\/div>\n\n\n\n<p><\/p>\n","protected":false},"excerpt":{"rendered":"<p>Ecosir Groupissa olemme sitoutuneet tarjoamaan korkealaatuisia ja kest\u00e4vi\u00e4 ratkaisuja, jotka tukevat asiakkaitamme j\u00e4tehuollon ja ymp\u00e4rist\u00f6vastuun&hellip;<\/p>\n","protected":false},"author":2,"featured_media":0,"parent":0,"menu_order":0,"comment_status":"closed","ping_status":"closed","template":"","meta":{"_relevanssi_hide_post":"","_relevanssi_pin_for_all":"","_relevanssi_pin_keywords":"","_relevanssi_unpin_keywords":"","_relevanssi_related_keywords":"","_relevanssi_related_include_ids":"","_relevanssi_related_exclude_ids":"","_relevanssi_related_no_append":"","_relevanssi_related_not_related":"","_relevanssi_related_posts":"","_relevanssi_noindex_reason":""},"yoast_head":"<!-- This site is optimized with the Yoast SEO plugin v15.4 - https:\/\/yoast.com\/wordpress\/plugins\/seo\/ -->\n<title>Laatu- ja ymp\u00e4rist\u00f6toimintaperiaate - Ecosir<\/title>\n<meta name=\"robots\" content=\"index, follow, max-snippet:-1, max-image-preview:large, max-video-preview:-1\" \/>\n<link rel=\"canonical\" href=\"https:\/\/ecosir.com\/fi\/laatu-ja-vastuullisuuspolitiikka\/\" \/>\n<meta property=\"og:locale\" content=\"fi_FI\" \/>\n<meta property=\"og:type\" content=\"article\" \/>\n<meta property=\"og:title\" content=\"Laatu- ja ymp\u00e4rist\u00f6toimintaperiaate - Ecosir\" \/>\n<meta property=\"og:description\" content=\"Ecosir Groupissa olemme sitoutuneet tarjoamaan korkealaatuisia ja kest\u00e4vi\u00e4 ratkaisuja, jotka tukevat asiakkaitamme j\u00e4tehuollon ja ymp\u00e4rist\u00f6vastuun&hellip;\" \/>\n<meta property=\"og:url\" content=\"https:\/\/ecosir.com\/fi\/laatu-ja-vastuullisuuspolitiikka\/\" \/>\n<meta property=\"og:site_name\" content=\"Ecosir\" \/>\n<meta property=\"article:modified_time\" content=\"2025-11-04T16:40:36+00:00\" \/>\n<meta property=\"og:image\" content=\"https:\/\/ecosir.com\/wp-content\/uploads\/2020\/11\/nosto-city-environment.jpg\" \/>\n\t<meta property=\"og:image:width\" content=\"730\" \/>\n\t<meta property=\"og:image:height\" content=\"420\" \/>\n<meta name=\"twitter:card\" content=\"summary_large_image\" \/>\n<meta name=\"twitter:label1\" content=\"Written by\">\n\t<meta name=\"twitter:data1\" content=\"Jani Kukkonen\">\n\t<meta name=\"twitter:label2\" content=\"Est. reading time\">\n\t<meta name=\"twitter:data2\" content=\"1 minuutti\">\n<script type=\"application\/ld+json\" class=\"yoast-schema-graph\">{\"@context\":\"https:\/\/schema.org\",\"@graph\":[{\"@type\":\"WebSite\",\"@id\":\"https:\/\/ecosir.com\/#website\",\"url\":\"https:\/\/ecosir.com\/\",\"name\":\"Ecosir\",\"description\":\"Automated waste and laundry collection systems \",\"potentialAction\":[{\"@type\":\"SearchAction\",\"target\":\"https:\/\/ecosir.com\/?s={search_term_string}\",\"query-input\":\"required name=search_term_string\"}],\"inLanguage\":\"fi\"},{\"@type\":\"WebPage\",\"@id\":\"https:\/\/ecosir.com\/fi\/laatu-ja-vastuullisuuspolitiikka\/#webpage\",\"url\":\"https:\/\/ecosir.com\/fi\/laatu-ja-vastuullisuuspolitiikka\/\",\"name\":\"Laatu- ja ymp\\u00e4rist\\u00f6toimintaperiaate - Ecosir\",\"isPartOf\":{\"@id\":\"https:\/\/ecosir.com\/#website\"},\"datePublished\":\"2020-11-06T08:10:49+00:00\",\"dateModified\":\"2025-11-04T16:40:36+00:00\",\"breadcrumb\":{\"@id\":\"https:\/\/ecosir.com\/fi\/laatu-ja-vastuullisuuspolitiikka\/#breadcrumb\"},\"inLanguage\":\"fi\",\"potentialAction\":[{\"@type\":\"ReadAction\",\"target\":[\"https:\/\/ecosir.com\/fi\/laatu-ja-vastuullisuuspolitiikka\/\"]}]},{\"@type\":\"BreadcrumbList\",\"@id\":\"https:\/\/ecosir.com\/fi\/laatu-ja-vastuullisuuspolitiikka\/#breadcrumb\",\"itemListElement\":[{\"@type\":\"ListItem\",\"position\":1,\"item\":{\"@type\":\"WebPage\",\"@id\":\"https:\/\/ecosir.com\/fi\/\",\"url\":\"https:\/\/ecosir.com\/fi\/\",\"name\":\"Etusivu\"}},{\"@type\":\"ListItem\",\"position\":2,\"item\":{\"@type\":\"WebPage\",\"@id\":\"https:\/\/ecosir.com\/fi\/laatu-ja-vastuullisuuspolitiikka\/\",\"url\":\"https:\/\/ecosir.com\/fi\/laatu-ja-vastuullisuuspolitiikka\/\",\"name\":\"Laatu- ja ymp\\u00e4rist\\u00f6toimintaperiaate\"}}]}]}<\/script>\n<!-- \/ Yoast SEO plugin. -->","_links":{"self":[{"href":"https:\/\/ecosir.com\/fi\/wp-json\/wp\/v2\/pages\/703"}],"collection":[{"href":"https:\/\/ecosir.com\/fi\/wp-json\/wp\/v2\/pages"}],"about":[{"href":"https:\/\/ecosir.com\/fi\/wp-json\/wp\/v2\/types\/page"}],"author":[{"embeddable":true,"href":"https:\/\/ecosir.com\/fi\/wp-json\/wp\/v2\/users\/2"}],"replies":[{"embeddable":true,"href":"https:\/\/ecosir.com\/fi\/wp-json\/wp\/v2\/comments?post=703"}],"version-history":[{"count":12,"href":"https:\/\/ecosir.com\/fi\/wp-json\/wp\/v2\/pages\/703\/revisions"}],"predecessor-version":[{"id":2355,"href":"https:\/\/ecosir.com\/fi\/wp-json\/wp\/v2\/pages\/703\/revisions\/2355"}],"wp:attachment":[{"href":"https:\/\/ecosir.com\/fi\/wp-json\/wp\/v2\/media?parent=703"}],"curies":[{"name":"wp","href":"https:\/\/api.w.org\/{rel}","templated":true}]}}