{"id":705,"date":"2020-11-06T08:15:44","date_gmt":"2020-11-06T08:15:44","guid":{"rendered":"https:\/\/ecosir.com\/kayttoehdot-ja-tietosuojakaytanto\/"},"modified":"2020-11-06T08:15:44","modified_gmt":"2020-11-06T08:15:44","slug":"kayttoehdot-ja-tietosuojakaytanto","status":"publish","type":"page","link":"https:\/\/ecosir.com\/fi\/kayttoehdot-ja-tietosuojakaytanto\/","title":{"rendered":"K\u00e4ytt\u00f6ehdot ja tietosuojak\u00e4yt\u00e4nt\u00f6"},"content":{"rendered":"\n<p>Ecosir Group\u2019ssa otetaan huomioon GDPR-s\u00e4\u00e4ntelys\u00e4\u00e4nn\u00f6t ja asia on eritt\u00e4in t\u00e4rke\u00e4 meille henkil\u00f6tietojesi k\u00e4sittelyss\u00e4. Haluamme pit\u00e4\u00e4 sinut ajan tasalla siit\u00e4, ett\u00e4 Ecosir Group yll\u00e4pit\u00e4\u00e4 tietoja asianmukaisesti ja antaa sinulle tietoja siit\u00e4, mihin tarkoitukseen ja miten tietoja k\u00e4sitell\u00e4\u00e4n.<\/p>\n\n<p>Edellisen lausunnon perusteella jatketaan henkil\u00f6tietojen k\u00e4sittely\u00e4 vain sovellettavan lain mukaisesti. Ecosir Group on laatinut toimintaansa, s\u00e4\u00e4nt\u00f6j\u00e4\u00e4n ja organisaatiotaan noudattaen EU: n GDPR-s\u00e4\u00e4nt\u00f6j\u00e4 25. toukokuuta 2018 l\u00e4htien.<\/p>\n\n<p>Olemme tarkistaneet asiakkaidemme, potentiaalisten asiakkaidemme ja muiden yritysasiakkaidemme henkil\u00f6tietojen k\u00e4sittely\u00e4 koskevia s\u00e4\u00e4nt\u00f6j\u00e4mme vastaamaan paremmin asetuksessa asetettuja uusia vaatimuksia. Lis\u00e4tietoja siit\u00e4, miten ker\u00e4\u00e4mme, tallennamme, k\u00e4yt\u00e4mme ja k\u00e4sittelemme henkil\u00f6tietojasi, katso alla olevaa p\u00e4ivitetty\u00e4 kuvausta:<\/p>\n\n<p>Palvelujemme, verkkosivujemme ja tietopalvelumme avulla voimme ker\u00e4t\u00e4 nimesi, verkko-osoitteen ja puhelimen tiedot palveluk\u00e4ytt\u00f6\u00f6n. N\u00e4it\u00e4 tietoja voidaan k\u00e4ytt\u00e4\u00e4 my\u00f6s muihin markkinointiin, yhteystietoihin jne. Liittyviin palveluihin my\u00f6s Linkediniss\u00e4, Twitteriss\u00e4 ja muissa palveluissa p\u00e4ivitettyjemme tuotteen ja palveluiden tarjoamiseksi.<\/p>\n\n<p><p>Olemme antaneet n\u00e4m\u00e4 tiedot julkisesti ennen lain voimaantuloa ja p\u00e4ivity on n\u00e4kynyt verkkosivustossamme. Lis\u00e4tietoa voi saada pyynn\u00f6st\u00e4 s\u00e4hk\u00f6postitse\u00a0<a href=\"mailto:info@ecosir.com\">info@ecosir.com<\/a><\/p><\/p>\n\n<p><p>K\u00e4ytt\u00e4m\u00e4ll\u00e4 verkkosivujemme ja palveluitamme hyv\u00e4ksyt ehdot. Jos haluat lis\u00e4tietoja ja haluat poistaa henkil\u00f6kohtaisia \u200b\u200btietojasi, ota yhteytt\u00e4 osoitteeseen\u00a0<a href=\"mailto:info@ecosir.com\">info@ecosir.com<\/a><\/p><\/p>\n\n<p><p>Jos sinulla on kysytt\u00e4v\u00e4\u00e4 henkil\u00f6tietojesi k\u00e4sittelyst\u00e4, ota yhteytt\u00e4 osoitteeseen\u00a0<a href=\"mailto:info@ecosir.com\">info@ecosir.com<\/a><\/p><\/p>\n","protected":false},"excerpt":{"rendered":"<p>Ecosir Group\u2019ssa otetaan huomioon GDPR-s\u00e4\u00e4ntelys\u00e4\u00e4nn\u00f6t ja asia on eritt\u00e4in t\u00e4rke\u00e4 meille henkil\u00f6tietojesi k\u00e4sittelyss\u00e4. Haluamme pit\u00e4\u00e4&hellip;<\/p>\n","protected":false},"author":2,"featured_media":0,"parent":0,"menu_order":0,"comment_status":"closed","ping_status":"closed","template":"","meta":{"_relevanssi_hide_post":"","_relevanssi_pin_for_all":"","_relevanssi_pin_keywords":"","_relevanssi_unpin_keywords":"","_relevanssi_related_keywords":"","_relevanssi_related_include_ids":"","_relevanssi_related_exclude_ids":"","_relevanssi_related_no_append":"","_relevanssi_related_not_related":"","_relevanssi_related_posts":"","_relevanssi_noindex_reason":""},"yoast_head":"<!-- This site is optimized with the Yoast SEO plugin v15.4 - https:\/\/yoast.com\/wordpress\/plugins\/seo\/ -->\n<title>K\u00e4ytt\u00f6ehdot ja tietosuojak\u00e4yt\u00e4nt\u00f6 - Ecosir<\/title>\n<meta name=\"robots\" content=\"index, follow, max-snippet:-1, max-image-preview:large, max-video-preview:-1\" \/>\n<link rel=\"canonical\" href=\"https:\/\/ecosir.com\/fi\/kayttoehdot-ja-tietosuojakaytanto\/\" \/>\n<meta property=\"og:locale\" content=\"fi_FI\" \/>\n<meta property=\"og:type\" content=\"article\" \/>\n<meta property=\"og:title\" content=\"K\u00e4ytt\u00f6ehdot ja tietosuojak\u00e4yt\u00e4nt\u00f6 - Ecosir\" \/>\n<meta property=\"og:description\" content=\"Ecosir Group\u2019ssa otetaan huomioon GDPR-s\u00e4\u00e4ntelys\u00e4\u00e4nn\u00f6t ja asia on eritt\u00e4in t\u00e4rke\u00e4 meille henkil\u00f6tietojesi k\u00e4sittelyss\u00e4. Haluamme pit\u00e4\u00e4&hellip;\" \/>\n<meta property=\"og:url\" content=\"https:\/\/ecosir.com\/fi\/kayttoehdot-ja-tietosuojakaytanto\/\" \/>\n<meta property=\"og:site_name\" content=\"Ecosir\" \/>\n<meta property=\"og:image\" content=\"https:\/\/ecosir.com\/wp-content\/uploads\/2020\/11\/nosto-city-environment.jpg\" \/>\n\t<meta property=\"og:image:width\" content=\"730\" \/>\n\t<meta property=\"og:image:height\" content=\"420\" \/>\n<meta name=\"twitter:card\" content=\"summary_large_image\" \/>\n<meta name=\"twitter:label1\" content=\"Written by\">\n\t<meta name=\"twitter:data1\" content=\"Jani Kukkonen\">\n\t<meta name=\"twitter:label2\" content=\"Est. reading time\">\n\t<meta name=\"twitter:data2\" content=\"1 minuutti\">\n<script type=\"application\/ld+json\" class=\"yoast-schema-graph\">{\"@context\":\"https:\/\/schema.org\",\"@graph\":[{\"@type\":\"WebSite\",\"@id\":\"https:\/\/ecosir.com\/#website\",\"url\":\"https:\/\/ecosir.com\/\",\"name\":\"Ecosir\",\"description\":\"Automated waste and laundry collection systems \",\"potentialAction\":[{\"@type\":\"SearchAction\",\"target\":\"https:\/\/ecosir.com\/?s={search_term_string}\",\"query-input\":\"required name=search_term_string\"}],\"inLanguage\":\"fi\"},{\"@type\":\"WebPage\",\"@id\":\"https:\/\/ecosir.com\/fi\/kayttoehdot-ja-tietosuojakaytanto\/#webpage\",\"url\":\"https:\/\/ecosir.com\/fi\/kayttoehdot-ja-tietosuojakaytanto\/\",\"name\":\"K\\u00e4ytt\\u00f6ehdot ja tietosuojak\\u00e4yt\\u00e4nt\\u00f6 - Ecosir\",\"isPartOf\":{\"@id\":\"https:\/\/ecosir.com\/#website\"},\"datePublished\":\"2020-11-06T08:15:44+00:00\",\"dateModified\":\"2020-11-06T08:15:44+00:00\",\"breadcrumb\":{\"@id\":\"https:\/\/ecosir.com\/fi\/kayttoehdot-ja-tietosuojakaytanto\/#breadcrumb\"},\"inLanguage\":\"fi\",\"potentialAction\":[{\"@type\":\"ReadAction\",\"target\":[\"https:\/\/ecosir.com\/fi\/kayttoehdot-ja-tietosuojakaytanto\/\"]}]},{\"@type\":\"BreadcrumbList\",\"@id\":\"https:\/\/ecosir.com\/fi\/kayttoehdot-ja-tietosuojakaytanto\/#breadcrumb\",\"itemListElement\":[{\"@type\":\"ListItem\",\"position\":1,\"item\":{\"@type\":\"WebPage\",\"@id\":\"https:\/\/ecosir.com\/fi\/\",\"url\":\"https:\/\/ecosir.com\/fi\/\",\"name\":\"Etusivu\"}},{\"@type\":\"ListItem\",\"position\":2,\"item\":{\"@type\":\"WebPage\",\"@id\":\"https:\/\/ecosir.com\/fi\/kayttoehdot-ja-tietosuojakaytanto\/\",\"url\":\"https:\/\/ecosir.com\/fi\/kayttoehdot-ja-tietosuojakaytanto\/\",\"name\":\"K\\u00e4ytt\\u00f6ehdot ja tietosuojak\\u00e4yt\\u00e4nt\\u00f6\"}}]}]}<\/script>\n<!-- \/ Yoast SEO plugin. -->","_links":{"self":[{"href":"https:\/\/ecosir.com\/fi\/wp-json\/wp\/v2\/pages\/705"}],"collection":[{"href":"https:\/\/ecosir.com\/fi\/wp-json\/wp\/v2\/pages"}],"about":[{"href":"https:\/\/ecosir.com\/fi\/wp-json\/wp\/v2\/types\/page"}],"author":[{"embeddable":true,"href":"https:\/\/ecosir.com\/fi\/wp-json\/wp\/v2\/users\/2"}],"replies":[{"embeddable":true,"href":"https:\/\/ecosir.com\/fi\/wp-json\/wp\/v2\/comments?post=705"}],"version-history":[{"count":1,"href":"https:\/\/ecosir.com\/fi\/wp-json\/wp\/v2\/pages\/705\/revisions"}],"predecessor-version":[{"id":706,"href":"https:\/\/ecosir.com\/fi\/wp-json\/wp\/v2\/pages\/705\/revisions\/706"}],"wp:attachment":[{"href":"https:\/\/ecosir.com\/fi\/wp-json\/wp\/v2\/media?parent=705"}],"curies":[{"name":"wp","href":"https:\/\/api.w.org\/{rel}","templated":true}]}}