{"id":1856,"date":"2024-05-27T08:25:32","date_gmt":"2024-05-27T08:25:32","guid":{"rendered":"https:\/\/ecosir.com\/hospitals\/"},"modified":"2025-02-14T11:35:47","modified_gmt":"2025-02-14T11:35:47","slug":"hospitals","status":"publish","type":"page","link":"https:\/\/ecosir.com\/fr\/hospitals\/","title":{"rendered":"H\u00f4pitaux"},"content":{"rendered":"\n<div class=\"wp-block-columns is-style-three-one\">\n<div class=\"wp-block-column\">\n<p>Les h\u00f4pitaux modernes doivent offrir les meilleurs soins avec le plus haut niveau d\u2019hygi\u00e8ne. Plusieurs tonnes de linge sale et de d\u00e9chets doivent \u00eatre \u00e9vacu\u00e9es rapidement des services pour \u00eatre trait\u00e9es. La technologie de transfert sous vide automatis\u00e9 <strong><em>CAREMASTER<\/em><\/strong>\u2122 est la solution la plus efficace pour am\u00e9liorer l&rsquo;hygi\u00e8ne et l&rsquo;efficacit\u00e9 logistique 24&nbsp;heures sur&nbsp;24, 7&nbsp;jours sur&nbsp;7.<\/p>\n\n\n\n<p>Technologie <strong><em>Drop&amp;Go<\/em><\/strong>\u2122 \u2013 C&rsquo;est facile et rapide<\/p>\n\n\n\n<ul id=\"block-ed1701fa-8a59-4c5e-a0b2-0e9886070347\" class=\"is-style-checklist\"><li>PLUS DE TEMPS POUR LES SOINS AUX PATIENTS<\/li><li>MEILLEURE HYGI\u00c8NE<\/li><li>EFFICACIT\u00c9 DE LA LOGISTIQUE<\/li><\/ul>\n<\/div>\n\n\n\n<div class=\"wp-block-column\">\n<div class=\"block block-download-files\">\n        <h2 class=\"block-title\">Downloads<\/h2>\n        <ul class=\"file-list\">\n                        <li class=\"file\">\n            <a href=\"https:\/\/ecosir.com\/wp-content\/uploads\/2025\/02\/Caremaster_A4.pdf\" download>\n                <span class=\"file-name\">CAREMASTER<\/span>\n                <span class=\"sub-type pdf\">pdf<\/span>\n                <span class=\"file-size\">(1.88 mb)<\/span>\n            <\/a>\n        <\/li>\n                        <li class=\"file\">\n            <a href=\"https:\/\/ecosir.com\/wp-content\/uploads\/2025\/02\/Ecosir_Bio_A4.pdf\" download>\n                <span class=\"file-name\">BIO SERIE 140_170_220<\/span>\n                <span class=\"sub-type pdf\">pdf<\/span>\n                <span class=\"file-size\">(2.26 mb)<\/span>\n            <\/a>\n        <\/li>\n                            <\/ul>\n<\/div><\/div>\n<\/div>\n\n\n\n<div class=\"block block-hero-video video-container\">\n    <video autoplay loop muted controls>\n        <source src=\"https:\/\/player.vimeo.com\/external\/469728802.hd.mp4?s=6d06d7c38736211655352d258da2f1f51b30a907&#038;profile_id=175\" type=\"video\/mp4\">\n    <\/video>\n<\/div>\n","protected":false},"excerpt":{"rendered":"<p>Les h\u00f4pitaux modernes doivent offrir les meilleurs soins avec le plus haut niveau d\u2019hygi\u00e8ne. Plusieurs&hellip;<\/p>\n","protected":false},"author":1,"featured_media":1859,"parent":0,"menu_order":0,"comment_status":"closed","ping_status":"closed","template":"","meta":{"_relevanssi_hide_post":"","_relevanssi_pin_for_all":"","_relevanssi_pin_keywords":"","_relevanssi_unpin_keywords":"","_relevanssi_related_keywords":"","_relevanssi_related_include_ids":"","_relevanssi_related_exclude_ids":"","_relevanssi_related_no_append":"","_relevanssi_related_not_related":"","_relevanssi_related_posts":"","_relevanssi_noindex_reason":""},"yoast_head":"<!-- This site is optimized with the Yoast SEO plugin v15.4 - https:\/\/yoast.com\/wordpress\/plugins\/seo\/ -->\n<title>H\u00f4pitaux - Ecosir<\/title>\n<meta name=\"description\" content=\"Les h\u00f4pitaux modernes doivent offrir le meilleur processus de soins avec le plus haut niveau d&#039;hygi\u00e8ne. Plusieurs tonnes de linge sale et de d\u00e9chets doivent \u00eatre \u00e9vacu\u00e9es rapidement des services pour \u00eatre trait\u00e9es. La technologie de transfert sous vide automatis\u00e9 CAREMASTER\u2122 est la solution la plus efficace pour am\u00e9liorer l&#039;hygi\u00e8ne et l&#039;efficacit\u00e9 logistique 24\u00a0heures sur\u00a024, 7\u00a0jours sur\u00a07.\" \/>\n<meta name=\"robots\" content=\"index, follow, max-snippet:-1, max-image-preview:large, max-video-preview:-1\" \/>\n<link rel=\"canonical\" href=\"https:\/\/ecosir.com\/fr\/hospitals\/\" \/>\n<meta property=\"og:locale\" content=\"fr_FR\" \/>\n<meta property=\"og:type\" content=\"article\" \/>\n<meta property=\"og:title\" content=\"H\u00f4pitaux - Ecosir\" \/>\n<meta property=\"og:description\" content=\"Les h\u00f4pitaux modernes doivent offrir le meilleur processus de soins avec le plus haut niveau d&#039;hygi\u00e8ne. Plusieurs tonnes de linge sale et de d\u00e9chets doivent \u00eatre \u00e9vacu\u00e9es rapidement des services pour \u00eatre trait\u00e9es. La technologie de transfert sous vide automatis\u00e9 CAREMASTER\u2122 est la solution la plus efficace pour am\u00e9liorer l&#039;hygi\u00e8ne et l&#039;efficacit\u00e9 logistique 24\u00a0heures sur\u00a024, 7\u00a0jours sur\u00a07.\" \/>\n<meta property=\"og:url\" content=\"https:\/\/ecosir.com\/fr\/hospitals\/\" \/>\n<meta property=\"og:site_name\" content=\"Ecosir\" \/>\n<meta property=\"article:modified_time\" content=\"2025-02-14T11:35:47+00:00\" \/>\n<meta property=\"og:image\" content=\"https:\/\/ecosir.com\/wp-content\/uploads\/2020\/10\/nosto-hospitals.jpg\" \/>\n\t<meta property=\"og:image:width\" content=\"730\" \/>\n\t<meta property=\"og:image:height\" content=\"420\" \/>\n<meta name=\"twitter:card\" content=\"summary_large_image\" \/>\n<meta name=\"twitter:label1\" content=\"\u00c9crit par\">\n\t<meta name=\"twitter:data1\" content=\"into-digital\">\n\t<meta name=\"twitter:label2\" content=\"Dur\u00e9e de lecture est.\">\n\t<meta name=\"twitter:data2\" content=\"0 minute\">\n<script type=\"application\/ld+json\" class=\"yoast-schema-graph\">{\"@context\":\"https:\/\/schema.org\",\"@graph\":[{\"@type\":\"WebSite\",\"@id\":\"https:\/\/ecosir.com\/#website\",\"url\":\"https:\/\/ecosir.com\/\",\"name\":\"Ecosir\",\"description\":\"Automated waste and laundry collection systems \",\"potentialAction\":[{\"@type\":\"SearchAction\",\"target\":\"https:\/\/ecosir.com\/?s={search_term_string}\",\"query-input\":\"required name=search_term_string\"}],\"inLanguage\":\"fr-FR\"},{\"@type\":\"ImageObject\",\"@id\":\"https:\/\/ecosir.com\/fr\/hospitals\/#primaryimage\",\"inLanguage\":\"fr-FR\",\"url\":\"https:\/\/ecosir.com\/wp-content\/uploads\/2020\/10\/nosto-hospitals.jpg\",\"width\":730,\"height\":420},{\"@type\":\"WebPage\",\"@id\":\"https:\/\/ecosir.com\/fr\/hospitals\/#webpage\",\"url\":\"https:\/\/ecosir.com\/fr\/hospitals\/\",\"name\":\"H\\u00f4pitaux - Ecosir\",\"isPartOf\":{\"@id\":\"https:\/\/ecosir.com\/#website\"},\"primaryImageOfPage\":{\"@id\":\"https:\/\/ecosir.com\/fr\/hospitals\/#primaryimage\"},\"datePublished\":\"2024-05-27T08:25:32+00:00\",\"dateModified\":\"2025-02-14T11:35:47+00:00\",\"description\":\"Les h\\u00f4pitaux modernes doivent offrir le meilleur processus de soins avec le plus haut niveau d'hygi\\u00e8ne. Plusieurs tonnes de linge sale et de d\\u00e9chets doivent \\u00eatre \\u00e9vacu\\u00e9es rapidement des services pour \\u00eatre trait\\u00e9es. La technologie de transfert sous vide automatis\\u00e9 CAREMASTER\\u2122 est la solution la plus efficace pour am\\u00e9liorer l'hygi\\u00e8ne et l'efficacit\\u00e9 logistique 24\\u00a0heures sur\\u00a024, 7\\u00a0jours sur\\u00a07.\",\"breadcrumb\":{\"@id\":\"https:\/\/ecosir.com\/fr\/hospitals\/#breadcrumb\"},\"inLanguage\":\"fr-FR\",\"potentialAction\":[{\"@type\":\"ReadAction\",\"target\":[\"https:\/\/ecosir.com\/fr\/hospitals\/\"]}]},{\"@type\":\"BreadcrumbList\",\"@id\":\"https:\/\/ecosir.com\/fr\/hospitals\/#breadcrumb\",\"itemListElement\":[{\"@type\":\"ListItem\",\"position\":1,\"item\":{\"@type\":\"WebPage\",\"@id\":\"https:\/\/ecosir.com\/fr\/\",\"url\":\"https:\/\/ecosir.com\/fr\/\",\"name\":\"Home\"}},{\"@type\":\"ListItem\",\"position\":2,\"item\":{\"@type\":\"WebPage\",\"@id\":\"https:\/\/ecosir.com\/fr\/hospitals\/\",\"url\":\"https:\/\/ecosir.com\/fr\/hospitals\/\",\"name\":\"H\\u00f4pitaux\"}}]}]}<\/script>\n<!-- \/ Yoast SEO plugin. -->","_links":{"self":[{"href":"https:\/\/ecosir.com\/fr\/wp-json\/wp\/v2\/pages\/1856"}],"collection":[{"href":"https:\/\/ecosir.com\/fr\/wp-json\/wp\/v2\/pages"}],"about":[{"href":"https:\/\/ecosir.com\/fr\/wp-json\/wp\/v2\/types\/page"}],"author":[{"embeddable":true,"href":"https:\/\/ecosir.com\/fr\/wp-json\/wp\/v2\/users\/1"}],"replies":[{"embeddable":true,"href":"https:\/\/ecosir.com\/fr\/wp-json\/wp\/v2\/comments?post=1856"}],"version-history":[{"count":11,"href":"https:\/\/ecosir.com\/fr\/wp-json\/wp\/v2\/pages\/1856\/revisions"}],"predecessor-version":[{"id":2240,"href":"https:\/\/ecosir.com\/fr\/wp-json\/wp\/v2\/pages\/1856\/revisions\/2240"}],"wp:featuredmedia":[{"embeddable":true,"href":"https:\/\/ecosir.com\/fr\/wp-json\/wp\/v2\/media\/1859"}],"wp:attachment":[{"href":"https:\/\/ecosir.com\/fr\/wp-json\/wp\/v2\/media?parent=1856"}],"curies":[{"name":"wp","href":"https:\/\/api.w.org\/{rel}","templated":true}]}}