{"id":1861,"date":"2024-05-27T08:25:33","date_gmt":"2024-05-27T08:25:33","guid":{"rendered":"https:\/\/ecosir.com\/home\/"},"modified":"2026-04-16T04:37:05","modified_gmt":"2026-04-16T04:37:05","slug":"home","status":"publish","type":"page","link":"https:\/\/ecosir.com\/fr\/","title":{"rendered":"Page d&rsquo;accueil"},"content":{"rendered":"\n<h1 class=\"has-text-align-center\">Syst\u00e8me pneumatique de collecte des <span class=\"has-inline-color has-luminous-vivid-amber-color\">d\u00e9chets<\/span> (PWCS)<\/h1>\n\n\n\n<div class=\"block block-hero-video full\">\n    <video autoplay loop muted controls>\n        <source src=\"https:\/\/player.vimeo.com\/external\/471333422.hd.mp4?s=6c766362619316f9f398f236901099b7644ed666&#038;profile_id=175\" type=\"video\/mp4\">\n    <\/video>\n<\/div>\n\n\n\n<div class=\"block block-selected-articles\">\n    <div class=\"container\">\n        <div class=\"row\">\n                                    <div class=\"col-12 col-md-6 col-lg-4\">\n                <a href=\"https:\/\/ecosir.com\/fr\/hospitals\/\">\n                    <div class=\"card\">\n                        <h3 class=\"title\">H\u00f4pitaux<\/h3>\n                        <div class=\"thumb-wrap\">\n                            <div class=\"thumbnail\" style=\"background-image: url('https:\/\/ecosir.com\/wp-content\/uploads\/2020\/10\/nosto-hospitals.jpg');\"><\/div> \n                        <\/div>\n                                                <p class=\"excerpt\">Les h\u00f4pitaux modernes doivent offrir les meilleurs soins avec le plus haut niveau d\u2019hygi\u00e8ne. Plusieurs tonnes de linge sale et de d\u00e9chets doivent \u00eatre \u00e9vacu\u00e9es rapidement des services pour \u00eatre trait\u00e9es. La technologie de transfert&hellip;<\/p>\n                    <\/div>\n                <\/a>\n            <\/div>\n                        <div class=\"col-12 col-md-6 col-lg-4\">\n                <a href=\"https:\/\/ecosir.com\/fr\/elderly-care\/\">\n                    <div class=\"card\">\n                        <h3 class=\"title\">Soins aux personnes \u00e2g\u00e9es<\/h3>\n                        <div class=\"thumb-wrap\">\n                            <div class=\"thumbnail\" style=\"background-image: url('https:\/\/ecosir.com\/wp-content\/uploads\/2020\/10\/nosto-elderly-care.jpg');\"><\/div> \n                        <\/div>\n                                                <p class=\"excerpt\">Les centres de soins pour personnes \u00e2g\u00e9es doivent offrir \u00e0 leurs r\u00e9sidents des soins de qualit\u00e9 et une tranquillit\u00e9 d\u2019esprit. L&rsquo;hygi\u00e8ne et l&rsquo;air pur sont des \u00e9l\u00e9ments essentiels de leur bien-\u00eatre. \u00c9tanche et hygi\u00e9nique, le&hellip;<\/p>\n                    <\/div>\n                <\/a>\n            <\/div>\n                        <div class=\"col-12 col-md-6 col-lg-4\">\n                <a href=\"https:\/\/ecosir.com\/fr\/city-environment\/\">\n                    <div class=\"card\">\n                        <h3 class=\"title\">Environnement urbain<\/h3>\n                        <div class=\"thumb-wrap\">\n                            <div class=\"thumbnail\" style=\"background-image: url('https:\/\/ecosir.com\/wp-content\/uploads\/2020\/10\/nosto-city-environment.jpg');\"><\/div> \n                        <\/div>\n                                                <p class=\"excerpt\">La conception de villes propres et intelligentes n\u00e9cessite des m\u00e9thodes modernes de traitement et de collecte des d\u00e9chets. La solution de collecte par tubes sous vide (PWCS) lib\u00e8re de la place pour les espaces verts urbains entre les b\u00e2timents. Les d\u00e9chets sont collect\u00e9s&#8230;<\/p>\n                    <\/div>\n                <\/a>\n            <\/div>\n                                <\/div>\n    <\/div>\n<\/div>\n\n\n\n\n<div class=\"block block-event-notification\">\n        <ul class=\"notifications\">\n                <li class=\"notification\">\n            <div>\n                <p class=\"title\">Exhibitions and conferences<\/p>\n                <p class=\"description\"><\/p>\n            <\/div>\n            <div>\n                <a href=\"\" class=\"button\">Read more<\/a>\n            <\/div>\n        <\/li>\n            <\/ul>\n    <\/div>\n\n\n<div class=\"container-fluid custom-element latest-articles\">\n\n    <div class=\"container\">\n\n                <div class=\"row title-row\">\n            <div class=\"col-12 title-col\">\n                <h2 class=\"element-title\">News and releases<\/h2>\n            <\/div>\n        <\/div>\n        \n        \n                <article class=\"row content-row latest-article-item flex-row-reverse justify-content-end\">\n            <div class=\"col-12 col-md-6 col-lg-5 article-top\">\n                <div class=\"thumbnail\" style=\"background-image: url('https:\/\/ecosir.com\/wp-content\/uploads\/2025\/09\/New-CEO-Ecosir-Group.jpg');\"><\/div>                    \n            <\/div>\n            <div class=\"col-12 col-md-6 col-lg-6 article-bottom offset-lg-1\">   \n                <div class=\"spacer\">\n                    <a href=\"https:\/\/ecosir.com\/news-and-releases\/ecosir-group-accelerates-growth-sami-ojamo-to-lead-ecosir-groups-international-development\/\" class=\"title-link\"><h3 class=\"title\">ECOSIR GROUP ACCELERATES GROWTH \u2013 SAMI OJAMO TO LEAD ECOSIR GROUP\u2019S INTERNATIONAL DEVELOPMENT<\/h3><\/a>\n                    <div class=\"meta\">\n                        <span class=\"post-date\">8.9.2025<\/span>\n                    <\/div>\n                    <div class=\"excerpt\">\n                        <p>Ecosir Group is experiencing strong growth: its market position and order book are at historically&hellip;<\/p>\n                    <\/div>\n                    <a href=\"https:\/\/ecosir.com\/news-and-releases\/ecosir-group-accelerates-growth-sami-ojamo-to-lead-ecosir-groups-international-development\/\" class=\"read-more\">Read more<\/a>\n                <\/div>\n            <\/div>           \n        <\/article>\n                <article class=\"row content-row latest-article-item\">\n            <div class=\"col-12 col-md-6 col-lg-5 article-top\">\n                <div class=\"thumbnail\" style=\"background-image: url('https:\/\/ecosir.com\/wp-content\/uploads\/2024\/12\/Delivery-check-for-Indonesia.jpg');\"><\/div>                    \n            <\/div>\n            <div class=\"col-12 col-md-6 col-lg-6 article-bottom\">   \n                <div class=\"spacer\">\n                    <a href=\"https:\/\/ecosir.com\/news-and-releases\/indonesia-gets-its-first-automatic-vacuum-waste-system\/\" class=\"title-link\"><h3 class=\"title\">Indonesia gets its first automatic vacuum waste system<\/h3><\/a>\n                    <div class=\"meta\">\n                        <span class=\"post-date\">12.12.2024<\/span>\n                    <\/div>\n                    <div class=\"excerpt\">\n                        <p>Ecosir Group delivers CITYMASTER municipality waste vacuum system to Indonesia. It will be the first&hellip;<\/p>\n                    <\/div>\n                    <a href=\"https:\/\/ecosir.com\/news-and-releases\/indonesia-gets-its-first-automatic-vacuum-waste-system\/\" class=\"read-more\">Read more<\/a>\n                <\/div>\n            <\/div>           \n        <\/article>\n                <article class=\"row content-row latest-article-item flex-row-reverse justify-content-end\">\n            <div class=\"col-12 col-md-6 col-lg-5 article-top\">\n                <div class=\"thumbnail\" style=\"background-image: url('https:\/\/ecosir.com\/wp-content\/uploads\/2024\/04\/IMG_0966-scaled.jpg');\"><\/div>                    \n            <\/div>\n            <div class=\"col-12 col-md-6 col-lg-6 article-bottom offset-lg-1\">   \n                <div class=\"spacer\">\n                    <a href=\"https:\/\/ecosir.com\/fi\/news-and-releases\/new-partnership-with-swisslog-healthcare-to-provide-advanced-transport-automation-in-healthcare-logistics\/\" class=\"title-link\"><h3 class=\"title\">New partnership with Swisslog Healthcare to provide advanced transport automation in healthcare logistics!<\/h3><\/a>\n                    <div class=\"meta\">\n                        <span class=\"post-date\">25.4.2024<\/span>\n                    <\/div>\n                    <div class=\"excerpt\">\n                        <p>Swisslog Healthcare specializes in medication management solutions, combining pharmacy and transport automation with software and&hellip;<\/p>\n                    <\/div>\n                    <a href=\"https:\/\/ecosir.com\/fi\/news-and-releases\/new-partnership-with-swisslog-healthcare-to-provide-advanced-transport-automation-in-healthcare-logistics\/\" class=\"read-more\">Read more<\/a>\n                <\/div>\n            <\/div>           \n        <\/article>\n                \n        \n    <\/div>\n\n<\/div>\n\n","protected":false},"excerpt":{"rendered":"<p>Syst\u00e8me pneumatique de collecte des d\u00e9chets (PWCS)<\/p>\n","protected":false},"author":2,"featured_media":0,"parent":0,"menu_order":0,"comment_status":"closed","ping_status":"closed","template":"","meta":{"_relevanssi_hide_post":"","_relevanssi_pin_for_all":"","_relevanssi_pin_keywords":"","_relevanssi_unpin_keywords":"","_relevanssi_related_keywords":"","_relevanssi_related_include_ids":"","_relevanssi_related_exclude_ids":"","_relevanssi_related_no_append":"","_relevanssi_related_not_related":"","_relevanssi_related_posts":"","_relevanssi_noindex_reason":""},"yoast_head":"<!-- This site is optimized with the Yoast SEO plugin v15.4 - https:\/\/yoast.com\/wordpress\/plugins\/seo\/ -->\n<title>Page d&#039;accueil - Ecosir<\/title>\n<meta name=\"description\" content=\"La gamme de syst\u00e8mes PWCS comprend un certain nombre de solutions de transfert sous vide automatis\u00e9 pour les d\u00e9chets et le linge. Depuis 1987, nous avons livr\u00e9 plus de 100\u00a0syst\u00e8mes de transfert de d\u00e9chets \u00e0 grande \u00e9chelle et pr\u00e8s de 1\u00a0000\u00a0syst\u00e8mes sous vide \u00e0 plus petite \u00e9chelle.\" \/>\n<meta name=\"robots\" content=\"index, follow, max-snippet:-1, max-image-preview:large, max-video-preview:-1\" \/>\n<link rel=\"canonical\" href=\"https:\/\/ecosir.com\/fr\/\" \/>\n<meta property=\"og:locale\" content=\"fr_FR\" \/>\n<meta property=\"og:type\" content=\"article\" \/>\n<meta property=\"og:title\" content=\"Page d&#039;accueil - Ecosir\" \/>\n<meta property=\"og:description\" content=\"La gamme de syst\u00e8mes PWCS comprend un certain nombre de solutions de transfert sous vide automatis\u00e9 pour les d\u00e9chets et le linge. Depuis 1987, nous avons livr\u00e9 plus de 100\u00a0syst\u00e8mes de transfert de d\u00e9chets \u00e0 grande \u00e9chelle et pr\u00e8s de 1\u00a0000\u00a0syst\u00e8mes sous vide \u00e0 plus petite \u00e9chelle.\" \/>\n<meta property=\"og:url\" content=\"https:\/\/ecosir.com\/fr\/\" \/>\n<meta property=\"og:site_name\" content=\"Ecosir\" \/>\n<meta property=\"article:modified_time\" content=\"2026-04-16T04:37:05+00:00\" \/>\n<meta property=\"og:image\" content=\"https:\/\/ecosir.com\/wp-content\/uploads\/2020\/11\/nosto-city-environment.jpg\" \/>\n\t<meta property=\"og:image:width\" content=\"730\" \/>\n\t<meta property=\"og:image:height\" content=\"420\" \/>\n<meta name=\"twitter:card\" content=\"summary_large_image\" \/>\n<meta name=\"twitter:label1\" content=\"\u00c9crit par\">\n\t<meta name=\"twitter:data1\" content=\"Jani Kukkonen\">\n\t<meta name=\"twitter:label2\" content=\"Dur\u00e9e de lecture est.\">\n\t<meta name=\"twitter:data2\" content=\"0 minute\">\n<script type=\"application\/ld+json\" class=\"yoast-schema-graph\">{\"@context\":\"https:\/\/schema.org\",\"@graph\":[{\"@type\":\"WebSite\",\"@id\":\"https:\/\/ecosir.com\/#website\",\"url\":\"https:\/\/ecosir.com\/\",\"name\":\"Ecosir\",\"description\":\"Automated waste and laundry collection systems \",\"potentialAction\":[{\"@type\":\"SearchAction\",\"target\":\"https:\/\/ecosir.com\/?s={search_term_string}\",\"query-input\":\"required name=search_term_string\"}],\"inLanguage\":\"fr-FR\"},{\"@type\":\"WebPage\",\"@id\":\"https:\/\/ecosir.com\/fr\/#webpage\",\"url\":\"https:\/\/ecosir.com\/fr\/\",\"name\":\"Page d'accueil - Ecosir\",\"isPartOf\":{\"@id\":\"https:\/\/ecosir.com\/#website\"},\"datePublished\":\"2024-05-27T08:25:33+00:00\",\"dateModified\":\"2026-04-16T04:37:05+00:00\",\"description\":\"La gamme de syst\\u00e8mes PWCS comprend un certain nombre de solutions de transfert sous vide automatis\\u00e9 pour les d\\u00e9chets et le linge. Depuis 1987, nous avons livr\\u00e9 plus de 100\\u00a0syst\\u00e8mes de transfert de d\\u00e9chets \\u00e0 grande \\u00e9chelle et pr\\u00e8s de 1\\u00a0000\\u00a0syst\\u00e8mes sous vide \\u00e0 plus petite \\u00e9chelle.\",\"breadcrumb\":{\"@id\":\"https:\/\/ecosir.com\/fr\/#breadcrumb\"},\"inLanguage\":\"fr-FR\",\"potentialAction\":[{\"@type\":\"ReadAction\",\"target\":[\"https:\/\/ecosir.com\/fr\/\"]}]},{\"@type\":\"BreadcrumbList\",\"@id\":\"https:\/\/ecosir.com\/fr\/#breadcrumb\",\"itemListElement\":[{\"@type\":\"ListItem\",\"position\":1,\"item\":{\"@type\":\"WebPage\",\"@id\":\"https:\/\/ecosir.com\/fr\/\",\"url\":\"https:\/\/ecosir.com\/fr\/\",\"name\":\"Home\"}},{\"@type\":\"ListItem\",\"position\":2,\"item\":{\"@type\":\"WebPage\",\"@id\":\"https:\/\/ecosir.com\/fr\/\",\"url\":\"https:\/\/ecosir.com\/fr\/\",\"name\":\"Page d&#8217;accueil\"}}]}]}<\/script>\n<!-- \/ Yoast SEO plugin. -->","_links":{"self":[{"href":"https:\/\/ecosir.com\/fr\/wp-json\/wp\/v2\/pages\/1861"}],"collection":[{"href":"https:\/\/ecosir.com\/fr\/wp-json\/wp\/v2\/pages"}],"about":[{"href":"https:\/\/ecosir.com\/fr\/wp-json\/wp\/v2\/types\/page"}],"author":[{"embeddable":true,"href":"https:\/\/ecosir.com\/fr\/wp-json\/wp\/v2\/users\/2"}],"replies":[{"embeddable":true,"href":"https:\/\/ecosir.com\/fr\/wp-json\/wp\/v2\/comments?post=1861"}],"version-history":[{"count":15,"href":"https:\/\/ecosir.com\/fr\/wp-json\/wp\/v2\/pages\/1861\/revisions"}],"predecessor-version":[{"id":2480,"href":"https:\/\/ecosir.com\/fr\/wp-json\/wp\/v2\/pages\/1861\/revisions\/2480"}],"wp:attachment":[{"href":"https:\/\/ecosir.com\/fr\/wp-json\/wp\/v2\/media?parent=1861"}],"curies":[{"name":"wp","href":"https:\/\/api.w.org\/{rel}","templated":true}]}}