{"id":1867,"date":"2024-05-27T08:25:34","date_gmt":"2024-05-27T08:25:34","guid":{"rendered":"https:\/\/ecosir.com\/ecosir-group\/"},"modified":"2026-02-27T09:33:35","modified_gmt":"2026-02-27T09:33:35","slug":"ecosir-group","status":"publish","type":"page","link":"https:\/\/ecosir.com\/fr\/ecosir-group\/","title":{"rendered":"Ecosir Group"},"content":{"rendered":"\n<p><\/p>\n\n\n\n<div class=\"block block-contact-information\">\n            <div class=\"contact\">\n        <div class=\"header\" >\n                        <h2>VENTES ET MARKETING<\/h2>\n                    <\/div>\n        \n                <div class=\"content\"><p><strong><span class=\"henkilokunta-nimi\">Sami Ojamo<br \/>\n<\/span><\/strong><span class=\"henkilokunta-lisatiedot-1\">Responsable des Ventes<br \/>\nInternational<\/p>\n<p><span class=\"henkilokunta-lisatiedot-1\">\u00a0<\/span><\/p>\n<p><span class=\"henkilokunta-lisatiedot-2\"><a href=\"tel:+358 20 729 0300\">+358 20 729 0300<\/a><br \/>\n<a href=\"tel:+358 50 349 4070\">+358 50 349 4070<\/a><\/span><br \/>\n<a href=\"mailto:sami.ojamo@ecosir.com\">sami.ojamo@ecosir.com<\/a><\/p>\n<\/div>\n            <\/div>\n        <div class=\"contact\">\n        <div class=\"header invisible\" aria-hidden=\"true\">\n                        <h2>VENTES ET MARKETING<\/h2>\n                    <\/div>\n        \n                <div class=\"content\"><p><strong><span class=\"henkilokunta-nimi\">Jarno P\u00e4\u00e4j\u00e4rvi<br \/>\n<\/span><\/strong><span class=\"henkilokunta-lisatiedot-1\">Ventes<br \/>\nFrance, Espagne, Portugal, Italie, Royaume-Uni, Benelux, Singapour, Australie\u00a0et Cor\u00e9e du Sud<\/span><\/p>\n<p><a href=\"tel:+358 50 439 0916\"><span class=\"henkilokunta-lisatiedot-2\">+358 50 439 0916<\/span><\/a><br \/>\n<a href=\"mailto:jarno.paajarvi@ecosir.com\">jarno.paajarvi@ecosir.com<\/a><\/p>\n<\/div>\n            <\/div>\n        <div class=\"contact\">\n        <div class=\"header invisible\" aria-hidden=\"true\">\n                        <h2>VENTES ET MARKETING<\/h2>\n                    <\/div>\n        \n                <div class=\"content\"><p><strong><span class=\"henkilokunta-nimi\">Juhani Ojala<br \/>\n<\/span><\/strong>Ventes<br \/>\nMoyen-Orient et Inde<\/p>\n<p><span class=\"henkilokunta-lisatiedot-2\"><a href=\"tel:+358 20 729 0309\">+358 20 729 0309<\/a><br \/>\n<a href=\"tel:+358 40 533 2344\">+358 40 533 2344<\/a><br \/>\n<a href=\"mailto:juhani.ojala@ecosir.com\">juhani.ojala@ecosir.com<\/a><\/span><\/p>\n<\/div>\n            <\/div>\n        <div class=\"contact\">\n        <div class=\"header\" >\n                    <\/div>\n        \n                <div class=\"content\"><p><strong><span class=\"henkilokunta-nimi\">Henrik Ramstedt<br \/>\n<\/span><\/strong>Ventes<br \/>\nScandinavie<\/p>\n<p><a href=\"tel:+358 50 565 8887\"><span class=\"henkilokunta-lisatiedot-2\">+358 50 565 8887<\/span><\/a><br \/>\n<a href=\"mailto:jarno.paajarvi@ecosir.com\">henrik.ramstedt@ecosir.com<\/a><\/p>\n<\/div>\n            <\/div>\n        <div class=\"contact\">\n        <div class=\"header\" >\n                    <\/div>\n        \n                <div class=\"content\"><p><strong>Informations\u00a0:<\/strong><\/p>\n<p><span class=\"henkilokunta-lisatiedot-1\"><a href=\"mailto:pr\u00e9nom.nom@ecosir.com\">firstname.lastname@ecosir.com<\/a><br \/>\n<\/span><a href=\"http:\/\/pr\u00e9nom.nom@ecosir.com\">sales@ecosir.com<\/a><\/p>\n<\/div>\n            <\/div>\n        <div class=\"contact\">\n        <div class=\"header invisible\" aria-hidden=\"true\">\n                        <h2>VENTES ET MARKETING<\/h2>\n                    <\/div>\n        \n            <\/div>\n        <div class=\"contact\">\n        <div class=\"header\" >\n                        <h2>PROJETS ET TECHNOLOGIE<\/h2>\n                    <\/div>\n        \n                <div class=\"content\"><p><strong><span class=\"henkilokunta-nimi\">Marko Sev\u00f3n<br \/>\n<\/span><\/strong>Technologie et op\u00e9rations<\/p>\n<p><span class=\"henkilokunta-lisatiedot-2\"><a href=\"tel:+358 20 729 0303\">+358 20 729 0303<\/a><br \/>\n<a href=\"tel:+358 400 714 171\">+358 400 714 171<\/a><\/span><\/p>\n<\/div>\n            <\/div>\n        <div class=\"contact\">\n        <div class=\"header invisible\" aria-hidden=\"true\">\n                        <h2>PROJETS ET TECHNOLOGIE<\/h2>\n                    <\/div>\n        \n                <div class=\"content\"><p><strong><span class=\"henkilokunta-nimi\">Janne Lukka<br \/>\n<\/span><\/strong><span class=\"henkilokunta-lisatiedot-1\">Projets<\/span><\/p>\n<p><span class=\"henkilokunta-lisatiedot-2\"><a href=\"tel:+358 20 729 0302\">+358 20 729 0302<\/a><br \/>\n<a href=\"tel:+358 44 571 3857\">+358 44 571 3857<\/a><\/span><\/p>\n<\/div>\n            <\/div>\n        <div class=\"contact hide-on-mobile\">\n        <div class=\"header\" >\n                    <\/div>\n        \n            <\/div>\n        <div class=\"contact\">\n        <div class=\"header\" >\n                    <\/div>\n        \n                <div class=\"content\"><p><strong><span class=\"henkilokunta-nimi\">Sampo Tuominen<br \/>\n<\/span><\/strong><span class=\"henkilokunta-lisatiedot-1\">Projets<\/span><\/p>\n<p><a href=\"tel:+358 400 378 734\"><span class=\"henkilokunta-lisatiedot-2\">+358 400 378 734<\/span><\/a><\/p>\n<\/div>\n            <\/div>\n        <div class=\"contact\">\n        <div class=\"header\" >\n                    <\/div>\n        \n                <div class=\"content\"><p><strong><span class=\"henkilokunta-nimi\">Sampo Heininen<br \/>\n<\/span><\/strong><span class=\"henkilokunta-lisatiedot-1\">Projects<\/span><\/p>\n<p><a href=\"tel:+358 40 835 7445\">+358 40 835 7445<\/a><\/span><\/p>\n<\/div>\n            <\/div>\n        <div class=\"contact\">\n        <div class=\"header\" >\n                    <\/div>\n        \n                <div class=\"content\"><p><strong><span class=\"henkilokunta-nimi\">Antti Somero<br \/>\n<\/span><\/strong><span class=\"henkilokunta-lisatiedot-1\">Projet \/ service<\/span><\/p>\n<p><a href=\"tel:+358 50 471 3454\"><span class=\"henkilokunta-lisatiedot-2\">+358 50 471 3454<\/span><\/a><\/p>\n<\/div>\n            <\/div>\n        <div class=\"contact\">\n        <div class=\"header invisible\" aria-hidden=\"true\">\n                        <h2>Projects and technology<\/h2>\n                    <\/div>\n        \n            <\/div>\n        <div class=\"contact\">\n        <div class=\"header\" >\n                        <h2>Services<\/h2>\n                    <\/div>\n        \n                <div class=\"content\"><p><strong>Informations\u00a0:<\/strong><\/p>\n<p><a href=\"mailto:info@ecosir.com\"><span class=\"henkilokunta-lisatiedot-1\">info@ecosir.com<\/span><\/a><\/p>\n<p><\/span><span class=\"henkilokunta-lisatiedot-2\"><a href=\"tel:+358 20 729 0300\">+358 20 729 0300<\/a><br \/>\n<\/span><\/p>\n<\/div>\n            <\/div>\n        <div class=\"contact\">\n        <div class=\"header invisible\" aria-hidden=\"true\">\n                        <h2>Services<\/h2>\n                    <\/div>\n        \n            <\/div>\n        <div class=\"contact\">\n        <div class=\"header invisible\" aria-hidden=\"true\">\n                        <h2>Services<\/h2>\n                    <\/div>\n        \n            <\/div>\n        <div class=\"contact\">\n        <div class=\"header\" >\n                        <h2>DIRECTION, ADMINISTRATION ET FINANCES<\/h2>\n                    <\/div>\n        \n                <div class=\"content\"><p><strong><span class=\"henkilokunta-nimi\">Sami Ojamo<br \/>\n<\/span><\/strong><span class=\"henkilokunta-lisatiedot-1\">PDG<\/span><\/p>\n<p><span class=\"henkilokunta-lisatiedot-2\"><a href=\"tel:+358 20 729 0300\">+358 20 729 0300<\/a><br \/>\n<a href=\"tel:+358 50 349 4070\">+358 50 349 4070<\/a><\/span><\/p>\n<\/div>\n            <\/div>\n        <div class=\"contact\">\n        <div class=\"header invisible\" aria-hidden=\"true\">\n                        <h2>DIRECTION, ADMINISTRATION ET FINANCES<\/h2>\n                    <\/div>\n        \n                <div class=\"content\"><p><strong><span class=\"henkilokunta-nimi\">Minna Kuivalainen<br \/>\n<\/span><\/strong>Administration et comptabilit\u00e9<\/p>\n<p><span class=\"henkilokunta-lisatiedot-2\"><a href=\"tel:+358 20 729 0310\">+358 20 729 0310<\/a><br \/>\n<a href=\"tel:+358 400 940 296\">+358 400 940 296<\/a><\/span><\/p>\n<\/div>\n            <\/div>\n        <div class=\"contact hide-on-mobile\">\n        <div class=\"header\" >\n                    <\/div>\n        \n            <\/div>\n        <div class=\"contact\">\n        <div class=\"header\" >\n                        <h2>SI\u00c8GE SOCIAL \/ OP\u00c9RATIONS<\/h2>\n                    <\/div>\n        \n                <div class=\"content\"><p><strong>ECOSIR GROUP<\/strong><br \/>\nRuukinmestarintie 12<br \/>\n02330 Espoo<br \/>\nFinlande<\/p>\n<p><a href=\"tel:+358 20 729 0300\">+358 20 729 0300<\/a><br \/>\n<a href=\"mailto:info@ecosir.com\">info@ecosir.com<\/a><\/p>\n<p>N\u00b0 de TVA FI26832817<\/p>\n<p>pr\u00e9nom.nom@ecosir.com<\/p>\n<\/div>\n            <\/div>\n        <div class=\"contact\">\n        <div class=\"header\" >\n                        <h2>Adresse de facturation<\/h2>\n                    <\/div>\n        \n                <div class=\"content\"><p><strong>ECOSIR GROUP<\/strong><br \/>\nRuukinmestarintie 12<br \/>\n02330 Espoo<br \/>\nFinlande<\/p>\n<\/div>\n            <\/div>\n        <\/div>\n\n\n<p><\/p>\n","protected":false},"excerpt":{"rendered":"","protected":false},"author":1,"featured_media":0,"parent":0,"menu_order":0,"comment_status":"closed","ping_status":"closed","template":"","meta":{"_relevanssi_hide_post":"","_relevanssi_pin_for_all":"","_relevanssi_pin_keywords":"","_relevanssi_unpin_keywords":"","_relevanssi_related_keywords":"","_relevanssi_related_include_ids":"","_relevanssi_related_exclude_ids":"","_relevanssi_related_no_append":"","_relevanssi_related_not_related":"","_relevanssi_related_posts":"","_relevanssi_noindex_reason":""},"yoast_head":"<!-- This site is optimized with the Yoast SEO plugin v15.4 - https:\/\/yoast.com\/wordpress\/plugins\/seo\/ -->\n<title>Ecosir Group - Ecosir<\/title>\n<meta name=\"description\" content=\"Le si\u00e8ge social et les activit\u00e9s de l&#039;entreprise se situent \u00e0 Espoo, en Finlande. Administration\/projets \u00e0 Tampere, en Finlande. Ecosir Group emploie environ 200\u00a0personnes par le biais de son r\u00e9seau de partenaires.\" \/>\n<meta name=\"robots\" content=\"index, follow, max-snippet:-1, max-image-preview:large, max-video-preview:-1\" \/>\n<link rel=\"canonical\" href=\"https:\/\/ecosir.com\/fr\/ecosir-group\/\" \/>\n<meta property=\"og:locale\" content=\"fr_FR\" \/>\n<meta property=\"og:type\" content=\"article\" \/>\n<meta property=\"og:title\" content=\"Ecosir Group - Ecosir\" \/>\n<meta property=\"og:description\" content=\"Le si\u00e8ge social et les activit\u00e9s de l&#039;entreprise se situent \u00e0 Espoo, en Finlande. Administration\/projets \u00e0 Tampere, en Finlande. Ecosir Group emploie environ 200\u00a0personnes par le biais de son r\u00e9seau de partenaires.\" \/>\n<meta property=\"og:url\" content=\"https:\/\/ecosir.com\/fr\/ecosir-group\/\" \/>\n<meta property=\"og:site_name\" content=\"Ecosir\" \/>\n<meta property=\"article:modified_time\" content=\"2026-02-27T09:33:35+00:00\" \/>\n<meta property=\"og:image\" content=\"https:\/\/ecosir.com\/wp-content\/uploads\/2020\/11\/nosto-city-environment.jpg\" \/>\n\t<meta property=\"og:image:width\" content=\"730\" \/>\n\t<meta property=\"og:image:height\" content=\"420\" \/>\n<meta name=\"twitter:card\" content=\"summary_large_image\" \/>\n<meta name=\"twitter:label1\" content=\"\u00c9crit par\">\n\t<meta name=\"twitter:data1\" content=\"into-digital\">\n\t<meta name=\"twitter:label2\" content=\"Dur\u00e9e de lecture est.\">\n\t<meta name=\"twitter:data2\" content=\"0 minute\">\n<script type=\"application\/ld+json\" class=\"yoast-schema-graph\">{\"@context\":\"https:\/\/schema.org\",\"@graph\":[{\"@type\":\"WebSite\",\"@id\":\"https:\/\/ecosir.com\/#website\",\"url\":\"https:\/\/ecosir.com\/\",\"name\":\"Ecosir\",\"description\":\"Automated waste and laundry collection systems \",\"potentialAction\":[{\"@type\":\"SearchAction\",\"target\":\"https:\/\/ecosir.com\/?s={search_term_string}\",\"query-input\":\"required name=search_term_string\"}],\"inLanguage\":\"fr-FR\"},{\"@type\":\"WebPage\",\"@id\":\"https:\/\/ecosir.com\/fr\/ecosir-group\/#webpage\",\"url\":\"https:\/\/ecosir.com\/fr\/ecosir-group\/\",\"name\":\"Ecosir Group - Ecosir\",\"isPartOf\":{\"@id\":\"https:\/\/ecosir.com\/#website\"},\"datePublished\":\"2024-05-27T08:25:34+00:00\",\"dateModified\":\"2026-02-27T09:33:35+00:00\",\"description\":\"Le si\\u00e8ge social et les activit\\u00e9s de l'entreprise se situent \\u00e0 Espoo, en Finlande. Administration\/projets \\u00e0 Tampere, en Finlande. Ecosir Group emploie environ 200\\u00a0personnes par le biais de son r\\u00e9seau de partenaires.\",\"breadcrumb\":{\"@id\":\"https:\/\/ecosir.com\/fr\/ecosir-group\/#breadcrumb\"},\"inLanguage\":\"fr-FR\",\"potentialAction\":[{\"@type\":\"ReadAction\",\"target\":[\"https:\/\/ecosir.com\/fr\/ecosir-group\/\"]}]},{\"@type\":\"BreadcrumbList\",\"@id\":\"https:\/\/ecosir.com\/fr\/ecosir-group\/#breadcrumb\",\"itemListElement\":[{\"@type\":\"ListItem\",\"position\":1,\"item\":{\"@type\":\"WebPage\",\"@id\":\"https:\/\/ecosir.com\/fr\/\",\"url\":\"https:\/\/ecosir.com\/fr\/\",\"name\":\"Home\"}},{\"@type\":\"ListItem\",\"position\":2,\"item\":{\"@type\":\"WebPage\",\"@id\":\"https:\/\/ecosir.com\/fr\/ecosir-group\/\",\"url\":\"https:\/\/ecosir.com\/fr\/ecosir-group\/\",\"name\":\"Ecosir Group\"}}]}]}<\/script>\n<!-- \/ Yoast SEO plugin. -->","_links":{"self":[{"href":"https:\/\/ecosir.com\/fr\/wp-json\/wp\/v2\/pages\/1867"}],"collection":[{"href":"https:\/\/ecosir.com\/fr\/wp-json\/wp\/v2\/pages"}],"about":[{"href":"https:\/\/ecosir.com\/fr\/wp-json\/wp\/v2\/types\/page"}],"author":[{"embeddable":true,"href":"https:\/\/ecosir.com\/fr\/wp-json\/wp\/v2\/users\/1"}],"replies":[{"embeddable":true,"href":"https:\/\/ecosir.com\/fr\/wp-json\/wp\/v2\/comments?post=1867"}],"version-history":[{"count":14,"href":"https:\/\/ecosir.com\/fr\/wp-json\/wp\/v2\/pages\/1867\/revisions"}],"predecessor-version":[{"id":2441,"href":"https:\/\/ecosir.com\/fr\/wp-json\/wp\/v2\/pages\/1867\/revisions\/2441"}],"wp:attachment":[{"href":"https:\/\/ecosir.com\/fr\/wp-json\/wp\/v2\/media?parent=1867"}],"curies":[{"name":"wp","href":"https:\/\/api.w.org\/{rel}","templated":true}]}}