{"id":1869,"date":"2024-05-27T08:25:35","date_gmt":"2024-05-27T08:25:35","guid":{"rendered":"https:\/\/ecosir.com\/terms-of-use-privacy-policy\/"},"modified":"2024-05-27T10:10:59","modified_gmt":"2024-05-27T10:10:59","slug":"terms-of-use-privacy-policy","status":"publish","type":"page","link":"https:\/\/ecosir.com\/fr\/terms-of-use-privacy-policy\/","title":{"rendered":"Conditions d&rsquo;utilisation et politique de confidentialit\u00e9"},"content":{"rendered":"\n<p>Chez Ecosir Group, nous respectons les dispositions du RGPD, tout particuli\u00e8rement lorsque nous traitons vos donn\u00e9es personnelles. Nous tenons \u00e0 ce que vous sachiez qu&rsquo;Ecosir Group traite vos informations et \u00e0 vous indiquer pourquoi et comment vos donn\u00e9es sont trait\u00e9es.<\/p>\n\n<p>Comme indiqu\u00e9 pr\u00e9c\u00e9demment, Ecosir Group s&rsquo;efforce en permanence de traiter vos donn\u00e9es \u00e0 caract\u00e8re personnel uniquement dans le respect de la l\u00e9gislation applicable et a donc pr\u00e9par\u00e9 ses fonctions, ses r\u00e8gles et son organisation pour se conformer aux r\u00e8gles du RGPD de l&rsquo;UE depuis le 25\u00a0mai\u00a02018.<\/p>\n\n<p>Nous avons revu nos politiques concernant le traitement des donn\u00e9es personnelles de nos clients, de nos clients potentiels et de nos autres partenaires commerciaux afin de mieux r\u00e9pondre aux nouvelles exigences pr\u00e9vues par le r\u00e8glement. Pour plus d&rsquo;informations sur la mani\u00e8re dont nous collectons, stockons, utilisons et traitons vos donn\u00e9es \u00e0 caract\u00e8re personnel, veuillez consulter la description mise \u00e0 jour ci-dessous\u00a0:<\/p>\n\n<p>Lorsque vous utilisez nos services, nos pages Web et nos services d&rsquo;information, nous pouvons collecter votre nom, votre adresse Web et vos coordonn\u00e9es t\u00e9l\u00e9phoniques \u00e0 des fins de service. Ces informations peuvent \u00eatre utilis\u00e9es \u00e0 des fins marketing ou pour vous contacter, mais aussi sur LinkedIn, Twitter et d&rsquo;autres services pour fournir des informations actualis\u00e9es sur les produits et les services.<\/p>\n\n<p>Nous fournissons ces informations de mani\u00e8re publique bien avant l&rsquo;entr\u00e9e en vigueur de la loi et les versions mises \u00e0 jour peuvent \u00eatre consult\u00e9es sur notre page Web. Il est possible d&rsquo;obtenir des informations suppl\u00e9mentaires sur demande en envoyant un e-mail \u00e0 <a href=\"mailto:info@ecosir.com\">info@ecosir.com<\/a><\/p>\n\n<p>En utilisant nos pages Web et nos services, vous acceptez les conditions. Si vous souhaitez obtenir de plus amples informations ou si vous voulez supprimer vos donn\u00e9es personnelles, veuillez envoyer un e-mail \u00e0 <a href=\"mailto:info@ecosir.com\">info@ecosir.com<\/a><\/p>\n\n<p>Si vous avez des questions sur la fa\u00e7on dont nous traitons vos donn\u00e9es personnelles, vous pouvez nous contacter \u00e0 l&rsquo;adresse <a href=\"mailto:info@ecosir,.com\">info@ecosir.com<\/a><\/p>\n","protected":false},"excerpt":{"rendered":"<p>Chez Ecosir Group, nous respectons les dispositions du RGPD, tout particuli\u00e8rement lorsque nous traitons vos&hellip;<\/p>\n","protected":false},"author":2,"featured_media":0,"parent":0,"menu_order":0,"comment_status":"closed","ping_status":"closed","template":"","meta":{"_relevanssi_hide_post":"","_relevanssi_pin_for_all":"","_relevanssi_pin_keywords":"","_relevanssi_unpin_keywords":"","_relevanssi_related_keywords":"","_relevanssi_related_include_ids":"","_relevanssi_related_exclude_ids":"","_relevanssi_related_no_append":"","_relevanssi_related_not_related":"","_relevanssi_related_posts":"","_relevanssi_noindex_reason":""},"yoast_head":"<!-- This site is optimized with the Yoast SEO plugin v15.4 - https:\/\/yoast.com\/wordpress\/plugins\/seo\/ -->\n<title>Conditions d&#039;utilisation et politique de confidentialit\u00e9 - Ecosir<\/title>\n<meta name=\"robots\" content=\"index, follow, max-snippet:-1, max-image-preview:large, max-video-preview:-1\" \/>\n<link rel=\"canonical\" href=\"https:\/\/ecosir.com\/fr\/terms-of-use-privacy-policy\/\" \/>\n<meta property=\"og:locale\" content=\"fr_FR\" \/>\n<meta property=\"og:type\" content=\"article\" \/>\n<meta property=\"og:title\" content=\"Conditions d&#039;utilisation et politique de confidentialit\u00e9 - Ecosir\" \/>\n<meta property=\"og:description\" content=\"Chez Ecosir Group, nous respectons les dispositions du RGPD, tout particuli\u00e8rement lorsque nous traitons vos&hellip;\" \/>\n<meta property=\"og:url\" content=\"https:\/\/ecosir.com\/fr\/terms-of-use-privacy-policy\/\" \/>\n<meta property=\"og:site_name\" content=\"Ecosir\" \/>\n<meta property=\"article:modified_time\" content=\"2024-05-27T10:10:59+00:00\" \/>\n<meta property=\"og:image\" content=\"https:\/\/ecosir.com\/wp-content\/uploads\/2020\/11\/nosto-city-environment.jpg\" \/>\n\t<meta property=\"og:image:width\" content=\"730\" \/>\n\t<meta property=\"og:image:height\" content=\"420\" \/>\n<meta name=\"twitter:card\" content=\"summary_large_image\" \/>\n<meta name=\"twitter:label1\" content=\"\u00c9crit par\">\n\t<meta name=\"twitter:data1\" content=\"Jani Kukkonen\">\n\t<meta name=\"twitter:label2\" content=\"Dur\u00e9e de lecture est.\">\n\t<meta name=\"twitter:data2\" content=\"1 minute\">\n<script type=\"application\/ld+json\" class=\"yoast-schema-graph\">{\"@context\":\"https:\/\/schema.org\",\"@graph\":[{\"@type\":\"WebSite\",\"@id\":\"https:\/\/ecosir.com\/#website\",\"url\":\"https:\/\/ecosir.com\/\",\"name\":\"Ecosir\",\"description\":\"Automated waste and laundry collection systems \",\"potentialAction\":[{\"@type\":\"SearchAction\",\"target\":\"https:\/\/ecosir.com\/?s={search_term_string}\",\"query-input\":\"required name=search_term_string\"}],\"inLanguage\":\"fr-FR\"},{\"@type\":\"WebPage\",\"@id\":\"https:\/\/ecosir.com\/fr\/terms-of-use-privacy-policy\/#webpage\",\"url\":\"https:\/\/ecosir.com\/fr\/terms-of-use-privacy-policy\/\",\"name\":\"Conditions d'utilisation et politique de confidentialit\\u00e9 - Ecosir\",\"isPartOf\":{\"@id\":\"https:\/\/ecosir.com\/#website\"},\"datePublished\":\"2024-05-27T08:25:35+00:00\",\"dateModified\":\"2024-05-27T10:10:59+00:00\",\"breadcrumb\":{\"@id\":\"https:\/\/ecosir.com\/fr\/terms-of-use-privacy-policy\/#breadcrumb\"},\"inLanguage\":\"fr-FR\",\"potentialAction\":[{\"@type\":\"ReadAction\",\"target\":[\"https:\/\/ecosir.com\/fr\/terms-of-use-privacy-policy\/\"]}]},{\"@type\":\"BreadcrumbList\",\"@id\":\"https:\/\/ecosir.com\/fr\/terms-of-use-privacy-policy\/#breadcrumb\",\"itemListElement\":[{\"@type\":\"ListItem\",\"position\":1,\"item\":{\"@type\":\"WebPage\",\"@id\":\"https:\/\/ecosir.com\/fr\/\",\"url\":\"https:\/\/ecosir.com\/fr\/\",\"name\":\"Home\"}},{\"@type\":\"ListItem\",\"position\":2,\"item\":{\"@type\":\"WebPage\",\"@id\":\"https:\/\/ecosir.com\/fr\/terms-of-use-privacy-policy\/\",\"url\":\"https:\/\/ecosir.com\/fr\/terms-of-use-privacy-policy\/\",\"name\":\"Conditions d&rsquo;utilisation et politique de confidentialit\\u00e9\"}}]}]}<\/script>\n<!-- \/ Yoast SEO plugin. -->","_links":{"self":[{"href":"https:\/\/ecosir.com\/fr\/wp-json\/wp\/v2\/pages\/1869"}],"collection":[{"href":"https:\/\/ecosir.com\/fr\/wp-json\/wp\/v2\/pages"}],"about":[{"href":"https:\/\/ecosir.com\/fr\/wp-json\/wp\/v2\/types\/page"}],"author":[{"embeddable":true,"href":"https:\/\/ecosir.com\/fr\/wp-json\/wp\/v2\/users\/2"}],"replies":[{"embeddable":true,"href":"https:\/\/ecosir.com\/fr\/wp-json\/wp\/v2\/comments?post=1869"}],"version-history":[{"count":5,"href":"https:\/\/ecosir.com\/fr\/wp-json\/wp\/v2\/pages\/1869\/revisions"}],"predecessor-version":[{"id":1967,"href":"https:\/\/ecosir.com\/fr\/wp-json\/wp\/v2\/pages\/1869\/revisions\/1967"}],"wp:attachment":[{"href":"https:\/\/ecosir.com\/fr\/wp-json\/wp\/v2\/media?parent=1869"}],"curies":[{"name":"wp","href":"https:\/\/api.w.org\/{rel}","templated":true}]}}