{"id":1871,"date":"2024-05-27T08:25:36","date_gmt":"2024-05-27T08:25:36","guid":{"rendered":"https:\/\/ecosir.com\/quality-and-responsible-care-policy\/"},"modified":"2025-11-04T17:01:24","modified_gmt":"2025-11-04T17:01:24","slug":"quality-and-responsible-care-policy","status":"publish","type":"page","link":"https:\/\/ecosir.com\/fr\/quality-and-responsible-care-policy\/","title":{"rendered":"Politique d\u2019Ecosir Group"},"content":{"rendered":"\n<div class=\"wp-block-columns\">\n<div class=\"wp-block-column\" style=\"flex-basis:66.66%\">\n<p id=\"block-493ceca7-a16d-4d2a-8ca1-0af0be3555d3\">Chez Ecosir Group, nous nous engageons \u00e0 fournir des solutions durables et de haute qualit\u00e9 qui aident nos clients \u00e0 atteindre une efficacit\u00e9 op\u00e9rationnelle dans la gestion des d\u00e9chets et la responsabilit\u00e9 environnementale. Notre politique repose sur les principes suivants:<\/p>\n\n\n\n<p><strong>Orientation client<\/strong><br>Nous nous concentrons sur la compr\u00e9hension et la satisfaction des besoins de nos clients gr\u00e2ce \u00e0 des solutions personnalis\u00e9es et un service fiable.<\/p>\n\n\n\n<p><strong>Apprentissage continu<\/strong><br>Nous favorisons une culture d\u2019innovation et de d\u00e9veloppement pour rester \u00e0 la pointe de la technologie et de l\u2019excellence du service.<\/p>\n\n\n\n<p><strong>Excellence financi\u00e8re et op\u00e9rationnelle<\/strong><br>Nos syst\u00e8mes sont con\u00e7us pour am\u00e9liorer les co\u00fbts d\u2019exploitation de nos clients gr\u00e2ce \u00e0 des solutions de transfert de d\u00e9chets et de linge hautement efficaces, assurant un d\u00e9placement s\u00fbr, hygi\u00e9nique et automatis\u00e9 du point d\u2019origine vers la collecte centrale.<\/p>\n\n\n\n<p><strong>Gestion des risques<\/strong><br>Nous identifions et att\u00e9nuons les risques de mani\u00e8re proactive afin d\u2019assurer des op\u00e9rations s\u00fbres, conformes et ininterrompues.<\/p>\n\n\n\n<h4><strong>Responsabilit\u00e9 environnementale<\/strong><\/h4>\n\n\n\n<p><br>Nous r\u00e9duisons notre empreinte \u00e9cologique en:<\/p>\n\n\n\n<ul><li>Promouvant le recyclage et la gestion s\u00e9curis\u00e9e des d\u00e9chets via nos syst\u00e8mes automatis\u00e9s.<\/li><li>Soutenant le d\u00e9veloppement durable par des mises \u00e0 jour de syst\u00e8mes et une utilisation \u00e0 long terme via des contrats de maintenance.<\/li><\/ul>\n\n\n\n<p>Nous op\u00e9rons en pleine conformit\u00e9 avec les normes ISO 9001 (gestion de la qualit\u00e9) et ISO 14001 (gestion environnementale), et respectons toutes les obligations l\u00e9gales et r\u00e9glementaires applicables.<\/p>\n\n\n\n<p>Nous collaborons avec des partenaires de premier plan qui partagent notre engagement envers la qualit\u00e9, l\u2019innovation et la durabilit\u00e9.<\/p>\n\n\n\n<p>Espoo<br>Le 8&nbsp;septembre&nbsp;2025<\/p>\n\n\n\n<p>Sami Ojamo, PDG et<br>Marko Sevon, Directeur technique<\/p>\n<\/div>\n\n\n\n<div class=\"wp-block-column\" style=\"flex-basis:33.33%\">\n<div class=\"block block-download-files\">\n        <h2 class=\"block-title\">Downloads<\/h2>\n        <ul class=\"file-list\">\n                        <li class=\"file\">\n            <a href=\"https:\/\/ecosir.com\/wp-content\/uploads\/2022\/03\/SUPPLIERS_AND_SERVICE_PROVIDERS_EVALUATION_FORMULA.pdf\" download>\n                <span class=\"file-name\">Suppliers and service providers evaluation formula<\/span>\n                <span class=\"sub-type pdf\">pdf<\/span>\n                <span class=\"file-size\">(74.19 kb)<\/span>\n            <\/a>\n        <\/li>\n                            <\/ul>\n<\/div>\n\n\n<h5><\/h5>\n\n\n\n<div class=\"block block-download-files\">\n        <ul class=\"file-list\">\n                        <li class=\"file\">\n            <a href=\"https:\/\/ecosir.com\/wp-content\/uploads\/2022\/10\/General-warranty-terms-_Ecosir-Group-10.10.2022.pdf\" download>\n                <span class=\"file-name\">General warranty terms PDF<\/span>\n                <span class=\"sub-type pdf\">pdf<\/span>\n                <span class=\"file-size\">(95.60 kb)<\/span>\n            <\/a>\n        <\/li>\n                            <\/ul>\n<\/div><\/div>\n<\/div>\n","protected":false},"excerpt":{"rendered":"<p>Chez Ecosir Group, nous nous engageons \u00e0 fournir des solutions durables et de haute qualit\u00e9&hellip;<\/p>\n","protected":false},"author":2,"featured_media":0,"parent":0,"menu_order":0,"comment_status":"closed","ping_status":"closed","template":"","meta":{"_relevanssi_hide_post":"","_relevanssi_pin_for_all":"","_relevanssi_pin_keywords":"","_relevanssi_unpin_keywords":"","_relevanssi_related_keywords":"","_relevanssi_related_include_ids":"","_relevanssi_related_exclude_ids":"","_relevanssi_related_no_append":"","_relevanssi_related_not_related":"","_relevanssi_related_posts":"","_relevanssi_noindex_reason":""},"yoast_head":"<!-- This site is optimized with the Yoast SEO plugin v15.4 - https:\/\/yoast.com\/wordpress\/plugins\/seo\/ -->\n<title>Politique d\u2019Ecosir Group - Ecosir<\/title>\n<meta name=\"description\" content=\"Nous sommes le seul fournisseur du march\u00e9 sp\u00e9cialis\u00e9 dans la technologie de transfert sous vide des d\u00e9chets hygi\u00e9nique et fluide pour la logistique des soins de sant\u00e9 et les applications relatives \u00e0 l&#039;environnement urbain.\" \/>\n<meta name=\"robots\" content=\"index, follow, max-snippet:-1, max-image-preview:large, max-video-preview:-1\" \/>\n<link rel=\"canonical\" href=\"https:\/\/ecosir.com\/fr\/quality-and-responsible-care-policy\/\" \/>\n<meta property=\"og:locale\" content=\"fr_FR\" \/>\n<meta property=\"og:type\" content=\"article\" \/>\n<meta property=\"og:title\" content=\"Politique d\u2019Ecosir Group - Ecosir\" \/>\n<meta property=\"og:description\" content=\"Nous sommes le seul fournisseur du march\u00e9 sp\u00e9cialis\u00e9 dans la technologie de transfert sous vide des d\u00e9chets hygi\u00e9nique et fluide pour la logistique des soins de sant\u00e9 et les applications relatives \u00e0 l&#039;environnement urbain.\" \/>\n<meta property=\"og:url\" content=\"https:\/\/ecosir.com\/fr\/quality-and-responsible-care-policy\/\" \/>\n<meta property=\"og:site_name\" content=\"Ecosir\" \/>\n<meta property=\"article:modified_time\" content=\"2025-11-04T17:01:24+00:00\" \/>\n<meta property=\"og:image\" content=\"https:\/\/ecosir.com\/wp-content\/uploads\/2020\/11\/nosto-city-environment.jpg\" \/>\n\t<meta property=\"og:image:width\" content=\"730\" \/>\n\t<meta property=\"og:image:height\" content=\"420\" \/>\n<meta name=\"twitter:card\" content=\"summary_large_image\" \/>\n<meta name=\"twitter:label1\" content=\"\u00c9crit par\">\n\t<meta name=\"twitter:data1\" content=\"Jani Kukkonen\">\n\t<meta name=\"twitter:label2\" content=\"Dur\u00e9e de lecture est.\">\n\t<meta name=\"twitter:data2\" content=\"1 minute\">\n<script type=\"application\/ld+json\" class=\"yoast-schema-graph\">{\"@context\":\"https:\/\/schema.org\",\"@graph\":[{\"@type\":\"WebSite\",\"@id\":\"https:\/\/ecosir.com\/#website\",\"url\":\"https:\/\/ecosir.com\/\",\"name\":\"Ecosir\",\"description\":\"Automated waste and laundry collection systems \",\"potentialAction\":[{\"@type\":\"SearchAction\",\"target\":\"https:\/\/ecosir.com\/?s={search_term_string}\",\"query-input\":\"required name=search_term_string\"}],\"inLanguage\":\"fr-FR\"},{\"@type\":\"WebPage\",\"@id\":\"https:\/\/ecosir.com\/fr\/quality-and-responsible-care-policy\/#webpage\",\"url\":\"https:\/\/ecosir.com\/fr\/quality-and-responsible-care-policy\/\",\"name\":\"Politique d\\u2019Ecosir Group - Ecosir\",\"isPartOf\":{\"@id\":\"https:\/\/ecosir.com\/#website\"},\"datePublished\":\"2024-05-27T08:25:36+00:00\",\"dateModified\":\"2025-11-04T17:01:24+00:00\",\"description\":\"Nous sommes le seul fournisseur du march\\u00e9 sp\\u00e9cialis\\u00e9 dans la technologie de transfert sous vide des d\\u00e9chets hygi\\u00e9nique et fluide pour la logistique des soins de sant\\u00e9 et les applications relatives \\u00e0 l'environnement urbain.\",\"breadcrumb\":{\"@id\":\"https:\/\/ecosir.com\/fr\/quality-and-responsible-care-policy\/#breadcrumb\"},\"inLanguage\":\"fr-FR\",\"potentialAction\":[{\"@type\":\"ReadAction\",\"target\":[\"https:\/\/ecosir.com\/fr\/quality-and-responsible-care-policy\/\"]}]},{\"@type\":\"BreadcrumbList\",\"@id\":\"https:\/\/ecosir.com\/fr\/quality-and-responsible-care-policy\/#breadcrumb\",\"itemListElement\":[{\"@type\":\"ListItem\",\"position\":1,\"item\":{\"@type\":\"WebPage\",\"@id\":\"https:\/\/ecosir.com\/fr\/\",\"url\":\"https:\/\/ecosir.com\/fr\/\",\"name\":\"Home\"}},{\"@type\":\"ListItem\",\"position\":2,\"item\":{\"@type\":\"WebPage\",\"@id\":\"https:\/\/ecosir.com\/fr\/quality-and-responsible-care-policy\/\",\"url\":\"https:\/\/ecosir.com\/fr\/quality-and-responsible-care-policy\/\",\"name\":\"Politique d\\u2019Ecosir Group\"}}]}]}<\/script>\n<!-- \/ Yoast SEO plugin. -->","_links":{"self":[{"href":"https:\/\/ecosir.com\/fr\/wp-json\/wp\/v2\/pages\/1871"}],"collection":[{"href":"https:\/\/ecosir.com\/fr\/wp-json\/wp\/v2\/pages"}],"about":[{"href":"https:\/\/ecosir.com\/fr\/wp-json\/wp\/v2\/types\/page"}],"author":[{"embeddable":true,"href":"https:\/\/ecosir.com\/fr\/wp-json\/wp\/v2\/users\/2"}],"replies":[{"embeddable":true,"href":"https:\/\/ecosir.com\/fr\/wp-json\/wp\/v2\/comments?post=1871"}],"version-history":[{"count":8,"href":"https:\/\/ecosir.com\/fr\/wp-json\/wp\/v2\/pages\/1871\/revisions"}],"predecessor-version":[{"id":2357,"href":"https:\/\/ecosir.com\/fr\/wp-json\/wp\/v2\/pages\/1871\/revisions\/2357"}],"wp:attachment":[{"href":"https:\/\/ecosir.com\/fr\/wp-json\/wp\/v2\/media?parent=1871"}],"curies":[{"name":"wp","href":"https:\/\/api.w.org\/{rel}","templated":true}]}}