{"id":1877,"date":"2024-05-27T08:25:37","date_gmt":"2024-05-27T08:25:37","guid":{"rendered":"https:\/\/ecosir.com\/company\/"},"modified":"2024-05-27T10:10:59","modified_gmt":"2024-05-27T10:10:59","slug":"company","status":"publish","type":"page","link":"https:\/\/ecosir.com\/fr\/company\/","title":{"rendered":"Entreprise"},"content":{"rendered":"\n<p class=\"is-style-ingress\">Ecosir Group Oy<\/p>\n\n<p>La gamme de syst\u00e8mes PWCS comprend un certain nombre de solutions de transfert sous vide automatis\u00e9 pour les d\u00e9chets et le linge.<\/p>\n\n<p>\u2022 Depuis 1987, nous avons livr\u00e9 plus de 100\u00a0syst\u00e8mes de transfert de d\u00e9chets \u00e0 grande \u00e9chelle et pr\u00e8s de 1\u00a0000\u00a0syst\u00e8mes sous vide \u00e0 plus petite \u00e9chelle.<br\/>\u2022 Nos syst\u00e8mes ont \u00e9t\u00e9 appliqu\u00e9s \u00e0 des immeubles r\u00e9sidentiels urbains, h\u00f4pitaux, centres commerciaux, b\u00e2timents universitaires et municipaux, maisons de retraite, h\u00f4tels, services de restauration et cuisines.<br\/>\u2022 Le si\u00e8ge social et les activit\u00e9s de l&rsquo;entreprise se situent \u00e0 Espoo, en Finlande. Administration\/projets \u00e0 Tampere, en Finlande. Ecosir Group emploie environ 200\u00a0personnes par le biais de son r\u00e9seau de partenaires.<br\/>\u2022 Nous traitons et livrons chaque ann\u00e9e environ 15 \u00e0 18\u00a0projets de tubes pneumatiques.<br\/>\u2022 Le march\u00e9 international est couvert par 15\u00a0partenaires locaux officiels et certifi\u00e9s avec le soutien d&rsquo;Ecosir Group.<\/p>\n","protected":false},"excerpt":{"rendered":"<p>Ecosir Group Oy La gamme de syst\u00e8mes PWCS comprend un certain nombre de solutions de&hellip;<\/p>\n","protected":false},"author":2,"featured_media":0,"parent":0,"menu_order":0,"comment_status":"closed","ping_status":"closed","template":"","meta":{"_relevanssi_hide_post":"","_relevanssi_pin_for_all":"","_relevanssi_pin_keywords":"","_relevanssi_unpin_keywords":"","_relevanssi_related_keywords":"","_relevanssi_related_include_ids":"","_relevanssi_related_exclude_ids":"","_relevanssi_related_no_append":"","_relevanssi_related_not_related":"","_relevanssi_related_posts":"","_relevanssi_noindex_reason":""},"yoast_head":"<!-- This site is optimized with the Yoast SEO plugin v15.4 - https:\/\/yoast.com\/wordpress\/plugins\/seo\/ -->\n<title>Entreprise - Ecosir<\/title>\n<meta name=\"description\" content=\"Depuis 1987, nous avons livr\u00e9 plus de 100\u00a0syst\u00e8mes de transfert de d\u00e9chets \u00e0 grande \u00e9chelle et pr\u00e8s de 1\u00a0000\u00a0syst\u00e8mes sous vide \u00e0 plus petite \u00e9chelle.\" \/>\n<meta name=\"robots\" content=\"index, follow, max-snippet:-1, max-image-preview:large, max-video-preview:-1\" \/>\n<link rel=\"canonical\" href=\"https:\/\/ecosir.com\/fr\/company\/\" \/>\n<meta property=\"og:locale\" content=\"fr_FR\" \/>\n<meta property=\"og:type\" content=\"article\" \/>\n<meta property=\"og:title\" content=\"Entreprise - Ecosir\" \/>\n<meta property=\"og:description\" content=\"Depuis 1987, nous avons livr\u00e9 plus de 100\u00a0syst\u00e8mes de transfert de d\u00e9chets \u00e0 grande \u00e9chelle et pr\u00e8s de 1\u00a0000\u00a0syst\u00e8mes sous vide \u00e0 plus petite \u00e9chelle.\" \/>\n<meta property=\"og:url\" content=\"https:\/\/ecosir.com\/fr\/company\/\" \/>\n<meta property=\"og:site_name\" content=\"Ecosir\" \/>\n<meta property=\"article:modified_time\" content=\"2024-05-27T10:10:59+00:00\" \/>\n<meta property=\"og:image\" content=\"https:\/\/ecosir.com\/wp-content\/uploads\/2020\/11\/nosto-city-environment.jpg\" \/>\n\t<meta property=\"og:image:width\" content=\"730\" \/>\n\t<meta property=\"og:image:height\" content=\"420\" \/>\n<meta name=\"twitter:card\" content=\"summary_large_image\" \/>\n<meta name=\"twitter:label1\" content=\"\u00c9crit par\">\n\t<meta name=\"twitter:data1\" content=\"Jani Kukkonen\">\n\t<meta name=\"twitter:label2\" content=\"Dur\u00e9e de lecture est.\">\n\t<meta name=\"twitter:data2\" content=\"1 minute\">\n<script type=\"application\/ld+json\" class=\"yoast-schema-graph\">{\"@context\":\"https:\/\/schema.org\",\"@graph\":[{\"@type\":\"WebSite\",\"@id\":\"https:\/\/ecosir.com\/#website\",\"url\":\"https:\/\/ecosir.com\/\",\"name\":\"Ecosir\",\"description\":\"Automated waste and laundry collection systems \",\"potentialAction\":[{\"@type\":\"SearchAction\",\"target\":\"https:\/\/ecosir.com\/?s={search_term_string}\",\"query-input\":\"required name=search_term_string\"}],\"inLanguage\":\"fr-FR\"},{\"@type\":\"WebPage\",\"@id\":\"https:\/\/ecosir.com\/fr\/company\/#webpage\",\"url\":\"https:\/\/ecosir.com\/fr\/company\/\",\"name\":\"Entreprise - Ecosir\",\"isPartOf\":{\"@id\":\"https:\/\/ecosir.com\/#website\"},\"datePublished\":\"2024-05-27T08:25:37+00:00\",\"dateModified\":\"2024-05-27T10:10:59+00:00\",\"description\":\"Depuis 1987, nous avons livr\\u00e9 plus de 100\\u00a0syst\\u00e8mes de transfert de d\\u00e9chets \\u00e0 grande \\u00e9chelle et pr\\u00e8s de 1\\u00a0000\\u00a0syst\\u00e8mes sous vide \\u00e0 plus petite \\u00e9chelle.\",\"breadcrumb\":{\"@id\":\"https:\/\/ecosir.com\/fr\/company\/#breadcrumb\"},\"inLanguage\":\"fr-FR\",\"potentialAction\":[{\"@type\":\"ReadAction\",\"target\":[\"https:\/\/ecosir.com\/fr\/company\/\"]}]},{\"@type\":\"BreadcrumbList\",\"@id\":\"https:\/\/ecosir.com\/fr\/company\/#breadcrumb\",\"itemListElement\":[{\"@type\":\"ListItem\",\"position\":1,\"item\":{\"@type\":\"WebPage\",\"@id\":\"https:\/\/ecosir.com\/fr\/\",\"url\":\"https:\/\/ecosir.com\/fr\/\",\"name\":\"Home\"}},{\"@type\":\"ListItem\",\"position\":2,\"item\":{\"@type\":\"WebPage\",\"@id\":\"https:\/\/ecosir.com\/fr\/company\/\",\"url\":\"https:\/\/ecosir.com\/fr\/company\/\",\"name\":\"Entreprise\"}}]}]}<\/script>\n<!-- \/ Yoast SEO plugin. -->","_links":{"self":[{"href":"https:\/\/ecosir.com\/fr\/wp-json\/wp\/v2\/pages\/1877"}],"collection":[{"href":"https:\/\/ecosir.com\/fr\/wp-json\/wp\/v2\/pages"}],"about":[{"href":"https:\/\/ecosir.com\/fr\/wp-json\/wp\/v2\/types\/page"}],"author":[{"embeddable":true,"href":"https:\/\/ecosir.com\/fr\/wp-json\/wp\/v2\/users\/2"}],"replies":[{"embeddable":true,"href":"https:\/\/ecosir.com\/fr\/wp-json\/wp\/v2\/comments?post=1877"}],"version-history":[{"count":5,"href":"https:\/\/ecosir.com\/fr\/wp-json\/wp\/v2\/pages\/1877\/revisions"}],"predecessor-version":[{"id":1971,"href":"https:\/\/ecosir.com\/fr\/wp-json\/wp\/v2\/pages\/1877\/revisions\/1971"}],"wp:attachment":[{"href":"https:\/\/ecosir.com\/fr\/wp-json\/wp\/v2\/media?parent=1877"}],"curies":[{"name":"wp","href":"https:\/\/api.w.org\/{rel}","templated":true}]}}