{"id":1879,"date":"2024-05-27T08:25:39","date_gmt":"2024-05-27T08:25:39","guid":{"rendered":"https:\/\/ecosir.com\/elderly-care\/"},"modified":"2024-07-16T08:21:20","modified_gmt":"2024-07-16T08:21:20","slug":"elderly-care","status":"publish","type":"page","link":"https:\/\/ecosir.com\/fr\/elderly-care\/","title":{"rendered":"Soins aux personnes \u00e2g\u00e9es"},"content":{"rendered":"\n<div class=\"wp-block-columns is-style-three-one\">\n<div class=\"wp-block-column is-vertically-aligned-top\">\n<p>Les centres de soins pour personnes \u00e2g\u00e9es doivent offrir \u00e0 leurs r\u00e9sidents des soins de qualit\u00e9 et une tranquillit\u00e9 d\u2019esprit. L&rsquo;hygi\u00e8ne et l&rsquo;air pur sont des \u00e9l\u00e9ments essentiels de leur bien-\u00eatre. \u00c9tanche et hygi\u00e9nique, le syst\u00e8me de transfert sous vide des d\u00e9chets <strong><em>CARE<\/em><\/strong>\u2122 g\u00e8re la logistique des d\u00e9chets et lib\u00e8re du temps pour les soins aux patients.<\/p>\n\n\n\n<p>Technologie <strong><em>Drop&amp;Go<\/em><\/strong>\u2122 \u2013 C&rsquo;est facile et rapide<\/p>\n\n\n\n<ul id=\"block-62660026-17b2-476f-831d-a03bbee96e45\" class=\"is-style-checklist\"><li>PLUS DE TEMPS POUR LES SOINS AUX PATIENTS<\/li><li>MEILLEURE HYGI\u00c8NE<\/li><li>EFFICACIT\u00c9 DE LA LOGISTIQUE<\/li><\/ul>\n\n\n\n<p><\/p>\n<\/div>\n\n\n\n<div class=\"wp-block-column\">\n<div class=\"block block-download-files\">\n        <h2 class=\"block-title\">Downloads<\/h2>\n        <ul class=\"file-list\">\n                        <li class=\"file\">\n            <a href=\"https:\/\/ecosir.com\/wp-content\/uploads\/2022\/10\/CARE-220.pdf\" download>\n                <span class=\"file-name\">CARE 220<\/span>\n                <span class=\"sub-type pdf\">pdf<\/span>\n                <span class=\"file-size\">(3.35 mb)<\/span>\n            <\/a>\n        <\/li>\n                            <\/ul>\n<\/div><\/div>\n<\/div>\n\n\n\n<div class=\"block block-hero-video video-container\">\n    <video autoplay loop muted controls>\n        <source src=\"https:\/\/player.vimeo.com\/external\/469729059.hd.mp4?s=dcf57276c18ebcd16762531b9532f74f95de0d8f&#038;profile_id=175\" type=\"video\/mp4\">\n    <\/video>\n<\/div>\n","protected":false},"excerpt":{"rendered":"<p>Les centres de soins pour personnes \u00e2g\u00e9es doivent offrir \u00e0 leurs r\u00e9sidents des soins de&hellip;<\/p>\n","protected":false},"author":3,"featured_media":1881,"parent":0,"menu_order":0,"comment_status":"closed","ping_status":"closed","template":"","meta":{"_relevanssi_hide_post":"","_relevanssi_pin_for_all":"","_relevanssi_pin_keywords":"","_relevanssi_unpin_keywords":"","_relevanssi_related_keywords":"","_relevanssi_related_include_ids":"","_relevanssi_related_exclude_ids":"","_relevanssi_related_no_append":"","_relevanssi_related_not_related":"","_relevanssi_related_posts":"","_relevanssi_noindex_reason":""},"yoast_head":"<!-- This site is optimized with the Yoast SEO plugin v15.4 - https:\/\/yoast.com\/wordpress\/plugins\/seo\/ -->\n<title>Soins aux personnes \u00e2g\u00e9es - Ecosir<\/title>\n<meta name=\"description\" content=\"Les centres de soins pour personnes \u00e2g\u00e9es doivent offrir \u00e0 leurs patients des soins de qualit\u00e9 et une tranquillit\u00e9 d&#039;esprit. L&#039;hygi\u00e8ne et l&#039;air pur sont des \u00e9l\u00e9ments essentiels de leur bien-\u00eatre. \u00c9tanche et hygi\u00e9nique, le syst\u00e8me de transfert sous vide des d\u00e9chets CARE\u2122 g\u00e8re la logistique des d\u00e9chets et lib\u00e8re du temps pour les soins aux patients.\" \/>\n<meta name=\"robots\" content=\"index, follow, max-snippet:-1, max-image-preview:large, max-video-preview:-1\" \/>\n<link rel=\"canonical\" href=\"https:\/\/ecosir.com\/fr\/elderly-care\/\" \/>\n<meta property=\"og:locale\" content=\"fr_FR\" \/>\n<meta property=\"og:type\" content=\"article\" \/>\n<meta property=\"og:title\" content=\"Soins aux personnes \u00e2g\u00e9es - Ecosir\" \/>\n<meta property=\"og:description\" content=\"Les centres de soins pour personnes \u00e2g\u00e9es doivent offrir \u00e0 leurs patients des soins de qualit\u00e9 et une tranquillit\u00e9 d&#039;esprit. L&#039;hygi\u00e8ne et l&#039;air pur sont des \u00e9l\u00e9ments essentiels de leur bien-\u00eatre. \u00c9tanche et hygi\u00e9nique, le syst\u00e8me de transfert sous vide des d\u00e9chets CARE\u2122 g\u00e8re la logistique des d\u00e9chets et lib\u00e8re du temps pour les soins aux patients.\" \/>\n<meta property=\"og:url\" content=\"https:\/\/ecosir.com\/fr\/elderly-care\/\" \/>\n<meta property=\"og:site_name\" content=\"Ecosir\" \/>\n<meta property=\"article:modified_time\" content=\"2024-07-16T08:21:20+00:00\" \/>\n<meta property=\"og:image\" content=\"https:\/\/ecosir.com\/wp-content\/uploads\/2020\/10\/nosto-elderly-care.jpg\" \/>\n\t<meta property=\"og:image:width\" content=\"730\" \/>\n\t<meta property=\"og:image:height\" content=\"420\" \/>\n<meta name=\"twitter:card\" content=\"summary_large_image\" \/>\n<meta name=\"twitter:label1\" content=\"\u00c9crit par\">\n\t<meta name=\"twitter:data1\" content=\"Joonas Wilska\">\n\t<meta name=\"twitter:label2\" content=\"Dur\u00e9e de lecture est.\">\n\t<meta name=\"twitter:data2\" content=\"0 minute\">\n<script type=\"application\/ld+json\" class=\"yoast-schema-graph\">{\"@context\":\"https:\/\/schema.org\",\"@graph\":[{\"@type\":\"WebSite\",\"@id\":\"https:\/\/ecosir.com\/#website\",\"url\":\"https:\/\/ecosir.com\/\",\"name\":\"Ecosir\",\"description\":\"Automated waste and laundry collection systems \",\"potentialAction\":[{\"@type\":\"SearchAction\",\"target\":\"https:\/\/ecosir.com\/?s={search_term_string}\",\"query-input\":\"required name=search_term_string\"}],\"inLanguage\":\"fr-FR\"},{\"@type\":\"ImageObject\",\"@id\":\"https:\/\/ecosir.com\/fr\/elderly-care\/#primaryimage\",\"inLanguage\":\"fr-FR\",\"url\":\"https:\/\/ecosir.com\/wp-content\/uploads\/2020\/10\/nosto-elderly-care.jpg\",\"width\":730,\"height\":420},{\"@type\":\"WebPage\",\"@id\":\"https:\/\/ecosir.com\/fr\/elderly-care\/#webpage\",\"url\":\"https:\/\/ecosir.com\/fr\/elderly-care\/\",\"name\":\"Soins aux personnes \\u00e2g\\u00e9es - Ecosir\",\"isPartOf\":{\"@id\":\"https:\/\/ecosir.com\/#website\"},\"primaryImageOfPage\":{\"@id\":\"https:\/\/ecosir.com\/fr\/elderly-care\/#primaryimage\"},\"datePublished\":\"2024-05-27T08:25:39+00:00\",\"dateModified\":\"2024-07-16T08:21:20+00:00\",\"description\":\"Les centres de soins pour personnes \\u00e2g\\u00e9es doivent offrir \\u00e0 leurs patients des soins de qualit\\u00e9 et une tranquillit\\u00e9 d'esprit. L'hygi\\u00e8ne et l'air pur sont des \\u00e9l\\u00e9ments essentiels de leur bien-\\u00eatre. \\u00c9tanche et hygi\\u00e9nique, le syst\\u00e8me de transfert sous vide des d\\u00e9chets CARE\\u2122 g\\u00e8re la logistique des d\\u00e9chets et lib\\u00e8re du temps pour les soins aux patients.\",\"breadcrumb\":{\"@id\":\"https:\/\/ecosir.com\/fr\/elderly-care\/#breadcrumb\"},\"inLanguage\":\"fr-FR\",\"potentialAction\":[{\"@type\":\"ReadAction\",\"target\":[\"https:\/\/ecosir.com\/fr\/elderly-care\/\"]}]},{\"@type\":\"BreadcrumbList\",\"@id\":\"https:\/\/ecosir.com\/fr\/elderly-care\/#breadcrumb\",\"itemListElement\":[{\"@type\":\"ListItem\",\"position\":1,\"item\":{\"@type\":\"WebPage\",\"@id\":\"https:\/\/ecosir.com\/fr\/\",\"url\":\"https:\/\/ecosir.com\/fr\/\",\"name\":\"Home\"}},{\"@type\":\"ListItem\",\"position\":2,\"item\":{\"@type\":\"WebPage\",\"@id\":\"https:\/\/ecosir.com\/fr\/elderly-care\/\",\"url\":\"https:\/\/ecosir.com\/fr\/elderly-care\/\",\"name\":\"Soins aux personnes \\u00e2g\\u00e9es\"}}]}]}<\/script>\n<!-- \/ Yoast SEO plugin. -->","_links":{"self":[{"href":"https:\/\/ecosir.com\/fr\/wp-json\/wp\/v2\/pages\/1879"}],"collection":[{"href":"https:\/\/ecosir.com\/fr\/wp-json\/wp\/v2\/pages"}],"about":[{"href":"https:\/\/ecosir.com\/fr\/wp-json\/wp\/v2\/types\/page"}],"author":[{"embeddable":true,"href":"https:\/\/ecosir.com\/fr\/wp-json\/wp\/v2\/users\/3"}],"replies":[{"embeddable":true,"href":"https:\/\/ecosir.com\/fr\/wp-json\/wp\/v2\/comments?post=1879"}],"version-history":[{"count":6,"href":"https:\/\/ecosir.com\/fr\/wp-json\/wp\/v2\/pages\/1879\/revisions"}],"predecessor-version":[{"id":2125,"href":"https:\/\/ecosir.com\/fr\/wp-json\/wp\/v2\/pages\/1879\/revisions\/2125"}],"wp:featuredmedia":[{"embeddable":true,"href":"https:\/\/ecosir.com\/fr\/wp-json\/wp\/v2\/media\/1881"}],"wp:attachment":[{"href":"https:\/\/ecosir.com\/fr\/wp-json\/wp\/v2\/media?parent=1879"}],"curies":[{"name":"wp","href":"https:\/\/api.w.org\/{rel}","templated":true}]}}