{"id":1883,"date":"2024-05-27T08:25:40","date_gmt":"2024-05-27T08:25:40","guid":{"rendered":"https:\/\/ecosir.com\/vacuum-waste-transfer-system-pwcs\/"},"modified":"2024-05-27T10:10:59","modified_gmt":"2024-05-27T10:10:59","slug":"vacuum-waste-transfer-system-pwcs","status":"publish","type":"page","link":"https:\/\/ecosir.com\/fr\/vacuum-waste-transfer-system-pwcs\/","title":{"rendered":"Syst\u00e8me de transfert sous vide des d\u00e9chets (PWCS)"},"content":{"rendered":"\n<div class=\"wp-block-columns is-style-three-one\">\n<div class=\"wp-block-column\">\n<p><\/p>\n\n\n\n<p class=\"is-style-ingress\">CITYMASTER\u2122 \u2013 Pour une ville plus propre<\/p>\n\n\n\n<p>La conception de villes propres et intelligentes n\u00e9cessite des m\u00e9thodes modernes de traitement et de collecte des d\u00e9chets. Le syst\u00e8me de collecte par tubes sous vide lib\u00e8re de la place pour les espaces verts de la ville. Les fractions de d\u00e9chets sont collect\u00e9es par un syst\u00e8me sous vide directement \u00e0 partir des entr\u00e9es Drop&amp;Go\u2122 \u00e0 chaque \u00e9tage du b\u00e2timent ou \u00e0 partir d&rsquo;entr\u00e9es ext\u00e9rieures (ODI).<\/p>\n\n\n\n<p><strong>CITYMASTER\u2122 \u2013 Solution compl\u00e8te pour les zones urbaines r\u00e9sidentielles<\/strong><\/p>\n\n\n\n<ul class=\"is-style-checklist\"><li>DES ESPACES DE VIE PLUS AGR\u00c9ABLES<\/li><li>DE L&rsquo;AIR PUR<\/li><li>MOINS DE TRAFIC DE POIDS LOURDS DE D\u00c9CHETS<\/li><\/ul>\n<\/div>\n\n\n\n<div class=\"wp-block-column\">\n<p><\/p>\n\n\n\n<div class=\"block block-download-files\">\n        <h2 class=\"block-title\">Downloads<\/h2>\n        <ul class=\"file-list\">\n                        <li class=\"file\">\n            <a href=\"https:\/\/ecosir.com\/wp-content\/uploads\/2022\/11\/LOW_32085724_Citymaster_esite_16s_A4L.pdf\" download>\n                <span class=\"file-name\">CITYMASTER<\/span>\n                <span class=\"sub-type pdf\">pdf<\/span>\n                <span class=\"file-size\">(8.36 mb)<\/span>\n            <\/a>\n        <\/li>\n                        <li class=\"file\">\n            <a href=\"https:\/\/ecosir.com\/wp-content\/uploads\/2020\/10\/XMIT-SKYMASTER.pdf\" download>\n                <span class=\"file-name\">SKYMASTER\u2122 -leaflet<\/span>\n                <span class=\"sub-type pdf\">pdf<\/span>\n                <span class=\"file-size\">(2.12 mb)<\/span>\n            <\/a>\n        <\/li>\n                            <\/ul>\n<\/div><\/div>\n<\/div>\n\n<p><\/p>\n","protected":false},"excerpt":{"rendered":"<p>CITYMASTER\u2122 \u2013 Pour une ville plus propre La conception de villes propres et intelligentes n\u00e9cessite&hellip;<\/p>\n","protected":false},"author":3,"featured_media":1885,"parent":0,"menu_order":0,"comment_status":"closed","ping_status":"closed","template":"","meta":{"_relevanssi_hide_post":"","_relevanssi_pin_for_all":"","_relevanssi_pin_keywords":"","_relevanssi_unpin_keywords":"","_relevanssi_related_keywords":"","_relevanssi_related_include_ids":"","_relevanssi_related_exclude_ids":"","_relevanssi_related_no_append":"","_relevanssi_related_not_related":"","_relevanssi_related_posts":"","_relevanssi_noindex_reason":""},"yoast_head":"<!-- This site is optimized with the Yoast SEO plugin v15.4 - https:\/\/yoast.com\/wordpress\/plugins\/seo\/ -->\n<title>Syst\u00e8me de transfert sous vide des d\u00e9chets (PWCS) - Ecosir<\/title>\n<meta name=\"description\" content=\"La conception de villes propres et intelligentes n\u00e9cessite des m\u00e9thodes modernes de traitement et de collecte des d\u00e9chets. Le syst\u00e8me de collecte par tubes sous vide lib\u00e8re de la place pour les espaces verts de la ville. Les fractions de d\u00e9chets sont collect\u00e9es par un syst\u00e8me sous vide directement \u00e0 partir des entr\u00e9es Drop&amp;Go\u2122 \u00e0 chaque \u00e9tage du b\u00e2timent ou \u00e0 partir d&#039;entr\u00e9es ext\u00e9rieures (ODI).\" \/>\n<meta name=\"robots\" content=\"index, follow, max-snippet:-1, max-image-preview:large, max-video-preview:-1\" \/>\n<link rel=\"canonical\" href=\"https:\/\/ecosir.com\/fr\/vacuum-waste-transfer-system-pwcs\/\" \/>\n<meta property=\"og:locale\" content=\"fr_FR\" \/>\n<meta property=\"og:type\" content=\"article\" \/>\n<meta property=\"og:title\" content=\"Syst\u00e8me de transfert sous vide des d\u00e9chets (PWCS) - Ecosir\" \/>\n<meta property=\"og:description\" content=\"La conception de villes propres et intelligentes n\u00e9cessite des m\u00e9thodes modernes de traitement et de collecte des d\u00e9chets. Le syst\u00e8me de collecte par tubes sous vide lib\u00e8re de la place pour les espaces verts de la ville. Les fractions de d\u00e9chets sont collect\u00e9es par un syst\u00e8me sous vide directement \u00e0 partir des entr\u00e9es Drop&amp;Go\u2122 \u00e0 chaque \u00e9tage du b\u00e2timent ou \u00e0 partir d&#039;entr\u00e9es ext\u00e9rieures (ODI).\" \/>\n<meta property=\"og:url\" content=\"https:\/\/ecosir.com\/fr\/vacuum-waste-transfer-system-pwcs\/\" \/>\n<meta property=\"og:site_name\" content=\"Ecosir\" \/>\n<meta property=\"article:modified_time\" content=\"2024-05-27T10:10:59+00:00\" \/>\n<meta property=\"og:image\" content=\"https:\/\/ecosir.com\/wp-content\/uploads\/2020\/10\/CITYMASTER5.jpg\" \/>\n\t<meta property=\"og:image:width\" content=\"1300\" \/>\n\t<meta property=\"og:image:height\" content=\"700\" \/>\n<meta name=\"twitter:card\" content=\"summary_large_image\" \/>\n<meta name=\"twitter:label1\" content=\"\u00c9crit par\">\n\t<meta name=\"twitter:data1\" content=\"Joonas Wilska\">\n\t<meta name=\"twitter:label2\" content=\"Dur\u00e9e de lecture est.\">\n\t<meta name=\"twitter:data2\" content=\"0 minute\">\n<script type=\"application\/ld+json\" class=\"yoast-schema-graph\">{\"@context\":\"https:\/\/schema.org\",\"@graph\":[{\"@type\":\"WebSite\",\"@id\":\"https:\/\/ecosir.com\/#website\",\"url\":\"https:\/\/ecosir.com\/\",\"name\":\"Ecosir\",\"description\":\"Automated waste and laundry collection systems \",\"potentialAction\":[{\"@type\":\"SearchAction\",\"target\":\"https:\/\/ecosir.com\/?s={search_term_string}\",\"query-input\":\"required name=search_term_string\"}],\"inLanguage\":\"fr-FR\"},{\"@type\":\"ImageObject\",\"@id\":\"https:\/\/ecosir.com\/fr\/vacuum-waste-transfer-system-pwcs\/#primaryimage\",\"inLanguage\":\"fr-FR\",\"url\":\"https:\/\/ecosir.com\/wp-content\/uploads\/2020\/10\/CITYMASTER5.jpg\",\"width\":1300,\"height\":700},{\"@type\":\"WebPage\",\"@id\":\"https:\/\/ecosir.com\/fr\/vacuum-waste-transfer-system-pwcs\/#webpage\",\"url\":\"https:\/\/ecosir.com\/fr\/vacuum-waste-transfer-system-pwcs\/\",\"name\":\"Syst\\u00e8me de transfert sous vide des d\\u00e9chets (PWCS) - Ecosir\",\"isPartOf\":{\"@id\":\"https:\/\/ecosir.com\/#website\"},\"primaryImageOfPage\":{\"@id\":\"https:\/\/ecosir.com\/fr\/vacuum-waste-transfer-system-pwcs\/#primaryimage\"},\"datePublished\":\"2024-05-27T08:25:40+00:00\",\"dateModified\":\"2024-05-27T10:10:59+00:00\",\"description\":\"La conception de villes propres et intelligentes n\\u00e9cessite des m\\u00e9thodes modernes de traitement et de collecte des d\\u00e9chets. Le syst\\u00e8me de collecte par tubes sous vide lib\\u00e8re de la place pour les espaces verts de la ville. Les fractions de d\\u00e9chets sont collect\\u00e9es par un syst\\u00e8me sous vide directement \\u00e0 partir des entr\\u00e9es Drop&Go\\u2122 \\u00e0 chaque \\u00e9tage du b\\u00e2timent ou \\u00e0 partir d'entr\\u00e9es ext\\u00e9rieures (ODI).\",\"breadcrumb\":{\"@id\":\"https:\/\/ecosir.com\/fr\/vacuum-waste-transfer-system-pwcs\/#breadcrumb\"},\"inLanguage\":\"fr-FR\",\"potentialAction\":[{\"@type\":\"ReadAction\",\"target\":[\"https:\/\/ecosir.com\/fr\/vacuum-waste-transfer-system-pwcs\/\"]}]},{\"@type\":\"BreadcrumbList\",\"@id\":\"https:\/\/ecosir.com\/fr\/vacuum-waste-transfer-system-pwcs\/#breadcrumb\",\"itemListElement\":[{\"@type\":\"ListItem\",\"position\":1,\"item\":{\"@type\":\"WebPage\",\"@id\":\"https:\/\/ecosir.com\/fr\/\",\"url\":\"https:\/\/ecosir.com\/fr\/\",\"name\":\"Home\"}},{\"@type\":\"ListItem\",\"position\":2,\"item\":{\"@type\":\"WebPage\",\"@id\":\"https:\/\/ecosir.com\/fr\/vacuum-waste-transfer-system-pwcs\/\",\"url\":\"https:\/\/ecosir.com\/fr\/vacuum-waste-transfer-system-pwcs\/\",\"name\":\"Syst\\u00e8me de transfert sous vide des d\\u00e9chets (PWCS)\"}}]}]}<\/script>\n<!-- \/ Yoast SEO plugin. -->","_links":{"self":[{"href":"https:\/\/ecosir.com\/fr\/wp-json\/wp\/v2\/pages\/1883"}],"collection":[{"href":"https:\/\/ecosir.com\/fr\/wp-json\/wp\/v2\/pages"}],"about":[{"href":"https:\/\/ecosir.com\/fr\/wp-json\/wp\/v2\/types\/page"}],"author":[{"embeddable":true,"href":"https:\/\/ecosir.com\/fr\/wp-json\/wp\/v2\/users\/3"}],"replies":[{"embeddable":true,"href":"https:\/\/ecosir.com\/fr\/wp-json\/wp\/v2\/comments?post=1883"}],"version-history":[{"count":5,"href":"https:\/\/ecosir.com\/fr\/wp-json\/wp\/v2\/pages\/1883\/revisions"}],"predecessor-version":[{"id":1975,"href":"https:\/\/ecosir.com\/fr\/wp-json\/wp\/v2\/pages\/1883\/revisions\/1975"}],"wp:featuredmedia":[{"embeddable":true,"href":"https:\/\/ecosir.com\/fr\/wp-json\/wp\/v2\/media\/1885"}],"wp:attachment":[{"href":"https:\/\/ecosir.com\/fr\/wp-json\/wp\/v2\/media?parent=1883"}],"curies":[{"name":"wp","href":"https:\/\/api.w.org\/{rel}","templated":true}]}}