{"id":1887,"date":"2024-05-27T08:25:42","date_gmt":"2024-05-27T08:25:42","guid":{"rendered":"https:\/\/ecosir.com\/vacuum-waste-and-laundry-transfer-system-awls-pwcs\/"},"modified":"2025-02-14T11:34:18","modified_gmt":"2025-02-14T11:34:18","slug":"vacuum-waste-and-laundry-transfer-system-awls-pwcs","status":"publish","type":"page","link":"https:\/\/ecosir.com\/fr\/vacuum-waste-and-laundry-transfer-system-awls-pwcs\/","title":{"rendered":"Syst\u00e8me de transfert sous vide des d\u00e9chets et du linge (AWLS\/PWCS)"},"content":{"rendered":"\n<div class=\"wp-block-columns is-style-three-one\">\n<div class=\"wp-block-column\">\n<p><\/p>\n\n\n\n<p class=\"is-style-ingress\">Plus de temps pour les soins gr\u00e2ce \u00e0 une nouvelle technologie de transfert<\/p>\n\n\n\n<p>Il y a un besoin accru d&rsquo;am\u00e9liorer l&rsquo;hygi\u00e8ne et l&rsquo;efficacit\u00e9 dans les h\u00f4pitaux. Notre solution est bas\u00e9e sur la technologie de transfert sous vide automatis\u00e9. Le syst\u00e8me transf\u00e8re les d\u00e9chets et\/ou le linge sale des services en quelques secondes, de mani\u00e8re hygi\u00e9nique, inodore et silencieuse.<\/p>\n\n\n\n<p>Le personnel n&rsquo;a plus besoin de manipuler des poubelles et des chariots lourds et non hygi\u00e9niques. Ceci lib\u00e8re du temps pour offrir des soins de qualit\u00e9 aux patients.<\/p>\n\n\n\n<ul class=\"is-style-checklist\"><li>PLUS DE TEMPS POUR LES SOINS AUX PATIENTS<\/li><li>MEILLEURE HYGI\u00c8NE<\/li><li>EFFICACIT\u00c9 DE LA LOGISTIQUE<\/li><\/ul>\n<\/div>\n\n\n\n<div class=\"wp-block-column\">\n<p><\/p>\n\n\n\n<div class=\"block block-download-files\">\n        <h2 class=\"block-title\">Downloads<\/h2>\n        <ul class=\"file-list\">\n                        <li class=\"file\">\n            <a href=\"https:\/\/ecosir.com\/wp-content\/uploads\/2025\/02\/Caremaster_A4.pdf\" download>\n                <span class=\"file-name\">CAREMASTER<\/span>\n                <span class=\"sub-type pdf\">pdf<\/span>\n                <span class=\"file-size\">(1.88 mb)<\/span>\n            <\/a>\n        <\/li>\n                            <\/ul>\n<\/div>\n\n\n<p><\/p>\n<\/div>\n<\/div>\n\n\n\n<p><\/p>\n","protected":false},"excerpt":{"rendered":"<p>Plus de temps pour les soins gr\u00e2ce \u00e0 une nouvelle technologie de transfert Il y&hellip;<\/p>\n","protected":false},"author":3,"featured_media":1889,"parent":0,"menu_order":0,"comment_status":"closed","ping_status":"closed","template":"","meta":{"_relevanssi_hide_post":"","_relevanssi_pin_for_all":"","_relevanssi_pin_keywords":"","_relevanssi_unpin_keywords":"","_relevanssi_related_keywords":"","_relevanssi_related_include_ids":"","_relevanssi_related_exclude_ids":"","_relevanssi_related_no_append":"","_relevanssi_related_not_related":"","_relevanssi_related_posts":"","_relevanssi_noindex_reason":""},"yoast_head":"<!-- This site is optimized with the Yoast SEO plugin v15.4 - https:\/\/yoast.com\/wordpress\/plugins\/seo\/ -->\n<title>Syst\u00e8me de transfert sous vide des d\u00e9chets et du linge (AWLS\/PWCS) - Ecosir<\/title>\n<meta name=\"description\" content=\"Il y a un besoin accru d&#039;am\u00e9liorer l&#039;hygi\u00e8ne et l&#039;efficacit\u00e9 dans les h\u00f4pitaux. Notre solution est bas\u00e9e sur la technologie de transfert sous vide automatis\u00e9. Le syst\u00e8me transf\u00e8re les d\u00e9chets et\/ou le linge sale des services en quelques secondes, de mani\u00e8re hygi\u00e9nique, inodore et silencieuse.\" \/>\n<meta name=\"robots\" content=\"index, follow, max-snippet:-1, max-image-preview:large, max-video-preview:-1\" \/>\n<link rel=\"canonical\" href=\"https:\/\/ecosir.com\/fr\/vacuum-waste-and-laundry-transfer-system-awls-pwcs\/\" \/>\n<meta property=\"og:locale\" content=\"fr_FR\" \/>\n<meta property=\"og:type\" content=\"article\" \/>\n<meta property=\"og:title\" content=\"Syst\u00e8me de transfert sous vide des d\u00e9chets et du linge (AWLS\/PWCS) - Ecosir\" \/>\n<meta property=\"og:description\" content=\"Il y a un besoin accru d&#039;am\u00e9liorer l&#039;hygi\u00e8ne et l&#039;efficacit\u00e9 dans les h\u00f4pitaux. Notre solution est bas\u00e9e sur la technologie de transfert sous vide automatis\u00e9. Le syst\u00e8me transf\u00e8re les d\u00e9chets et\/ou le linge sale des services en quelques secondes, de mani\u00e8re hygi\u00e9nique, inodore et silencieuse.\" \/>\n<meta property=\"og:url\" content=\"https:\/\/ecosir.com\/fr\/vacuum-waste-and-laundry-transfer-system-awls-pwcs\/\" \/>\n<meta property=\"og:site_name\" content=\"Ecosir\" \/>\n<meta property=\"article:modified_time\" content=\"2025-02-14T11:34:18+00:00\" \/>\n<meta property=\"og:image\" content=\"https:\/\/ecosir.com\/wp-content\/uploads\/2020\/10\/CAREMASTER-5.jpg\" \/>\n\t<meta property=\"og:image:width\" content=\"1300\" \/>\n\t<meta property=\"og:image:height\" content=\"700\" \/>\n<meta name=\"twitter:card\" content=\"summary_large_image\" \/>\n<meta name=\"twitter:label1\" content=\"\u00c9crit par\">\n\t<meta name=\"twitter:data1\" content=\"Joonas Wilska\">\n\t<meta name=\"twitter:label2\" content=\"Dur\u00e9e de lecture est.\">\n\t<meta name=\"twitter:data2\" content=\"0 minute\">\n<script type=\"application\/ld+json\" class=\"yoast-schema-graph\">{\"@context\":\"https:\/\/schema.org\",\"@graph\":[{\"@type\":\"WebSite\",\"@id\":\"https:\/\/ecosir.com\/#website\",\"url\":\"https:\/\/ecosir.com\/\",\"name\":\"Ecosir\",\"description\":\"Automated waste and laundry collection systems \",\"potentialAction\":[{\"@type\":\"SearchAction\",\"target\":\"https:\/\/ecosir.com\/?s={search_term_string}\",\"query-input\":\"required name=search_term_string\"}],\"inLanguage\":\"fr-FR\"},{\"@type\":\"ImageObject\",\"@id\":\"https:\/\/ecosir.com\/fr\/vacuum-waste-and-laundry-transfer-system-awls-pwcs\/#primaryimage\",\"inLanguage\":\"fr-FR\",\"url\":\"https:\/\/ecosir.com\/wp-content\/uploads\/2020\/10\/CAREMASTER-5.jpg\",\"width\":1300,\"height\":700},{\"@type\":\"WebPage\",\"@id\":\"https:\/\/ecosir.com\/fr\/vacuum-waste-and-laundry-transfer-system-awls-pwcs\/#webpage\",\"url\":\"https:\/\/ecosir.com\/fr\/vacuum-waste-and-laundry-transfer-system-awls-pwcs\/\",\"name\":\"Syst\\u00e8me de transfert sous vide des d\\u00e9chets et du linge (AWLS\/PWCS) - Ecosir\",\"isPartOf\":{\"@id\":\"https:\/\/ecosir.com\/#website\"},\"primaryImageOfPage\":{\"@id\":\"https:\/\/ecosir.com\/fr\/vacuum-waste-and-laundry-transfer-system-awls-pwcs\/#primaryimage\"},\"datePublished\":\"2024-05-27T08:25:42+00:00\",\"dateModified\":\"2025-02-14T11:34:18+00:00\",\"description\":\"Il y a un besoin accru d'am\\u00e9liorer l'hygi\\u00e8ne et l'efficacit\\u00e9 dans les h\\u00f4pitaux. Notre solution est bas\\u00e9e sur la technologie de transfert sous vide automatis\\u00e9. Le syst\\u00e8me transf\\u00e8re les d\\u00e9chets et\/ou le linge sale des services en quelques secondes, de mani\\u00e8re hygi\\u00e9nique, inodore et silencieuse.\",\"breadcrumb\":{\"@id\":\"https:\/\/ecosir.com\/fr\/vacuum-waste-and-laundry-transfer-system-awls-pwcs\/#breadcrumb\"},\"inLanguage\":\"fr-FR\",\"potentialAction\":[{\"@type\":\"ReadAction\",\"target\":[\"https:\/\/ecosir.com\/fr\/vacuum-waste-and-laundry-transfer-system-awls-pwcs\/\"]}]},{\"@type\":\"BreadcrumbList\",\"@id\":\"https:\/\/ecosir.com\/fr\/vacuum-waste-and-laundry-transfer-system-awls-pwcs\/#breadcrumb\",\"itemListElement\":[{\"@type\":\"ListItem\",\"position\":1,\"item\":{\"@type\":\"WebPage\",\"@id\":\"https:\/\/ecosir.com\/fr\/\",\"url\":\"https:\/\/ecosir.com\/fr\/\",\"name\":\"Home\"}},{\"@type\":\"ListItem\",\"position\":2,\"item\":{\"@type\":\"WebPage\",\"@id\":\"https:\/\/ecosir.com\/fr\/vacuum-waste-and-laundry-transfer-system-awls-pwcs\/\",\"url\":\"https:\/\/ecosir.com\/fr\/vacuum-waste-and-laundry-transfer-system-awls-pwcs\/\",\"name\":\"Syst\\u00e8me de transfert sous vide des d\\u00e9chets et du linge (AWLS\/PWCS)\"}}]}]}<\/script>\n<!-- \/ Yoast SEO plugin. -->","_links":{"self":[{"href":"https:\/\/ecosir.com\/fr\/wp-json\/wp\/v2\/pages\/1887"}],"collection":[{"href":"https:\/\/ecosir.com\/fr\/wp-json\/wp\/v2\/pages"}],"about":[{"href":"https:\/\/ecosir.com\/fr\/wp-json\/wp\/v2\/types\/page"}],"author":[{"embeddable":true,"href":"https:\/\/ecosir.com\/fr\/wp-json\/wp\/v2\/users\/3"}],"replies":[{"embeddable":true,"href":"https:\/\/ecosir.com\/fr\/wp-json\/wp\/v2\/comments?post=1887"}],"version-history":[{"count":7,"href":"https:\/\/ecosir.com\/fr\/wp-json\/wp\/v2\/pages\/1887\/revisions"}],"predecessor-version":[{"id":2238,"href":"https:\/\/ecosir.com\/fr\/wp-json\/wp\/v2\/pages\/1887\/revisions\/2238"}],"wp:featuredmedia":[{"embeddable":true,"href":"https:\/\/ecosir.com\/fr\/wp-json\/wp\/v2\/media\/1889"}],"wp:attachment":[{"href":"https:\/\/ecosir.com\/fr\/wp-json\/wp\/v2\/media?parent=1887"}],"curies":[{"name":"wp","href":"https:\/\/api.w.org\/{rel}","templated":true}]}}