{"id":1903,"date":"2024-05-27T08:25:46","date_gmt":"2024-05-27T08:25:46","guid":{"rendered":"https:\/\/ecosir.com\/vertical-waste-and-linen-chutes-with-sorting-devices\/"},"modified":"2024-11-21T07:47:02","modified_gmt":"2024-11-21T07:47:02","slug":"vertical-waste-and-linen-chutes-with-sorting-devices","status":"publish","type":"page","link":"https:\/\/ecosir.com\/fr\/vertical-waste-and-linen-chutes-with-sorting-devices\/","title":{"rendered":"Goulottes verticales pour d\u00e9chets et linge avec dispositifs de tri"},"content":{"rendered":"\n<p><\/p>\n\n\n\n<div class=\"wp-block-columns is-style-three-one\">\n<div class=\"wp-block-column\">\n<p class=\"is-style-ingress\">SOLUTION DE TRANSFERT PAR GOULOTTE SEMI-AUTOMATIQUE \u2013 SHAFTLINE\u2122<\/p>\n\n\n\n<p>Le syst\u00e8me de transfert semi-automatique constitue une solution de collecte id\u00e9ale et extr\u00eamement efficace pour le transfert vertical de d\u00e9chets ou de linge dans les petits h\u00f4pitaux, les centres de soins et les tours r\u00e9sidentielles. La collecte est facile et rapide depuis les \u00e9tages sup\u00e9rieurs jusqu&rsquo;aux conteneurs ou \u00e0 un compacteur. Les syst\u00e8mes sont g\u00e9n\u00e9ralement \u00e9quip\u00e9s de solutions de tri des d\u00e9chets ou de distribution de linge.<\/p>\n\n\n\n<ul class=\"is-style-checklist\"><li>Solution rapide pour transporter le linge<\/li><li>Hygi\u00e9nique<\/li><li>\u00c9conomique<\/li><\/ul>\n<\/div>\n\n\n\n<div class=\"wp-block-column\">\n<div class=\"block block-download-files\">\n        <h2 class=\"block-title\">Downloads<\/h2>\n        <ul class=\"file-list\">\n                        <li class=\"file\">\n            <a href=\"https:\/\/ecosir.com\/wp-content\/uploads\/2024\/11\/SHAFTLINE-System-leaflet.pdf\" download>\n                <span class=\"file-name\">SHAFTLINE\u2122 -leaflet<\/span>\n                <span class=\"sub-type pdf\">pdf<\/span>\n                <span class=\"file-size\">(995.32 kb)<\/span>\n            <\/a>\n        <\/li>\n                            <\/ul>\n<\/div><\/div>\n<\/div>\n","protected":false},"excerpt":{"rendered":"<p>SOLUTION DE TRANSFERT PAR GOULOTTE SEMI-AUTOMATIQUE \u2013 SHAFTLINE\u2122 Le syst\u00e8me de transfert semi-automatique constitue une&hellip;<\/p>\n","protected":false},"author":3,"featured_media":1890,"parent":0,"menu_order":0,"comment_status":"closed","ping_status":"closed","template":"","meta":{"_relevanssi_hide_post":"","_relevanssi_pin_for_all":"","_relevanssi_pin_keywords":"","_relevanssi_unpin_keywords":"","_relevanssi_related_keywords":"","_relevanssi_related_include_ids":"","_relevanssi_related_exclude_ids":"","_relevanssi_related_no_append":"","_relevanssi_related_not_related":"","_relevanssi_related_posts":"","_relevanssi_noindex_reason":""},"yoast_head":"<!-- This site is optimized with the Yoast SEO plugin v15.4 - https:\/\/yoast.com\/wordpress\/plugins\/seo\/ -->\n<title>Goulottes verticales pour d\u00e9chets et linge avec dispositifs de tri - Ecosir<\/title>\n<meta name=\"description\" content=\"Le syst\u00e8me de transfert semi-automatique constitue une solution de collecte id\u00e9ale et extr\u00eamement efficace pour le transfert vertical de d\u00e9chets ou de linge dans les petits h\u00f4pitaux, les centres de soins et les tours r\u00e9sidentielles. La collecte est facile et rapide depuis les \u00e9tages sup\u00e9rieurs jusqu&#039;aux conteneurs ou \u00e0 un compacteur. Les syst\u00e8mes sont g\u00e9n\u00e9ralement \u00e9quip\u00e9s de solutions de tri des d\u00e9chets ou de distribution de linge.\" \/>\n<meta name=\"robots\" content=\"index, follow, max-snippet:-1, max-image-preview:large, max-video-preview:-1\" \/>\n<link rel=\"canonical\" href=\"https:\/\/ecosir.com\/fr\/vertical-waste-and-linen-chutes-with-sorting-devices\/\" \/>\n<meta property=\"og:locale\" content=\"fr_FR\" \/>\n<meta property=\"og:type\" content=\"article\" \/>\n<meta property=\"og:title\" content=\"Goulottes verticales pour d\u00e9chets et linge avec dispositifs de tri - Ecosir\" \/>\n<meta property=\"og:description\" content=\"Le syst\u00e8me de transfert semi-automatique constitue une solution de collecte id\u00e9ale et extr\u00eamement efficace pour le transfert vertical de d\u00e9chets ou de linge dans les petits h\u00f4pitaux, les centres de soins et les tours r\u00e9sidentielles. La collecte est facile et rapide depuis les \u00e9tages sup\u00e9rieurs jusqu&#039;aux conteneurs ou \u00e0 un compacteur. Les syst\u00e8mes sont g\u00e9n\u00e9ralement \u00e9quip\u00e9s de solutions de tri des d\u00e9chets ou de distribution de linge.\" \/>\n<meta property=\"og:url\" content=\"https:\/\/ecosir.com\/fr\/vertical-waste-and-linen-chutes-with-sorting-devices\/\" \/>\n<meta property=\"og:site_name\" content=\"Ecosir\" \/>\n<meta property=\"article:modified_time\" content=\"2024-11-21T07:47:02+00:00\" \/>\n<meta property=\"og:image\" content=\"https:\/\/ecosir.com\/wp-content\/uploads\/2020\/10\/SHAFTLINE5.jpg\" \/>\n\t<meta property=\"og:image:width\" content=\"1300\" \/>\n\t<meta property=\"og:image:height\" content=\"700\" \/>\n<meta name=\"twitter:card\" content=\"summary_large_image\" \/>\n<meta name=\"twitter:label1\" content=\"\u00c9crit par\">\n\t<meta name=\"twitter:data1\" content=\"Joonas Wilska\">\n\t<meta name=\"twitter:label2\" content=\"Dur\u00e9e de lecture est.\">\n\t<meta name=\"twitter:data2\" content=\"0 minute\">\n<script type=\"application\/ld+json\" class=\"yoast-schema-graph\">{\"@context\":\"https:\/\/schema.org\",\"@graph\":[{\"@type\":\"WebSite\",\"@id\":\"https:\/\/ecosir.com\/#website\",\"url\":\"https:\/\/ecosir.com\/\",\"name\":\"Ecosir\",\"description\":\"Automated waste and laundry collection systems \",\"potentialAction\":[{\"@type\":\"SearchAction\",\"target\":\"https:\/\/ecosir.com\/?s={search_term_string}\",\"query-input\":\"required name=search_term_string\"}],\"inLanguage\":\"fr-FR\"},{\"@type\":\"ImageObject\",\"@id\":\"https:\/\/ecosir.com\/fr\/vertical-waste-and-linen-chutes-with-sorting-devices\/#primaryimage\",\"inLanguage\":\"fr-FR\",\"url\":\"https:\/\/ecosir.com\/wp-content\/uploads\/2020\/10\/SHAFTLINE5.jpg\",\"width\":1300,\"height\":700},{\"@type\":\"WebPage\",\"@id\":\"https:\/\/ecosir.com\/fr\/vertical-waste-and-linen-chutes-with-sorting-devices\/#webpage\",\"url\":\"https:\/\/ecosir.com\/fr\/vertical-waste-and-linen-chutes-with-sorting-devices\/\",\"name\":\"Goulottes verticales pour d\\u00e9chets et linge avec dispositifs de tri - Ecosir\",\"isPartOf\":{\"@id\":\"https:\/\/ecosir.com\/#website\"},\"primaryImageOfPage\":{\"@id\":\"https:\/\/ecosir.com\/fr\/vertical-waste-and-linen-chutes-with-sorting-devices\/#primaryimage\"},\"datePublished\":\"2024-05-27T08:25:46+00:00\",\"dateModified\":\"2024-11-21T07:47:02+00:00\",\"description\":\"Le syst\\u00e8me de transfert semi-automatique constitue une solution de collecte id\\u00e9ale et extr\\u00eamement efficace pour le transfert vertical de d\\u00e9chets ou de linge dans les petits h\\u00f4pitaux, les centres de soins et les tours r\\u00e9sidentielles. La collecte est facile et rapide depuis les \\u00e9tages sup\\u00e9rieurs jusqu'aux conteneurs ou \\u00e0 un compacteur. Les syst\\u00e8mes sont g\\u00e9n\\u00e9ralement \\u00e9quip\\u00e9s de solutions de tri des d\\u00e9chets ou de distribution de linge.\",\"breadcrumb\":{\"@id\":\"https:\/\/ecosir.com\/fr\/vertical-waste-and-linen-chutes-with-sorting-devices\/#breadcrumb\"},\"inLanguage\":\"fr-FR\",\"potentialAction\":[{\"@type\":\"ReadAction\",\"target\":[\"https:\/\/ecosir.com\/fr\/vertical-waste-and-linen-chutes-with-sorting-devices\/\"]}]},{\"@type\":\"BreadcrumbList\",\"@id\":\"https:\/\/ecosir.com\/fr\/vertical-waste-and-linen-chutes-with-sorting-devices\/#breadcrumb\",\"itemListElement\":[{\"@type\":\"ListItem\",\"position\":1,\"item\":{\"@type\":\"WebPage\",\"@id\":\"https:\/\/ecosir.com\/fr\/\",\"url\":\"https:\/\/ecosir.com\/fr\/\",\"name\":\"Home\"}},{\"@type\":\"ListItem\",\"position\":2,\"item\":{\"@type\":\"WebPage\",\"@id\":\"https:\/\/ecosir.com\/fr\/vertical-waste-and-linen-chutes-with-sorting-devices\/\",\"url\":\"https:\/\/ecosir.com\/fr\/vertical-waste-and-linen-chutes-with-sorting-devices\/\",\"name\":\"Goulottes verticales pour d\\u00e9chets et linge avec dispositifs de tri\"}}]}]}<\/script>\n<!-- \/ Yoast SEO plugin. -->","_links":{"self":[{"href":"https:\/\/ecosir.com\/fr\/wp-json\/wp\/v2\/pages\/1903"}],"collection":[{"href":"https:\/\/ecosir.com\/fr\/wp-json\/wp\/v2\/pages"}],"about":[{"href":"https:\/\/ecosir.com\/fr\/wp-json\/wp\/v2\/types\/page"}],"author":[{"embeddable":true,"href":"https:\/\/ecosir.com\/fr\/wp-json\/wp\/v2\/users\/3"}],"replies":[{"embeddable":true,"href":"https:\/\/ecosir.com\/fr\/wp-json\/wp\/v2\/comments?post=1903"}],"version-history":[{"count":9,"href":"https:\/\/ecosir.com\/fr\/wp-json\/wp\/v2\/pages\/1903\/revisions"}],"predecessor-version":[{"id":2163,"href":"https:\/\/ecosir.com\/fr\/wp-json\/wp\/v2\/pages\/1903\/revisions\/2163"}],"wp:featuredmedia":[{"embeddable":true,"href":"https:\/\/ecosir.com\/fr\/wp-json\/wp\/v2\/media\/1890"}],"wp:attachment":[{"href":"https:\/\/ecosir.com\/fr\/wp-json\/wp\/v2\/media?parent=1903"}],"curies":[{"name":"wp","href":"https:\/\/api.w.org\/{rel}","templated":true}]}}