{"id":1905,"date":"2024-05-27T08:25:48","date_gmt":"2024-05-27T08:25:48","guid":{"rendered":"https:\/\/ecosir.com\/vacuum-transfer-system-for-food-bio-waste\/"},"modified":"2025-02-14T11:14:06","modified_gmt":"2025-02-14T11:14:06","slug":"vacuum-transfer-system-for-food-bio-waste","status":"publish","type":"page","link":"https:\/\/ecosir.com\/fr\/vacuum-transfer-system-for-food-bio-waste\/","title":{"rendered":"Syst\u00e8me de transfert sous vide des d\u00e9chets alimentaires (biod\u00e9chets)"},"content":{"rendered":"\n<p><\/p>\n\n\n\n<div class=\"wp-block-columns is-style-three-one\">\n<div class=\"wp-block-column\">\n<p>Le syst\u00e8me de transfert <strong><em>XMIT BIO<\/em><\/strong>\u2122 est une solution \u00e9conomique pour le transfert des d\u00e9chets organiques (biod\u00e9chets). Les d\u00e9chets organiques sont collect\u00e9s automatiquement via des entr\u00e9es simples d&rsquo;utilisation. L&#8217;emplacement des entr\u00e9es de d\u00e9chets est con\u00e7u de mani\u00e8re \u00e0 optimiser l&rsquo;am\u00e9nagement des cuisines ou des usines de transformation des aliments. Les entr\u00e9es peuvent \u00e9galement \u00eatre int\u00e9gr\u00e9es \u00e0 des tables, des syst\u00e8mes de lave-vaisselle, etc.<\/p>\n\n\n\n<p>\u2022 Hygi\u00e9nique et inodore \u2013 minimise les bact\u00e9ries\/maladies virales<br>\u2022 Espaces de travail efficaces \u2013 pas de poubelles sales et manuelles<br>\u2022 Am\u00e9lioration de la logistique, gain d&rsquo;espace et \u00e9conomies de personnel \u2013 meilleur flux<\/p>\n\n\n\n<p>Le syst\u00e8me peut \u00eatre appliqu\u00e9 aux restaurants et cantines, cuisines professionnelles, \u00e9piceries, h\u00f4pitaux, centres commerciaux et terminaux.<\/p>\n\n\n\n<ul class=\"is-style-checklist\"><li>ALIMENTS PROPRES ET SAINS<\/li><li>MEILLEURE HYGI\u00c8NE<\/li><li>EFFICACIT\u00c9 DE LA LOGISTIQUE<\/li><\/ul>\n<\/div>\n\n\n\n<div class=\"wp-block-column\">\n<div class=\"block block-download-files\">\n        <h2 class=\"block-title\">Downloads<\/h2>\n        <ul class=\"file-list\">\n                        <li class=\"file\">\n            <a href=\"https:\/\/ecosir.com\/wp-content\/uploads\/2025\/02\/Ecosir_Bio_A4.pdf\" download>\n                <span class=\"file-name\">BIO SERIE 140_170_220<\/span>\n                <span class=\"sub-type pdf\">pdf<\/span>\n                <span class=\"file-size\">(2.26 mb)<\/span>\n            <\/a>\n        <\/li>\n                            <\/ul>\n<\/div><\/div>\n<\/div>\n\n\n\n<p><\/p>\n","protected":false},"excerpt":{"rendered":"<p>Le syst\u00e8me de transfert XMIT BIO\u2122 est une solution \u00e9conomique pour le transfert des d\u00e9chets&hellip;<\/p>\n","protected":false},"author":3,"featured_media":1891,"parent":0,"menu_order":0,"comment_status":"closed","ping_status":"closed","template":"","meta":{"_relevanssi_hide_post":"","_relevanssi_pin_for_all":"","_relevanssi_pin_keywords":"","_relevanssi_unpin_keywords":"","_relevanssi_related_keywords":"","_relevanssi_related_include_ids":"","_relevanssi_related_exclude_ids":"","_relevanssi_related_no_append":"","_relevanssi_related_not_related":"","_relevanssi_related_posts":"","_relevanssi_noindex_reason":""},"yoast_head":"<!-- This site is optimized with the Yoast SEO plugin v15.4 - https:\/\/yoast.com\/wordpress\/plugins\/seo\/ -->\n<title>Syst\u00e8me de transfert sous vide des d\u00e9chets alimentaires (biod\u00e9chets) - Ecosir<\/title>\n<meta name=\"description\" content=\"Le syst\u00e8me de transfert XMIT BIO\u2122 est une solution \u00e9conomique pour le transfert des d\u00e9chets organiques (biod\u00e9chets). Les d\u00e9chets organiques sont collect\u00e9s automatiquement via des entr\u00e9es simples d&#039;utilisation. L&#039;emplacement des entr\u00e9es de d\u00e9chets est con\u00e7u de mani\u00e8re \u00e0 optimiser l&#039;am\u00e9nagement des cuisines ou des usines de transformation des aliments. Les entr\u00e9es peuvent \u00e9galement \u00eatre int\u00e9gr\u00e9es \u00e0 des tables, des syst\u00e8mes de lave-vaisselle, etc.\" \/>\n<meta name=\"robots\" content=\"index, follow, max-snippet:-1, max-image-preview:large, max-video-preview:-1\" \/>\n<link rel=\"canonical\" href=\"https:\/\/ecosir.com\/fr\/vacuum-transfer-system-for-food-bio-waste\/\" \/>\n<meta property=\"og:locale\" content=\"fr_FR\" \/>\n<meta property=\"og:type\" content=\"article\" \/>\n<meta property=\"og:title\" content=\"Syst\u00e8me de transfert sous vide des d\u00e9chets alimentaires (biod\u00e9chets) - Ecosir\" \/>\n<meta property=\"og:description\" content=\"Le syst\u00e8me de transfert XMIT BIO\u2122 est une solution \u00e9conomique pour le transfert des d\u00e9chets organiques (biod\u00e9chets). Les d\u00e9chets organiques sont collect\u00e9s automatiquement via des entr\u00e9es simples d&#039;utilisation. L&#039;emplacement des entr\u00e9es de d\u00e9chets est con\u00e7u de mani\u00e8re \u00e0 optimiser l&#039;am\u00e9nagement des cuisines ou des usines de transformation des aliments. Les entr\u00e9es peuvent \u00e9galement \u00eatre int\u00e9gr\u00e9es \u00e0 des tables, des syst\u00e8mes de lave-vaisselle, etc.\" \/>\n<meta property=\"og:url\" content=\"https:\/\/ecosir.com\/fr\/vacuum-transfer-system-for-food-bio-waste\/\" \/>\n<meta property=\"og:site_name\" content=\"Ecosir\" \/>\n<meta property=\"article:modified_time\" content=\"2025-02-14T11:14:06+00:00\" \/>\n<meta property=\"og:image\" content=\"https:\/\/ecosir.com\/wp-content\/uploads\/2020\/10\/XMIT-BIO-2.jpg\" \/>\n\t<meta property=\"og:image:width\" content=\"1419\" \/>\n\t<meta property=\"og:image:height\" content=\"700\" \/>\n<meta name=\"twitter:card\" content=\"summary_large_image\" \/>\n<meta name=\"twitter:label1\" content=\"\u00c9crit par\">\n\t<meta name=\"twitter:data1\" content=\"Joonas Wilska\">\n\t<meta name=\"twitter:label2\" content=\"Dur\u00e9e de lecture est.\">\n\t<meta name=\"twitter:data2\" content=\"1 minute\">\n<script type=\"application\/ld+json\" class=\"yoast-schema-graph\">{\"@context\":\"https:\/\/schema.org\",\"@graph\":[{\"@type\":\"WebSite\",\"@id\":\"https:\/\/ecosir.com\/#website\",\"url\":\"https:\/\/ecosir.com\/\",\"name\":\"Ecosir\",\"description\":\"Automated waste and laundry collection systems \",\"potentialAction\":[{\"@type\":\"SearchAction\",\"target\":\"https:\/\/ecosir.com\/?s={search_term_string}\",\"query-input\":\"required name=search_term_string\"}],\"inLanguage\":\"fr-FR\"},{\"@type\":\"ImageObject\",\"@id\":\"https:\/\/ecosir.com\/fr\/vacuum-transfer-system-for-food-bio-waste\/#primaryimage\",\"inLanguage\":\"fr-FR\",\"url\":\"https:\/\/ecosir.com\/wp-content\/uploads\/2020\/10\/XMIT-BIO-2.jpg\",\"width\":1419,\"height\":700},{\"@type\":\"WebPage\",\"@id\":\"https:\/\/ecosir.com\/fr\/vacuum-transfer-system-for-food-bio-waste\/#webpage\",\"url\":\"https:\/\/ecosir.com\/fr\/vacuum-transfer-system-for-food-bio-waste\/\",\"name\":\"Syst\\u00e8me de transfert sous vide des d\\u00e9chets alimentaires (biod\\u00e9chets) - Ecosir\",\"isPartOf\":{\"@id\":\"https:\/\/ecosir.com\/#website\"},\"primaryImageOfPage\":{\"@id\":\"https:\/\/ecosir.com\/fr\/vacuum-transfer-system-for-food-bio-waste\/#primaryimage\"},\"datePublished\":\"2024-05-27T08:25:48+00:00\",\"dateModified\":\"2025-02-14T11:14:06+00:00\",\"description\":\"Le syst\\u00e8me de transfert XMIT BIO\\u2122 est une solution \\u00e9conomique pour le transfert des d\\u00e9chets organiques (biod\\u00e9chets). Les d\\u00e9chets organiques sont collect\\u00e9s automatiquement via des entr\\u00e9es simples d'utilisation. L'emplacement des entr\\u00e9es de d\\u00e9chets est con\\u00e7u de mani\\u00e8re \\u00e0 optimiser l'am\\u00e9nagement des cuisines ou des usines de transformation des aliments. Les entr\\u00e9es peuvent \\u00e9galement \\u00eatre int\\u00e9gr\\u00e9es \\u00e0 des tables, des syst\\u00e8mes de lave-vaisselle, etc.\",\"breadcrumb\":{\"@id\":\"https:\/\/ecosir.com\/fr\/vacuum-transfer-system-for-food-bio-waste\/#breadcrumb\"},\"inLanguage\":\"fr-FR\",\"potentialAction\":[{\"@type\":\"ReadAction\",\"target\":[\"https:\/\/ecosir.com\/fr\/vacuum-transfer-system-for-food-bio-waste\/\"]}]},{\"@type\":\"BreadcrumbList\",\"@id\":\"https:\/\/ecosir.com\/fr\/vacuum-transfer-system-for-food-bio-waste\/#breadcrumb\",\"itemListElement\":[{\"@type\":\"ListItem\",\"position\":1,\"item\":{\"@type\":\"WebPage\",\"@id\":\"https:\/\/ecosir.com\/fr\/\",\"url\":\"https:\/\/ecosir.com\/fr\/\",\"name\":\"Home\"}},{\"@type\":\"ListItem\",\"position\":2,\"item\":{\"@type\":\"WebPage\",\"@id\":\"https:\/\/ecosir.com\/fr\/vacuum-transfer-system-for-food-bio-waste\/\",\"url\":\"https:\/\/ecosir.com\/fr\/vacuum-transfer-system-for-food-bio-waste\/\",\"name\":\"Syst\\u00e8me de transfert sous vide des d\\u00e9chets alimentaires (biod\\u00e9chets)\"}}]}]}<\/script>\n<!-- \/ Yoast SEO plugin. -->","_links":{"self":[{"href":"https:\/\/ecosir.com\/fr\/wp-json\/wp\/v2\/pages\/1905"}],"collection":[{"href":"https:\/\/ecosir.com\/fr\/wp-json\/wp\/v2\/pages"}],"about":[{"href":"https:\/\/ecosir.com\/fr\/wp-json\/wp\/v2\/types\/page"}],"author":[{"embeddable":true,"href":"https:\/\/ecosir.com\/fr\/wp-json\/wp\/v2\/users\/3"}],"replies":[{"embeddable":true,"href":"https:\/\/ecosir.com\/fr\/wp-json\/wp\/v2\/comments?post=1905"}],"version-history":[{"count":7,"href":"https:\/\/ecosir.com\/fr\/wp-json\/wp\/v2\/pages\/1905\/revisions"}],"predecessor-version":[{"id":2208,"href":"https:\/\/ecosir.com\/fr\/wp-json\/wp\/v2\/pages\/1905\/revisions\/2208"}],"wp:featuredmedia":[{"embeddable":true,"href":"https:\/\/ecosir.com\/fr\/wp-json\/wp\/v2\/media\/1891"}],"wp:attachment":[{"href":"https:\/\/ecosir.com\/fr\/wp-json\/wp\/v2\/media?parent=1905"}],"curies":[{"name":"wp","href":"https:\/\/api.w.org\/{rel}","templated":true}]}}