{"id":1909,"date":"2024-05-27T08:25:50","date_gmt":"2024-05-27T08:25:50","guid":{"rendered":"https:\/\/ecosir.com\/references-and-cases\/"},"modified":"2024-05-27T10:11:00","modified_gmt":"2024-05-27T10:11:00","slug":"references-and-cases","status":"publish","type":"page","link":"https:\/\/ecosir.com\/fr\/references-and-cases\/","title":{"rendered":"R\u00e9f\u00e9rences et cas"},"content":{"rendered":"\n<p>Exp\u00e9rience de plus de 100\u00a0gros projets de tubes pneumatiques et pr\u00e8s de 1\u00a0000\u00a0petits projets\u00a0! <\/p>\n\n<div class=\"wp-block-columns\">\n<div class=\"wp-block-column\">\n<h4 id=\"page-title\">Solutions urbaines et h\u00f4pitaux<\/h4>\n\n\n\n<p>Quelques exemples de solutions de transfert de d\u00e9chets par tubes pneumatiques<\/p>\n\n\n\n<p><strong>Solution pour la ville de Shenzhen<\/strong> (PWCS)<br\/>Le syst\u00e8me pneumatique de collecte des d\u00e9chets (PWCS) transf\u00e8re et collecte les d\u00e9chets \u00e0 partir d&rsquo;entr\u00e9es ext\u00e9rieures (ODI) et d&rsquo;entr\u00e9es int\u00e9rieures (IDI) compl\u00e8tes. Le syst\u00e8me couvre la zone r\u00e9sidentielle et la r\u00e9gion du centre de conf\u00e9rence. Le syst\u00e8me est le plus moderne de sa cat\u00e9gorie et comprend une solution de reconnaissance faciale automatique de l&rsquo;identit\u00e9 des utilisateurs pour une utilisation rapide. <\/p>\n\n\n\n<p><strong>Nouvel h\u00f4pital d&rsquo;Espoo &#8211; partie int\u00e9grante du district hospitalier universitaire d&rsquo;Helsinki<\/strong><br\/>Syst\u00e8me pneumatique de collecte et de transfert enti\u00e8rement automatis\u00e9s des d\u00e9chets et du linge \u2013 syst\u00e8me de tubes de 500\u00a0mm<br\/>La solution hospitali\u00e8re la plus moderne et la plus importante du march\u00e9<\/p>\n\n\n\n<p><strong>H\u00f4pital universitaire et d&rsquo;enseignement de la ville de Kuopio<\/strong><br\/>Solution de transfert pneumatique et enti\u00e8rement automatique des d\u00e9chets combinant les b\u00e2timents existants et les nouveaux b\u00e2timents de l&rsquo;h\u00f4pital<\/p>\n\n\n\n<p><strong>H\u00f4pitaux de la ville de Pori<\/strong><br\/>Solution de transfert automatique des d\u00e9chets et du linge avec dispositifs de collecte<\/p>\n\n\n\n<p><strong>H\u00f4pital universitaire de Tampere<\/strong><br\/>Solution de transfert automatique du linge avec dispositif de collecte<\/p>\n\n\n\n<p><strong>H\u00f4pital de Korsholm<\/strong><br\/>Syst\u00e8me de transfert pneumatique et automatique des d\u00e9chets<\/p>\n\n\n\n<p><strong>H\u00f4pital central de district, H\u00e4meenlinna<\/strong><br\/>H\u00f4pital r\u00e9gional<\/p>\n\n\n\n<p><strong>H\u00f4pital central de district, ville de Lahti<\/strong><br\/>H\u00f4pital r\u00e9gional<br\/>D\u00e9chets provenant des services \u2013 syst\u00e8me de tubes de 500\u00a0mm<\/p>\n\n\n\n<p><strong>Centre de soins de Kontula, Helsinki<\/strong><br\/>H\u00f4pital pour personnes \u00e2g\u00e9es<br\/>Fractions de d\u00e9chets \u00e0 collecter\u00a0: couches, d\u00e9chets organiques<\/p>\n\n\n\n<p><strong>H\u00f4pital municipal, campus universitaire<\/strong><br\/>Fractions de d\u00e9chets \u00e0 collecter\u00a0: d\u00e9chets mixtes et linge<br\/>Quantit\u00e9 de d\u00e9chets\u00a0: max 13,6\u00a0t\/jour<br\/>Capacit\u00e9 du syst\u00e8me\u00a0: 25\u00a0t\/jour<br\/>Syst\u00e8me de transfert pneumatique et enti\u00e8rement automatique<\/p>\n\n\n\n<p><\/p>\n\n\n\n<p><strong>Autres solutions de transfert par tubes pneumatiques pour soins de sant\u00e9<\/strong><br\/>District hospitalier d&rsquo;Helsinki et d&rsquo;Uusimaa (plusieurs)<br\/>H\u00f4pital universitaire de Kuopio<br\/>H\u00f4pital universitaire de Tampere (plusieurs)<br\/>H\u00f4pital universitaire de Turku<br\/>H\u00f4pital central d&rsquo;Ostrobotnie-Centrale, Kokkola<br\/>H\u00f4pital central de Car\u00e9lie du Nord, Joensuu (plusieurs)<br\/>Maison de retraite Myyrinkoti, Vantaa<br\/>Centre de soins pour personnes \u00e2g\u00e9es Simonkoti, Vantaa<br\/>Centre d&rsquo;h\u00e9bergement et de services pour personnes \u00e2g\u00e9es Syystie, Helsinki<\/p>\n<\/div>\n\n\n\n<div class=\"wp-block-column\">\n<h4 id=\"page-title\">Transformation des produits alimentaires<\/h4>\n\n\n\n<p>Projets pour XMIT BIO<\/p>\n\n\n\n<p><strong>Transport sous vide des biod\u00e9chets pour les d\u00e9chets organiques<\/strong><\/p>\n\n\n\n<p><strong>H\u00f4pital universitaire de Kuopio<\/strong><br\/>Service de restauration du campus<br\/>Plus de 11\u00a0000\u00a0repas\/jour<br\/>Syst\u00e8me de transfert automatique des d\u00e9chets alimentaires<\/p>\n\n\n\n<p><strong>H\u00f4pital universitaire et service de restauration de la ville de Turku<\/strong><br\/>Fabrication d&rsquo;aliments biologiques pour le campus<br\/>Plus de 8\u00a0000\u00a0repas\/jour<br\/>Syst\u00e8me de transfert automatique des d\u00e9chets alimentaires<\/p>\n\n\n\n<p><strong>H\u00f4pital central, H\u00e4meenlinna<\/strong><br\/>Fabrication d&rsquo;aliments biologiques pour le campus<br\/>Plus de 4\u00a0000\u00a0repas\/jour<br\/>Syst\u00e8me de transfert automatique des d\u00e9chets alimentaires<\/p>\n\n\n\n<p><strong>Centre de soins de Kontula, Helsinki<\/strong><br\/>Centre de soins et cuisine<br\/>Fractions de d\u00e9chets\u00a0: D\u00e9chets alimentaires et couches, organiques<br\/>Syst\u00e8me de transfert automatique des d\u00e9chets alimentaires<\/p>\n\n\n\n<p><strong>Transfert sous vide de d\u00e9chets organiques XMIT BIO (autres)<\/strong><br\/>Centre scolaire d&rsquo;Otalampi<br\/>Centre scolaire de Vihti<br\/>Centre commercial de Skanssi, Turku<br\/>Garnisons militaires, plusieurs<\/p>\n<\/div>\n<\/div>\n","protected":false},"excerpt":{"rendered":"<p>Exp\u00e9rience de plus de 100\u00a0gros projets de tubes pneumatiques et pr\u00e8s de 1\u00a0000\u00a0petits projets\u00a0! Solutions&hellip;<\/p>\n","protected":false},"author":3,"featured_media":0,"parent":0,"menu_order":0,"comment_status":"closed","ping_status":"closed","template":"","meta":{"_relevanssi_hide_post":"","_relevanssi_pin_for_all":"","_relevanssi_pin_keywords":"","_relevanssi_unpin_keywords":"","_relevanssi_related_keywords":"","_relevanssi_related_include_ids":"","_relevanssi_related_exclude_ids":"","_relevanssi_related_no_append":"","_relevanssi_related_not_related":"","_relevanssi_related_posts":"","_relevanssi_noindex_reason":""},"yoast_head":"<!-- This site is optimized with the Yoast SEO plugin v15.4 - https:\/\/yoast.com\/wordpress\/plugins\/seo\/ -->\n<title>R\u00e9f\u00e9rences et cas - Ecosir<\/title>\n<meta name=\"description\" content=\"Exp\u00e9rience de plus de 100\u00a0gros projets de tubes pneumatiques et pr\u00e8s de 1\u00a0000\u00a0petits projets\u00a0!\" \/>\n<meta name=\"robots\" content=\"index, follow, max-snippet:-1, max-image-preview:large, max-video-preview:-1\" \/>\n<link rel=\"canonical\" href=\"https:\/\/ecosir.com\/fr\/references-and-cases\/\" \/>\n<meta property=\"og:locale\" content=\"fr_FR\" \/>\n<meta property=\"og:type\" content=\"article\" \/>\n<meta property=\"og:title\" content=\"R\u00e9f\u00e9rences et cas - Ecosir\" \/>\n<meta property=\"og:description\" content=\"Exp\u00e9rience de plus de 100\u00a0gros projets de tubes pneumatiques et pr\u00e8s de 1\u00a0000\u00a0petits projets\u00a0!\" \/>\n<meta property=\"og:url\" content=\"https:\/\/ecosir.com\/fr\/references-and-cases\/\" \/>\n<meta property=\"og:site_name\" content=\"Ecosir\" \/>\n<meta property=\"article:modified_time\" content=\"2024-05-27T10:11:00+00:00\" \/>\n<meta property=\"og:image\" content=\"https:\/\/ecosir.com\/wp-content\/uploads\/2020\/11\/nosto-city-environment.jpg\" \/>\n\t<meta property=\"og:image:width\" content=\"730\" \/>\n\t<meta property=\"og:image:height\" content=\"420\" \/>\n<meta name=\"twitter:card\" content=\"summary_large_image\" \/>\n<meta name=\"twitter:label1\" content=\"\u00c9crit par\">\n\t<meta name=\"twitter:data1\" content=\"Joonas Wilska\">\n\t<meta name=\"twitter:label2\" content=\"Dur\u00e9e de lecture est.\">\n\t<meta name=\"twitter:data2\" content=\"2 minutes\">\n<script type=\"application\/ld+json\" class=\"yoast-schema-graph\">{\"@context\":\"https:\/\/schema.org\",\"@graph\":[{\"@type\":\"WebSite\",\"@id\":\"https:\/\/ecosir.com\/#website\",\"url\":\"https:\/\/ecosir.com\/\",\"name\":\"Ecosir\",\"description\":\"Automated waste and laundry collection systems \",\"potentialAction\":[{\"@type\":\"SearchAction\",\"target\":\"https:\/\/ecosir.com\/?s={search_term_string}\",\"query-input\":\"required name=search_term_string\"}],\"inLanguage\":\"fr-FR\"},{\"@type\":\"WebPage\",\"@id\":\"https:\/\/ecosir.com\/fr\/references-and-cases\/#webpage\",\"url\":\"https:\/\/ecosir.com\/fr\/references-and-cases\/\",\"name\":\"R\\u00e9f\\u00e9rences et cas - Ecosir\",\"isPartOf\":{\"@id\":\"https:\/\/ecosir.com\/#website\"},\"datePublished\":\"2024-05-27T08:25:50+00:00\",\"dateModified\":\"2024-05-27T10:11:00+00:00\",\"description\":\"Exp\\u00e9rience de plus de 100\\u00a0gros projets de tubes pneumatiques et pr\\u00e8s de 1\\u00a0000\\u00a0petits projets\\u00a0!\",\"breadcrumb\":{\"@id\":\"https:\/\/ecosir.com\/fr\/references-and-cases\/#breadcrumb\"},\"inLanguage\":\"fr-FR\",\"potentialAction\":[{\"@type\":\"ReadAction\",\"target\":[\"https:\/\/ecosir.com\/fr\/references-and-cases\/\"]}]},{\"@type\":\"BreadcrumbList\",\"@id\":\"https:\/\/ecosir.com\/fr\/references-and-cases\/#breadcrumb\",\"itemListElement\":[{\"@type\":\"ListItem\",\"position\":1,\"item\":{\"@type\":\"WebPage\",\"@id\":\"https:\/\/ecosir.com\/fr\/\",\"url\":\"https:\/\/ecosir.com\/fr\/\",\"name\":\"Home\"}},{\"@type\":\"ListItem\",\"position\":2,\"item\":{\"@type\":\"WebPage\",\"@id\":\"https:\/\/ecosir.com\/fr\/references-and-cases\/\",\"url\":\"https:\/\/ecosir.com\/fr\/references-and-cases\/\",\"name\":\"R\\u00e9f\\u00e9rences et cas\"}}]}]}<\/script>\n<!-- \/ Yoast SEO plugin. -->","_links":{"self":[{"href":"https:\/\/ecosir.com\/fr\/wp-json\/wp\/v2\/pages\/1909"}],"collection":[{"href":"https:\/\/ecosir.com\/fr\/wp-json\/wp\/v2\/pages"}],"about":[{"href":"https:\/\/ecosir.com\/fr\/wp-json\/wp\/v2\/types\/page"}],"author":[{"embeddable":true,"href":"https:\/\/ecosir.com\/fr\/wp-json\/wp\/v2\/users\/3"}],"replies":[{"embeddable":true,"href":"https:\/\/ecosir.com\/fr\/wp-json\/wp\/v2\/comments?post=1909"}],"version-history":[{"count":5,"href":"https:\/\/ecosir.com\/fr\/wp-json\/wp\/v2\/pages\/1909\/revisions"}],"predecessor-version":[{"id":1985,"href":"https:\/\/ecosir.com\/fr\/wp-json\/wp\/v2\/pages\/1909\/revisions\/1985"}],"wp:attachment":[{"href":"https:\/\/ecosir.com\/fr\/wp-json\/wp\/v2\/media?parent=1909"}],"curies":[{"name":"wp","href":"https:\/\/api.w.org\/{rel}","templated":true}]}}