{"id":1911,"date":"2024-05-27T08:25:53","date_gmt":"2024-05-27T08:25:53","guid":{"rendered":"https:\/\/ecosir.com\/service-care\/"},"modified":"2024-05-27T10:11:01","modified_gmt":"2024-05-27T10:11:01","slug":"service-care","status":"publish","type":"page","link":"https:\/\/ecosir.com\/fr\/service-care\/","title":{"rendered":"Service Care"},"content":{"rendered":"\n<p><\/p>\n\n<p><strong><em>Service Care<\/em><\/strong>\u2122 garantit la disponibilit\u00e9 permanente de vos syst\u00e8mes de transfert de d\u00e9chets et de linge. S&rsquo;appuyant sur un r\u00e9seau mondial d&rsquo;experts en maintenance, des techniciens hautement qualifi\u00e9s sont l\u00e0 pour assurer le bon fonctionnement de vos syst\u00e8mes. Dans le cadre du service apr\u00e8s-vente, seuls des composants d&rsquo;origine Ecosir de qualit\u00e9 sont utilis\u00e9s.<\/p>\n\n<p>L&rsquo;\u00e9quipe <strong><em>Service Care<\/em><\/strong>\u2122 assure une surveillance en ligne compl\u00e8te, des maintenances p\u00e9riodiques programmable, des mises \u00e0 niveau et la formation des utilisateurs.<\/p>\n\n<p>Avantages<\/p>\n\n<ul class=\"is-style-checklist\"><li>Plus de temps pour votre activit\u00e9 principale<\/li><li>Simplicit\u00e9 d&rsquo;utilisation<\/li><li>Transfert de grande capacit\u00e9<\/li><\/ul>\n\n<p>.<\/p>\n\n<p>  <strong>Demandes de renseignements\u00a0: info@ecosir.com<\/strong><\/p>\n","protected":false},"excerpt":{"rendered":"<p>Service Care\u2122 garantit la disponibilit\u00e9 permanente de vos syst\u00e8mes de transfert de d\u00e9chets et de&hellip;<\/p>\n","protected":false},"author":2,"featured_media":1912,"parent":0,"menu_order":0,"comment_status":"closed","ping_status":"closed","template":"","meta":{"_relevanssi_hide_post":"","_relevanssi_pin_for_all":"","_relevanssi_pin_keywords":"","_relevanssi_unpin_keywords":"","_relevanssi_related_keywords":"","_relevanssi_related_include_ids":"","_relevanssi_related_exclude_ids":"","_relevanssi_related_no_append":"","_relevanssi_related_not_related":"","_relevanssi_related_posts":"","_relevanssi_noindex_reason":""},"yoast_head":"<!-- This site is optimized with the Yoast SEO plugin v15.4 - https:\/\/yoast.com\/wordpress\/plugins\/seo\/ -->\n<title>Service Care - Ecosir<\/title>\n<meta name=\"description\" content=\"Service Care\u2122 garantit la disponibilit\u00e9 permanente de vos syst\u00e8mes de transfert de d\u00e9chets et de linge. S&#039;appuyant sur un r\u00e9seau mondial d&#039;experts en maintenance, des techniciens hautement qualifi\u00e9s sont l\u00e0 pour assurer le bon fonctionnement de vos syst\u00e8mes. Dans le cadre du service apr\u00e8s-vente, seuls des composants d&#039;origine Ecosir de qualit\u00e9 sont utilis\u00e9s.\" \/>\n<meta name=\"robots\" content=\"index, follow, max-snippet:-1, max-image-preview:large, max-video-preview:-1\" \/>\n<link rel=\"canonical\" href=\"https:\/\/ecosir.com\/fr\/service-care\/\" \/>\n<meta property=\"og:locale\" content=\"fr_FR\" \/>\n<meta property=\"og:type\" content=\"article\" \/>\n<meta property=\"og:title\" content=\"Service Care - Ecosir\" \/>\n<meta property=\"og:description\" content=\"Service Care\u2122 garantit la disponibilit\u00e9 permanente de vos syst\u00e8mes de transfert de d\u00e9chets et de linge. S&#039;appuyant sur un r\u00e9seau mondial d&#039;experts en maintenance, des techniciens hautement qualifi\u00e9s sont l\u00e0 pour assurer le bon fonctionnement de vos syst\u00e8mes. Dans le cadre du service apr\u00e8s-vente, seuls des composants d&#039;origine Ecosir de qualit\u00e9 sont utilis\u00e9s.\" \/>\n<meta property=\"og:url\" content=\"https:\/\/ecosir.com\/fr\/service-care\/\" \/>\n<meta property=\"og:site_name\" content=\"Ecosir\" \/>\n<meta property=\"article:modified_time\" content=\"2024-05-27T10:11:01+00:00\" \/>\n<meta property=\"og:image\" content=\"https:\/\/ecosir.com\/wp-content\/uploads\/2020\/10\/SERVICE_CARE.jpg\" \/>\n\t<meta property=\"og:image:width\" content=\"1300\" \/>\n\t<meta property=\"og:image:height\" content=\"700\" \/>\n<meta name=\"twitter:card\" content=\"summary_large_image\" \/>\n<meta name=\"twitter:label1\" content=\"\u00c9crit par\">\n\t<meta name=\"twitter:data1\" content=\"Jani Kukkonen\">\n\t<meta name=\"twitter:label2\" content=\"Dur\u00e9e de lecture est.\">\n\t<meta name=\"twitter:data2\" content=\"0 minute\">\n<script type=\"application\/ld+json\" class=\"yoast-schema-graph\">{\"@context\":\"https:\/\/schema.org\",\"@graph\":[{\"@type\":\"WebSite\",\"@id\":\"https:\/\/ecosir.com\/#website\",\"url\":\"https:\/\/ecosir.com\/\",\"name\":\"Ecosir\",\"description\":\"Automated waste and laundry collection systems \",\"potentialAction\":[{\"@type\":\"SearchAction\",\"target\":\"https:\/\/ecosir.com\/?s={search_term_string}\",\"query-input\":\"required name=search_term_string\"}],\"inLanguage\":\"fr-FR\"},{\"@type\":\"ImageObject\",\"@id\":\"https:\/\/ecosir.com\/fr\/service-care\/#primaryimage\",\"inLanguage\":\"fr-FR\",\"url\":\"https:\/\/ecosir.com\/wp-content\/uploads\/2020\/10\/SERVICE_CARE.jpg\",\"width\":1300,\"height\":700},{\"@type\":\"WebPage\",\"@id\":\"https:\/\/ecosir.com\/fr\/service-care\/#webpage\",\"url\":\"https:\/\/ecosir.com\/fr\/service-care\/\",\"name\":\"Service Care - Ecosir\",\"isPartOf\":{\"@id\":\"https:\/\/ecosir.com\/#website\"},\"primaryImageOfPage\":{\"@id\":\"https:\/\/ecosir.com\/fr\/service-care\/#primaryimage\"},\"datePublished\":\"2024-05-27T08:25:53+00:00\",\"dateModified\":\"2024-05-27T10:11:01+00:00\",\"description\":\"Service Care\\u2122 garantit la disponibilit\\u00e9 permanente de vos syst\\u00e8mes de transfert de d\\u00e9chets et de linge. S'appuyant sur un r\\u00e9seau mondial d'experts en maintenance, des techniciens hautement qualifi\\u00e9s sont l\\u00e0 pour assurer le bon fonctionnement de vos syst\\u00e8mes. Dans le cadre du service apr\\u00e8s-vente, seuls des composants d'origine Ecosir de qualit\\u00e9 sont utilis\\u00e9s.\",\"breadcrumb\":{\"@id\":\"https:\/\/ecosir.com\/fr\/service-care\/#breadcrumb\"},\"inLanguage\":\"fr-FR\",\"potentialAction\":[{\"@type\":\"ReadAction\",\"target\":[\"https:\/\/ecosir.com\/fr\/service-care\/\"]}]},{\"@type\":\"BreadcrumbList\",\"@id\":\"https:\/\/ecosir.com\/fr\/service-care\/#breadcrumb\",\"itemListElement\":[{\"@type\":\"ListItem\",\"position\":1,\"item\":{\"@type\":\"WebPage\",\"@id\":\"https:\/\/ecosir.com\/fr\/\",\"url\":\"https:\/\/ecosir.com\/fr\/\",\"name\":\"Home\"}},{\"@type\":\"ListItem\",\"position\":2,\"item\":{\"@type\":\"WebPage\",\"@id\":\"https:\/\/ecosir.com\/fr\/service-care\/\",\"url\":\"https:\/\/ecosir.com\/fr\/service-care\/\",\"name\":\"Service Care\"}}]}]}<\/script>\n<!-- \/ Yoast SEO plugin. -->","_links":{"self":[{"href":"https:\/\/ecosir.com\/fr\/wp-json\/wp\/v2\/pages\/1911"}],"collection":[{"href":"https:\/\/ecosir.com\/fr\/wp-json\/wp\/v2\/pages"}],"about":[{"href":"https:\/\/ecosir.com\/fr\/wp-json\/wp\/v2\/types\/page"}],"author":[{"embeddable":true,"href":"https:\/\/ecosir.com\/fr\/wp-json\/wp\/v2\/users\/2"}],"replies":[{"embeddable":true,"href":"https:\/\/ecosir.com\/fr\/wp-json\/wp\/v2\/comments?post=1911"}],"version-history":[{"count":5,"href":"https:\/\/ecosir.com\/fr\/wp-json\/wp\/v2\/pages\/1911\/revisions"}],"predecessor-version":[{"id":1987,"href":"https:\/\/ecosir.com\/fr\/wp-json\/wp\/v2\/pages\/1911\/revisions\/1987"}],"wp:featuredmedia":[{"embeddable":true,"href":"https:\/\/ecosir.com\/fr\/wp-json\/wp\/v2\/media\/1912"}],"wp:attachment":[{"href":"https:\/\/ecosir.com\/fr\/wp-json\/wp\/v2\/media?parent=1911"}],"curies":[{"name":"wp","href":"https:\/\/api.w.org\/{rel}","templated":true}]}}