{"id":1916,"date":"2024-05-27T08:25:56","date_gmt":"2024-05-27T08:25:56","guid":{"rendered":"https:\/\/ecosir.com\/city-environment\/"},"modified":"2024-05-28T08:04:07","modified_gmt":"2024-05-28T08:04:07","slug":"city-environment","status":"publish","type":"page","link":"https:\/\/ecosir.com\/fr\/city-environment\/","title":{"rendered":"Environnement urbain"},"content":{"rendered":"\n<div class=\"wp-block-columns is-style-three-one\">\n<div class=\"wp-block-column\">\n<ul id=\"block-c3abde98-2f74-47f9-9d6d-2319be101da3\" class=\"is-style-checklist\"><li>ZONE URBAINE S\u00dbRE ET VERDOYANTE<\/li><li>AM\u00c9LIORATION DE L&rsquo;ENVIRONNEMENT URBAIN<\/li><li>EFFICACIT\u00c9 ET R\u00c9DUCTION DES CO\u00dbTS<\/li><\/ul>\n\n\n\n<p>La conception de villes propres et intelligentes n\u00e9cessite des m\u00e9thodes modernes de traitement et de collecte des d\u00e9chets. La solution de collecte par tubes sous vide (PWCS) lib\u00e8re de la place pour les espaces verts urbains entre les b\u00e2timents. Les d\u00e9chets sont collect\u00e9s par un syst\u00e8me sous vide \u00e9tanche directement \u00e0 partir des entr\u00e9es&nbsp;<em><strong>Drop&amp;Go<\/strong><\/em>\u2122,&nbsp;qui peuvent \u00eatre situ\u00e9es \u00e0 l&rsquo;int\u00e9rieur ou \u00e0 l&rsquo;ext\u00e9rieur (ODI).<\/p>\n<\/div>\n\n\n\n<div class=\"wp-block-column\">\n<div class=\"block block-download-files\">\n        <h2 class=\"block-title\">Downloads<\/h2>\n        <ul class=\"file-list\">\n                        <li class=\"file\">\n            <a href=\"https:\/\/ecosir.com\/wp-content\/uploads\/2022\/11\/LOW_32085724_Citymaster_esite_16s_A4L.pdf\" download>\n                <span class=\"file-name\">CITYMASTER<\/span>\n                <span class=\"sub-type pdf\">pdf<\/span>\n                <span class=\"file-size\">(8.36 mb)<\/span>\n            <\/a>\n        <\/li>\n                            <\/ul>\n<\/div><\/div>\n<\/div>\n\n\n\n<div class=\"block block-hero-video video-container\">\n    <video autoplay loop muted controls>\n        <source src=\"https:\/\/player.vimeo.com\/external\/471333247.hd.mp4?s=ffb9a0f1a1f3d5f175d69d40fd19405563ac594d&#038;profile_id=175\" type=\"video\/mp4\">\n    <\/video>\n<\/div>\n\n\n\n<p><\/p>\n","protected":false},"excerpt":{"rendered":"<p>ZONE URBAINE S\u00dbRE ET VERDOYANTE AM\u00c9LIORATION DE L&rsquo;ENVIRONNEMENT URBAIN EFFICACIT\u00c9 ET R\u00c9DUCTION DES CO\u00dbTS La&hellip;<\/p>\n","protected":false},"author":2,"featured_media":2046,"parent":0,"menu_order":0,"comment_status":"closed","ping_status":"open","template":"","meta":{"_relevanssi_hide_post":"","_relevanssi_pin_for_all":"","_relevanssi_pin_keywords":"","_relevanssi_unpin_keywords":"","_relevanssi_related_keywords":"","_relevanssi_related_include_ids":"","_relevanssi_related_exclude_ids":"","_relevanssi_related_no_append":"","_relevanssi_related_not_related":"","_relevanssi_related_posts":"","_relevanssi_noindex_reason":""},"yoast_head":"<!-- This site is optimized with the Yoast SEO plugin v15.4 - https:\/\/yoast.com\/wordpress\/plugins\/seo\/ -->\n<title>Environnement urbain - Ecosir<\/title>\n<meta name=\"description\" content=\"La conception de villes propres et intelligentes n\u00e9cessite des m\u00e9thodes modernes de traitement et de collecte des d\u00e9chets. La solution de collecte par tubes sous vide (PWCS) lib\u00e8re de la place pour les espaces verts urbains entre les b\u00e2timents. Les d\u00e9chets sont collect\u00e9s par un syst\u00e8me sous vide \u00e9tanche directement \u00e0 partir des entr\u00e9es Drop&amp;Go\u2122, qui peuvent \u00eatre situ\u00e9es \u00e0 l&#039;int\u00e9rieur ou \u00e0 l&#039;ext\u00e9rieur (ODI).\" \/>\n<meta name=\"robots\" content=\"index, follow, max-snippet:-1, max-image-preview:large, max-video-preview:-1\" \/>\n<link rel=\"canonical\" href=\"https:\/\/ecosir.com\/fr\/city-environment\/\" \/>\n<meta property=\"og:locale\" content=\"fr_FR\" \/>\n<meta property=\"og:type\" content=\"article\" \/>\n<meta property=\"og:title\" content=\"Environnement urbain - Ecosir\" \/>\n<meta property=\"og:description\" content=\"La conception de villes propres et intelligentes n\u00e9cessite des m\u00e9thodes modernes de traitement et de collecte des d\u00e9chets. La solution de collecte par tubes sous vide (PWCS) lib\u00e8re de la place pour les espaces verts urbains entre les b\u00e2timents. Les d\u00e9chets sont collect\u00e9s par un syst\u00e8me sous vide \u00e9tanche directement \u00e0 partir des entr\u00e9es Drop&amp;Go\u2122, qui peuvent \u00eatre situ\u00e9es \u00e0 l&#039;int\u00e9rieur ou \u00e0 l&#039;ext\u00e9rieur (ODI).\" \/>\n<meta property=\"og:url\" content=\"https:\/\/ecosir.com\/fr\/city-environment\/\" \/>\n<meta property=\"og:site_name\" content=\"Ecosir\" \/>\n<meta property=\"article:modified_time\" content=\"2024-05-28T08:04:07+00:00\" \/>\n<meta property=\"og:image\" content=\"https:\/\/ecosir.com\/wp-content\/uploads\/2020\/10\/nosto-city-environment.jpg\" \/>\n\t<meta property=\"og:image:width\" content=\"730\" \/>\n\t<meta property=\"og:image:height\" content=\"420\" \/>\n<meta name=\"twitter:card\" content=\"summary_large_image\" \/>\n<meta name=\"twitter:label1\" content=\"\u00c9crit par\">\n\t<meta name=\"twitter:data1\" content=\"Jani Kukkonen\">\n\t<meta name=\"twitter:label2\" content=\"Dur\u00e9e de lecture est.\">\n\t<meta name=\"twitter:data2\" content=\"0 minute\">\n<script type=\"application\/ld+json\" class=\"yoast-schema-graph\">{\"@context\":\"https:\/\/schema.org\",\"@graph\":[{\"@type\":\"WebSite\",\"@id\":\"https:\/\/ecosir.com\/#website\",\"url\":\"https:\/\/ecosir.com\/\",\"name\":\"Ecosir\",\"description\":\"Automated waste and laundry collection systems \",\"potentialAction\":[{\"@type\":\"SearchAction\",\"target\":\"https:\/\/ecosir.com\/?s={search_term_string}\",\"query-input\":\"required name=search_term_string\"}],\"inLanguage\":\"fr-FR\"},{\"@type\":\"ImageObject\",\"@id\":\"https:\/\/ecosir.com\/fr\/city-environment\/#primaryimage\",\"inLanguage\":\"fr-FR\",\"url\":\"https:\/\/ecosir.com\/wp-content\/uploads\/2020\/10\/nosto-city-environment.jpg\",\"width\":730,\"height\":420},{\"@type\":\"WebPage\",\"@id\":\"https:\/\/ecosir.com\/fr\/city-environment\/#webpage\",\"url\":\"https:\/\/ecosir.com\/fr\/city-environment\/\",\"name\":\"Environnement urbain - Ecosir\",\"isPartOf\":{\"@id\":\"https:\/\/ecosir.com\/#website\"},\"primaryImageOfPage\":{\"@id\":\"https:\/\/ecosir.com\/fr\/city-environment\/#primaryimage\"},\"datePublished\":\"2024-05-27T08:25:56+00:00\",\"dateModified\":\"2024-05-28T08:04:07+00:00\",\"description\":\"La conception de villes propres et intelligentes n\\u00e9cessite des m\\u00e9thodes modernes de traitement et de collecte des d\\u00e9chets. La solution de collecte par tubes sous vide (PWCS) lib\\u00e8re de la place pour les espaces verts urbains entre les b\\u00e2timents. Les d\\u00e9chets sont collect\\u00e9s par un syst\\u00e8me sous vide \\u00e9tanche directement \\u00e0 partir des entr\\u00e9es Drop&Go\\u2122, qui peuvent \\u00eatre situ\\u00e9es \\u00e0 l'int\\u00e9rieur ou \\u00e0 l'ext\\u00e9rieur (ODI).\",\"breadcrumb\":{\"@id\":\"https:\/\/ecosir.com\/fr\/city-environment\/#breadcrumb\"},\"inLanguage\":\"fr-FR\",\"potentialAction\":[{\"@type\":\"ReadAction\",\"target\":[\"https:\/\/ecosir.com\/fr\/city-environment\/\"]}]},{\"@type\":\"BreadcrumbList\",\"@id\":\"https:\/\/ecosir.com\/fr\/city-environment\/#breadcrumb\",\"itemListElement\":[{\"@type\":\"ListItem\",\"position\":1,\"item\":{\"@type\":\"WebPage\",\"@id\":\"https:\/\/ecosir.com\/fr\/\",\"url\":\"https:\/\/ecosir.com\/fr\/\",\"name\":\"Home\"}},{\"@type\":\"ListItem\",\"position\":2,\"item\":{\"@type\":\"WebPage\",\"@id\":\"https:\/\/ecosir.com\/fr\/city-environment\/\",\"url\":\"https:\/\/ecosir.com\/fr\/city-environment\/\",\"name\":\"Environnement urbain\"}}]}]}<\/script>\n<!-- \/ Yoast SEO plugin. -->","_links":{"self":[{"href":"https:\/\/ecosir.com\/fr\/wp-json\/wp\/v2\/pages\/1916"}],"collection":[{"href":"https:\/\/ecosir.com\/fr\/wp-json\/wp\/v2\/pages"}],"about":[{"href":"https:\/\/ecosir.com\/fr\/wp-json\/wp\/v2\/types\/page"}],"author":[{"embeddable":true,"href":"https:\/\/ecosir.com\/fr\/wp-json\/wp\/v2\/users\/2"}],"replies":[{"embeddable":true,"href":"https:\/\/ecosir.com\/fr\/wp-json\/wp\/v2\/comments?post=1916"}],"version-history":[{"count":8,"href":"https:\/\/ecosir.com\/fr\/wp-json\/wp\/v2\/pages\/1916\/revisions"}],"predecessor-version":[{"id":2054,"href":"https:\/\/ecosir.com\/fr\/wp-json\/wp\/v2\/pages\/1916\/revisions\/2054"}],"wp:featuredmedia":[{"embeddable":true,"href":"https:\/\/ecosir.com\/fr\/wp-json\/wp\/v2\/media\/2046"}],"wp:attachment":[{"href":"https:\/\/ecosir.com\/fr\/wp-json\/wp\/v2\/media?parent=1916"}],"curies":[{"name":"wp","href":"https:\/\/api.w.org\/{rel}","templated":true}]}}