{"id":776,"date":"2020-11-09T07:22:30","date_gmt":"2020-11-09T07:22:30","guid":{"rendered":"https:\/\/ecosir.com\/bymiljo\/"},"modified":"2022-11-04T06:17:46","modified_gmt":"2022-11-04T06:17:46","slug":"bymiljo","status":"publish","type":"page","link":"https:\/\/ecosir.com\/no\/bymiljo\/","title":{"rendered":"Bymilj\u00f8"},"content":{"rendered":"\n<div class=\"wp-block-columns is-style-three-one\">\n<div class=\"wp-block-column\">\n<ul id=\"block-c3abde98-2f74-47f9-9d6d-2319be101da3\" class=\"is-style-checklist\"><li>RENE OG GR\u00d8NNE BYOMR\u00c5DER<\/li><li>BEDRE URBANT MILJ\u00d8<\/li><li>EFFEKTIVT OG KOSTNADSBESPARENDE<\/li><\/ul>\n\n\n\n<p>Ren og smart byutvikling krever moderne metoder for h\u00e5ndtering og innsamling av avfall. Det vakuumbaserte r\u00f8rsystemet for avfallsh\u00e5ndtering (PWCS) frigj\u00f8r plass til gr\u00f8nne byomr\u00e5der. Avfallet samles opp i et lukket vakuumsystem direkte fra <strong><em>Drop&amp;Go<\/em><\/strong>\u2122 innkast som kan plasseres innend\u00f8rs eller utend\u00f8rs (ODI).<\/p>\n<\/div>\n\n\n\n<div class=\"wp-block-column\">\n<div class=\"block block-download-files\">\n        <h2 class=\"block-title\">Last ned<\/h2>\n        <ul class=\"file-list\">\n                        <li class=\"file\">\n            <a href=\"https:\/\/ecosir.com\/wp-content\/uploads\/2021\/02\/Citymaster.pdf\" download>\n                <span class=\"file-name\">CITYMASTER<\/span>\n                <span class=\"sub-type pdf\">pdf<\/span>\n                <span class=\"file-size\">(4.32 mb)<\/span>\n            <\/a>\n        <\/li>\n                            <\/ul>\n<\/div><\/div>\n<\/div>\n\n\n\n<div class=\"block block-hero-video video-container\">\n    <video autoplay loop muted controls>\n        <source src=\"https:\/\/player.vimeo.com\/external\/471333247.hd.mp4?s=ffb9a0f1a1f3d5f175d69d40fd19405563ac594d&#038;profile_id=175\" type=\"video\/mp4\">\n    <\/video>\n<\/div>\n\n\n\n<p><\/p>\n","protected":false},"excerpt":{"rendered":"<p>RENE OG GR\u00d8NNE BYOMR\u00c5DER BEDRE URBANT MILJ\u00d8 EFFEKTIVT OG KOSTNADSBESPARENDE Ren og smart byutvikling krever&hellip;<\/p>\n","protected":false},"author":1,"featured_media":269,"parent":0,"menu_order":0,"comment_status":"closed","ping_status":"open","template":"","meta":{"_relevanssi_hide_post":"","_relevanssi_pin_for_all":"","_relevanssi_pin_keywords":"","_relevanssi_unpin_keywords":"","_relevanssi_related_keywords":"","_relevanssi_related_include_ids":"","_relevanssi_related_exclude_ids":"","_relevanssi_related_no_append":"","_relevanssi_related_not_related":"","_relevanssi_related_posts":"","_relevanssi_noindex_reason":""},"yoast_head":"<!-- This site is optimized with the Yoast SEO plugin v15.4 - https:\/\/yoast.com\/wordpress\/plugins\/seo\/ -->\n<title>Bymilj\u00f8 - Ecosir<\/title>\n<meta name=\"robots\" content=\"index, follow, max-snippet:-1, max-image-preview:large, max-video-preview:-1\" \/>\n<link rel=\"canonical\" href=\"https:\/\/ecosir.com\/no\/bymiljo\/\" \/>\n<meta property=\"og:locale\" content=\"nb_NO\" \/>\n<meta property=\"og:type\" content=\"article\" \/>\n<meta property=\"og:title\" content=\"Bymilj\u00f8 - Ecosir\" \/>\n<meta property=\"og:description\" content=\"RENE OG GR\u00d8NNE BYOMR\u00c5DER BEDRE URBANT MILJ\u00d8 EFFEKTIVT OG KOSTNADSBESPARENDE Ren og smart byutvikling krever&hellip;\" \/>\n<meta property=\"og:url\" content=\"https:\/\/ecosir.com\/no\/bymiljo\/\" \/>\n<meta property=\"og:site_name\" content=\"Ecosir\" \/>\n<meta property=\"article:modified_time\" content=\"2022-11-04T06:17:46+00:00\" \/>\n<meta property=\"og:image\" content=\"https:\/\/ecosir.com\/wp-content\/uploads\/2020\/10\/nosto-city-environment.jpg\" \/>\n\t<meta property=\"og:image:width\" content=\"730\" \/>\n\t<meta property=\"og:image:height\" content=\"420\" \/>\n<meta name=\"twitter:card\" content=\"summary_large_image\" \/>\n<meta name=\"twitter:label1\" content=\"Skrevet av\">\n\t<meta name=\"twitter:data1\" content=\"into-digital\">\n\t<meta name=\"twitter:label2\" content=\"Ansl. lesetid\">\n\t<meta name=\"twitter:data2\" content=\"0 minutter\">\n<script type=\"application\/ld+json\" class=\"yoast-schema-graph\">{\"@context\":\"https:\/\/schema.org\",\"@graph\":[{\"@type\":\"WebSite\",\"@id\":\"https:\/\/ecosir.com\/#website\",\"url\":\"https:\/\/ecosir.com\/\",\"name\":\"Ecosir\",\"description\":\"Automated waste and laundry collection systems \",\"potentialAction\":[{\"@type\":\"SearchAction\",\"target\":\"https:\/\/ecosir.com\/?s={search_term_string}\",\"query-input\":\"required name=search_term_string\"}],\"inLanguage\":\"nb-NO\"},{\"@type\":\"ImageObject\",\"@id\":\"https:\/\/ecosir.com\/no\/bymiljo\/#primaryimage\",\"inLanguage\":\"nb-NO\",\"url\":\"https:\/\/ecosir.com\/wp-content\/uploads\/2020\/10\/nosto-city-environment.jpg\",\"width\":730,\"height\":420},{\"@type\":\"WebPage\",\"@id\":\"https:\/\/ecosir.com\/no\/bymiljo\/#webpage\",\"url\":\"https:\/\/ecosir.com\/no\/bymiljo\/\",\"name\":\"Bymilj\\u00f8 - Ecosir\",\"isPartOf\":{\"@id\":\"https:\/\/ecosir.com\/#website\"},\"primaryImageOfPage\":{\"@id\":\"https:\/\/ecosir.com\/no\/bymiljo\/#primaryimage\"},\"datePublished\":\"2020-11-09T07:22:30+00:00\",\"dateModified\":\"2022-11-04T06:17:46+00:00\",\"breadcrumb\":{\"@id\":\"https:\/\/ecosir.com\/no\/bymiljo\/#breadcrumb\"},\"inLanguage\":\"nb-NO\",\"potentialAction\":[{\"@type\":\"ReadAction\",\"target\":[\"https:\/\/ecosir.com\/no\/bymiljo\/\"]}]},{\"@type\":\"BreadcrumbList\",\"@id\":\"https:\/\/ecosir.com\/no\/bymiljo\/#breadcrumb\",\"itemListElement\":[{\"@type\":\"ListItem\",\"position\":1,\"item\":{\"@type\":\"WebPage\",\"@id\":\"https:\/\/ecosir.com\/no\/\",\"url\":\"https:\/\/ecosir.com\/no\/\",\"name\":\"Home\"}},{\"@type\":\"ListItem\",\"position\":2,\"item\":{\"@type\":\"WebPage\",\"@id\":\"https:\/\/ecosir.com\/no\/bymiljo\/\",\"url\":\"https:\/\/ecosir.com\/no\/bymiljo\/\",\"name\":\"Bymilj\\u00f8\"}}]}]}<\/script>\n<!-- \/ Yoast SEO plugin. -->","_links":{"self":[{"href":"https:\/\/ecosir.com\/no\/wp-json\/wp\/v2\/pages\/776"}],"collection":[{"href":"https:\/\/ecosir.com\/no\/wp-json\/wp\/v2\/pages"}],"about":[{"href":"https:\/\/ecosir.com\/no\/wp-json\/wp\/v2\/types\/page"}],"author":[{"embeddable":true,"href":"https:\/\/ecosir.com\/no\/wp-json\/wp\/v2\/users\/1"}],"replies":[{"embeddable":true,"href":"https:\/\/ecosir.com\/no\/wp-json\/wp\/v2\/comments?post=776"}],"version-history":[{"count":9,"href":"https:\/\/ecosir.com\/no\/wp-json\/wp\/v2\/pages\/776\/revisions"}],"predecessor-version":[{"id":1563,"href":"https:\/\/ecosir.com\/no\/wp-json\/wp\/v2\/pages\/776\/revisions\/1563"}],"wp:featuredmedia":[{"embeddable":true,"href":"https:\/\/ecosir.com\/no\/wp-json\/wp\/v2\/media\/269"}],"wp:attachment":[{"href":"https:\/\/ecosir.com\/no\/wp-json\/wp\/v2\/media?parent=776"}],"curies":[{"name":"wp","href":"https:\/\/api.w.org\/{rel}","templated":true}]}}