{"id":778,"date":"2020-11-09T07:23:21","date_gmt":"2020-11-09T07:23:21","guid":{"rendered":"https:\/\/ecosir.com\/sykehus\/"},"modified":"2025-06-02T13:02:36","modified_gmt":"2025-06-02T13:02:36","slug":"sykehus","status":"publish","type":"page","link":"https:\/\/ecosir.com\/no\/sykehus\/","title":{"rendered":"Sykehus"},"content":{"rendered":"\n<div class=\"wp-block-columns is-style-three-one\">\n<div class=\"wp-block-column\">\n<p>Det moderne sykehus yter den beste pleien med det h\u00f8yeste hygieneniv\u00e5et. Flere tonn skittent\u00f8y og avfall skal behandles raskt bort fra avdelingene. <strong><em>CAREMASTER<\/em><\/strong>\u2122 &#8211; Automatisk vakuumbasert avfallsh\u00e5ndtering er den mest effektive m\u00e5ten for effektiv forbedring av hygiene og logistikk 24\/7.<\/p>\n\n\n\n<p><strong><em>Drop&amp;Go<\/em><\/strong>\u2122 teknologi &#8211; enkelt og raskt<\/p>\n\n\n\n<ul id=\"block-ed1701fa-8a59-4c5e-a0b2-0e9886070347\" class=\"is-style-checklist\"><li>MER TID FOR PLEIEARBEID<\/li><li>BEDRE HYGIENE<\/li><li>EFFEKTIV LOGISTIKK<\/li><\/ul>\n<\/div>\n\n\n\n<div class=\"wp-block-column\">\n<div class=\"block block-download-files\">\n        <h2 class=\"block-title\">Last ned<\/h2>\n        <ul class=\"file-list\">\n                        <li class=\"file\">\n            <a href=\"https:\/\/ecosir.com\/wp-content\/uploads\/2025\/06\/Caremaster_NO.pdf\" download>\n                <span class=\"file-name\">CAREMASTER -brosjyre<\/span>\n                <span class=\"sub-type pdf\">pdf<\/span>\n                <span class=\"file-size\">(5.06 mb)<\/span>\n            <\/a>\n        <\/li>\n                            <\/ul>\n<\/div>\n\n\n<p><\/p>\n<\/div>\n<\/div>\n\n\n\n<div class=\"block block-hero-video video-container\">\n    <video autoplay loop muted controls>\n        <source src=\"https:\/\/player.vimeo.com\/external\/469728802.hd.mp4?s=6d06d7c38736211655352d258da2f1f51b30a907&#038;profile_id=175\" type=\"video\/mp4\">\n    <\/video>\n<\/div>\n","protected":false},"excerpt":{"rendered":"<p>Det moderne sykehus yter den beste pleien med det h\u00f8yeste hygieneniv\u00e5et. Flere tonn skittent\u00f8y og&hellip;<\/p>\n","protected":false},"author":1,"featured_media":275,"parent":0,"menu_order":0,"comment_status":"closed","ping_status":"closed","template":"","meta":{"_relevanssi_hide_post":"","_relevanssi_pin_for_all":"","_relevanssi_pin_keywords":"","_relevanssi_unpin_keywords":"","_relevanssi_related_keywords":"","_relevanssi_related_include_ids":"","_relevanssi_related_exclude_ids":"","_relevanssi_related_no_append":"","_relevanssi_related_not_related":"","_relevanssi_related_posts":"","_relevanssi_noindex_reason":""},"yoast_head":"<!-- This site is optimized with the Yoast SEO plugin v15.4 - https:\/\/yoast.com\/wordpress\/plugins\/seo\/ -->\n<title>Sykehus - Ecosir<\/title>\n<meta name=\"robots\" content=\"index, follow, max-snippet:-1, max-image-preview:large, max-video-preview:-1\" \/>\n<link rel=\"canonical\" href=\"https:\/\/ecosir.com\/no\/sykehus\/\" \/>\n<meta property=\"og:locale\" content=\"nb_NO\" \/>\n<meta property=\"og:type\" content=\"article\" \/>\n<meta property=\"og:title\" content=\"Sykehus - Ecosir\" \/>\n<meta property=\"og:description\" content=\"Det moderne sykehus yter den beste pleien med det h\u00f8yeste hygieneniv\u00e5et. Flere tonn skittent\u00f8y og&hellip;\" \/>\n<meta property=\"og:url\" content=\"https:\/\/ecosir.com\/no\/sykehus\/\" \/>\n<meta property=\"og:site_name\" content=\"Ecosir\" \/>\n<meta property=\"article:modified_time\" content=\"2025-06-02T13:02:36+00:00\" \/>\n<meta property=\"og:image\" content=\"https:\/\/ecosir.com\/wp-content\/uploads\/2020\/10\/nosto-hospitals.jpg\" \/>\n\t<meta property=\"og:image:width\" content=\"730\" \/>\n\t<meta property=\"og:image:height\" content=\"420\" \/>\n<meta name=\"twitter:card\" content=\"summary_large_image\" \/>\n<meta name=\"twitter:label1\" content=\"Skrevet av\">\n\t<meta name=\"twitter:data1\" content=\"into-digital\">\n\t<meta name=\"twitter:label2\" content=\"Ansl. lesetid\">\n\t<meta name=\"twitter:data2\" content=\"0 minutter\">\n<script type=\"application\/ld+json\" class=\"yoast-schema-graph\">{\"@context\":\"https:\/\/schema.org\",\"@graph\":[{\"@type\":\"WebSite\",\"@id\":\"https:\/\/ecosir.com\/#website\",\"url\":\"https:\/\/ecosir.com\/\",\"name\":\"Ecosir\",\"description\":\"Automated waste and laundry collection systems \",\"potentialAction\":[{\"@type\":\"SearchAction\",\"target\":\"https:\/\/ecosir.com\/?s={search_term_string}\",\"query-input\":\"required name=search_term_string\"}],\"inLanguage\":\"nb-NO\"},{\"@type\":\"ImageObject\",\"@id\":\"https:\/\/ecosir.com\/no\/sykehus\/#primaryimage\",\"inLanguage\":\"nb-NO\",\"url\":\"https:\/\/ecosir.com\/wp-content\/uploads\/2020\/10\/nosto-hospitals.jpg\",\"width\":730,\"height\":420},{\"@type\":\"WebPage\",\"@id\":\"https:\/\/ecosir.com\/no\/sykehus\/#webpage\",\"url\":\"https:\/\/ecosir.com\/no\/sykehus\/\",\"name\":\"Sykehus - Ecosir\",\"isPartOf\":{\"@id\":\"https:\/\/ecosir.com\/#website\"},\"primaryImageOfPage\":{\"@id\":\"https:\/\/ecosir.com\/no\/sykehus\/#primaryimage\"},\"datePublished\":\"2020-11-09T07:23:21+00:00\",\"dateModified\":\"2025-06-02T13:02:36+00:00\",\"breadcrumb\":{\"@id\":\"https:\/\/ecosir.com\/no\/sykehus\/#breadcrumb\"},\"inLanguage\":\"nb-NO\",\"potentialAction\":[{\"@type\":\"ReadAction\",\"target\":[\"https:\/\/ecosir.com\/no\/sykehus\/\"]}]},{\"@type\":\"BreadcrumbList\",\"@id\":\"https:\/\/ecosir.com\/no\/sykehus\/#breadcrumb\",\"itemListElement\":[{\"@type\":\"ListItem\",\"position\":1,\"item\":{\"@type\":\"WebPage\",\"@id\":\"https:\/\/ecosir.com\/no\/\",\"url\":\"https:\/\/ecosir.com\/no\/\",\"name\":\"Home\"}},{\"@type\":\"ListItem\",\"position\":2,\"item\":{\"@type\":\"WebPage\",\"@id\":\"https:\/\/ecosir.com\/no\/sykehus\/\",\"url\":\"https:\/\/ecosir.com\/no\/sykehus\/\",\"name\":\"Sykehus\"}}]}]}<\/script>\n<!-- \/ Yoast SEO plugin. -->","_links":{"self":[{"href":"https:\/\/ecosir.com\/no\/wp-json\/wp\/v2\/pages\/778"}],"collection":[{"href":"https:\/\/ecosir.com\/no\/wp-json\/wp\/v2\/pages"}],"about":[{"href":"https:\/\/ecosir.com\/no\/wp-json\/wp\/v2\/types\/page"}],"author":[{"embeddable":true,"href":"https:\/\/ecosir.com\/no\/wp-json\/wp\/v2\/users\/1"}],"replies":[{"embeddable":true,"href":"https:\/\/ecosir.com\/no\/wp-json\/wp\/v2\/comments?post=778"}],"version-history":[{"count":14,"href":"https:\/\/ecosir.com\/no\/wp-json\/wp\/v2\/pages\/778\/revisions"}],"predecessor-version":[{"id":2289,"href":"https:\/\/ecosir.com\/no\/wp-json\/wp\/v2\/pages\/778\/revisions\/2289"}],"wp:featuredmedia":[{"embeddable":true,"href":"https:\/\/ecosir.com\/no\/wp-json\/wp\/v2\/media\/275"}],"wp:attachment":[{"href":"https:\/\/ecosir.com\/no\/wp-json\/wp\/v2\/media?parent=778"}],"curies":[{"name":"wp","href":"https:\/\/api.w.org\/{rel}","templated":true}]}}