{"id":785,"date":"2020-11-09T07:27:47","date_gmt":"2020-11-09T07:27:47","guid":{"rendered":"https:\/\/ecosir.com\/vakuumbasert-avfallssystem-pwcs\/"},"modified":"2022-11-03T09:20:24","modified_gmt":"2022-11-03T09:20:24","slug":"vakuumbasert-avfallssystem-pwcs","status":"publish","type":"page","link":"https:\/\/ecosir.com\/no\/vakuumbasert-avfallssystem-pwcs\/","title":{"rendered":"Vakuumbasert avfallssystem (PWCS)"},"content":{"rendered":"\n<div class=\"wp-block-columns is-style-three-one\">\n<div class=\"wp-block-column\">\n<p><\/p>\n\n\n\n<p class=\"is-style-ingress\">CITYMASTER\u2122 \u2013 For renare bymilj\u00f8<\/p>\n\n\n\n<p>Ren og smart byutvikling krever moderne metoder for h\u00e5ndtering og innsamling av avfall. Det vakuumbaserte r\u00f8rsystemet for avfallsh\u00e5ndtering (PWCS) frigj\u00f8r plass til gr\u00f8nne byomr\u00e5der. Avfallsfraksjoner samles opp av vakuumsystemet direkte fra Drop&amp;Go innkastene i hver etasje eller fra utend\u00f8rsinnkast (ODI).<\/p>\n\n\n\n<p><p><strong>CITYMASTER\u2122 &#8211; Komplett l\u00f8sning for bolig- og byomr\u00e5der<\/strong><\/p><\/p>\n\n\n\n<ul class=\"is-style-checklist\"><li>BEDRE BYMILJ\u00d8<\/li><li>RENERE LUFT<\/li><li>REDUSERT RENOVASJONSTRAFIKK<\/li><\/ul>\n<\/div>\n\n\n\n<div class=\"wp-block-column\">\n<p><\/p>\n\n\n\n<div class=\"block block-download-files\">\n        <h2 class=\"block-title\">Downloads<\/h2>\n        <ul class=\"file-list\">\n                        <li class=\"file\">\n            <a href=\"https:\/\/ecosir.com\/wp-content\/uploads\/2020\/10\/XMIT-SKYMASTER.pdf\" download>\n                <span class=\"file-name\">SKYMASTER\u2122 -leaflet<\/span>\n                <span class=\"sub-type pdf\">pdf<\/span>\n                <span class=\"file-size\">(2.12 mb)<\/span>\n            <\/a>\n        <\/li>\n                        <li class=\"file\">\n            <a href=\"https:\/\/ecosir.com\/wp-content\/uploads\/2021\/02\/Citymaster.pdf\" download>\n                <span class=\"file-name\">CITYMASTER<\/span>\n                <span class=\"sub-type pdf\">pdf<\/span>\n                <span class=\"file-size\">(4.32 mb)<\/span>\n            <\/a>\n        <\/li>\n                            <\/ul>\n<\/div><\/div>\n<\/div>\n\n\n\n<p><\/p>\n","protected":false},"excerpt":{"rendered":"<p>CITYMASTER\u2122 \u2013 For renare bymilj\u00f8 Ren og smart byutvikling krever moderne metoder for h\u00e5ndtering og&hellip;<\/p>\n","protected":false},"author":3,"featured_media":432,"parent":0,"menu_order":0,"comment_status":"closed","ping_status":"closed","template":"","meta":{"_relevanssi_hide_post":"","_relevanssi_pin_for_all":"","_relevanssi_pin_keywords":"","_relevanssi_unpin_keywords":"","_relevanssi_related_keywords":"","_relevanssi_related_include_ids":"","_relevanssi_related_exclude_ids":"","_relevanssi_related_no_append":"","_relevanssi_related_not_related":"","_relevanssi_related_posts":"","_relevanssi_noindex_reason":""},"yoast_head":"<!-- This site is optimized with the Yoast SEO plugin v15.4 - https:\/\/yoast.com\/wordpress\/plugins\/seo\/ -->\n<title>Vakuumbasert avfallssystem (PWCS) - Ecosir<\/title>\n<meta name=\"robots\" content=\"index, follow, max-snippet:-1, max-image-preview:large, max-video-preview:-1\" \/>\n<link rel=\"canonical\" href=\"https:\/\/ecosir.com\/no\/vakuumbasert-avfallssystem-pwcs\/\" \/>\n<meta property=\"og:locale\" content=\"nb_NO\" \/>\n<meta property=\"og:type\" content=\"article\" \/>\n<meta property=\"og:title\" content=\"Vakuumbasert avfallssystem (PWCS) - Ecosir\" \/>\n<meta property=\"og:description\" content=\"CITYMASTER\u2122 \u2013 For renare bymilj\u00f8 Ren og smart byutvikling krever moderne metoder for h\u00e5ndtering og&hellip;\" \/>\n<meta property=\"og:url\" content=\"https:\/\/ecosir.com\/no\/vakuumbasert-avfallssystem-pwcs\/\" \/>\n<meta property=\"og:site_name\" content=\"Ecosir\" \/>\n<meta property=\"article:modified_time\" content=\"2022-11-03T09:20:24+00:00\" \/>\n<meta property=\"og:image\" content=\"https:\/\/ecosir.com\/wp-content\/uploads\/2020\/10\/CITYMASTER5.jpg\" \/>\n\t<meta property=\"og:image:width\" content=\"1300\" \/>\n\t<meta property=\"og:image:height\" content=\"700\" \/>\n<meta name=\"twitter:card\" content=\"summary_large_image\" \/>\n<meta name=\"twitter:label1\" content=\"Skrevet av\">\n\t<meta name=\"twitter:data1\" content=\"Joonas Wilska\">\n\t<meta name=\"twitter:label2\" content=\"Ansl. lesetid\">\n\t<meta name=\"twitter:data2\" content=\"0 minutter\">\n<script type=\"application\/ld+json\" class=\"yoast-schema-graph\">{\"@context\":\"https:\/\/schema.org\",\"@graph\":[{\"@type\":\"WebSite\",\"@id\":\"https:\/\/ecosir.com\/#website\",\"url\":\"https:\/\/ecosir.com\/\",\"name\":\"Ecosir\",\"description\":\"Automated waste and laundry collection systems \",\"potentialAction\":[{\"@type\":\"SearchAction\",\"target\":\"https:\/\/ecosir.com\/?s={search_term_string}\",\"query-input\":\"required name=search_term_string\"}],\"inLanguage\":\"nb-NO\"},{\"@type\":\"ImageObject\",\"@id\":\"https:\/\/ecosir.com\/no\/vakuumbasert-avfallssystem-pwcs\/#primaryimage\",\"inLanguage\":\"nb-NO\",\"url\":\"https:\/\/ecosir.com\/wp-content\/uploads\/2020\/10\/CITYMASTER5.jpg\",\"width\":1300,\"height\":700},{\"@type\":\"WebPage\",\"@id\":\"https:\/\/ecosir.com\/no\/vakuumbasert-avfallssystem-pwcs\/#webpage\",\"url\":\"https:\/\/ecosir.com\/no\/vakuumbasert-avfallssystem-pwcs\/\",\"name\":\"Vakuumbasert avfallssystem (PWCS) - Ecosir\",\"isPartOf\":{\"@id\":\"https:\/\/ecosir.com\/#website\"},\"primaryImageOfPage\":{\"@id\":\"https:\/\/ecosir.com\/no\/vakuumbasert-avfallssystem-pwcs\/#primaryimage\"},\"datePublished\":\"2020-11-09T07:27:47+00:00\",\"dateModified\":\"2022-11-03T09:20:24+00:00\",\"breadcrumb\":{\"@id\":\"https:\/\/ecosir.com\/no\/vakuumbasert-avfallssystem-pwcs\/#breadcrumb\"},\"inLanguage\":\"nb-NO\",\"potentialAction\":[{\"@type\":\"ReadAction\",\"target\":[\"https:\/\/ecosir.com\/no\/vakuumbasert-avfallssystem-pwcs\/\"]}]},{\"@type\":\"BreadcrumbList\",\"@id\":\"https:\/\/ecosir.com\/no\/vakuumbasert-avfallssystem-pwcs\/#breadcrumb\",\"itemListElement\":[{\"@type\":\"ListItem\",\"position\":1,\"item\":{\"@type\":\"WebPage\",\"@id\":\"https:\/\/ecosir.com\/no\/\",\"url\":\"https:\/\/ecosir.com\/no\/\",\"name\":\"Home\"}},{\"@type\":\"ListItem\",\"position\":2,\"item\":{\"@type\":\"WebPage\",\"@id\":\"https:\/\/ecosir.com\/no\/vakuumbasert-avfallssystem-pwcs\/\",\"url\":\"https:\/\/ecosir.com\/no\/vakuumbasert-avfallssystem-pwcs\/\",\"name\":\"Vakuumbasert avfallssystem (PWCS)\"}}]}]}<\/script>\n<!-- \/ Yoast SEO plugin. -->","_links":{"self":[{"href":"https:\/\/ecosir.com\/no\/wp-json\/wp\/v2\/pages\/785"}],"collection":[{"href":"https:\/\/ecosir.com\/no\/wp-json\/wp\/v2\/pages"}],"about":[{"href":"https:\/\/ecosir.com\/no\/wp-json\/wp\/v2\/types\/page"}],"author":[{"embeddable":true,"href":"https:\/\/ecosir.com\/no\/wp-json\/wp\/v2\/users\/3"}],"replies":[{"embeddable":true,"href":"https:\/\/ecosir.com\/no\/wp-json\/wp\/v2\/comments?post=785"}],"version-history":[{"count":3,"href":"https:\/\/ecosir.com\/no\/wp-json\/wp\/v2\/pages\/785\/revisions"}],"predecessor-version":[{"id":1559,"href":"https:\/\/ecosir.com\/no\/wp-json\/wp\/v2\/pages\/785\/revisions\/1559"}],"wp:featuredmedia":[{"embeddable":true,"href":"https:\/\/ecosir.com\/no\/wp-json\/wp\/v2\/media\/432"}],"wp:attachment":[{"href":"https:\/\/ecosir.com\/no\/wp-json\/wp\/v2\/media?parent=785"}],"curies":[{"name":"wp","href":"https:\/\/api.w.org\/{rel}","templated":true}]}}