{"id":787,"date":"2020-11-09T07:28:53","date_gmt":"2020-11-09T07:28:53","guid":{"rendered":"https:\/\/ecosir.com\/vakuumoverforingsystem-for-avfall-og-skittentoy-pwcs-awls\/"},"modified":"2025-06-02T12:58:04","modified_gmt":"2025-06-02T12:58:04","slug":"vakuumoverforingsystem-for-avfall-og-skittentoy-pwcs-awls","status":"publish","type":"page","link":"https:\/\/ecosir.com\/no\/vakuumoverforingsystem-for-avfall-og-skittentoy-pwcs-awls\/","title":{"rendered":"Vakuumoverf\u00f8ringsystem for avfall og skittent\u00f8y (PWCS\/AWLS)"},"content":{"rendered":"\n<div class=\"wp-block-columns is-style-three-one\">\n<div class=\"wp-block-column\">\n<p><\/p>\n\n\n\n<p class=\"is-style-ingress\">Mer tid for pleie med ny overf\u00f8ringsteknologi<\/p>\n\n\n\n<p>Det er et \u00f8kende behov for bedre hygiene og effektivitet p\u00e5 sykehus. L\u00f8sningen er automatisk vakuumoverf\u00f8ringsteknologi. Det automatiske vakuumoverf\u00f8ringssystemet overf\u00f8rer avfall og\/eller skittent\u00f8y fra avdelingene p\u00e5 f\u00e5 sekunder &#8211; hygienisk, luktfritt og lydl\u00f8st.<\/p>\n\n\n\n<p>Personalet trenger ikke lenger h\u00e5ndtere tunge uhygieniske s\u00f8ppelbeholdere og traller. N\u00e5 er det mer tid til omsorgsarbeid.<\/p>\n\n\n\n<ul class=\"is-style-checklist\"><li>MER TID FOR PLEIEARBEID<\/li><li>BEDRE HYGIENE<\/li><li>EFFEKTIV LOGISTIKK<\/li><\/ul>\n<\/div>\n\n\n\n<div class=\"wp-block-column\">\n<p><\/p>\n\n\n\n<div class=\"block block-download-files\">\n        <h2 class=\"block-title\">Downloads<\/h2>\n        <ul class=\"file-list\">\n                        <li class=\"file\">\n            <a href=\"https:\/\/ecosir.com\/wp-content\/uploads\/2025\/06\/Caremaster_NO.pdf\" download>\n                <span class=\"file-name\">CAREMASTER<\/span>\n                <span class=\"sub-type pdf\">pdf<\/span>\n                <span class=\"file-size\">(5.06 mb)<\/span>\n            <\/a>\n        <\/li>\n                            <\/ul>\n<\/div><\/div>\n<\/div>\n\n\n\n<p><\/p>\n","protected":false},"excerpt":{"rendered":"<p>Mer tid for pleie med ny overf\u00f8ringsteknologi Det er et \u00f8kende behov for bedre hygiene&hellip;<\/p>\n","protected":false},"author":3,"featured_media":429,"parent":0,"menu_order":0,"comment_status":"closed","ping_status":"closed","template":"","meta":{"_relevanssi_hide_post":"","_relevanssi_pin_for_all":"","_relevanssi_pin_keywords":"","_relevanssi_unpin_keywords":"","_relevanssi_related_keywords":"","_relevanssi_related_include_ids":"","_relevanssi_related_exclude_ids":"","_relevanssi_related_no_append":"","_relevanssi_related_not_related":"","_relevanssi_related_posts":"","_relevanssi_noindex_reason":""},"yoast_head":"<!-- This site is optimized with the Yoast SEO plugin v15.4 - https:\/\/yoast.com\/wordpress\/plugins\/seo\/ -->\n<title>Vakuumoverf\u00f8ringsystem for avfall og skittent\u00f8y (PWCS\/AWLS) - Ecosir<\/title>\n<meta name=\"robots\" content=\"index, follow, max-snippet:-1, max-image-preview:large, max-video-preview:-1\" \/>\n<link rel=\"canonical\" href=\"https:\/\/ecosir.com\/no\/vakuumoverforingsystem-for-avfall-og-skittentoy-pwcs-awls\/\" \/>\n<meta property=\"og:locale\" content=\"nb_NO\" \/>\n<meta property=\"og:type\" content=\"article\" \/>\n<meta property=\"og:title\" content=\"Vakuumoverf\u00f8ringsystem for avfall og skittent\u00f8y (PWCS\/AWLS) - Ecosir\" \/>\n<meta property=\"og:description\" content=\"Mer tid for pleie med ny overf\u00f8ringsteknologi Det er et \u00f8kende behov for bedre hygiene&hellip;\" \/>\n<meta property=\"og:url\" content=\"https:\/\/ecosir.com\/no\/vakuumoverforingsystem-for-avfall-og-skittentoy-pwcs-awls\/\" \/>\n<meta property=\"og:site_name\" content=\"Ecosir\" \/>\n<meta property=\"article:modified_time\" content=\"2025-06-02T12:58:04+00:00\" \/>\n<meta property=\"og:image\" content=\"https:\/\/ecosir.com\/wp-content\/uploads\/2020\/10\/CAREMASTER-5.jpg\" \/>\n\t<meta property=\"og:image:width\" content=\"1300\" \/>\n\t<meta property=\"og:image:height\" content=\"700\" \/>\n<meta name=\"twitter:card\" content=\"summary_large_image\" \/>\n<meta name=\"twitter:label1\" content=\"Skrevet av\">\n\t<meta name=\"twitter:data1\" content=\"Joonas Wilska\">\n\t<meta name=\"twitter:label2\" content=\"Ansl. lesetid\">\n\t<meta name=\"twitter:data2\" content=\"0 minutter\">\n<script type=\"application\/ld+json\" class=\"yoast-schema-graph\">{\"@context\":\"https:\/\/schema.org\",\"@graph\":[{\"@type\":\"WebSite\",\"@id\":\"https:\/\/ecosir.com\/#website\",\"url\":\"https:\/\/ecosir.com\/\",\"name\":\"Ecosir\",\"description\":\"Automated waste and laundry collection systems \",\"potentialAction\":[{\"@type\":\"SearchAction\",\"target\":\"https:\/\/ecosir.com\/?s={search_term_string}\",\"query-input\":\"required name=search_term_string\"}],\"inLanguage\":\"nb-NO\"},{\"@type\":\"ImageObject\",\"@id\":\"https:\/\/ecosir.com\/no\/vakuumoverforingsystem-for-avfall-og-skittentoy-pwcs-awls\/#primaryimage\",\"inLanguage\":\"nb-NO\",\"url\":\"https:\/\/ecosir.com\/wp-content\/uploads\/2020\/10\/CAREMASTER-5.jpg\",\"width\":1300,\"height\":700},{\"@type\":\"WebPage\",\"@id\":\"https:\/\/ecosir.com\/no\/vakuumoverforingsystem-for-avfall-og-skittentoy-pwcs-awls\/#webpage\",\"url\":\"https:\/\/ecosir.com\/no\/vakuumoverforingsystem-for-avfall-og-skittentoy-pwcs-awls\/\",\"name\":\"Vakuumoverf\\u00f8ringsystem for avfall og skittent\\u00f8y (PWCS\/AWLS) - Ecosir\",\"isPartOf\":{\"@id\":\"https:\/\/ecosir.com\/#website\"},\"primaryImageOfPage\":{\"@id\":\"https:\/\/ecosir.com\/no\/vakuumoverforingsystem-for-avfall-og-skittentoy-pwcs-awls\/#primaryimage\"},\"datePublished\":\"2020-11-09T07:28:53+00:00\",\"dateModified\":\"2025-06-02T12:58:04+00:00\",\"breadcrumb\":{\"@id\":\"https:\/\/ecosir.com\/no\/vakuumoverforingsystem-for-avfall-og-skittentoy-pwcs-awls\/#breadcrumb\"},\"inLanguage\":\"nb-NO\",\"potentialAction\":[{\"@type\":\"ReadAction\",\"target\":[\"https:\/\/ecosir.com\/no\/vakuumoverforingsystem-for-avfall-og-skittentoy-pwcs-awls\/\"]}]},{\"@type\":\"BreadcrumbList\",\"@id\":\"https:\/\/ecosir.com\/no\/vakuumoverforingsystem-for-avfall-og-skittentoy-pwcs-awls\/#breadcrumb\",\"itemListElement\":[{\"@type\":\"ListItem\",\"position\":1,\"item\":{\"@type\":\"WebPage\",\"@id\":\"https:\/\/ecosir.com\/no\/\",\"url\":\"https:\/\/ecosir.com\/no\/\",\"name\":\"Home\"}},{\"@type\":\"ListItem\",\"position\":2,\"item\":{\"@type\":\"WebPage\",\"@id\":\"https:\/\/ecosir.com\/no\/vakuumoverforingsystem-for-avfall-og-skittentoy-pwcs-awls\/\",\"url\":\"https:\/\/ecosir.com\/no\/vakuumoverforingsystem-for-avfall-og-skittentoy-pwcs-awls\/\",\"name\":\"Vakuumoverf\\u00f8ringsystem for avfall og skittent\\u00f8y (PWCS\/AWLS)\"}}]}]}<\/script>\n<!-- \/ Yoast SEO plugin. -->","_links":{"self":[{"href":"https:\/\/ecosir.com\/no\/wp-json\/wp\/v2\/pages\/787"}],"collection":[{"href":"https:\/\/ecosir.com\/no\/wp-json\/wp\/v2\/pages"}],"about":[{"href":"https:\/\/ecosir.com\/no\/wp-json\/wp\/v2\/types\/page"}],"author":[{"embeddable":true,"href":"https:\/\/ecosir.com\/no\/wp-json\/wp\/v2\/users\/3"}],"replies":[{"embeddable":true,"href":"https:\/\/ecosir.com\/no\/wp-json\/wp\/v2\/comments?post=787"}],"version-history":[{"count":9,"href":"https:\/\/ecosir.com\/no\/wp-json\/wp\/v2\/pages\/787\/revisions"}],"predecessor-version":[{"id":2279,"href":"https:\/\/ecosir.com\/no\/wp-json\/wp\/v2\/pages\/787\/revisions\/2279"}],"wp:featuredmedia":[{"embeddable":true,"href":"https:\/\/ecosir.com\/no\/wp-json\/wp\/v2\/media\/429"}],"wp:attachment":[{"href":"https:\/\/ecosir.com\/no\/wp-json\/wp\/v2\/media?parent=787"}],"curies":[{"name":"wp","href":"https:\/\/api.w.org\/{rel}","templated":true}]}}