{"id":789,"date":"2020-11-09T07:31:39","date_gmt":"2020-11-09T07:31:39","guid":{"rendered":"https:\/\/ecosir.com\/vakuumoverforingsystem-for-avfall-og-bleier\/"},"modified":"2025-06-02T12:59:40","modified_gmt":"2025-06-02T12:59:40","slug":"vakuumoverforingsystem-for-avfall-og-bleier","status":"publish","type":"page","link":"https:\/\/ecosir.com\/no\/vakuumoverforingsystem-for-avfall-og-bleier\/","title":{"rendered":"Vakuumoverf\u00f8ringsystem for avfall og bleier"},"content":{"rendered":"\n<div class=\"wp-block-columns is-style-three-one\">\n<div class=\"wp-block-column\">\n<p><\/p>\n\n\n\n<p><p>Det er et \u00f8kende behov for bedre hygiene og effektivitet i sykehjem og omsorgsboliger. L\u00f8sningen er den automatiske vakuumoverf\u00f8ringsteknologien. Det automatiske vakuumoverf\u00f8ringssystemet overf\u00f8rer avfall og\/eller bleier fra avdelingene p\u00e5 f\u00e5 sekunder &#8211; hygienisk, luktfritt og lydl\u00f8st.<\/p><\/p>\n\n\n\n<p>Personalet trenger ikke lenger \u00e5 h\u00e5ndtere tunge uhygieniske s\u00f8ppelbeholdere og traller. N\u00e5 er det mer tid til omsorgsarbeid.<\/p>\n\n\n\n<ul class=\"is-style-checklist\"><li>MER TID FOR PLEIEARBEID<\/li><li>BEDRE HYGIENE<\/li><li>EFFEKTIV LOGISTIKK<\/li><\/ul>\n<\/div>\n\n\n\n<div class=\"wp-block-column\">\n<p><\/p>\n\n\n\n<div class=\"block block-download-files\">\n        <h2 class=\"block-title\">Downloads<\/h2>\n        <ul class=\"file-list\">\n                        <li class=\"file\">\n            <a href=\"https:\/\/ecosir.com\/wp-content\/uploads\/2025\/06\/Ecosir_Care_220_NO.pdf\" download>\n                <span class=\"file-name\">CARE 220<\/span>\n                <span class=\"sub-type pdf\">pdf<\/span>\n                <span class=\"file-size\">(3.28 mb)<\/span>\n            <\/a>\n        <\/li>\n                            <\/ul>\n<\/div><\/div>\n<\/div>\n","protected":false},"excerpt":{"rendered":"<p>Det er et \u00f8kende behov for bedre hygiene og effektivitet i sykehjem og omsorgsboliger. L\u00f8sningen&hellip;<\/p>\n","protected":false},"author":3,"featured_media":426,"parent":0,"menu_order":0,"comment_status":"closed","ping_status":"closed","template":"","meta":{"_relevanssi_hide_post":"","_relevanssi_pin_for_all":"","_relevanssi_pin_keywords":"","_relevanssi_unpin_keywords":"","_relevanssi_related_keywords":"","_relevanssi_related_include_ids":"","_relevanssi_related_exclude_ids":"","_relevanssi_related_no_append":"","_relevanssi_related_not_related":"","_relevanssi_related_posts":"","_relevanssi_noindex_reason":""},"yoast_head":"<!-- This site is optimized with the Yoast SEO plugin v15.4 - https:\/\/yoast.com\/wordpress\/plugins\/seo\/ -->\n<title>Vakuumoverf\u00f8ringsystem for avfall og bleier - Ecosir<\/title>\n<meta name=\"robots\" content=\"index, follow, max-snippet:-1, max-image-preview:large, max-video-preview:-1\" \/>\n<link rel=\"canonical\" href=\"https:\/\/ecosir.com\/no\/vakuumoverforingsystem-for-avfall-og-bleier\/\" \/>\n<meta property=\"og:locale\" content=\"nb_NO\" \/>\n<meta property=\"og:type\" content=\"article\" \/>\n<meta property=\"og:title\" content=\"Vakuumoverf\u00f8ringsystem for avfall og bleier - Ecosir\" \/>\n<meta property=\"og:description\" content=\"Det er et \u00f8kende behov for bedre hygiene og effektivitet i sykehjem og omsorgsboliger. L\u00f8sningen&hellip;\" \/>\n<meta property=\"og:url\" content=\"https:\/\/ecosir.com\/no\/vakuumoverforingsystem-for-avfall-og-bleier\/\" \/>\n<meta property=\"og:site_name\" content=\"Ecosir\" \/>\n<meta property=\"article:modified_time\" content=\"2025-06-02T12:59:40+00:00\" \/>\n<meta property=\"og:image\" content=\"https:\/\/ecosir.com\/wp-content\/uploads\/2020\/10\/CARE-5.jpg\" \/>\n\t<meta property=\"og:image:width\" content=\"1300\" \/>\n\t<meta property=\"og:image:height\" content=\"700\" \/>\n<meta name=\"twitter:card\" content=\"summary_large_image\" \/>\n<meta name=\"twitter:label1\" content=\"Skrevet av\">\n\t<meta name=\"twitter:data1\" content=\"Joonas Wilska\">\n\t<meta name=\"twitter:label2\" content=\"Ansl. lesetid\">\n\t<meta name=\"twitter:data2\" content=\"0 minutter\">\n<script type=\"application\/ld+json\" class=\"yoast-schema-graph\">{\"@context\":\"https:\/\/schema.org\",\"@graph\":[{\"@type\":\"WebSite\",\"@id\":\"https:\/\/ecosir.com\/#website\",\"url\":\"https:\/\/ecosir.com\/\",\"name\":\"Ecosir\",\"description\":\"Automated waste and laundry collection systems \",\"potentialAction\":[{\"@type\":\"SearchAction\",\"target\":\"https:\/\/ecosir.com\/?s={search_term_string}\",\"query-input\":\"required name=search_term_string\"}],\"inLanguage\":\"nb-NO\"},{\"@type\":\"ImageObject\",\"@id\":\"https:\/\/ecosir.com\/no\/vakuumoverforingsystem-for-avfall-og-bleier\/#primaryimage\",\"inLanguage\":\"nb-NO\",\"url\":\"https:\/\/ecosir.com\/wp-content\/uploads\/2020\/10\/CARE-5.jpg\",\"width\":1300,\"height\":700},{\"@type\":\"WebPage\",\"@id\":\"https:\/\/ecosir.com\/no\/vakuumoverforingsystem-for-avfall-og-bleier\/#webpage\",\"url\":\"https:\/\/ecosir.com\/no\/vakuumoverforingsystem-for-avfall-og-bleier\/\",\"name\":\"Vakuumoverf\\u00f8ringsystem for avfall og bleier - Ecosir\",\"isPartOf\":{\"@id\":\"https:\/\/ecosir.com\/#website\"},\"primaryImageOfPage\":{\"@id\":\"https:\/\/ecosir.com\/no\/vakuumoverforingsystem-for-avfall-og-bleier\/#primaryimage\"},\"datePublished\":\"2020-11-09T07:31:39+00:00\",\"dateModified\":\"2025-06-02T12:59:40+00:00\",\"breadcrumb\":{\"@id\":\"https:\/\/ecosir.com\/no\/vakuumoverforingsystem-for-avfall-og-bleier\/#breadcrumb\"},\"inLanguage\":\"nb-NO\",\"potentialAction\":[{\"@type\":\"ReadAction\",\"target\":[\"https:\/\/ecosir.com\/no\/vakuumoverforingsystem-for-avfall-og-bleier\/\"]}]},{\"@type\":\"BreadcrumbList\",\"@id\":\"https:\/\/ecosir.com\/no\/vakuumoverforingsystem-for-avfall-og-bleier\/#breadcrumb\",\"itemListElement\":[{\"@type\":\"ListItem\",\"position\":1,\"item\":{\"@type\":\"WebPage\",\"@id\":\"https:\/\/ecosir.com\/no\/\",\"url\":\"https:\/\/ecosir.com\/no\/\",\"name\":\"Home\"}},{\"@type\":\"ListItem\",\"position\":2,\"item\":{\"@type\":\"WebPage\",\"@id\":\"https:\/\/ecosir.com\/no\/vakuumoverforingsystem-for-avfall-og-bleier\/\",\"url\":\"https:\/\/ecosir.com\/no\/vakuumoverforingsystem-for-avfall-og-bleier\/\",\"name\":\"Vakuumoverf\\u00f8ringsystem for avfall og bleier\"}}]}]}<\/script>\n<!-- \/ Yoast SEO plugin. -->","_links":{"self":[{"href":"https:\/\/ecosir.com\/no\/wp-json\/wp\/v2\/pages\/789"}],"collection":[{"href":"https:\/\/ecosir.com\/no\/wp-json\/wp\/v2\/pages"}],"about":[{"href":"https:\/\/ecosir.com\/no\/wp-json\/wp\/v2\/types\/page"}],"author":[{"embeddable":true,"href":"https:\/\/ecosir.com\/no\/wp-json\/wp\/v2\/users\/3"}],"replies":[{"embeddable":true,"href":"https:\/\/ecosir.com\/no\/wp-json\/wp\/v2\/comments?post=789"}],"version-history":[{"count":5,"href":"https:\/\/ecosir.com\/no\/wp-json\/wp\/v2\/pages\/789\/revisions"}],"predecessor-version":[{"id":2287,"href":"https:\/\/ecosir.com\/no\/wp-json\/wp\/v2\/pages\/789\/revisions\/2287"}],"wp:featuredmedia":[{"embeddable":true,"href":"https:\/\/ecosir.com\/no\/wp-json\/wp\/v2\/media\/426"}],"wp:attachment":[{"href":"https:\/\/ecosir.com\/no\/wp-json\/wp\/v2\/media?parent=789"}],"curies":[{"name":"wp","href":"https:\/\/api.w.org\/{rel}","templated":true}]}}