{"id":791,"date":"2020-11-09T07:35:06","date_gmt":"2020-11-09T07:35:06","guid":{"rendered":"https:\/\/ecosir.com\/vakuum-avfallssystem-for-organisk-bio-avfall\/"},"modified":"2025-06-02T12:56:23","modified_gmt":"2025-06-02T12:56:23","slug":"vakuum-avfallssystem-for-organisk-bio-avfall","status":"publish","type":"page","link":"https:\/\/ecosir.com\/no\/vakuum-avfallssystem-for-organisk-bio-avfall\/","title":{"rendered":"Vakuum avfallssystem for organisk (BIO) avfall"},"content":{"rendered":"\n<p><\/p>\n\n\n\n<div class=\"wp-block-columns is-style-three-one\">\n<div class=\"wp-block-column\">\n<p><p><strong><em>XMIT BIO<\/em><\/strong>\u2122 overf\u00f8ringssystemet er en kostnadseffektiv l\u00f8sning for h\u00e5ndtering og transport av organisk (BIO) avfall. Det organiske avfallet samles automatisk fra brukervennlige innkast. Plasseringen av avl\u00f8psinnkastene er designet for \u00e5 v\u00e6re optimalt for storkj\u00f8kken eller n\u00e6ringsmiddelproduksjon. Innkastene kan ogs\u00e5 integreres i benker, oppvasklinjer etc.<\/p><\/p>\n\n\n\n<p><p>\u2022 Hygienisk og luktfritt \u2013 minimerer bakterier \/ virussykdommer<br\/>\u2022 Effektivt arbeidsomr\u00e5de \u2013 ingen skitne og manuelle avfallsbeholdere<br\/>\u2022 Bedre logistikk, plass- og personalbesparende \u2013 bedre logistikk<\/p><\/p>\n\n\n\n<p>Systemet kan benyttes i restauranter og kantiner, storkj\u00f8kken, dagligvarebutikker, sykehus, kj\u00f8pesentre, stasjoner og terminaler.<\/p>\n\n\n\n<ul class=\"is-style-checklist\"><li>\u2022\tREN OG SUNN MAT<\/li><li>BEDRE HYGIENE<\/li><li>EFFEKTIV LOGISTIKK<\/li><\/ul>\n<\/div>\n\n\n\n<div class=\"wp-block-column\">\n<div class=\"block block-download-files\">\n        <h2 class=\"block-title\">Downloads<\/h2>\n        <ul class=\"file-list\">\n                        <li class=\"file\">\n            <a href=\"https:\/\/ecosir.com\/wp-content\/uploads\/2025\/06\/Ecosir_Bio_NO.pdf\" download>\n                <span class=\"file-name\">BIO SERIE 140_170_220<\/span>\n                <span class=\"sub-type pdf\">pdf<\/span>\n                <span class=\"file-size\">(4.39 mb)<\/span>\n            <\/a>\n        <\/li>\n                            <\/ul>\n<\/div><\/div>\n<\/div>\n\n\n\n<p><\/p>\n","protected":false},"excerpt":{"rendered":"<p>XMIT BIO\u2122 overf\u00f8ringssystemet er en kostnadseffektiv l\u00f8sning for h\u00e5ndtering og transport av organisk (BIO) avfall.&hellip;<\/p>\n","protected":false},"author":3,"featured_media":438,"parent":0,"menu_order":0,"comment_status":"closed","ping_status":"closed","template":"","meta":{"_relevanssi_hide_post":"","_relevanssi_pin_for_all":"","_relevanssi_pin_keywords":"","_relevanssi_unpin_keywords":"","_relevanssi_related_keywords":"","_relevanssi_related_include_ids":"","_relevanssi_related_exclude_ids":"","_relevanssi_related_no_append":"","_relevanssi_related_not_related":"","_relevanssi_related_posts":"","_relevanssi_noindex_reason":""},"yoast_head":"<!-- This site is optimized with the Yoast SEO plugin v15.4 - https:\/\/yoast.com\/wordpress\/plugins\/seo\/ -->\n<title>Vakuum avfallssystem for organisk (BIO) avfall - Ecosir<\/title>\n<meta name=\"robots\" content=\"index, follow, max-snippet:-1, max-image-preview:large, max-video-preview:-1\" \/>\n<link rel=\"canonical\" href=\"https:\/\/ecosir.com\/no\/vakuum-avfallssystem-for-organisk-bio-avfall\/\" \/>\n<meta property=\"og:locale\" content=\"nb_NO\" \/>\n<meta property=\"og:type\" content=\"article\" \/>\n<meta property=\"og:title\" content=\"Vakuum avfallssystem for organisk (BIO) avfall - Ecosir\" \/>\n<meta property=\"og:description\" content=\"XMIT BIO\u2122 overf\u00f8ringssystemet er en kostnadseffektiv l\u00f8sning for h\u00e5ndtering og transport av organisk (BIO) avfall.&hellip;\" \/>\n<meta property=\"og:url\" content=\"https:\/\/ecosir.com\/no\/vakuum-avfallssystem-for-organisk-bio-avfall\/\" \/>\n<meta property=\"og:site_name\" content=\"Ecosir\" \/>\n<meta property=\"article:modified_time\" content=\"2025-06-02T12:56:23+00:00\" \/>\n<meta property=\"og:image\" content=\"https:\/\/ecosir.com\/wp-content\/uploads\/2020\/10\/XMIT-BIO-2.jpg\" \/>\n\t<meta property=\"og:image:width\" content=\"1419\" \/>\n\t<meta property=\"og:image:height\" content=\"700\" \/>\n<meta name=\"twitter:card\" content=\"summary_large_image\" \/>\n<meta name=\"twitter:label1\" content=\"Skrevet av\">\n\t<meta name=\"twitter:data1\" content=\"Joonas Wilska\">\n\t<meta name=\"twitter:label2\" content=\"Ansl. lesetid\">\n\t<meta name=\"twitter:data2\" content=\"0 minutter\">\n<script type=\"application\/ld+json\" class=\"yoast-schema-graph\">{\"@context\":\"https:\/\/schema.org\",\"@graph\":[{\"@type\":\"WebSite\",\"@id\":\"https:\/\/ecosir.com\/#website\",\"url\":\"https:\/\/ecosir.com\/\",\"name\":\"Ecosir\",\"description\":\"Automated waste and laundry collection systems \",\"potentialAction\":[{\"@type\":\"SearchAction\",\"target\":\"https:\/\/ecosir.com\/?s={search_term_string}\",\"query-input\":\"required name=search_term_string\"}],\"inLanguage\":\"nb-NO\"},{\"@type\":\"ImageObject\",\"@id\":\"https:\/\/ecosir.com\/no\/vakuum-avfallssystem-for-organisk-bio-avfall\/#primaryimage\",\"inLanguage\":\"nb-NO\",\"url\":\"https:\/\/ecosir.com\/wp-content\/uploads\/2020\/10\/XMIT-BIO-2.jpg\",\"width\":1419,\"height\":700},{\"@type\":\"WebPage\",\"@id\":\"https:\/\/ecosir.com\/no\/vakuum-avfallssystem-for-organisk-bio-avfall\/#webpage\",\"url\":\"https:\/\/ecosir.com\/no\/vakuum-avfallssystem-for-organisk-bio-avfall\/\",\"name\":\"Vakuum avfallssystem for organisk (BIO) avfall - Ecosir\",\"isPartOf\":{\"@id\":\"https:\/\/ecosir.com\/#website\"},\"primaryImageOfPage\":{\"@id\":\"https:\/\/ecosir.com\/no\/vakuum-avfallssystem-for-organisk-bio-avfall\/#primaryimage\"},\"datePublished\":\"2020-11-09T07:35:06+00:00\",\"dateModified\":\"2025-06-02T12:56:23+00:00\",\"breadcrumb\":{\"@id\":\"https:\/\/ecosir.com\/no\/vakuum-avfallssystem-for-organisk-bio-avfall\/#breadcrumb\"},\"inLanguage\":\"nb-NO\",\"potentialAction\":[{\"@type\":\"ReadAction\",\"target\":[\"https:\/\/ecosir.com\/no\/vakuum-avfallssystem-for-organisk-bio-avfall\/\"]}]},{\"@type\":\"BreadcrumbList\",\"@id\":\"https:\/\/ecosir.com\/no\/vakuum-avfallssystem-for-organisk-bio-avfall\/#breadcrumb\",\"itemListElement\":[{\"@type\":\"ListItem\",\"position\":1,\"item\":{\"@type\":\"WebPage\",\"@id\":\"https:\/\/ecosir.com\/no\/\",\"url\":\"https:\/\/ecosir.com\/no\/\",\"name\":\"Home\"}},{\"@type\":\"ListItem\",\"position\":2,\"item\":{\"@type\":\"WebPage\",\"@id\":\"https:\/\/ecosir.com\/no\/vakuum-avfallssystem-for-organisk-bio-avfall\/\",\"url\":\"https:\/\/ecosir.com\/no\/vakuum-avfallssystem-for-organisk-bio-avfall\/\",\"name\":\"Vakuum avfallssystem for organisk (BIO) avfall\"}}]}]}<\/script>\n<!-- \/ Yoast SEO plugin. -->","_links":{"self":[{"href":"https:\/\/ecosir.com\/no\/wp-json\/wp\/v2\/pages\/791"}],"collection":[{"href":"https:\/\/ecosir.com\/no\/wp-json\/wp\/v2\/pages"}],"about":[{"href":"https:\/\/ecosir.com\/no\/wp-json\/wp\/v2\/types\/page"}],"author":[{"embeddable":true,"href":"https:\/\/ecosir.com\/no\/wp-json\/wp\/v2\/users\/3"}],"replies":[{"embeddable":true,"href":"https:\/\/ecosir.com\/no\/wp-json\/wp\/v2\/comments?post=791"}],"version-history":[{"count":11,"href":"https:\/\/ecosir.com\/no\/wp-json\/wp\/v2\/pages\/791\/revisions"}],"predecessor-version":[{"id":2272,"href":"https:\/\/ecosir.com\/no\/wp-json\/wp\/v2\/pages\/791\/revisions\/2272"}],"wp:featuredmedia":[{"embeddable":true,"href":"https:\/\/ecosir.com\/no\/wp-json\/wp\/v2\/media\/438"}],"wp:attachment":[{"href":"https:\/\/ecosir.com\/no\/wp-json\/wp\/v2\/media?parent=791"}],"curies":[{"name":"wp","href":"https:\/\/api.w.org\/{rel}","templated":true}]}}