{"id":795,"date":"2020-11-09T07:37:40","date_gmt":"2020-11-09T07:37:40","guid":{"rendered":"https:\/\/ecosir.com\/vertikale-sjakter-med-sorteringsutstyr-for-avfall-og-skittentoy\/"},"modified":"2024-11-21T07:46:13","modified_gmt":"2024-11-21T07:46:13","slug":"vertikale-sjakter-med-sorteringsutstyr-for-avfall-og-skittentoy","status":"publish","type":"page","link":"https:\/\/ecosir.com\/no\/vertikale-sjakter-med-sorteringsutstyr-for-avfall-og-skittentoy\/","title":{"rendered":"Vertikale sjakter med sorteringsutstyr for avfall og skittent\u00f8y"},"content":{"rendered":"\n<p><\/p>\n\n\n\n<div class=\"wp-block-columns is-style-three-one\">\n<div class=\"wp-block-column\">\n<p class=\"is-style-ingress\">SEMIAUTOMATISK OVERF\u00d8RINGSL\u00d8SNING MED SJAKT \u2013 SHAFTLINE\u2122 <\/p>\n\n\n\n<p>Det semiautomatiske overf\u00f8ringssystemet er en ideell og ekstremt effektiv innsamlingsl\u00f8sning for vertikal overf\u00f8ring av avfall eller skittent\u00f8y i mindre sykehus, omsorgssentre og boligblokker. Innsamlingen er enkel og rask fra de \u00f8verste etasjene ned til containere eller komprimatorer. Systemene er vanligvis utstyrt med avfallsseparering eller skittent\u00f8ysortering i bunn av sjaktene.<\/p>\n\n\n\n<ul class=\"is-style-checklist\"><li>Rask transportert av skittent\u00f8y<\/li><li>Hygienisk<\/li><li>\u00d8konomisk l\u00f8sning<\/li><\/ul>\n<\/div>\n\n\n\n<div class=\"wp-block-column\">\n<div class=\"block block-download-files\">\n        <h2 class=\"block-title\">Downloads<\/h2>\n        <ul class=\"file-list\">\n                        <li class=\"file\">\n            <a href=\"https:\/\/ecosir.com\/wp-content\/uploads\/2024\/11\/SHAFTLINE-System-leaflet.pdf\" download>\n                <span class=\"file-name\">SHAFTLINE\u2122 -leaflet<\/span>\n                <span class=\"sub-type pdf\">pdf<\/span>\n                <span class=\"file-size\">(995.32 kb)<\/span>\n            <\/a>\n        <\/li>\n                            <\/ul>\n<\/div><\/div>\n<\/div>\n","protected":false},"excerpt":{"rendered":"<p>SEMIAUTOMATISK OVERF\u00d8RINGSL\u00d8SNING MED SJAKT \u2013 SHAFTLINE\u2122 Det semiautomatiske overf\u00f8ringssystemet er en ideell og ekstremt effektiv&hellip;<\/p>\n","protected":false},"author":3,"featured_media":435,"parent":0,"menu_order":0,"comment_status":"closed","ping_status":"closed","template":"","meta":{"_relevanssi_hide_post":"","_relevanssi_pin_for_all":"","_relevanssi_pin_keywords":"","_relevanssi_unpin_keywords":"","_relevanssi_related_keywords":"","_relevanssi_related_include_ids":"","_relevanssi_related_exclude_ids":"","_relevanssi_related_no_append":"","_relevanssi_related_not_related":"","_relevanssi_related_posts":"","_relevanssi_noindex_reason":""},"yoast_head":"<!-- This site is optimized with the Yoast SEO plugin v15.4 - https:\/\/yoast.com\/wordpress\/plugins\/seo\/ -->\n<title>Vertikale sjakter med sorteringsutstyr for avfall og skittent\u00f8y - Ecosir<\/title>\n<meta name=\"robots\" content=\"index, follow, max-snippet:-1, max-image-preview:large, max-video-preview:-1\" \/>\n<link rel=\"canonical\" href=\"https:\/\/ecosir.com\/no\/vertikale-sjakter-med-sorteringsutstyr-for-avfall-og-skittentoy\/\" \/>\n<meta property=\"og:locale\" content=\"nb_NO\" \/>\n<meta property=\"og:type\" content=\"article\" \/>\n<meta property=\"og:title\" content=\"Vertikale sjakter med sorteringsutstyr for avfall og skittent\u00f8y - Ecosir\" \/>\n<meta property=\"og:description\" content=\"SEMIAUTOMATISK OVERF\u00d8RINGSL\u00d8SNING MED SJAKT \u2013 SHAFTLINE\u2122 Det semiautomatiske overf\u00f8ringssystemet er en ideell og ekstremt effektiv&hellip;\" \/>\n<meta property=\"og:url\" content=\"https:\/\/ecosir.com\/no\/vertikale-sjakter-med-sorteringsutstyr-for-avfall-og-skittentoy\/\" \/>\n<meta property=\"og:site_name\" content=\"Ecosir\" \/>\n<meta property=\"article:modified_time\" content=\"2024-11-21T07:46:13+00:00\" \/>\n<meta property=\"og:image\" content=\"https:\/\/ecosir.com\/wp-content\/uploads\/2020\/10\/SHAFTLINE5.jpg\" \/>\n\t<meta property=\"og:image:width\" content=\"1300\" \/>\n\t<meta property=\"og:image:height\" content=\"700\" \/>\n<meta name=\"twitter:card\" content=\"summary_large_image\" \/>\n<meta name=\"twitter:label1\" content=\"Skrevet av\">\n\t<meta name=\"twitter:data1\" content=\"Joonas Wilska\">\n\t<meta name=\"twitter:label2\" content=\"Ansl. lesetid\">\n\t<meta name=\"twitter:data2\" content=\"0 minutter\">\n<script type=\"application\/ld+json\" class=\"yoast-schema-graph\">{\"@context\":\"https:\/\/schema.org\",\"@graph\":[{\"@type\":\"WebSite\",\"@id\":\"https:\/\/ecosir.com\/#website\",\"url\":\"https:\/\/ecosir.com\/\",\"name\":\"Ecosir\",\"description\":\"Automated waste and laundry collection systems \",\"potentialAction\":[{\"@type\":\"SearchAction\",\"target\":\"https:\/\/ecosir.com\/?s={search_term_string}\",\"query-input\":\"required name=search_term_string\"}],\"inLanguage\":\"nb-NO\"},{\"@type\":\"ImageObject\",\"@id\":\"https:\/\/ecosir.com\/no\/vertikale-sjakter-med-sorteringsutstyr-for-avfall-og-skittentoy\/#primaryimage\",\"inLanguage\":\"nb-NO\",\"url\":\"https:\/\/ecosir.com\/wp-content\/uploads\/2020\/10\/SHAFTLINE5.jpg\",\"width\":1300,\"height\":700},{\"@type\":\"WebPage\",\"@id\":\"https:\/\/ecosir.com\/no\/vertikale-sjakter-med-sorteringsutstyr-for-avfall-og-skittentoy\/#webpage\",\"url\":\"https:\/\/ecosir.com\/no\/vertikale-sjakter-med-sorteringsutstyr-for-avfall-og-skittentoy\/\",\"name\":\"Vertikale sjakter med sorteringsutstyr for avfall og skittent\\u00f8y - Ecosir\",\"isPartOf\":{\"@id\":\"https:\/\/ecosir.com\/#website\"},\"primaryImageOfPage\":{\"@id\":\"https:\/\/ecosir.com\/no\/vertikale-sjakter-med-sorteringsutstyr-for-avfall-og-skittentoy\/#primaryimage\"},\"datePublished\":\"2020-11-09T07:37:40+00:00\",\"dateModified\":\"2024-11-21T07:46:13+00:00\",\"breadcrumb\":{\"@id\":\"https:\/\/ecosir.com\/no\/vertikale-sjakter-med-sorteringsutstyr-for-avfall-og-skittentoy\/#breadcrumb\"},\"inLanguage\":\"nb-NO\",\"potentialAction\":[{\"@type\":\"ReadAction\",\"target\":[\"https:\/\/ecosir.com\/no\/vertikale-sjakter-med-sorteringsutstyr-for-avfall-og-skittentoy\/\"]}]},{\"@type\":\"BreadcrumbList\",\"@id\":\"https:\/\/ecosir.com\/no\/vertikale-sjakter-med-sorteringsutstyr-for-avfall-og-skittentoy\/#breadcrumb\",\"itemListElement\":[{\"@type\":\"ListItem\",\"position\":1,\"item\":{\"@type\":\"WebPage\",\"@id\":\"https:\/\/ecosir.com\/no\/\",\"url\":\"https:\/\/ecosir.com\/no\/\",\"name\":\"Home\"}},{\"@type\":\"ListItem\",\"position\":2,\"item\":{\"@type\":\"WebPage\",\"@id\":\"https:\/\/ecosir.com\/no\/vertikale-sjakter-med-sorteringsutstyr-for-avfall-og-skittentoy\/\",\"url\":\"https:\/\/ecosir.com\/no\/vertikale-sjakter-med-sorteringsutstyr-for-avfall-og-skittentoy\/\",\"name\":\"Vertikale sjakter med sorteringsutstyr for avfall og skittent\\u00f8y\"}}]}]}<\/script>\n<!-- \/ Yoast SEO plugin. -->","_links":{"self":[{"href":"https:\/\/ecosir.com\/no\/wp-json\/wp\/v2\/pages\/795"}],"collection":[{"href":"https:\/\/ecosir.com\/no\/wp-json\/wp\/v2\/pages"}],"about":[{"href":"https:\/\/ecosir.com\/no\/wp-json\/wp\/v2\/types\/page"}],"author":[{"embeddable":true,"href":"https:\/\/ecosir.com\/no\/wp-json\/wp\/v2\/users\/3"}],"replies":[{"embeddable":true,"href":"https:\/\/ecosir.com\/no\/wp-json\/wp\/v2\/comments?post=795"}],"version-history":[{"count":5,"href":"https:\/\/ecosir.com\/no\/wp-json\/wp\/v2\/pages\/795\/revisions"}],"predecessor-version":[{"id":2159,"href":"https:\/\/ecosir.com\/no\/wp-json\/wp\/v2\/pages\/795\/revisions\/2159"}],"wp:featuredmedia":[{"embeddable":true,"href":"https:\/\/ecosir.com\/no\/wp-json\/wp\/v2\/media\/435"}],"wp:attachment":[{"href":"https:\/\/ecosir.com\/no\/wp-json\/wp\/v2\/media?parent=795"}],"curies":[{"name":"wp","href":"https:\/\/api.w.org\/{rel}","templated":true}]}}