{"id":797,"date":"2020-11-09T07:42:57","date_gmt":"2020-11-09T07:42:57","guid":{"rendered":"https:\/\/ecosir.com\/selskap\/"},"modified":"2020-11-10T08:40:32","modified_gmt":"2020-11-10T08:40:32","slug":"selskap","status":"publish","type":"page","link":"https:\/\/ecosir.com\/no\/selskap\/","title":{"rendered":"Selskap"},"content":{"rendered":"\n<p class=\"is-style-ingress\">Ecosir Group Oy<\/p>\n\n\n\n<p>PWCS-systemportef\u00f8ljen inkluderer et stort antall automatiserte vakuumoverf\u00f8ringsl\u00f8sninger for avfall og skittent\u00f8y.<\/p>\n\n\n\n<p>\u2022 Referansehistorikk over 30 \u00e5r med mer enn 100 storskala avfallsoverf\u00f8ringssystemer og n\u00e6rmere 1000 mindre vakuumsystemer siden 1987.<br>\u2022 Omr\u00e5der: Helsevesen, boliger, kj\u00f8pesentre, universiteter, omsorgsboliger, sykehjem, hoteller, n\u00e6ringsmiddelindustri og storkj\u00f8kken.<br>\u2022 Selskapets hovedkontor og virksomhet ligger i Espoo, Finland. Administrasjon og prosjektorganisasjon i Tammerfors, Finland. Avdelingskontor i Singapore. Ecosir Group sysselsetter rundt 200 personer gjennom sine nettverkspartnere.<br>\u2022 Hvert \u00e5r prosjekteres og leveres 15\u201318 avfallsh\u00e5ndteringsprosjekter.<br>\u2022 Det internasjonale markedet dekkes av 15 lokalt sertifiserte offisielle partnere med support fra Ecosir Group.<\/p>\n","protected":false},"excerpt":{"rendered":"<p>Ecosir Group Oy PWCS-systemportef\u00f8ljen inkluderer et stort antall automatiserte vakuumoverf\u00f8ringsl\u00f8sninger for avfall og skittent\u00f8y. \u2022&hellip;<\/p>\n","protected":false},"author":2,"featured_media":0,"parent":0,"menu_order":0,"comment_status":"closed","ping_status":"closed","template":"","meta":{"_relevanssi_hide_post":"","_relevanssi_pin_for_all":"","_relevanssi_pin_keywords":"","_relevanssi_unpin_keywords":"","_relevanssi_related_keywords":"","_relevanssi_related_include_ids":"","_relevanssi_related_exclude_ids":"","_relevanssi_related_no_append":"","_relevanssi_related_not_related":"","_relevanssi_related_posts":"","_relevanssi_noindex_reason":""},"yoast_head":"<!-- This site is optimized with the Yoast SEO plugin v15.4 - https:\/\/yoast.com\/wordpress\/plugins\/seo\/ -->\n<title>Selskap - Ecosir<\/title>\n<meta name=\"robots\" content=\"index, follow, max-snippet:-1, max-image-preview:large, max-video-preview:-1\" \/>\n<link rel=\"canonical\" href=\"https:\/\/ecosir.com\/no\/selskap\/\" \/>\n<meta property=\"og:locale\" content=\"nb_NO\" \/>\n<meta property=\"og:type\" content=\"article\" \/>\n<meta property=\"og:title\" content=\"Selskap - Ecosir\" \/>\n<meta property=\"og:description\" content=\"Ecosir Group Oy PWCS-systemportef\u00f8ljen inkluderer et stort antall automatiserte vakuumoverf\u00f8ringsl\u00f8sninger for avfall og skittent\u00f8y. \u2022&hellip;\" \/>\n<meta property=\"og:url\" content=\"https:\/\/ecosir.com\/no\/selskap\/\" \/>\n<meta property=\"og:site_name\" content=\"Ecosir\" \/>\n<meta property=\"article:modified_time\" content=\"2020-11-10T08:40:32+00:00\" \/>\n<meta property=\"og:image\" content=\"https:\/\/ecosir.com\/wp-content\/uploads\/2020\/11\/nosto-city-environment.jpg\" \/>\n\t<meta property=\"og:image:width\" content=\"730\" \/>\n\t<meta property=\"og:image:height\" content=\"420\" \/>\n<meta name=\"twitter:card\" content=\"summary_large_image\" \/>\n<meta name=\"twitter:label1\" content=\"Skrevet av\">\n\t<meta name=\"twitter:data1\" content=\"Jani Kukkonen\">\n\t<meta name=\"twitter:label2\" content=\"Ansl. lesetid\">\n\t<meta name=\"twitter:data2\" content=\"0 minutter\">\n<script type=\"application\/ld+json\" class=\"yoast-schema-graph\">{\"@context\":\"https:\/\/schema.org\",\"@graph\":[{\"@type\":\"WebSite\",\"@id\":\"https:\/\/ecosir.com\/#website\",\"url\":\"https:\/\/ecosir.com\/\",\"name\":\"Ecosir\",\"description\":\"Automated waste and laundry collection systems \",\"potentialAction\":[{\"@type\":\"SearchAction\",\"target\":\"https:\/\/ecosir.com\/?s={search_term_string}\",\"query-input\":\"required name=search_term_string\"}],\"inLanguage\":\"nb-NO\"},{\"@type\":\"WebPage\",\"@id\":\"https:\/\/ecosir.com\/no\/selskap\/#webpage\",\"url\":\"https:\/\/ecosir.com\/no\/selskap\/\",\"name\":\"Selskap - Ecosir\",\"isPartOf\":{\"@id\":\"https:\/\/ecosir.com\/#website\"},\"datePublished\":\"2020-11-09T07:42:57+00:00\",\"dateModified\":\"2020-11-10T08:40:32+00:00\",\"breadcrumb\":{\"@id\":\"https:\/\/ecosir.com\/no\/selskap\/#breadcrumb\"},\"inLanguage\":\"nb-NO\",\"potentialAction\":[{\"@type\":\"ReadAction\",\"target\":[\"https:\/\/ecosir.com\/no\/selskap\/\"]}]},{\"@type\":\"BreadcrumbList\",\"@id\":\"https:\/\/ecosir.com\/no\/selskap\/#breadcrumb\",\"itemListElement\":[{\"@type\":\"ListItem\",\"position\":1,\"item\":{\"@type\":\"WebPage\",\"@id\":\"https:\/\/ecosir.com\/no\/\",\"url\":\"https:\/\/ecosir.com\/no\/\",\"name\":\"Home\"}},{\"@type\":\"ListItem\",\"position\":2,\"item\":{\"@type\":\"WebPage\",\"@id\":\"https:\/\/ecosir.com\/no\/selskap\/\",\"url\":\"https:\/\/ecosir.com\/no\/selskap\/\",\"name\":\"Selskap\"}}]}]}<\/script>\n<!-- \/ Yoast SEO plugin. -->","_links":{"self":[{"href":"https:\/\/ecosir.com\/no\/wp-json\/wp\/v2\/pages\/797"}],"collection":[{"href":"https:\/\/ecosir.com\/no\/wp-json\/wp\/v2\/pages"}],"about":[{"href":"https:\/\/ecosir.com\/no\/wp-json\/wp\/v2\/types\/page"}],"author":[{"embeddable":true,"href":"https:\/\/ecosir.com\/no\/wp-json\/wp\/v2\/users\/2"}],"replies":[{"embeddable":true,"href":"https:\/\/ecosir.com\/no\/wp-json\/wp\/v2\/comments?post=797"}],"version-history":[{"count":2,"href":"https:\/\/ecosir.com\/no\/wp-json\/wp\/v2\/pages\/797\/revisions"}],"predecessor-version":[{"id":840,"href":"https:\/\/ecosir.com\/no\/wp-json\/wp\/v2\/pages\/797\/revisions\/840"}],"wp:attachment":[{"href":"https:\/\/ecosir.com\/no\/wp-json\/wp\/v2\/media?parent=797"}],"curies":[{"name":"wp","href":"https:\/\/api.w.org\/{rel}","templated":true}]}}