{"id":799,"date":"2020-11-09T07:44:47","date_gmt":"2020-11-09T07:44:47","guid":{"rendered":"https:\/\/ecosir.com\/serviceavtale\/"},"modified":"2020-11-10T08:40:10","modified_gmt":"2020-11-10T08:40:10","slug":"serviceavtale","status":"publish","type":"page","link":"https:\/\/ecosir.com\/no\/serviceavtale\/","title":{"rendered":"Serviceavtale"},"content":{"rendered":"\n<p><\/p>\n\n\n\n<p><em><strong>Service Care<\/strong><\/em>\u2122 bidrar til \u00e5 sikre at overf\u00f8ringssystemene for avfall og skittent\u00f8y alltid er operative. H\u00f8yt utdannede teknikere, st\u00f8ttet av et globalt nettverk av vedlikeholdseksperter, s\u00f8rger for \u00e5 holde systemene dine i gang. Det brukes alltid riktige og originale deler fra Ecosir og merkevareleverand\u00f8rer i serviceoppdrag.<\/p>\n\n\n\n<p><strong><em>Service Care<\/em><\/strong>\u2122 <em>teamet utf\u00f8rer omfattende online overv\u00e5king, periodiske programmeringstjenester, oppgraderinger og brukeroppl\u00e6ring<\/em><em>.<\/em><\/p>\n\n\n\n<p>Dette gir<\/p>\n\n\n\n<ul class=\"is-style-checklist\"><li>Frigjort tid for virksomheten din<\/li><li>Brukervennlig drift<\/li><li>Overf\u00f8ring med h\u00f8y kapasitet<\/li><\/ul>\n","protected":false},"excerpt":{"rendered":"<p>Service Care\u2122 bidrar til \u00e5 sikre at overf\u00f8ringssystemene for avfall og skittent\u00f8y alltid er operative.&hellip;<\/p>\n","protected":false},"author":2,"featured_media":520,"parent":0,"menu_order":0,"comment_status":"closed","ping_status":"closed","template":"","meta":{"_relevanssi_hide_post":"","_relevanssi_pin_for_all":"","_relevanssi_pin_keywords":"","_relevanssi_unpin_keywords":"","_relevanssi_related_keywords":"","_relevanssi_related_include_ids":"","_relevanssi_related_exclude_ids":"","_relevanssi_related_no_append":"","_relevanssi_related_not_related":"","_relevanssi_related_posts":"","_relevanssi_noindex_reason":""},"yoast_head":"<!-- This site is optimized with the Yoast SEO plugin v15.4 - https:\/\/yoast.com\/wordpress\/plugins\/seo\/ -->\n<title>Serviceavtale - Ecosir<\/title>\n<meta name=\"robots\" content=\"index, follow, max-snippet:-1, max-image-preview:large, max-video-preview:-1\" \/>\n<link rel=\"canonical\" href=\"https:\/\/ecosir.com\/no\/serviceavtale\/\" \/>\n<meta property=\"og:locale\" content=\"nb_NO\" \/>\n<meta property=\"og:type\" content=\"article\" \/>\n<meta property=\"og:title\" content=\"Serviceavtale - Ecosir\" \/>\n<meta property=\"og:description\" content=\"Service Care\u2122 bidrar til \u00e5 sikre at overf\u00f8ringssystemene for avfall og skittent\u00f8y alltid er operative.&hellip;\" \/>\n<meta property=\"og:url\" content=\"https:\/\/ecosir.com\/no\/serviceavtale\/\" \/>\n<meta property=\"og:site_name\" content=\"Ecosir\" \/>\n<meta property=\"article:modified_time\" content=\"2020-11-10T08:40:10+00:00\" \/>\n<meta property=\"og:image\" content=\"https:\/\/ecosir.com\/wp-content\/uploads\/2020\/10\/SERVICE_CARE.jpg\" \/>\n\t<meta property=\"og:image:width\" content=\"1300\" \/>\n\t<meta property=\"og:image:height\" content=\"700\" \/>\n<meta name=\"twitter:card\" content=\"summary_large_image\" \/>\n<meta name=\"twitter:label1\" content=\"Skrevet av\">\n\t<meta name=\"twitter:data1\" content=\"Jani Kukkonen\">\n\t<meta name=\"twitter:label2\" content=\"Ansl. lesetid\">\n\t<meta name=\"twitter:data2\" content=\"0 minutter\">\n<script type=\"application\/ld+json\" class=\"yoast-schema-graph\">{\"@context\":\"https:\/\/schema.org\",\"@graph\":[{\"@type\":\"WebSite\",\"@id\":\"https:\/\/ecosir.com\/#website\",\"url\":\"https:\/\/ecosir.com\/\",\"name\":\"Ecosir\",\"description\":\"Automated waste and laundry collection systems \",\"potentialAction\":[{\"@type\":\"SearchAction\",\"target\":\"https:\/\/ecosir.com\/?s={search_term_string}\",\"query-input\":\"required name=search_term_string\"}],\"inLanguage\":\"nb-NO\"},{\"@type\":\"ImageObject\",\"@id\":\"https:\/\/ecosir.com\/no\/serviceavtale\/#primaryimage\",\"inLanguage\":\"nb-NO\",\"url\":\"https:\/\/ecosir.com\/wp-content\/uploads\/2020\/10\/SERVICE_CARE.jpg\",\"width\":1300,\"height\":700},{\"@type\":\"WebPage\",\"@id\":\"https:\/\/ecosir.com\/no\/serviceavtale\/#webpage\",\"url\":\"https:\/\/ecosir.com\/no\/serviceavtale\/\",\"name\":\"Serviceavtale - Ecosir\",\"isPartOf\":{\"@id\":\"https:\/\/ecosir.com\/#website\"},\"primaryImageOfPage\":{\"@id\":\"https:\/\/ecosir.com\/no\/serviceavtale\/#primaryimage\"},\"datePublished\":\"2020-11-09T07:44:47+00:00\",\"dateModified\":\"2020-11-10T08:40:10+00:00\",\"breadcrumb\":{\"@id\":\"https:\/\/ecosir.com\/no\/serviceavtale\/#breadcrumb\"},\"inLanguage\":\"nb-NO\",\"potentialAction\":[{\"@type\":\"ReadAction\",\"target\":[\"https:\/\/ecosir.com\/no\/serviceavtale\/\"]}]},{\"@type\":\"BreadcrumbList\",\"@id\":\"https:\/\/ecosir.com\/no\/serviceavtale\/#breadcrumb\",\"itemListElement\":[{\"@type\":\"ListItem\",\"position\":1,\"item\":{\"@type\":\"WebPage\",\"@id\":\"https:\/\/ecosir.com\/no\/\",\"url\":\"https:\/\/ecosir.com\/no\/\",\"name\":\"Home\"}},{\"@type\":\"ListItem\",\"position\":2,\"item\":{\"@type\":\"WebPage\",\"@id\":\"https:\/\/ecosir.com\/no\/serviceavtale\/\",\"url\":\"https:\/\/ecosir.com\/no\/serviceavtale\/\",\"name\":\"Serviceavtale\"}}]}]}<\/script>\n<!-- \/ Yoast SEO plugin. -->","_links":{"self":[{"href":"https:\/\/ecosir.com\/no\/wp-json\/wp\/v2\/pages\/799"}],"collection":[{"href":"https:\/\/ecosir.com\/no\/wp-json\/wp\/v2\/pages"}],"about":[{"href":"https:\/\/ecosir.com\/no\/wp-json\/wp\/v2\/types\/page"}],"author":[{"embeddable":true,"href":"https:\/\/ecosir.com\/no\/wp-json\/wp\/v2\/users\/2"}],"replies":[{"embeddable":true,"href":"https:\/\/ecosir.com\/no\/wp-json\/wp\/v2\/comments?post=799"}],"version-history":[{"count":2,"href":"https:\/\/ecosir.com\/no\/wp-json\/wp\/v2\/pages\/799\/revisions"}],"predecessor-version":[{"id":837,"href":"https:\/\/ecosir.com\/no\/wp-json\/wp\/v2\/pages\/799\/revisions\/837"}],"wp:featuredmedia":[{"embeddable":true,"href":"https:\/\/ecosir.com\/no\/wp-json\/wp\/v2\/media\/520"}],"wp:attachment":[{"href":"https:\/\/ecosir.com\/no\/wp-json\/wp\/v2\/media?parent=799"}],"curies":[{"name":"wp","href":"https:\/\/api.w.org\/{rel}","templated":true}]}}