{"id":802,"date":"2020-11-09T07:46:59","date_gmt":"2020-11-09T07:46:59","guid":{"rendered":"https:\/\/ecosir.com\/kontakt-oss\/"},"modified":"2025-02-21T07:31:54","modified_gmt":"2025-02-21T07:31:54","slug":"kontakt-oss","status":"publish","type":"page","link":"https:\/\/ecosir.com\/no\/kontakt-oss\/","title":{"rendered":"Kontakt Oss"},"content":{"rendered":"\n<div class=\"wp-block-columns\">\n<div class=\"wp-block-column\"><\/div>\n\n\n\n<div class=\"wp-block-column\">\n<p><strong>Swisslog Healthcare AG<\/strong><\/p>\n\n\n\n<p>Sm\u00f8r\u00e5svegen 22<br>5238 R\u00e5dal<br>Norway<\/p>\n\n\n\n<p>m: +47 4149 0409 Frank Daltveit<br>m: +46 7669 64700 Erica Kronevik<\/p>\n\n\n\n<p><a href=\"mailto:frank.daltveit@swisslog-healthcare.com\">frank.daltveit@swisslog-healthcare.com<\/a><br><a href=\"mailto:filip.lindgren@swisslog-healthcare.com\">erica.kronevik@swisslog-healthcare.com<\/a><br><a href=\"https:\/\/www.swisslog-healthcare.com\">www.swisslog-healthcare.com<\/a><\/p>\n<\/div>\n<\/div>\n","protected":false},"excerpt":{"rendered":"<p>Swisslog Healthcare AG Sm\u00f8r\u00e5svegen 225238 R\u00e5dalNorway m: +47 4149 0409 Frank Daltveitm: +46 7669 64700&hellip;<\/p>\n","protected":false},"author":1,"featured_media":0,"parent":0,"menu_order":0,"comment_status":"closed","ping_status":"closed","template":"","meta":{"_relevanssi_hide_post":"","_relevanssi_pin_for_all":"","_relevanssi_pin_keywords":"","_relevanssi_unpin_keywords":"","_relevanssi_related_keywords":"","_relevanssi_related_include_ids":"","_relevanssi_related_exclude_ids":"","_relevanssi_related_no_append":"","_relevanssi_related_not_related":"","_relevanssi_related_posts":"","_relevanssi_noindex_reason":""},"yoast_head":"<!-- This site is optimized with the Yoast SEO plugin v15.4 - https:\/\/yoast.com\/wordpress\/plugins\/seo\/ -->\n<title>Kontakt Oss - Ecosir<\/title>\n<meta name=\"robots\" content=\"index, follow, max-snippet:-1, max-image-preview:large, max-video-preview:-1\" \/>\n<link rel=\"canonical\" href=\"https:\/\/ecosir.com\/no\/kontakt-oss\/\" \/>\n<meta property=\"og:locale\" content=\"nb_NO\" \/>\n<meta property=\"og:type\" content=\"article\" \/>\n<meta property=\"og:title\" content=\"Kontakt Oss - Ecosir\" \/>\n<meta property=\"og:description\" content=\"Swisslog Healthcare AG Sm\u00f8r\u00e5svegen 225238 R\u00e5dalNorway m: +47 4149 0409 Frank Daltveitm: +46 7669 64700&hellip;\" \/>\n<meta property=\"og:url\" content=\"https:\/\/ecosir.com\/no\/kontakt-oss\/\" \/>\n<meta property=\"og:site_name\" content=\"Ecosir\" \/>\n<meta property=\"article:modified_time\" content=\"2025-02-21T07:31:54+00:00\" \/>\n<meta property=\"og:image\" content=\"https:\/\/ecosir.com\/wp-content\/uploads\/2020\/11\/nosto-city-environment.jpg\" \/>\n\t<meta property=\"og:image:width\" content=\"730\" \/>\n\t<meta property=\"og:image:height\" content=\"420\" \/>\n<meta name=\"twitter:card\" content=\"summary_large_image\" \/>\n<meta name=\"twitter:label1\" content=\"Skrevet av\">\n\t<meta name=\"twitter:data1\" content=\"into-digital\">\n\t<meta name=\"twitter:label2\" content=\"Ansl. lesetid\">\n\t<meta name=\"twitter:data2\" content=\"0 minutter\">\n<script type=\"application\/ld+json\" class=\"yoast-schema-graph\">{\"@context\":\"https:\/\/schema.org\",\"@graph\":[{\"@type\":\"WebSite\",\"@id\":\"https:\/\/ecosir.com\/#website\",\"url\":\"https:\/\/ecosir.com\/\",\"name\":\"Ecosir\",\"description\":\"Automated waste and laundry collection systems \",\"potentialAction\":[{\"@type\":\"SearchAction\",\"target\":\"https:\/\/ecosir.com\/?s={search_term_string}\",\"query-input\":\"required name=search_term_string\"}],\"inLanguage\":\"nb-NO\"},{\"@type\":\"WebPage\",\"@id\":\"https:\/\/ecosir.com\/no\/kontakt-oss\/#webpage\",\"url\":\"https:\/\/ecosir.com\/no\/kontakt-oss\/\",\"name\":\"Kontakt Oss - Ecosir\",\"isPartOf\":{\"@id\":\"https:\/\/ecosir.com\/#website\"},\"datePublished\":\"2020-11-09T07:46:59+00:00\",\"dateModified\":\"2025-02-21T07:31:54+00:00\",\"breadcrumb\":{\"@id\":\"https:\/\/ecosir.com\/no\/kontakt-oss\/#breadcrumb\"},\"inLanguage\":\"nb-NO\",\"potentialAction\":[{\"@type\":\"ReadAction\",\"target\":[\"https:\/\/ecosir.com\/no\/kontakt-oss\/\"]}]},{\"@type\":\"BreadcrumbList\",\"@id\":\"https:\/\/ecosir.com\/no\/kontakt-oss\/#breadcrumb\",\"itemListElement\":[{\"@type\":\"ListItem\",\"position\":1,\"item\":{\"@type\":\"WebPage\",\"@id\":\"https:\/\/ecosir.com\/no\/\",\"url\":\"https:\/\/ecosir.com\/no\/\",\"name\":\"Home\"}},{\"@type\":\"ListItem\",\"position\":2,\"item\":{\"@type\":\"WebPage\",\"@id\":\"https:\/\/ecosir.com\/no\/kontakt-oss\/\",\"url\":\"https:\/\/ecosir.com\/no\/kontakt-oss\/\",\"name\":\"Kontakt Oss\"}}]}]}<\/script>\n<!-- \/ Yoast SEO plugin. -->","_links":{"self":[{"href":"https:\/\/ecosir.com\/no\/wp-json\/wp\/v2\/pages\/802"}],"collection":[{"href":"https:\/\/ecosir.com\/no\/wp-json\/wp\/v2\/pages"}],"about":[{"href":"https:\/\/ecosir.com\/no\/wp-json\/wp\/v2\/types\/page"}],"author":[{"embeddable":true,"href":"https:\/\/ecosir.com\/no\/wp-json\/wp\/v2\/users\/1"}],"replies":[{"embeddable":true,"href":"https:\/\/ecosir.com\/no\/wp-json\/wp\/v2\/comments?post=802"}],"version-history":[{"count":7,"href":"https:\/\/ecosir.com\/no\/wp-json\/wp\/v2\/pages\/802\/revisions"}],"predecessor-version":[{"id":2262,"href":"https:\/\/ecosir.com\/no\/wp-json\/wp\/v2\/pages\/802\/revisions\/2262"}],"wp:attachment":[{"href":"https:\/\/ecosir.com\/no\/wp-json\/wp\/v2\/media?parent=802"}],"curies":[{"name":"wp","href":"https:\/\/api.w.org\/{rel}","templated":true}]}}