{"id":806,"date":"2020-11-09T07:55:50","date_gmt":"2020-11-09T07:55:50","guid":{"rendered":"https:\/\/ecosir.com\/home\/"},"modified":"2020-12-15T15:09:16","modified_gmt":"2020-12-15T15:09:16","slug":"home","status":"publish","type":"page","link":"https:\/\/ecosir.com\/no\/","title":{"rendered":"Home"},"content":{"rendered":"\n<h1 class=\"has-text-align-center\"><p>Vakuum<span class=\"has-inline-color has-luminous-vivid-amber-color\">overf\u00f8ring<\/span>system for avfall<\/p><\/h1>\n\n\n\n<div class=\"block block-hero-video full\">\n    <video autoplay loop muted controls>\n        <source src=\"https:\/\/player.vimeo.com\/external\/471333422.hd.mp4?s=6c766362619316f9f398f236901099b7644ed666&#038;profile_id=175\" type=\"video\/mp4\">\n    <\/video>\n<\/div>\n\n\n\n<div class=\"block block-selected-articles\">\n    <div class=\"container\">\n        <div class=\"row\">\n                                    <div class=\"col-12 col-md-6 col-lg-4\">\n                <a href=\"https:\/\/ecosir.com\/no\/bymiljo\/\">\n                    <div class=\"card\">\n                        <h3 class=\"title\">Bymilj\u00f8<\/h3>\n                        <div class=\"thumb-wrap\">\n                            <div class=\"thumbnail\" style=\"background-image: url('https:\/\/ecosir.com\/wp-content\/uploads\/2020\/10\/nosto-city-environment.jpg');\"><\/div> \n                        <\/div>\n                                                <p class=\"excerpt\">Ren og smart byutvikling krever moderne metoder for h\u00e5ndtering og innsamling av avfall. Det vakuumbaserte r\u00f8rsystemet for avfallsh\u00e5ndtering (PWCS) frigj\u00f8r plass til gr\u00f8nne byomr\u00e5der. Avfallet samles opp i et lukket vakuumsystem direkte fra Drop&#038;Go\u2122 innkast som kan plasseres innend\u00f8rs eller utend\u00f8rs (ODI).<\/p>\n                    <\/div>\n                <\/a>\n            <\/div>\n                        <div class=\"col-12 col-md-6 col-lg-4\">\n                <a href=\"https:\/\/ecosir.com\/no\/sykehus\/\">\n                    <div class=\"card\">\n                        <h3 class=\"title\">Sykehus<\/h3>\n                        <div class=\"thumb-wrap\">\n                            <div class=\"thumbnail\" style=\"background-image: url('https:\/\/ecosir.com\/wp-content\/uploads\/2020\/10\/nosto-hospitals.jpg');\"><\/div> \n                        <\/div>\n                                                <p class=\"excerpt\">Det moderne sykehus yter den beste pleien med det h\u00f8yeste hygieneniv\u00e5et. Flere tonn skittent\u00f8y og avfall skal behandles raskt bort fra avdelingene. CAREMASTER\u2122 &#8211; Automatisk vakuumbasert avfallsh\u00e5ndtering er den mest effektive m\u00e5ten for effektiv forbedring av hygiene og logistikk 24\/7.<\/p>\n                    <\/div>\n                <\/a>\n            <\/div>\n                        <div class=\"col-12 col-md-6 col-lg-4\">\n                <a href=\"https:\/\/ecosir.com\/no\/eldreomsorg\/\">\n                    <div class=\"card\">\n                        <h3 class=\"title\">Eldreomsorg<\/h3>\n                        <div class=\"thumb-wrap\">\n                            <div class=\"thumbnail\" style=\"background-image: url('https:\/\/ecosir.com\/wp-content\/uploads\/2020\/10\/nosto-elderly-care.jpg');\"><\/div> \n                        <\/div>\n                                                <p class=\"excerpt\">Sykehjem og omsorgsboliger skal gi kvalitet og ro i omsorgen. Hygiene og ren luft er n\u00f8kkelfaktorene for velv\u00e6re. Det lukkede og hygieniske vakuumbaserte systemet CARE\u2122 tar seg av avfallsh\u00e5ndteringen og frigj\u00f8r mer tid til pleiearbeid!<\/p>\n                    <\/div>\n                <\/a>\n            <\/div>\n                                <\/div>\n    <\/div>\n<\/div>\n\n","protected":false},"excerpt":{"rendered":"<p>Vakuumoverf\u00f8ringsystem for avfall<\/p>\n","protected":false},"author":1,"featured_media":0,"parent":0,"menu_order":0,"comment_status":"closed","ping_status":"closed","template":"","meta":{"_relevanssi_hide_post":"","_relevanssi_pin_for_all":"","_relevanssi_pin_keywords":"","_relevanssi_unpin_keywords":"","_relevanssi_related_keywords":"","_relevanssi_related_include_ids":"","_relevanssi_related_exclude_ids":"","_relevanssi_related_no_append":"","_relevanssi_related_not_related":"","_relevanssi_related_posts":"","_relevanssi_noindex_reason":""},"yoast_head":"<!-- This site is optimized with the Yoast SEO plugin v15.4 - https:\/\/yoast.com\/wordpress\/plugins\/seo\/ -->\n<title>Home - Ecosir<\/title>\n<meta name=\"robots\" content=\"index, follow, max-snippet:-1, max-image-preview:large, max-video-preview:-1\" \/>\n<link rel=\"canonical\" href=\"https:\/\/ecosir.com\/no\/\" \/>\n<meta property=\"og:locale\" content=\"nb_NO\" \/>\n<meta property=\"og:type\" content=\"article\" \/>\n<meta property=\"og:title\" content=\"Home - Ecosir\" \/>\n<meta property=\"og:description\" content=\"Vakuumoverf\u00f8ringsystem for avfall\" \/>\n<meta property=\"og:url\" content=\"https:\/\/ecosir.com\/no\/\" \/>\n<meta property=\"og:site_name\" content=\"Ecosir\" \/>\n<meta property=\"article:modified_time\" content=\"2020-12-15T15:09:16+00:00\" \/>\n<meta property=\"og:image\" content=\"https:\/\/ecosir.com\/wp-content\/uploads\/2020\/11\/nosto-city-environment.jpg\" \/>\n\t<meta property=\"og:image:width\" content=\"730\" \/>\n\t<meta property=\"og:image:height\" content=\"420\" \/>\n<meta name=\"twitter:card\" content=\"summary_large_image\" \/>\n<meta name=\"twitter:label1\" content=\"Skrevet av\">\n\t<meta name=\"twitter:data1\" content=\"into-digital\">\n\t<meta name=\"twitter:label2\" content=\"Ansl. lesetid\">\n\t<meta name=\"twitter:data2\" content=\"0 minutter\">\n<script type=\"application\/ld+json\" class=\"yoast-schema-graph\">{\"@context\":\"https:\/\/schema.org\",\"@graph\":[{\"@type\":\"WebSite\",\"@id\":\"https:\/\/ecosir.com\/#website\",\"url\":\"https:\/\/ecosir.com\/\",\"name\":\"Ecosir\",\"description\":\"Automated waste and laundry collection systems \",\"potentialAction\":[{\"@type\":\"SearchAction\",\"target\":\"https:\/\/ecosir.com\/?s={search_term_string}\",\"query-input\":\"required name=search_term_string\"}],\"inLanguage\":\"nb-NO\"},{\"@type\":\"WebPage\",\"@id\":\"https:\/\/ecosir.com\/no\/#webpage\",\"url\":\"https:\/\/ecosir.com\/no\/\",\"name\":\"Home - Ecosir\",\"isPartOf\":{\"@id\":\"https:\/\/ecosir.com\/#website\"},\"datePublished\":\"2020-11-09T07:55:50+00:00\",\"dateModified\":\"2020-12-15T15:09:16+00:00\",\"breadcrumb\":{\"@id\":\"https:\/\/ecosir.com\/no\/#breadcrumb\"},\"inLanguage\":\"nb-NO\",\"potentialAction\":[{\"@type\":\"ReadAction\",\"target\":[\"https:\/\/ecosir.com\/no\/\"]}]},{\"@type\":\"BreadcrumbList\",\"@id\":\"https:\/\/ecosir.com\/no\/#breadcrumb\",\"itemListElement\":[{\"@type\":\"ListItem\",\"position\":1,\"item\":{\"@type\":\"WebPage\",\"@id\":\"https:\/\/ecosir.com\/no\/\",\"url\":\"https:\/\/ecosir.com\/no\/\",\"name\":\"Home\"}},{\"@type\":\"ListItem\",\"position\":2,\"item\":{\"@type\":\"WebPage\",\"@id\":\"https:\/\/ecosir.com\/no\/\",\"url\":\"https:\/\/ecosir.com\/no\/\",\"name\":\"Home\"}}]}]}<\/script>\n<!-- \/ Yoast SEO plugin. -->","_links":{"self":[{"href":"https:\/\/ecosir.com\/no\/wp-json\/wp\/v2\/pages\/806"}],"collection":[{"href":"https:\/\/ecosir.com\/no\/wp-json\/wp\/v2\/pages"}],"about":[{"href":"https:\/\/ecosir.com\/no\/wp-json\/wp\/v2\/types\/page"}],"author":[{"embeddable":true,"href":"https:\/\/ecosir.com\/no\/wp-json\/wp\/v2\/users\/1"}],"replies":[{"embeddable":true,"href":"https:\/\/ecosir.com\/no\/wp-json\/wp\/v2\/comments?post=806"}],"version-history":[{"count":6,"href":"https:\/\/ecosir.com\/no\/wp-json\/wp\/v2\/pages\/806\/revisions"}],"predecessor-version":[{"id":1055,"href":"https:\/\/ecosir.com\/no\/wp-json\/wp\/v2\/pages\/806\/revisions\/1055"}],"wp:attachment":[{"href":"https:\/\/ecosir.com\/no\/wp-json\/wp\/v2\/media?parent=806"}],"curies":[{"name":"wp","href":"https:\/\/api.w.org\/{rel}","templated":true}]}}